{"id":3581,"date":"2021-06-11T15:19:45","date_gmt":"2021-06-11T15:19:45","guid":{"rendered":"http:\/\/digitel.elcadia.com\/beleuchtung\/"},"modified":"2021-06-11T16:30:21","modified_gmt":"2021-06-11T16:30:21","slug":"beleuchtung","status":"publish","type":"page","link":"https:\/\/digitel.swiss\/de\/beleuchtung\/","title":{"rendered":"Beleuchtung"},"content":{"rendered":"<div class=\"wpb-content-wrapper\"><p>[vc_row css=&#8221;.vc_custom_1619181067422{margin-bottom: 0px !important;border-bottom-width: 0px !important;padding-top: 0px !important;padding-bottom: 0px !important;}&#8221;][vc_column]<div id=\"ultimate-heading-584669d38e1c9ad05\" class=\"uvc-heading ult-adjust-bottom-margin ultimate-heading-584669d38e1c9ad05 uvc-351 yellowline uvc-heading-default-font-sizes\" data-hspacer=\"line_only\"  data-halign=\"left\" style=\"text-align:left\"><div class=\"uvc-main-heading ult-responsive\"  data-ultimate-target='.uvc-heading.ultimate-heading-584669d38e1c9ad05 h4'  data-responsive-json-new='{\"font-size\":\"\",\"line-height\":\"\"}' ><h4 style=\"--font-weight:theme;\">Beleuchtungssteuerung<\/h4><\/div><div class=\"uvc-heading-spacer line_only\" style=\"margin-top:15px;margin-bottom:50px;height:4px;\"><span class=\"uvc-headings-line\" style=\"border-style:solid;border-bottom-width:4px;border-color:#ccc;width:50px;\"><\/span><\/div><\/div>[\/vc_column][\/vc_row][vc_row bg_type=&#8221;bg_color&#8221; bg_override=&#8221;ex-full&#8221; css=&#8221;.vc_custom_1618404417676{padding-top: 30px !important;padding-bottom: 65px !important;}&#8221;][vc_column width=&#8221;2\/3&#8243; css=&#8221;.vc_custom_1619181027567{margin-top: 0px !important;border-top-width: 0px !important;padding-top: 0px !important;}&#8221;][vc_single_image image=&#8221;3094&#8243; img_size=&#8221;full&#8221; css_animation=&#8221;right-to-left&#8221; css=&#8221;.vc_custom_1619180995412{margin-top: 0px !important;border-top-width: 0px !important;padding-top: 0px !important;}&#8221;][\/vc_column][vc_column width=&#8221;1\/3&#8243; css=&#8221;.vc_custom_1618398519352{padding-top: 0px !important;padding-bottom: 0px !important;}&#8221;][vc_column_text]Digitel-Steuermodule k\u00f6nnen Beleuchtungszonen verwalten. Abh\u00e4ngig von einem Wochenprogramm und\/oder der gemessenen Lichtintensit\u00e4t k\u00f6nnen bestimmte Beleuchtungsabschnitte aus- oder eingeschaltet werden. Dabei werden die \u00d6ffnungszeiten des Ladens ber\u00fccksichtigt.[\/vc_column_text]<style type=\"text\/css\" data-type=\"the7_shortcodes-inline-css\">#default-btn-eb967e4dcde4f978c19bde02d642dff1.ico-right-side > i {\n  margin-right: 0px;\n  margin-left: 8px;\n}\n#default-btn-eb967e4dcde4f978c19bde02d642dff1 > i {\n  margin-right: 8px;\n}<\/style><a href=\"https:\/\/digitel.swiss\/de\/katalog-alle-produkte\/?filters=eclairage[128]\" class=\"default-btn-shortcode dt-btn dt-btn-m link-hover-off yellowbutton btn-inline-left \" id=\"default-btn-eb967e4dcde4f978c19bde02d642dff1\"><span>Alle Produkte f\u00fcr Beleuchtungsmanagement<\/span><\/a>[\/vc_column][\/vc_row]<\/p>\n<\/div>","protected":false},"excerpt":{"rendered":"<p>[vc_row css=&#8221;.vc_custom_1619181067422{margin-bottom: 0px !important;border-bottom-width: 0px !important;padding-top: 0px !important;padding-bottom: 0px !important;}&#8221;][vc_column][\/vc_column][\/vc_row][vc_row bg_type=&#8221;bg_color&#8221; bg_override=&#8221;ex-full&#8221; css=&#8221;.vc_custom_1618404417676{padding-top: 30px !important;padding-bottom: 65px !important;}&#8221;][vc_column width=&#8221;2\/3&#8243; css=&#8221;.vc_custom_1619181027567{margin-top: 0px !important;border-top-width: 0px !important;padding-top: 0px !important;}&#8221;][vc_single_image image=&#8221;3094&#8243; img_size=&#8221;full&#8221; css_animation=&#8221;right-to-left&#8221; css=&#8221;.vc_custom_1619180995412{margin-top: 0px !important;border-top-width: 0px !important;padding-top: 0px !important;}&#8221;][\/vc_column][vc_column width=&#8221;1\/3&#8243; css=&#8221;.vc_custom_1618398519352{padding-top: 0px !important;padding-bottom: 0px !important;}&#8221;][vc_column_text]Digitel-Steuermodule k\u00f6nnen Beleuchtungszonen verwalten. Abh\u00e4ngig von einem Wochenprogramm und\/oder der gemessenen Lichtintensit\u00e4t k\u00f6nnen bestimmte Beleuchtungsabschnitte&hellip;<\/p>\n","protected":false},"author":1,"featured_media":0,"parent":0,"menu_order":0,"comment_status":"closed","ping_status":"closed","template":"","meta":{"_acf_changed":false,"footnotes":""},"class_list":["post-3581","page","type-page","status-publish","hentry","description-off"],"acf":[],"yoast_head":"<!-- This site is optimized with the Yoast SEO plugin v27.2 - https:\/\/yoast.com\/product\/yoast-seo-wordpress\/ -->\n<title>Beleuchtung - Digitel<\/title>\n<meta name=\"robots\" content=\"index, follow, max-snippet:-1, max-image-preview:large, max-video-preview:-1\" \/>\n<link rel=\"canonical\" href=\"https:\/\/digitel.swiss\/de\/beleuchtung\/\" \/>\n<meta property=\"og:locale\" content=\"de_DE\" \/>\n<meta property=\"og:type\" content=\"article\" \/>\n<meta property=\"og:title\" content=\"Beleuchtung - Digitel\" \/>\n<meta property=\"og:description\" content=\"[vc_row css=&#8221;.vc_custom_1619181067422{margin-bottom: 0px !important;border-bottom-width: 0px !important;padding-top: 0px !important;padding-bottom: 0px !important;}&#8221;][vc_column][\/vc_column][\/vc_row][vc_row bg_type=&#8221;bg_color&#8221; bg_override=&#8221;ex-full&#8221; css=&#8221;.vc_custom_1618404417676{padding-top: 30px !important;padding-bottom: 65px !important;}&#8221;][vc_column width=&#8221;2\/3&#8243; css=&#8221;.vc_custom_1619181027567{margin-top: 0px !important;border-top-width: 0px !important;padding-top: 0px !important;}&#8221;][vc_single_image image=&#8221;3094&#8243; img_size=&#8221;full&#8221; css_animation=&#8221;right-to-left&#8221; css=&#8221;.vc_custom_1619180995412{margin-top: 0px !important;border-top-width: 0px !important;padding-top: 0px !important;}&#8221;][\/vc_column][vc_column width=&#8221;1\/3&#8243; css=&#8221;.vc_custom_1618398519352{padding-top: 0px !important;padding-bottom: 0px !important;}&#8221;][vc_column_text]Digitel-Steuermodule k\u00f6nnen Beleuchtungszonen verwalten. Abh\u00e4ngig von einem Wochenprogramm und\/oder der gemessenen Lichtintensit\u00e4t k\u00f6nnen bestimmte Beleuchtungsabschnitte&hellip;\" \/>\n<meta property=\"og:url\" content=\"https:\/\/digitel.swiss\/de\/beleuchtung\/\" \/>\n<meta property=\"og:site_name\" content=\"Digitel\" \/>\n<meta property=\"article:modified_time\" content=\"2021-06-11T16:30:21+00:00\" \/>\n<meta name=\"twitter:card\" content=\"summary_large_image\" \/>\n<meta name=\"twitter:label1\" content=\"Gesch\u00e4tzte Lesezeit\" \/>\n\t<meta name=\"twitter:data1\" content=\"1\u00a0Minute\" \/>\n<script type=\"application\/ld+json\" class=\"yoast-schema-graph\">{\"@context\":\"https:\/\/schema.org\",\"@graph\":[{\"@type\":\"WebPage\",\"@id\":\"https:\/\/digitel.swiss\/de\/beleuchtung\/\",\"url\":\"https:\/\/digitel.swiss\/de\/beleuchtung\/\",\"name\":\"Beleuchtung - Digitel\",\"isPartOf\":{\"@id\":\"https:\/\/digitel.swiss\/#website\"},\"datePublished\":\"2021-06-11T15:19:45+00:00\",\"dateModified\":\"2021-06-11T16:30:21+00:00\",\"breadcrumb\":{\"@id\":\"https:\/\/digitel.swiss\/de\/beleuchtung\/#breadcrumb\"},\"inLanguage\":\"de\",\"potentialAction\":[{\"@type\":\"ReadAction\",\"target\":[\"https:\/\/digitel.swiss\/de\/beleuchtung\/\"]}]},{\"@type\":\"BreadcrumbList\",\"@id\":\"https:\/\/digitel.swiss\/de\/beleuchtung\/#breadcrumb\",\"itemListElement\":[{\"@type\":\"ListItem\",\"position\":1,\"name\":\"Home\",\"item\":\"https:\/\/digitel.swiss\/de\/\"},{\"@type\":\"ListItem\",\"position\":2,\"name\":\"Beleuchtung\"}]},{\"@type\":\"WebSite\",\"@id\":\"https:\/\/digitel.swiss\/#website\",\"url\":\"https:\/\/digitel.swiss\/\",\"name\":\"Digitel\",\"description\":\"Die elektronische L\u00f6sung\",\"publisher\":{\"@id\":\"https:\/\/digitel.swiss\/#organization\"},\"potentialAction\":[{\"@type\":\"SearchAction\",\"target\":{\"@type\":\"EntryPoint\",\"urlTemplate\":\"https:\/\/digitel.swiss\/?s={search_term_string}\"},\"query-input\":{\"@type\":\"PropertyValueSpecification\",\"valueRequired\":true,\"valueName\":\"search_term_string\"}}],\"inLanguage\":\"de\"},{\"@type\":\"Organization\",\"@id\":\"https:\/\/digitel.swiss\/#organization\",\"name\":\"Digitel Swiss\",\"url\":\"https:\/\/digitel.swiss\/\",\"logo\":{\"@type\":\"ImageObject\",\"inLanguage\":\"de\",\"@id\":\"https:\/\/digitel.swiss\/#\/schema\/logo\/image\/\",\"url\":\"https:\/\/digitel.swiss\/wp-content\/uploads\/2021\/03\/Logo-Digitel_170.png\",\"contentUrl\":\"https:\/\/digitel.swiss\/wp-content\/uploads\/2021\/03\/Logo-Digitel_170.png\",\"width\":170,\"height\":60,\"caption\":\"Digitel Swiss\"},\"image\":{\"@id\":\"https:\/\/digitel.swiss\/#\/schema\/logo\/image\/\"}}]}<\/script>\n<!-- \/ Yoast SEO plugin. -->","yoast_head_json":{"title":"Beleuchtung - Digitel","robots":{"index":"index","follow":"follow","max-snippet":"max-snippet:-1","max-image-preview":"max-image-preview:large","max-video-preview":"max-video-preview:-1"},"canonical":"https:\/\/digitel.swiss\/de\/beleuchtung\/","og_locale":"de_DE","og_type":"article","og_title":"Beleuchtung - Digitel","og_description":"[vc_row css=&#8221;.vc_custom_1619181067422{margin-bottom: 0px !important;border-bottom-width: 0px !important;padding-top: 0px !important;padding-bottom: 0px !important;}&#8221;][vc_column][\/vc_column][\/vc_row][vc_row bg_type=&#8221;bg_color&#8221; bg_override=&#8221;ex-full&#8221; css=&#8221;.vc_custom_1618404417676{padding-top: 30px !important;padding-bottom: 65px !important;}&#8221;][vc_column width=&#8221;2\/3&#8243; css=&#8221;.vc_custom_1619181027567{margin-top: 0px !important;border-top-width: 0px !important;padding-top: 0px !important;}&#8221;][vc_single_image image=&#8221;3094&#8243; img_size=&#8221;full&#8221; css_animation=&#8221;right-to-left&#8221; css=&#8221;.vc_custom_1619180995412{margin-top: 0px !important;border-top-width: 0px !important;padding-top: 0px !important;}&#8221;][\/vc_column][vc_column width=&#8221;1\/3&#8243; css=&#8221;.vc_custom_1618398519352{padding-top: 0px !important;padding-bottom: 0px !important;}&#8221;][vc_column_text]Digitel-Steuermodule k\u00f6nnen Beleuchtungszonen verwalten. Abh\u00e4ngig von einem Wochenprogramm und\/oder der gemessenen Lichtintensit\u00e4t k\u00f6nnen bestimmte Beleuchtungsabschnitte&hellip;","og_url":"https:\/\/digitel.swiss\/de\/beleuchtung\/","og_site_name":"Digitel","article_modified_time":"2021-06-11T16:30:21+00:00","twitter_card":"summary_large_image","twitter_misc":{"Gesch\u00e4tzte Lesezeit":"1\u00a0Minute"},"schema":{"@context":"https:\/\/schema.org","@graph":[{"@type":"WebPage","@id":"https:\/\/digitel.swiss\/de\/beleuchtung\/","url":"https:\/\/digitel.swiss\/de\/beleuchtung\/","name":"Beleuchtung - Digitel","isPartOf":{"@id":"https:\/\/digitel.swiss\/#website"},"datePublished":"2021-06-11T15:19:45+00:00","dateModified":"2021-06-11T16:30:21+00:00","breadcrumb":{"@id":"https:\/\/digitel.swiss\/de\/beleuchtung\/#breadcrumb"},"inLanguage":"de","potentialAction":[{"@type":"ReadAction","target":["https:\/\/digitel.swiss\/de\/beleuchtung\/"]}]},{"@type":"BreadcrumbList","@id":"https:\/\/digitel.swiss\/de\/beleuchtung\/#breadcrumb","itemListElement":[{"@type":"ListItem","position":1,"name":"Home","item":"https:\/\/digitel.swiss\/de\/"},{"@type":"ListItem","position":2,"name":"Beleuchtung"}]},{"@type":"WebSite","@id":"https:\/\/digitel.swiss\/#website","url":"https:\/\/digitel.swiss\/","name":"Digitel","description":"Die elektronische L\u00f6sung","publisher":{"@id":"https:\/\/digitel.swiss\/#organization"},"potentialAction":[{"@type":"SearchAction","target":{"@type":"EntryPoint","urlTemplate":"https:\/\/digitel.swiss\/?s={search_term_string}"},"query-input":{"@type":"PropertyValueSpecification","valueRequired":true,"valueName":"search_term_string"}}],"inLanguage":"de"},{"@type":"Organization","@id":"https:\/\/digitel.swiss\/#organization","name":"Digitel Swiss","url":"https:\/\/digitel.swiss\/","logo":{"@type":"ImageObject","inLanguage":"de","@id":"https:\/\/digitel.swiss\/#\/schema\/logo\/image\/","url":"https:\/\/digitel.swiss\/wp-content\/uploads\/2021\/03\/Logo-Digitel_170.png","contentUrl":"https:\/\/digitel.swiss\/wp-content\/uploads\/2021\/03\/Logo-Digitel_170.png","width":170,"height":60,"caption":"Digitel Swiss"},"image":{"@id":"https:\/\/digitel.swiss\/#\/schema\/logo\/image\/"}}]}},"_links":{"self":[{"href":"https:\/\/digitel.swiss\/de\/wp-json\/wp\/v2\/pages\/3581","targetHints":{"allow":["GET"]}}],"collection":[{"href":"https:\/\/digitel.swiss\/de\/wp-json\/wp\/v2\/pages"}],"about":[{"href":"https:\/\/digitel.swiss\/de\/wp-json\/wp\/v2\/types\/page"}],"author":[{"embeddable":true,"href":"https:\/\/digitel.swiss\/de\/wp-json\/wp\/v2\/users\/1"}],"replies":[{"embeddable":true,"href":"https:\/\/digitel.swiss\/de\/wp-json\/wp\/v2\/comments?post=3581"}],"version-history":[{"count":8,"href":"https:\/\/digitel.swiss\/de\/wp-json\/wp\/v2\/pages\/3581\/revisions"}],"predecessor-version":[{"id":3589,"href":"https:\/\/digitel.swiss\/de\/wp-json\/wp\/v2\/pages\/3581\/revisions\/3589"}],"wp:attachment":[{"href":"https:\/\/digitel.swiss\/de\/wp-json\/wp\/v2\/media?parent=3581"}],"curies":[{"name":"wp","href":"https:\/\/api.w.org\/{rel}","templated":true}]}}