{"id":3635,"date":"2021-06-13T14:01:19","date_gmt":"2021-06-13T14:01:19","guid":{"rendered":"http:\/\/digitel.elcadia.com\/hvac\/"},"modified":"2021-06-13T15:00:47","modified_gmt":"2021-06-13T15:00:47","slug":"hvac","status":"publish","type":"page","link":"https:\/\/digitel.swiss\/de\/hvac\/","title":{"rendered":"HVAC"},"content":{"rendered":"<div class=\"wpb-content-wrapper\"><p>[vc_row css=&#8221;.vc_custom_1618398083658{margin-bottom: 0px !important;border-bottom-width: 0px !important;padding-bottom: 65px !important;}&#8221;][vc_column width=&#8221;2\/3&#8243; css=&#8221;.vc_custom_1618397961025{margin-bottom: 0px !important;border-bottom-width: 0px !important;padding-bottom: 0px !important;}&#8221;][vc_single_image image=&#8221;1902&#8243; img_size=&#8221;full&#8221; css_animation=&#8221;right-to-left&#8221;][\/vc_column][vc_column width=&#8221;1\/3&#8243;][vc_column_text css=&#8221;.vc_custom_1618506651377{margin-bottom: 0px !important;border-bottom-width: 0px !important;padding-bottom: 0px !important;}&#8221;]Mit \u00fcber 30 Jahren Erfahrung im Bereich K\u00fchlmanagement und -steuerung bietet Digitel auch komplette Geb\u00e4udemanagementl\u00f6sungen an, einschlie\u00dflich Heizungs-, L\u00fcftungs-, Klima- und Beleuchtungsmanagement.<\/p>\n<p>K\u00e4ltetechnik, HLK und Beleuchtung werden alle \u00fcber die gleiche TelesWin \u00dcberwachungssoftware gesteuert.[\/vc_column_text][\/vc_column][\/vc_row][vc_row bg_type=&#8221;bg_color&#8221; bg_override=&#8221;ex-full&#8221; bg_color_value=&#8221;rgba(0,0,0,0.04)&#8221; el_id=&#8221;Recuperationdechaleur&#8221; css=&#8221;.vc_custom_1618402989274{padding-top: 100px !important;padding-bottom: 100px !important;}&#8221;][vc_column css=&#8221;.vc_custom_1618398519352{padding-top: 0px !important;padding-bottom: 0px !important;}&#8221;]<div id=\"ultimate-heading-914969e352d0e1d90\" class=\"uvc-heading ult-adjust-bottom-margin ultimate-heading-914969e352d0e1d90 uvc-9844 orangeline uvc-heading-default-font-sizes\" data-hspacer=\"line_only\"  data-halign=\"left\" style=\"text-align:left\"><div class=\"uvc-main-heading ult-responsive\"  data-ultimate-target='.uvc-heading.ultimate-heading-914969e352d0e1d90 h4'  data-responsive-json-new='{\"font-size\":\"\",\"line-height\":\"\"}' ><h4 style=\"--font-weight:theme;\">W\u00e4rmer\u00fcckgewinnung<\/h4><\/div><div class=\"uvc-heading-spacer line_only\" style=\"margin-top:15px;margin-bottom:50px;height:4px;\"><span class=\"uvc-headings-line\" style=\"border-style:solid;border-bottom-width:4px;border-color:#ccc;width:50px;\"><\/span><\/div><\/div>[vc_column_text]K\u00e4lteanlagen, insbesondere solche mit CO2 als K\u00e4ltemittel, erzeugen gro\u00dfe Mengen an W\u00e4rme. Um die Betriebskosten zu senken, kann diese Energie zur Erw\u00e4rmung von Brauchwasser oder zur Beheizung von B\u00fcros oder Verkaufsr\u00e4umen genutzt werden. Die DC24TR-Module von Digitel unterst\u00fctzen das Management dieser W\u00e4rmer\u00fcckgewinnung.[\/vc_column_text]<style type=\"text\/css\" data-type=\"the7_shortcodes-inline-css\">#default-btn-850285e83707807206aaca8220bf9f38.ico-right-side > i {\n  margin-right: 0px;\n  margin-left: 8px;\n}\n#default-btn-850285e83707807206aaca8220bf9f38 > i {\n  margin-right: 8px;\n}<\/style><div class=\"btn-align-left\"><a href=\"https:\/\/digitel.swiss\/de\/katalog-alle-produkte\/?filters=cvc[122]\" class=\"default-btn-shortcode dt-btn dt-btn-m link-hover-off orangebutton \" id=\"default-btn-850285e83707807206aaca8220bf9f38\"><span>Alle Produkte zur Steuerung der W\u00e4rmer\u00fcckgewinnung<\/span><\/a><\/div>[\/vc_column][\/vc_row][vc_row bg_type=&#8221;image&#8221; parallax_style=&#8221;vcpb-default&#8221; bg_image_new=&#8221;id^2725|url^https:\/\/digitel.swiss\/wp-content\/uploads\/2021\/05\/Refrigeration-management_request-a-demo.jpg|caption^null|alt^null|title^Refrigeration-management_request-a-demo|description^null&#8221; bg_image_repeat=&#8221;no-repeat&#8221; bg_override=&#8221;full&#8221; enable_overlay=&#8221;enable_overlay_value&#8221; overlay_color=&#8221;rgba(0,0,0,0.5)&#8221; css=&#8221;.vc_custom_1622474821991{padding-top: 100px !important;padding-bottom: 100px !important;background-color: rgba(0,11,172,0.5) !important;*background-color: rgb(0,11,172) !important;}&#8221;][vc_column][vc_column_text]<\/p>\n<h3 style=\"color: #ffffff\">M\u00f6chten Sie mehr erfahren?<\/h3>\n<p style=\"font-size: 18px;line-height: 30px\"><span style=\"color: #ffffff\">Vereinbaren Sie mit uns einen Termin f\u00fcr eine Live-Demonstration!<\/span><\/p>\n<p>[\/vc_column_text]<style type=\"text\/css\" data-type=\"the7_shortcodes-inline-css\">#default-btn-4241015c6e3b23bf124a0e07434274ce.ico-right-side > i {\n  margin-right: 0px;\n  margin-left: 8px;\n}\n#default-btn-4241015c6e3b23bf124a0e07434274ce > i {\n  margin-right: 8px;\n}<\/style><div class=\"btn-align-left\"><a href=\"https:\/\/digitel.swiss\/de\/eine-demo-anfordern\/\" class=\"default-btn-shortcode dt-btn dt-btn-m link-hover-off orangebutton \" id=\"default-btn-4241015c6e3b23bf124a0e07434274ce\" title=\"Demander une d\u00e9mo\"><span>Eine Demo anfordern<\/span><\/a><\/div>[\/vc_column][\/vc_row][vc_row bg_type=&#8221;bg_color&#8221; bg_override=&#8221;ex-full&#8221; el_id=&#8221;Climatisationfroidchauffage&#8221; css=&#8221;.vc_custom_1618403064038{padding-top: 100px !important;padding-bottom: 100px !important;}&#8221;][vc_column width=&#8221;1\/2&#8243;]<div id=\"ultimate-heading-673469e352d0e1f4b\" class=\"uvc-heading ult-adjust-bottom-margin ultimate-heading-673469e352d0e1f4b uvc-1420 orangeline uvc-heading-default-font-sizes\" data-hspacer=\"line_only\"  data-halign=\"left\" style=\"text-align:left\"><div class=\"uvc-main-heading ult-responsive\"  data-ultimate-target='.uvc-heading.ultimate-heading-673469e352d0e1f4b h4'  data-responsive-json-new='{\"font-size\":\"\",\"line-height\":\"\"}' ><h4 style=\"--font-weight:theme;\">Klimatisierung - K\u00fchlen\/Heizen<\/h4><\/div><div class=\"uvc-heading-spacer line_only\" style=\"margin-top:15px;margin-bottom:50px;height:4px;\"><span class=\"uvc-headings-line\" style=\"border-style:solid;border-bottom-width:4px;border-color:#ccc;width:50px;\"><\/span><\/div><\/div>[vc_column_text]F\u00fcr die Raumk\u00fchlung k\u00f6nnen Digitel-Regler Heizungs-\/Klimaanlagenausl\u00e4sse, Gebl\u00e4se-Konvektoren usw. steuern. Die Drehzahl der L\u00fcfter kann auch in Abh\u00e4ngigkeit von der Temperatur variiert werden. Die Koordinierung mit der W\u00e4rmer\u00fcckgewinnung ist gew\u00e4hrleistet.[\/vc_column_text]<style type=\"text\/css\" data-type=\"the7_shortcodes-inline-css\">#default-btn-046ae318fb22e41934299bcb15bb0c66.ico-right-side > i {\n  margin-right: 0px;\n  margin-left: 8px;\n}\n#default-btn-046ae318fb22e41934299bcb15bb0c66 > i {\n  margin-right: 8px;\n}<\/style><div class=\"btn-align-left\"><a href=\"https:\/\/digitel.swiss\/de\/katalog-alle-produkte\/?filters=cvc[125]\" class=\"default-btn-shortcode dt-btn dt-btn-m link-hover-off orangebutton \" id=\"default-btn-046ae318fb22e41934299bcb15bb0c66\"><span>Alle Produkte f\u00fcr die Klimasteuerung<\/span><\/a><\/div>[\/vc_column][vc_column width=&#8221;1\/2&#8243;][vc_single_image image=&#8221;1943&#8243; img_size=&#8221;full&#8221; css_animation=&#8221;right-to-left&#8221;][\/vc_column][\/vc_row]<\/p>\n<\/div>","protected":false},"excerpt":{"rendered":"<p>[vc_row css=&#8221;.vc_custom_1618398083658{margin-bottom: 0px !important;border-bottom-width: 0px !important;padding-bottom: 65px !important;}&#8221;][vc_column width=&#8221;2\/3&#8243; css=&#8221;.vc_custom_1618397961025{margin-bottom: 0px !important;border-bottom-width: 0px !important;padding-bottom: 0px !important;}&#8221;][vc_single_image image=&#8221;1902&#8243; img_size=&#8221;full&#8221; css_animation=&#8221;right-to-left&#8221;][\/vc_column][vc_column width=&#8221;1\/3&#8243;][vc_column_text css=&#8221;.vc_custom_1618506651377{margin-bottom: 0px !important;border-bottom-width: 0px !important;padding-bottom: 0px !important;}&#8221;]Mit \u00fcber 30 Jahren Erfahrung im Bereich K\u00fchlmanagement und -steuerung bietet Digitel auch komplette Geb\u00e4udemanagementl\u00f6sungen an, einschlie\u00dflich Heizungs-, L\u00fcftungs-, Klima- und Beleuchtungsmanagement. K\u00e4ltetechnik, HLK und Beleuchtung werden alle \u00fcber&hellip;<\/p>\n","protected":false},"author":1,"featured_media":0,"parent":0,"menu_order":0,"comment_status":"closed","ping_status":"closed","template":"","meta":{"_acf_changed":false,"footnotes":""},"class_list":["post-3635","page","type-page","status-publish","hentry","description-off"],"acf":[],"yoast_head":"<!-- This site is optimized with the Yoast SEO plugin v27.4 - https:\/\/yoast.com\/product\/yoast-seo-wordpress\/ -->\n<title>HVAC - Digitel<\/title>\n<meta name=\"robots\" content=\"index, follow, max-snippet:-1, max-image-preview:large, max-video-preview:-1\" \/>\n<link rel=\"canonical\" href=\"https:\/\/digitel.swiss\/de\/hvac\/\" \/>\n<meta property=\"og:locale\" content=\"de_DE\" \/>\n<meta property=\"og:type\" content=\"article\" \/>\n<meta property=\"og:title\" content=\"HVAC - Digitel\" \/>\n<meta property=\"og:description\" content=\"[vc_row css=&#8221;.vc_custom_1618398083658{margin-bottom: 0px !important;border-bottom-width: 0px !important;padding-bottom: 65px !important;}&#8221;][vc_column width=&#8221;2\/3&#8243; css=&#8221;.vc_custom_1618397961025{margin-bottom: 0px !important;border-bottom-width: 0px !important;padding-bottom: 0px !important;}&#8221;][vc_single_image image=&#8221;1902&#8243; img_size=&#8221;full&#8221; css_animation=&#8221;right-to-left&#8221;][\/vc_column][vc_column width=&#8221;1\/3&#8243;][vc_column_text css=&#8221;.vc_custom_1618506651377{margin-bottom: 0px !important;border-bottom-width: 0px !important;padding-bottom: 0px !important;}&#8221;]Mit \u00fcber 30 Jahren Erfahrung im Bereich K\u00fchlmanagement und -steuerung bietet Digitel auch komplette Geb\u00e4udemanagementl\u00f6sungen an, einschlie\u00dflich Heizungs-, L\u00fcftungs-, Klima- und Beleuchtungsmanagement. K\u00e4ltetechnik, HLK und Beleuchtung werden alle \u00fcber&hellip;\" \/>\n<meta property=\"og:url\" content=\"https:\/\/digitel.swiss\/de\/hvac\/\" \/>\n<meta property=\"og:site_name\" content=\"Digitel\" \/>\n<meta property=\"article:modified_time\" content=\"2021-06-13T15:00:47+00:00\" \/>\n<meta name=\"twitter:card\" content=\"summary_large_image\" \/>\n<meta name=\"twitter:label1\" content=\"Gesch\u00e4tzte Lesezeit\" \/>\n\t<meta name=\"twitter:data1\" content=\"3\u00a0Minuten\" \/>\n<script type=\"application\/ld+json\" class=\"yoast-schema-graph\">{\"@context\":\"https:\\\/\\\/schema.org\",\"@graph\":[{\"@type\":\"WebPage\",\"@id\":\"https:\\\/\\\/digitel.swiss\\\/de\\\/hvac\\\/\",\"url\":\"https:\\\/\\\/digitel.swiss\\\/de\\\/hvac\\\/\",\"name\":\"HVAC - Digitel\",\"isPartOf\":{\"@id\":\"https:\\\/\\\/digitel.swiss\\\/#website\"},\"datePublished\":\"2021-06-13T14:01:19+00:00\",\"dateModified\":\"2021-06-13T15:00:47+00:00\",\"breadcrumb\":{\"@id\":\"https:\\\/\\\/digitel.swiss\\\/de\\\/hvac\\\/#breadcrumb\"},\"inLanguage\":\"de\",\"potentialAction\":[{\"@type\":\"ReadAction\",\"target\":[\"https:\\\/\\\/digitel.swiss\\\/de\\\/hvac\\\/\"]}]},{\"@type\":\"BreadcrumbList\",\"@id\":\"https:\\\/\\\/digitel.swiss\\\/de\\\/hvac\\\/#breadcrumb\",\"itemListElement\":[{\"@type\":\"ListItem\",\"position\":1,\"name\":\"Home\",\"item\":\"https:\\\/\\\/digitel.swiss\\\/de\\\/\"},{\"@type\":\"ListItem\",\"position\":2,\"name\":\"HVAC\"}]},{\"@type\":\"WebSite\",\"@id\":\"https:\\\/\\\/digitel.swiss\\\/#website\",\"url\":\"https:\\\/\\\/digitel.swiss\\\/\",\"name\":\"Digitel\",\"description\":\"Die elektronische L\u00f6sung\",\"publisher\":{\"@id\":\"https:\\\/\\\/digitel.swiss\\\/#organization\"},\"potentialAction\":[{\"@type\":\"SearchAction\",\"target\":{\"@type\":\"EntryPoint\",\"urlTemplate\":\"https:\\\/\\\/digitel.swiss\\\/?s={search_term_string}\"},\"query-input\":{\"@type\":\"PropertyValueSpecification\",\"valueRequired\":true,\"valueName\":\"search_term_string\"}}],\"inLanguage\":\"de\"},{\"@type\":\"Organization\",\"@id\":\"https:\\\/\\\/digitel.swiss\\\/#organization\",\"name\":\"Digitel Swiss\",\"url\":\"https:\\\/\\\/digitel.swiss\\\/\",\"logo\":{\"@type\":\"ImageObject\",\"inLanguage\":\"de\",\"@id\":\"https:\\\/\\\/digitel.swiss\\\/#\\\/schema\\\/logo\\\/image\\\/\",\"url\":\"https:\\\/\\\/digitel.swiss\\\/wp-content\\\/uploads\\\/2021\\\/03\\\/Logo-Digitel_170.png\",\"contentUrl\":\"https:\\\/\\\/digitel.swiss\\\/wp-content\\\/uploads\\\/2021\\\/03\\\/Logo-Digitel_170.png\",\"width\":170,\"height\":60,\"caption\":\"Digitel Swiss\"},\"image\":{\"@id\":\"https:\\\/\\\/digitel.swiss\\\/#\\\/schema\\\/logo\\\/image\\\/\"}}]}<\/script>\n<!-- \/ Yoast SEO plugin. -->","yoast_head_json":{"title":"HVAC - Digitel","robots":{"index":"index","follow":"follow","max-snippet":"max-snippet:-1","max-image-preview":"max-image-preview:large","max-video-preview":"max-video-preview:-1"},"canonical":"https:\/\/digitel.swiss\/de\/hvac\/","og_locale":"de_DE","og_type":"article","og_title":"HVAC - Digitel","og_description":"[vc_row css=&#8221;.vc_custom_1618398083658{margin-bottom: 0px !important;border-bottom-width: 0px !important;padding-bottom: 65px !important;}&#8221;][vc_column width=&#8221;2\/3&#8243; css=&#8221;.vc_custom_1618397961025{margin-bottom: 0px !important;border-bottom-width: 0px !important;padding-bottom: 0px !important;}&#8221;][vc_single_image image=&#8221;1902&#8243; img_size=&#8221;full&#8221; css_animation=&#8221;right-to-left&#8221;][\/vc_column][vc_column width=&#8221;1\/3&#8243;][vc_column_text css=&#8221;.vc_custom_1618506651377{margin-bottom: 0px !important;border-bottom-width: 0px !important;padding-bottom: 0px !important;}&#8221;]Mit \u00fcber 30 Jahren Erfahrung im Bereich K\u00fchlmanagement und -steuerung bietet Digitel auch komplette Geb\u00e4udemanagementl\u00f6sungen an, einschlie\u00dflich Heizungs-, L\u00fcftungs-, Klima- und Beleuchtungsmanagement. K\u00e4ltetechnik, HLK und Beleuchtung werden alle \u00fcber&hellip;","og_url":"https:\/\/digitel.swiss\/de\/hvac\/","og_site_name":"Digitel","article_modified_time":"2021-06-13T15:00:47+00:00","twitter_card":"summary_large_image","twitter_misc":{"Gesch\u00e4tzte Lesezeit":"3\u00a0Minuten"},"schema":{"@context":"https:\/\/schema.org","@graph":[{"@type":"WebPage","@id":"https:\/\/digitel.swiss\/de\/hvac\/","url":"https:\/\/digitel.swiss\/de\/hvac\/","name":"HVAC - Digitel","isPartOf":{"@id":"https:\/\/digitel.swiss\/#website"},"datePublished":"2021-06-13T14:01:19+00:00","dateModified":"2021-06-13T15:00:47+00:00","breadcrumb":{"@id":"https:\/\/digitel.swiss\/de\/hvac\/#breadcrumb"},"inLanguage":"de","potentialAction":[{"@type":"ReadAction","target":["https:\/\/digitel.swiss\/de\/hvac\/"]}]},{"@type":"BreadcrumbList","@id":"https:\/\/digitel.swiss\/de\/hvac\/#breadcrumb","itemListElement":[{"@type":"ListItem","position":1,"name":"Home","item":"https:\/\/digitel.swiss\/de\/"},{"@type":"ListItem","position":2,"name":"HVAC"}]},{"@type":"WebSite","@id":"https:\/\/digitel.swiss\/#website","url":"https:\/\/digitel.swiss\/","name":"Digitel","description":"Die elektronische L\u00f6sung","publisher":{"@id":"https:\/\/digitel.swiss\/#organization"},"potentialAction":[{"@type":"SearchAction","target":{"@type":"EntryPoint","urlTemplate":"https:\/\/digitel.swiss\/?s={search_term_string}"},"query-input":{"@type":"PropertyValueSpecification","valueRequired":true,"valueName":"search_term_string"}}],"inLanguage":"de"},{"@type":"Organization","@id":"https:\/\/digitel.swiss\/#organization","name":"Digitel Swiss","url":"https:\/\/digitel.swiss\/","logo":{"@type":"ImageObject","inLanguage":"de","@id":"https:\/\/digitel.swiss\/#\/schema\/logo\/image\/","url":"https:\/\/digitel.swiss\/wp-content\/uploads\/2021\/03\/Logo-Digitel_170.png","contentUrl":"https:\/\/digitel.swiss\/wp-content\/uploads\/2021\/03\/Logo-Digitel_170.png","width":170,"height":60,"caption":"Digitel Swiss"},"image":{"@id":"https:\/\/digitel.swiss\/#\/schema\/logo\/image\/"}}]}},"_links":{"self":[{"href":"https:\/\/digitel.swiss\/de\/wp-json\/wp\/v2\/pages\/3635","targetHints":{"allow":["GET"]}}],"collection":[{"href":"https:\/\/digitel.swiss\/de\/wp-json\/wp\/v2\/pages"}],"about":[{"href":"https:\/\/digitel.swiss\/de\/wp-json\/wp\/v2\/types\/page"}],"author":[{"embeddable":true,"href":"https:\/\/digitel.swiss\/de\/wp-json\/wp\/v2\/users\/1"}],"replies":[{"embeddable":true,"href":"https:\/\/digitel.swiss\/de\/wp-json\/wp\/v2\/comments?post=3635"}],"version-history":[{"count":8,"href":"https:\/\/digitel.swiss\/de\/wp-json\/wp\/v2\/pages\/3635\/revisions"}],"predecessor-version":[{"id":3643,"href":"https:\/\/digitel.swiss\/de\/wp-json\/wp\/v2\/pages\/3635\/revisions\/3643"}],"wp:attachment":[{"href":"https:\/\/digitel.swiss\/de\/wp-json\/wp\/v2\/media?parent=3635"}],"curies":[{"name":"wp","href":"https:\/\/api.w.org\/{rel}","templated":true}]}}