{"id":4961,"date":"2021-06-16T12:12:31","date_gmt":"2021-06-16T12:12:31","guid":{"rendered":"http:\/\/digitel.elcadia.com\/referenzen\/"},"modified":"2023-03-09T14:05:31","modified_gmt":"2023-03-09T14:05:31","slug":"referenzen","status":"publish","type":"page","link":"https:\/\/digitel.swiss\/de\/referenzen\/","title":{"rendered":"Referenzen"},"content":{"rendered":"<div class=\"wpb-content-wrapper\"><p>[vc_row bg_type=&#8221;bg_color&#8221; bg_override=&#8221;ex-full&#8221; bg_color_value=&#8221;rgba(255,255,255,0.04)&#8221; css=&#8221;.vc_custom_1618398567740{padding-bottom: 100px !important;}&#8221;][vc_column]<div id=\"ultimate-heading-737369f866c4dffeb\" class=\"uvc-heading ult-adjust-bottom-margin ultimate-heading-737369f866c4dffeb uvc-9096 accent-border-color\" data-hspacer=\"line_only\"  data-halign=\"left\" style=\"text-align:left\"><div class=\"uvc-main-heading ult-responsive\"  data-ultimate-target='.uvc-heading.ultimate-heading-737369f866c4dffeb h2'  data-responsive-json-new='{\"font-size\":\"desktop:26px;\",\"line-height\":\"\"}' ><h2 style=\"--font-weight:theme;\">Superm\u00e4rkte<\/h2><\/div><div class=\"uvc-heading-spacer line_only\" style=\"margin-top:15px;margin-bottom:50px;height:4px;\"><span class=\"uvc-headings-line\" style=\"border-style:solid;border-bottom-width:4px;border-color:#ccc;width:50px;\"><\/span><\/div><\/div>[vc_row_inner][vc_column_inner width=&#8221;1\/2&#8243;][vc_column_text]Die Newel 3-Serie ist f\u00fcr alle Arten von Superm\u00e4rkten geeignet, von kleinen Tante-Emma-L\u00e4den bis hin zu den gr\u00f6\u00dften Hyperm\u00e4rkten mit \u00fcber 300 K\u00fchlstellen. Die fortschrittlichsten Technologien zur Reduzierung der Umweltbelastung und der Betriebskosten sind verf\u00fcgbar.<\/p>\n<p>Laden Sie unsere Brosch\u00fcre herunter, um mehr \u00fcber unsere Steuerungs- und Fernsteuerungl\u00f6sungen f\u00fcr die Lebensmittelverteilung zu erfahren: [\/vc_column_text]<style type=\"text\/css\" data-type=\"the7_shortcodes-inline-css\">#default-btn-92befb2bade999b719c111ea496b0a72.ico-right-side > i {\n  margin-right: 0px;\n  margin-left: 8px;\n}\n#default-btn-92befb2bade999b719c111ea496b0a72 > i {\n  margin-right: 8px;\n}<\/style><a href=\"https:\/\/digitel.swiss\/wp-content\/uploads\/2022\/05\/Digitel-froid-commercial-individual-DE-web.pdf\" class=\"default-btn-shortcode dt-btn dt-btn-m link-hover-off btn-inline-left  vc_custom_1672485606061\" id=\"default-btn-92befb2bade999b719c111ea496b0a72\" title=\"Digitel-Regelung f\u00fcr Gewerbek\u00e4lte Newel 3 DE\"><span>Newel 3 PDF-Brosch\u00fcre<\/span><\/a>[vc_column_text]Bei der neu entwickelten Kleinspeicherl\u00f6sung deckt die aus der transkritischen CO2-K\u00e4lteanlage zur\u00fcckgewonnene W\u00e4rme den W\u00e4rmebedarf der B\u00fcros und des Verkaufsbereichs vollst\u00e4ndig ab.<\/p>\n<p>Digitel Pro Light 8 wurde speziell f\u00fcr kleine Gesch\u00e4fte entwickelt und kann bis zu 8 Regler verwalten. Das Angebot ist auf die Bed\u00fcrfnisse des Endkunden zugeschnitten &#8211; mit oder ohne Fernverwaltung.<\/p>\n<p>Entdecken Sie unser neues K\u00e4lteregelungssystem f\u00fcr kleinere K\u00fchlanlagen, indem Sie unsere Brosch\u00fcre herunterladen:[\/vc_column_text]<style type=\"text\/css\" data-type=\"the7_shortcodes-inline-css\">#default-btn-bb1b88d5dabdb2e106447fedf4d1aff5.ico-right-side > i {\n  margin-right: 0px;\n  margin-left: 8px;\n}\n#default-btn-bb1b88d5dabdb2e106447fedf4d1aff5 > i {\n  margin-right: 8px;\n}<\/style><a href=\"https:\/\/digitel.swiss\/wp-content\/uploads\/2022\/05\/Flyer-Pro-Light-8-DE-web.pdf\" class=\"default-btn-shortcode dt-btn dt-btn-m link-hover-off btn-inline-left  vc_custom_1672485576747\" id=\"default-btn-bb1b88d5dabdb2e106447fedf4d1aff5\" title=\"Digitel-Regelung f\u00fcr Gewerbek\u00e4lte Newel 3 DE\"><span>Pro Light 8 PDF-Brosch\u00fcre<\/span><\/a><div id=\"ultimate-heading-773869f866c4e0180\" class=\"uvc-heading ult-adjust-bottom-margin ultimate-heading-773869f866c4e0180 uvc-2987 accent-border-color uvc-heading-default-font-sizes\" data-hspacer=\"no_spacer\"  data-halign=\"left\" style=\"text-align:left\"><div class=\"uvc-heading-spacer no_spacer\" style=\"top\"><\/div><div class=\"uvc-main-heading ult-responsive\"  data-ultimate-target='.uvc-heading.ultimate-heading-773869f866c4e0180 h4'  data-responsive-json-new='{\"font-size\":\"\",\"line-height\":\"\"}' ><h4 style=\"--font-weight:theme;margin-bottom:20px;\">Referenzen<\/h4><\/div><\/div><div class=\"standard-arrow bullet-top\"><ul>\n<li><strong>Frankreich: <\/strong>Auchan, Casino, Champion, Intermarch\u00e9, Leclerc, Simply, Super U<\/li>\n<li><strong>Deutschland:<\/strong> Combi, EDEKA, Famila, Kaufland, Kaufhof, Jibi<\/li>\n<li><strong>Schweiz:<\/strong> Migros, Manor, Growa, LOEB, PAM<\/li>\n<li><strong>Polen: <\/strong>Champion, Intermarch\u00e9, Lewiatan, Polo, Tw\u00f3j Market, Mila, Iglomen, Iglotex<\/li>\n<\/ul>\n<\/div>[\/vc_column_inner][vc_column_inner width=&#8221;1\/2&#8243;][vc_single_image image=&#8221;4988&#8243; img_size=&#8221;full&#8221; css_animation=&#8221;right-to-left&#8221;][\/vc_column_inner][\/vc_row_inner][\/vc_column][\/vc_row][vc_row bg_type=&#8221;bg_color&#8221; bg_override=&#8221;ex-full&#8221; bg_color_value=&#8221;rgba(0,0,0,0.04)&#8221; css=&#8221;.vc_custom_1618398581312{padding-top: 100px !important;padding-bottom: 100px !important;}&#8221; el_id=&#8221;Hotellerieetrestaurants&#8221;][vc_column]<div id=\"ultimate-heading-261469f866c4e01fd\" class=\"uvc-heading ult-adjust-bottom-margin ultimate-heading-261469f866c4e01fd uvc-7106 accent-border-color\" data-hspacer=\"line_only\"  data-halign=\"left\" style=\"text-align:left\"><div class=\"uvc-main-heading ult-responsive\"  data-ultimate-target='.uvc-heading.ultimate-heading-261469f866c4e01fd h2'  data-responsive-json-new='{\"font-size\":\"desktop:26px;\",\"line-height\":\"\"}' ><h2 style=\"--font-weight:theme;\">Hotels und Restaurants<\/h2><\/div><div class=\"uvc-heading-spacer line_only\" style=\"margin-top:15px;margin-bottom:50px;height:4px;\"><span class=\"uvc-headings-line\" style=\"border-style:solid;border-bottom-width:4px;border-color:#ccc;width:50px;\"><\/span><\/div><\/div>[vc_row_inner css=&#8221;.vc_custom_1618398588560{padding-bottom: 0px !important;}&#8221;][vc_column_inner width=&#8221;1\/2&#8243;][vc_column_text]Digitel-Regler sind gut geeignet f\u00fcr das K\u00e4ltemanagement in Hotel- und Restaurantk\u00fcchen. Wir haben auch viele zentralisierte Gro\u00dfk\u00fcchenanlagen umgesetzt.<\/p>\n<p>Unser Regelsystem Pro Light 8 erweist sichals vorteilhaft bei der K\u00fchlanlagensteuerung in diesem Bereich:[\/vc_column_text]<style type=\"text\/css\" data-type=\"the7_shortcodes-inline-css\">#default-btn-74bfd75a2731e6926648be1dae12cf31.ico-right-side > i {\n  margin-right: 0px;\n  margin-left: 8px;\n}\n#default-btn-74bfd75a2731e6926648be1dae12cf31 > i {\n  margin-right: 8px;\n}<\/style><a href=\"https:\/\/digitel.swiss\/wp-content\/uploads\/2022\/05\/Flyer-Pro-Light-8-DE-web.pdf\" class=\"default-btn-shortcode dt-btn dt-btn-m link-hover-off btn-inline-left  vc_custom_1672485027308\" id=\"default-btn-74bfd75a2731e6926648be1dae12cf31\" title=\"Digitel-Regelung f\u00fcr Gewerbek\u00e4lte Newel 3 DE\"><span>Pro Light 8 PDF-Brosch\u00fcre<\/span><\/a><div id=\"ultimate-heading-891969f866c4e027d\" class=\"uvc-heading ult-adjust-bottom-margin ultimate-heading-891969f866c4e027d uvc-9421 accent-border-color uvc-heading-default-font-sizes\" data-hspacer=\"no_spacer\"  data-halign=\"left\" style=\"text-align:left\"><div class=\"uvc-heading-spacer no_spacer\" style=\"top\"><\/div><div class=\"uvc-main-heading ult-responsive\"  data-ultimate-target='.uvc-heading.ultimate-heading-891969f866c4e027d h4'  data-responsive-json-new='{\"font-size\":\"\",\"line-height\":\"\"}' ><h4 style=\"--font-weight:theme;margin-bottom:20px;\">Referenzen<\/h4><\/div><\/div><div class=\"standard-arrow bullet-top\"><ul>\n<li><strong>Frankreich: <\/strong>Zentrale K\u00fcche in Argenteuil und Cannes, SNECMA Paris<\/li>\n<li><strong>Deutschland: <\/strong>Zentralisierte K\u00fcche in D\u00fcrrr\u00f6rsdorf.<br \/>\nFlugh\u00e4fen Berlin Sch., D\u00fcsseldorf, Frankfurt.<br \/>\nGate Gourmet in Berlin und N\u00fcrnberg<\/li>\n<li><strong>Schweiz:<\/strong> Hotels Julen, Mama und Rex in Zermatt, Hotel Walliserhof in Saas-Fee<\/li>\n<li><strong>Weitere: <\/strong>Lufthansa-Flugh\u00e4fen in Hongkong, Shanghai, Malm\u00f6, Stockholm, Kairo.<br \/>\nGate Gourmet in Amsterdam und Shanghai.<\/li>\n<\/ul>\n<\/div>[\/vc_column_inner][vc_column_inner width=&#8221;1\/2&#8243;][vc_single_image image=&#8221;4976&#8243; img_size=&#8221;full&#8221; css_animation=&#8221;right-to-left&#8221;][\/vc_column_inner][\/vc_row_inner][\/vc_column][\/vc_row][vc_row bg_type=&#8221;bg_color&#8221; bg_override=&#8221;ex-full&#8221; css=&#8221;.vc_custom_1618398642345{padding-top: 100px !important;padding-bottom: 100px !important;}&#8221; el_id=&#8221;Industrieslaboratoiresethopitaux&#8221;][vc_column]<div id=\"ultimate-heading-946169f866c4e02e2\" class=\"uvc-heading ult-adjust-bottom-margin ultimate-heading-946169f866c4e02e2 uvc-4098 accent-border-color\" data-hspacer=\"line_only\"  data-halign=\"left\" style=\"text-align:left\"><div class=\"uvc-main-heading ult-responsive\"  data-ultimate-target='.uvc-heading.ultimate-heading-946169f866c4e02e2 h2'  data-responsive-json-new='{\"font-size\":\"desktop:26px;\",\"line-height\":\"\"}' ><h2 style=\"--font-weight:theme;\">Industrie, Laboratorien und Krankenh\u00e4user<\/h2><\/div><div class=\"uvc-heading-spacer line_only\" style=\"margin-top:15px;margin-bottom:50px;height:4px;\"><span class=\"uvc-headings-line\" style=\"border-style:solid;border-bottom-width:4px;border-color:#ccc;width:50px;\"><\/span><\/div><\/div>[vc_row_inner css=&#8221;.vc_custom_1618398649304{padding-bottom: 0px !important;}&#8221;][vc_column_inner width=&#8221;1\/2&#8243;][vc_column_text]In den meisten F\u00e4llen k\u00f6nnen diese Arten von Anlagen mit unseren Standardprodukten realisiert werden. Manchmal erfordern industrielle Anlagen besondere Merkmale und Funktionen. In Zusammenarbeit mit dem Konstrukteur entwickelt Digitel schnell individuelle L\u00f6sungen, die genau auf die Bed\u00fcrfnisse zugeschnitten sind.<br \/>\nOft kann der Monteur auch Funktionen mit der in unseren Produkten integrierten SPS entwickeln.[\/vc_column_text]<div id=\"ultimate-heading-473669f866c4e0309\" class=\"uvc-heading ult-adjust-bottom-margin ultimate-heading-473669f866c4e0309 uvc-9540 accent-border-color uvc-heading-default-font-sizes\" data-hspacer=\"no_spacer\"  data-halign=\"left\" style=\"text-align:left\"><div class=\"uvc-heading-spacer no_spacer\" style=\"top\"><\/div><div class=\"uvc-main-heading ult-responsive\"  data-ultimate-target='.uvc-heading.ultimate-heading-473669f866c4e0309 h4'  data-responsive-json-new='{\"font-size\":\"\",\"line-height\":\"\"}' ><h4 style=\"--font-weight:theme;margin-bottom:20px;\">Referenzen<\/h4><\/div><\/div><div class=\"standard-arrow bullet-top\"><ul>\n<li><strong>Polen: <\/strong>Bridgestone-Werk in Pozna\u0144<br \/>\nPolytechnikum Warschau, Universit\u00e4t Poznan<br \/>\nBlutspendezentrum in Poznan<br \/>\nSchlachth\u00f6fe in Manieczki, Czechy und Mierz\u0119cice<br \/>\nVirtu-Gefriertunnel<br \/>\nPolomarket Vertriebszentren, Mila<\/li>\n<li><strong>Deutschland:<\/strong> Universit\u00e4t Paderborn<br \/>\nKrankenh\u00e4user in Chemnitz, Berlin Vivantes, Bergisch-Gladbach.<br \/>\nSchlachth\u00f6fe Sutter GmbH in Gau-Bickelheim.<br \/>\nWasserwerke in Berlin<\/li>\n<li><strong>Schweiz: <\/strong>Lonza-Werk in Visp.<br \/>\nIES-Institut in Witterswil.<br \/>\nSpit\u00e4ler in Brig, Visp, Olten, Altersheim Susten, Zentralinstitut in Sion<\/li>\n<\/ul>\n<\/div>[\/vc_column_inner][vc_column_inner width=&#8221;1\/2&#8243;][vc_single_image image=&#8221;4980&#8243; img_size=&#8221;full&#8221; css_animation=&#8221;right-to-left&#8221;][\/vc_column_inner][\/vc_row_inner][\/vc_column][\/vc_row][vc_row bg_type=&#8221;bg_color&#8221; bg_override=&#8221;ex-full&#8221; bg_color_value=&#8221;rgba(0,0,0,0.04)&#8221; css=&#8221;.vc_custom_1618398656356{padding-top: 100px !important;padding-bottom: 100px !important;}&#8221; el_id=&#8221;Depotsdefruitsetlegumes&#8221;][vc_column]<div id=\"ultimate-heading-717769f866c4e035f\" class=\"uvc-heading ult-adjust-bottom-margin ultimate-heading-717769f866c4e035f uvc-5698 accent-border-color\" data-hspacer=\"line_only\"  data-halign=\"left\" style=\"text-align:left\"><div class=\"uvc-main-heading ult-responsive\"  data-ultimate-target='.uvc-heading.ultimate-heading-717769f866c4e035f h2'  data-responsive-json-new='{\"font-size\":\"desktop:26px;\",\"line-height\":\"\"}' ><h2 style=\"--font-weight:theme;\">Obst- und Gem\u00fcselager<\/h2><\/div><div class=\"uvc-heading-spacer line_only\" style=\"margin-top:15px;margin-bottom:50px;height:4px;\"><span class=\"uvc-headings-line\" style=\"border-style:solid;border-bottom-width:4px;border-color:#ccc;width:50px;\"><\/span><\/div><\/div>[vc_row_inner css=&#8221;.vc_custom_1618398748802{padding-bottom: 0px !important;}&#8221;][vc_column_inner width=&#8221;1\/2&#8243; css=&#8221;.vc_custom_1618398668327{padding-bottom: 0px !important;}&#8221;][vc_column_text]Digitel liefert auch spezielle Steuerungen f\u00fcr gro\u00dfe Obst- und Gem\u00fcselager. Sie sorgen f\u00fcr die Regulierung von Temperatur, Feuchtigkeit, Sauerstoff, Kohlendioxid, Ethylen&#8230; in R\u00e4umen mit kontrollierter Atmosph\u00e4re.[\/vc_column_text]<div id=\"ultimate-heading-428569f866c4e0381\" class=\"uvc-heading ult-adjust-bottom-margin ultimate-heading-428569f866c4e0381 uvc-9657 accent-border-color uvc-heading-default-font-sizes\" data-hspacer=\"no_spacer\"  data-halign=\"left\" style=\"text-align:left\"><div class=\"uvc-heading-spacer no_spacer\" style=\"top\"><\/div><div class=\"uvc-main-heading ult-responsive\"  data-ultimate-target='.uvc-heading.ultimate-heading-428569f866c4e0381 h4'  data-responsive-json-new='{\"font-size\":\"\",\"line-height\":\"\"}' ><h4 style=\"--font-weight:theme;margin-bottom:20px;\">Referenzen<\/h4><\/div><\/div><div class=\"standard-arrow bullet-top\"><ul>\n<li><strong>Schweiz: <\/strong>Obst- und Gem\u00fcsegesch\u00e4fte: Les Vergers de F\u00e9chy in F\u00e9chy, Michel Bessard SA in Conthey, Thury Richard et Fils SA in Etoy, Gruber Cultures Mara\u00eech\u00e8res SA in Pailly. Forschungszentrum Agroscope in Conthey<\/li>\n<\/ul>\n<\/div>[\/vc_column_inner][vc_column_inner width=&#8221;1\/2&#8243; css=&#8221;.vc_custom_1618398672757{padding-bottom: 0px !important;}&#8221;][vc_single_image image=&#8221;4984&#8243; img_size=&#8221;full&#8221; css_animation=&#8221;right-to-left&#8221;][\/vc_column_inner][\/vc_row_inner][\/vc_column][\/vc_row][vc_row bg_type=&#8221;bg_color&#8221; bg_override=&#8221;ex-full&#8221; css=&#8221;.vc_custom_1618398756547{padding-top: 100px !important;padding-bottom: 100px !important;}&#8221; el_id=&#8221;Boulangerieschambresdepousse&#8221;][vc_column]<div id=\"ultimate-heading-11269f866c4e03ca\" class=\"uvc-heading ult-adjust-bottom-margin ultimate-heading-11269f866c4e03ca uvc-6502 accent-border-color\" data-hspacer=\"line_only\"  data-halign=\"left\" style=\"text-align:left\"><div class=\"uvc-main-heading ult-responsive\"  data-ultimate-target='.uvc-heading.ultimate-heading-11269f866c4e03ca h2'  data-responsive-json-new='{\"font-size\":\"desktop:26px;\",\"line-height\":\"\"}' ><h2 style=\"--font-weight:theme;\">B\u00e4ckerein, Gew\u00e4chsh\u00e4user<\/h2><\/div><div class=\"uvc-heading-spacer line_only\" style=\"margin-top:15px;margin-bottom:50px;height:4px;\"><span class=\"uvc-headings-line\" style=\"border-style:solid;border-bottom-width:4px;border-color:#ccc;width:50px;\"><\/span><\/div><\/div>[vc_row_inner css=&#8221;.vc_custom_1618398698695{padding-bottom: 0px !important;}&#8221;][vc_column_inner width=&#8221;1\/2&#8243; css=&#8221;.vc_custom_1618398686849{padding-bottom: 0px !important;}&#8221;][vc_column_text]Anzuchtr\u00e4ume oder Laboratorien ben\u00f6tigen oft spezifische Programme, bei denen Temperatur, Luftfeuchtigkeit und L\u00fcftergeschwindigkeit genau vordefinierten Kurven folgen. In B\u00e4ckereien zum Beispiel muss der Teig unter streng definierten und zeitlich variierenden Temperatur- und Feuchtigkeitsbedingungen mehrere Stunden lang aufbewahrt werden, bevor er in den Ofen kommt. Diese Bedingungen \u00e4ndern sich je nach Art des Brotes oder Geb\u00e4cks, das gebacken werden soll.<\/p>\n<p>Mit den DC24PROC-Modulen, die in das Teleswin-Fernverwaltungssystem von Digitel integriert sind, kann der Anwender bis zu 100 verschiedene Programme f\u00fcr Temperatur, Luftfeuchtigkeit und L\u00fcftergeschwindigkeit erstellen. W\u00e4hrend des Betriebs kann der Benutzer das ausgew\u00e4hlte Programm durch Klicken auf einen Touchscreen starten.<\/p>\n<p>Laden Sie unsere Brosch\u00fcre herunter, um alle Vorteile zu entdecken, die unser Regelungs- und Fernsteuerungssystem f\u00fcr diese Installationen erm\u00f6glicht:[\/vc_column_text]<style type=\"text\/css\" data-type=\"the7_shortcodes-inline-css\">#default-btn-5ec6192b130c1acce726290a94258480.ico-right-side > i {\n  margin-right: 0px;\n  margin-left: 8px;\n}\n#default-btn-5ec6192b130c1acce726290a94258480 > i {\n  margin-right: 8px;\n}<\/style><a href=\"https:\/\/digitel.swiss\/wp-content\/uploads\/2022\/05\/Flyer-Process-DE-web.pdf\" class=\"default-btn-shortcode dt-btn dt-btn-m link-hover-off btn-inline-left  vc_custom_1672485703787\" id=\"default-btn-5ec6192b130c1acce726290a94258480\" title=\"Digitel-Regelung f\u00fcr Gewerbek\u00e4lte Newel 3 DE\"><span>Pro Light 8 PDF-Brosch\u00fcre<\/span><\/a><div id=\"ultimate-heading-688169f866c4e0437\" class=\"uvc-heading ult-adjust-bottom-margin ultimate-heading-688169f866c4e0437 uvc-2979 accent-border-color uvc-heading-default-font-sizes\" data-hspacer=\"no_spacer\"  data-halign=\"left\" style=\"text-align:left\"><div class=\"uvc-heading-spacer no_spacer\" style=\"top\"><\/div><div class=\"uvc-main-heading ult-responsive\"  data-ultimate-target='.uvc-heading.ultimate-heading-688169f866c4e0437 h4'  data-responsive-json-new='{\"font-size\":\"\",\"line-height\":\"\"}' ><h4 style=\"--font-weight:theme;margin-bottom:20px;\">Referenzen<\/h4><\/div><\/div><div class=\"standard-arrow bullet-top\"><ul>\n<li><strong>Schweiz<\/strong>: B\u00e4ckereien Steinmann, Berger, Nyffeneger, Felder, Bohnenblust, B\u00e4kerforu<\/li>\n<\/ul>\n<\/div>[\/vc_column_inner][vc_column_inner width=&#8221;1\/2&#8243; css=&#8221;.vc_custom_1618398692368{padding-bottom: 0px !important;}&#8221;][vc_single_image image=&#8221;4964&#8243; img_size=&#8221;full&#8221; css_animation=&#8221;right-to-left&#8221;][\/vc_column_inner][\/vc_row_inner][\/vc_column][\/vc_row]<\/p>\n<\/div>","protected":false},"excerpt":{"rendered":"<p>[vc_row bg_type=&#8221;bg_color&#8221; bg_override=&#8221;ex-full&#8221; bg_color_value=&#8221;rgba(255,255,255,0.04)&#8221; css=&#8221;.vc_custom_1618398567740{padding-bottom: 100px !important;}&#8221;][vc_column][vc_row_inner][vc_column_inner width=&#8221;1\/2&#8243;][vc_column_text]Die Newel 3-Serie ist f\u00fcr alle Arten von Superm\u00e4rkten geeignet, von kleinen Tante-Emma-L\u00e4den bis hin zu den gr\u00f6\u00dften Hyperm\u00e4rkten mit \u00fcber 300 K\u00fchlstellen. Die fortschrittlichsten Technologien zur Reduzierung der Umweltbelastung und der Betriebskosten sind verf\u00fcgbar. Laden Sie unsere Brosch\u00fcre herunter, um mehr \u00fcber unsere Steuerungs- und Fernsteuerungl\u00f6sungen f\u00fcr&hellip;<\/p>\n","protected":false},"author":1,"featured_media":0,"parent":0,"menu_order":0,"comment_status":"closed","ping_status":"closed","template":"","meta":{"_acf_changed":false,"footnotes":""},"class_list":["post-4961","page","type-page","status-publish","hentry","description-off"],"acf":[],"yoast_head":"<!-- This site is optimized with the Yoast SEO plugin v27.5 - https:\/\/yoast.com\/product\/yoast-seo-wordpress\/ -->\n<title>Referenzen - Digitel<\/title>\n<meta name=\"robots\" content=\"index, follow, max-snippet:-1, max-image-preview:large, max-video-preview:-1\" \/>\n<link rel=\"canonical\" href=\"https:\/\/digitel.swiss\/de\/referenzen\/\" \/>\n<meta property=\"og:locale\" content=\"de_DE\" \/>\n<meta property=\"og:type\" content=\"article\" \/>\n<meta property=\"og:title\" content=\"Referenzen - Digitel\" \/>\n<meta property=\"og:description\" content=\"[vc_row bg_type=&#8221;bg_color&#8221; bg_override=&#8221;ex-full&#8221; bg_color_value=&#8221;rgba(255,255,255,0.04)&#8221; css=&#8221;.vc_custom_1618398567740{padding-bottom: 100px !important;}&#8221;][vc_column][vc_row_inner][vc_column_inner width=&#8221;1\/2&#8243;][vc_column_text]Die Newel 3-Serie ist f\u00fcr alle Arten von Superm\u00e4rkten geeignet, von kleinen Tante-Emma-L\u00e4den bis hin zu den gr\u00f6\u00dften Hyperm\u00e4rkten mit \u00fcber 300 K\u00fchlstellen. Die fortschrittlichsten Technologien zur Reduzierung der Umweltbelastung und der Betriebskosten sind verf\u00fcgbar. Laden Sie unsere Brosch\u00fcre herunter, um mehr \u00fcber unsere Steuerungs- und Fernsteuerungl\u00f6sungen f\u00fcr&hellip;\" \/>\n<meta property=\"og:url\" content=\"https:\/\/digitel.swiss\/de\/referenzen\/\" \/>\n<meta property=\"og:site_name\" content=\"Digitel\" \/>\n<meta property=\"article:modified_time\" content=\"2023-03-09T14:05:31+00:00\" \/>\n<meta name=\"twitter:card\" content=\"summary_large_image\" \/>\n<meta name=\"twitter:label1\" content=\"Gesch\u00e4tzte Lesezeit\" \/>\n\t<meta name=\"twitter:data1\" content=\"7\u00a0Minuten\" \/>\n<script type=\"application\/ld+json\" class=\"yoast-schema-graph\">{\"@context\":\"https:\\\/\\\/schema.org\",\"@graph\":[{\"@type\":\"WebPage\",\"@id\":\"https:\\\/\\\/digitel.swiss\\\/de\\\/referenzen\\\/\",\"url\":\"https:\\\/\\\/digitel.swiss\\\/de\\\/referenzen\\\/\",\"name\":\"Referenzen - Digitel\",\"isPartOf\":{\"@id\":\"https:\\\/\\\/digitel.swiss\\\/#website\"},\"datePublished\":\"2021-06-16T12:12:31+00:00\",\"dateModified\":\"2023-03-09T14:05:31+00:00\",\"breadcrumb\":{\"@id\":\"https:\\\/\\\/digitel.swiss\\\/de\\\/referenzen\\\/#breadcrumb\"},\"inLanguage\":\"de\",\"potentialAction\":[{\"@type\":\"ReadAction\",\"target\":[\"https:\\\/\\\/digitel.swiss\\\/de\\\/referenzen\\\/\"]}]},{\"@type\":\"BreadcrumbList\",\"@id\":\"https:\\\/\\\/digitel.swiss\\\/de\\\/referenzen\\\/#breadcrumb\",\"itemListElement\":[{\"@type\":\"ListItem\",\"position\":1,\"name\":\"Home\",\"item\":\"https:\\\/\\\/digitel.swiss\\\/de\\\/\"},{\"@type\":\"ListItem\",\"position\":2,\"name\":\"Referenzen\"}]},{\"@type\":\"WebSite\",\"@id\":\"https:\\\/\\\/digitel.swiss\\\/#website\",\"url\":\"https:\\\/\\\/digitel.swiss\\\/\",\"name\":\"Digitel\",\"description\":\"Die elektronische L\u00f6sung\",\"publisher\":{\"@id\":\"https:\\\/\\\/digitel.swiss\\\/#organization\"},\"potentialAction\":[{\"@type\":\"SearchAction\",\"target\":{\"@type\":\"EntryPoint\",\"urlTemplate\":\"https:\\\/\\\/digitel.swiss\\\/?s={search_term_string}\"},\"query-input\":{\"@type\":\"PropertyValueSpecification\",\"valueRequired\":true,\"valueName\":\"search_term_string\"}}],\"inLanguage\":\"de\"},{\"@type\":\"Organization\",\"@id\":\"https:\\\/\\\/digitel.swiss\\\/#organization\",\"name\":\"Digitel Swiss\",\"url\":\"https:\\\/\\\/digitel.swiss\\\/\",\"logo\":{\"@type\":\"ImageObject\",\"inLanguage\":\"de\",\"@id\":\"https:\\\/\\\/digitel.swiss\\\/#\\\/schema\\\/logo\\\/image\\\/\",\"url\":\"https:\\\/\\\/digitel.swiss\\\/wp-content\\\/uploads\\\/2021\\\/03\\\/Logo-Digitel_170.png\",\"contentUrl\":\"https:\\\/\\\/digitel.swiss\\\/wp-content\\\/uploads\\\/2021\\\/03\\\/Logo-Digitel_170.png\",\"width\":170,\"height\":60,\"caption\":\"Digitel Swiss\"},\"image\":{\"@id\":\"https:\\\/\\\/digitel.swiss\\\/#\\\/schema\\\/logo\\\/image\\\/\"}}]}<\/script>\n<!-- \/ Yoast SEO plugin. -->","yoast_head_json":{"title":"Referenzen - Digitel","robots":{"index":"index","follow":"follow","max-snippet":"max-snippet:-1","max-image-preview":"max-image-preview:large","max-video-preview":"max-video-preview:-1"},"canonical":"https:\/\/digitel.swiss\/de\/referenzen\/","og_locale":"de_DE","og_type":"article","og_title":"Referenzen - Digitel","og_description":"[vc_row bg_type=&#8221;bg_color&#8221; bg_override=&#8221;ex-full&#8221; bg_color_value=&#8221;rgba(255,255,255,0.04)&#8221; css=&#8221;.vc_custom_1618398567740{padding-bottom: 100px !important;}&#8221;][vc_column][vc_row_inner][vc_column_inner width=&#8221;1\/2&#8243;][vc_column_text]Die Newel 3-Serie ist f\u00fcr alle Arten von Superm\u00e4rkten geeignet, von kleinen Tante-Emma-L\u00e4den bis hin zu den gr\u00f6\u00dften Hyperm\u00e4rkten mit \u00fcber 300 K\u00fchlstellen. Die fortschrittlichsten Technologien zur Reduzierung der Umweltbelastung und der Betriebskosten sind verf\u00fcgbar. Laden Sie unsere Brosch\u00fcre herunter, um mehr \u00fcber unsere Steuerungs- und Fernsteuerungl\u00f6sungen f\u00fcr&hellip;","og_url":"https:\/\/digitel.swiss\/de\/referenzen\/","og_site_name":"Digitel","article_modified_time":"2023-03-09T14:05:31+00:00","twitter_card":"summary_large_image","twitter_misc":{"Gesch\u00e4tzte Lesezeit":"7\u00a0Minuten"},"schema":{"@context":"https:\/\/schema.org","@graph":[{"@type":"WebPage","@id":"https:\/\/digitel.swiss\/de\/referenzen\/","url":"https:\/\/digitel.swiss\/de\/referenzen\/","name":"Referenzen - Digitel","isPartOf":{"@id":"https:\/\/digitel.swiss\/#website"},"datePublished":"2021-06-16T12:12:31+00:00","dateModified":"2023-03-09T14:05:31+00:00","breadcrumb":{"@id":"https:\/\/digitel.swiss\/de\/referenzen\/#breadcrumb"},"inLanguage":"de","potentialAction":[{"@type":"ReadAction","target":["https:\/\/digitel.swiss\/de\/referenzen\/"]}]},{"@type":"BreadcrumbList","@id":"https:\/\/digitel.swiss\/de\/referenzen\/#breadcrumb","itemListElement":[{"@type":"ListItem","position":1,"name":"Home","item":"https:\/\/digitel.swiss\/de\/"},{"@type":"ListItem","position":2,"name":"Referenzen"}]},{"@type":"WebSite","@id":"https:\/\/digitel.swiss\/#website","url":"https:\/\/digitel.swiss\/","name":"Digitel","description":"Die elektronische L\u00f6sung","publisher":{"@id":"https:\/\/digitel.swiss\/#organization"},"potentialAction":[{"@type":"SearchAction","target":{"@type":"EntryPoint","urlTemplate":"https:\/\/digitel.swiss\/?s={search_term_string}"},"query-input":{"@type":"PropertyValueSpecification","valueRequired":true,"valueName":"search_term_string"}}],"inLanguage":"de"},{"@type":"Organization","@id":"https:\/\/digitel.swiss\/#organization","name":"Digitel Swiss","url":"https:\/\/digitel.swiss\/","logo":{"@type":"ImageObject","inLanguage":"de","@id":"https:\/\/digitel.swiss\/#\/schema\/logo\/image\/","url":"https:\/\/digitel.swiss\/wp-content\/uploads\/2021\/03\/Logo-Digitel_170.png","contentUrl":"https:\/\/digitel.swiss\/wp-content\/uploads\/2021\/03\/Logo-Digitel_170.png","width":170,"height":60,"caption":"Digitel Swiss"},"image":{"@id":"https:\/\/digitel.swiss\/#\/schema\/logo\/image\/"}}]}},"_links":{"self":[{"href":"https:\/\/digitel.swiss\/de\/wp-json\/wp\/v2\/pages\/4961","targetHints":{"allow":["GET"]}}],"collection":[{"href":"https:\/\/digitel.swiss\/de\/wp-json\/wp\/v2\/pages"}],"about":[{"href":"https:\/\/digitel.swiss\/de\/wp-json\/wp\/v2\/types\/page"}],"author":[{"embeddable":true,"href":"https:\/\/digitel.swiss\/de\/wp-json\/wp\/v2\/users\/1"}],"replies":[{"embeddable":true,"href":"https:\/\/digitel.swiss\/de\/wp-json\/wp\/v2\/comments?post=4961"}],"version-history":[{"count":20,"href":"https:\/\/digitel.swiss\/de\/wp-json\/wp\/v2\/pages\/4961\/revisions"}],"predecessor-version":[{"id":12349,"href":"https:\/\/digitel.swiss\/de\/wp-json\/wp\/v2\/pages\/4961\/revisions\/12349"}],"wp:attachment":[{"href":"https:\/\/digitel.swiss\/de\/wp-json\/wp\/v2\/media?parent=4961"}],"curies":[{"name":"wp","href":"https:\/\/api.w.org\/{rel}","templated":true}]}}