{"id":7251,"date":"2022-01-31T13:48:25","date_gmt":"2022-01-31T13:48:25","guid":{"rendered":"https:\/\/digitel.swiss\/news\/"},"modified":"2022-02-14T14:30:31","modified_gmt":"2022-02-14T14:30:31","slug":"news","status":"publish","type":"page","link":"https:\/\/digitel.swiss\/de\/news\/","title":{"rendered":"News"},"content":{"rendered":"<div class=\"wpb-content-wrapper\"><p>[vc_row css=&#8221;.vc_custom_1643637192483{padding-bottom: 100px !important;}&#8221;][vc_column]<style type=\"text\/css\" data-type=\"the7_shortcodes-inline-css\">.blog-shortcode.blog-list-shortcode-id-c7f7957945d9dddcb7ce5c06427098c1.dividers-on.classic-layout-list article {\n  margin-top: 50px;\n  padding-top: 0;\n}\n.blog-shortcode.blog-list-shortcode-id-c7f7957945d9dddcb7ce5c06427098c1.dividers-on.classic-layout-list article:first-of-type {\n  margin-top: 0;\n  padding-top: 0;\n}\n.blog-shortcode.blog-list-shortcode-id-c7f7957945d9dddcb7ce5c06427098c1.classic-layout-list.mode-list .post-thumbnail-wrap {\n  width: 30%;\n}\n.blog-shortcode.blog-list-shortcode-id-c7f7957945d9dddcb7ce5c06427098c1.classic-layout-list.mode-list .post-entry-content {\n  width: calc(100% - 30%);\n}\n.blog-shortcode.blog-list-shortcode-id-c7f7957945d9dddcb7ce5c06427098c1.classic-layout-list.mode-list .no-img .post-entry-content {\n  width: 100%;\n}\n.blog-shortcode.blog-list-shortcode-id-c7f7957945d9dddcb7ce5c06427098c1 .paginator {\n  margin-top: 5px;\n}\n.blog-shortcode.blog-list-shortcode-id-c7f7957945d9dddcb7ce5c06427098c1 .filter-bg-decoration .filter-categories a.act {\n  color: #fff;\n}\n.blog-shortcode.blog-list-shortcode-id-c7f7957945d9dddcb7ce5c06427098c1:not(.mode-masonry) article {\n  margin-top: 50px;\n}\n.blog-shortcode.blog-list-shortcode-id-c7f7957945d9dddcb7ce5c06427098c1:not(.mode-masonry) article:first-of-type,\n.blog-shortcode.blog-list-shortcode-id-c7f7957945d9dddcb7ce5c06427098c1:not(.mode-masonry) article.visible.first:not(.product) {\n  margin-top: 0;\n}\n.blog-shortcode.blog-list-shortcode-id-c7f7957945d9dddcb7ce5c06427098c1.dividers-on:not(.mode-masonry) article {\n  margin-top: 0;\n  padding-top: 50px;\n}\n.blog-shortcode.blog-list-shortcode-id-c7f7957945d9dddcb7ce5c06427098c1.dividers-on:not(.mode-masonry) article:first-of-type,\n.blog-shortcode.blog-list-shortcode-id-c7f7957945d9dddcb7ce5c06427098c1.dividers-on:not(.mode-masonry) article.visible.first:not(.product) {\n  margin-top: 0;\n  padding-top: 0;\n}\n.blog-shortcode.blog-list-shortcode-id-c7f7957945d9dddcb7ce5c06427098c1 .post-thumbnail-wrap {\n  padding: 0px 0px 0px 0px;\n}\n.blog-shortcode.blog-list-shortcode-id-c7f7957945d9dddcb7ce5c06427098c1.enable-bg-rollover .post-thumbnail-rollover:after {\n  background: -webkit-linear-gradient();\n  background: linear-gradient();\n}\n.blog-shortcode.blog-list-shortcode-id-c7f7957945d9dddcb7ce5c06427098c1 .gallery-zoom-ico {\n  width: 44px;\n  height: 44px;\n  line-height: 44px;\n  border-radius: 100px;\n  margin: -22px 0 0 -22px;\n  border-width: 0px;\n  color: #ffffff;\n}\n.bottom-overlap-layout-list.blog-shortcode.blog-list-shortcode-id-c7f7957945d9dddcb7ce5c06427098c1 .gallery-zoom-ico {\n  margin-top: -22px;\n}\n.gradient-overlay-layout-list.blog-shortcode.blog-list-shortcode-id-c7f7957945d9dddcb7ce5c06427098c1 .gallery-zoom-ico,\n.content-rollover-layout-list.blog-shortcode.blog-list-shortcode-id-c7f7957945d9dddcb7ce5c06427098c1 .gallery-zoom-ico {\n  margin: 0 0 10px;\n}\n.content-align-center.gradient-overlay-layout-list.blog-shortcode.blog-list-shortcode-id-c7f7957945d9dddcb7ce5c06427098c1 .gallery-zoom-ico,\n.content-align-center.content-rollover-layout-list.blog-shortcode.blog-list-shortcode-id-c7f7957945d9dddcb7ce5c06427098c1 .gallery-zoom-ico {\n  margin: 0 auto 10px;\n}\n.dt-icon-bg-on.blog-shortcode.blog-list-shortcode-id-c7f7957945d9dddcb7ce5c06427098c1 .gallery-zoom-ico {\n  background: rgba(255,255,255,0.3);\n  box-shadow: none;\n}\n.blog-shortcode.blog-list-shortcode-id-c7f7957945d9dddcb7ce5c06427098c1 .gallery-zoom-ico > span,\n.blog-shortcode.blog-list-shortcode-id-c7f7957945d9dddcb7ce5c06427098c1 .gallery-zoom-ico:before {\n  font-size: 32px;\n  line-height: 44px;\n}\n.blog-shortcode.blog-list-shortcode-id-c7f7957945d9dddcb7ce5c06427098c1 .gallery-zoom-ico > span,\n.blog-shortcode.blog-list-shortcode-id-c7f7957945d9dddcb7ce5c06427098c1 .gallery-zoom-ico:before {\n  color: #ffffff;\n}\n.blog-shortcode.blog-list-shortcode-id-c7f7957945d9dddcb7ce5c06427098c1 .fancy-date a {\n  background: #ffffff;\n  box-shadow: none;\n}\n.blog-shortcode.blog-list-shortcode-id-c7f7957945d9dddcb7ce5c06427098c1 .fancy-date a * {\n  color: #2d2d2d;\n}\n.blog-shortcode.blog-list-shortcode-id-c7f7957945d9dddcb7ce5c06427098c1 .entry-title,\n.blog-shortcode.blog-list-shortcode-id-c7f7957945d9dddcb7ce5c06427098c1.owl-carousel .entry-title {\n  margin-bottom: 5px;\n  font-size: 18px;\n  line-height: 22px;\n  font-weight: bold;\n}\n.blog-shortcode.blog-list-shortcode-id-c7f7957945d9dddcb7ce5c06427098c1 .entry-meta {\n  margin-bottom: 15px;\n}\n.blog-shortcode.blog-list-shortcode-id-c7f7957945d9dddcb7ce5c06427098c1 .portfolio-categories {\n  margin-bottom: 15px;\n}\n.blog-shortcode.blog-list-shortcode-id-c7f7957945d9dddcb7ce5c06427098c1 .entry-excerpt {\n  margin-bottom: 5px;\n}\n.blog-shortcode.blog-list-shortcode-id-c7f7957945d9dddcb7ce5c06427098c1:not(.centered-layout-list) .post-entry-content {\n  padding: 25px 30px 30px 30px;\n}\n.blog-shortcode.blog-list-shortcode-id-c7f7957945d9dddcb7ce5c06427098c1:not(.centered-layout-list):not(.content-bg-on):not(.mode-list) .no-img .post-entry-content {\n  padding: 0;\n}\n@media screen and (max-width: 768px) {\n  .blog-shortcode.blog-list-shortcode-id-c7f7957945d9dddcb7ce5c06427098c1 article {\n    -ms-flex-flow: column nowrap;\n    flex-flow: column nowrap;\n    margin-top: 20px;\n  }\n  .blog-shortcode.blog-list-shortcode-id-c7f7957945d9dddcb7ce5c06427098c1.dividers-on article {\n    border: none;\n  }\n  .blog-shortcode.blog-list-shortcode-id-c7f7957945d9dddcb7ce5c06427098c1.content-bg-on.centered-layout-list article {\n    padding: 0;\n  }\n  .blog-shortcode.blog-list-shortcode-id-c7f7957945d9dddcb7ce5c06427098c1.blog-shortcode.dividers-on article,\n  .blog-shortcode.blog-list-shortcode-id-c7f7957945d9dddcb7ce5c06427098c1.dividers-on.classic-layout-list article {\n    margin-top: 20px;\n    padding: 0;\n  }\n  .blog-shortcode.blog-list-shortcode-id-c7f7957945d9dddcb7ce5c06427098c1.blog-shortcode.dividers-on article:first-of-type,\n  .blog-shortcode.blog-list-shortcode-id-c7f7957945d9dddcb7ce5c06427098c1.dividers-on.classic-layout-list article:first-of-type {\n    padding: 0;\n  }\n  #page .blog-shortcode.blog-list-shortcode-id-c7f7957945d9dddcb7ce5c06427098c1 .post-thumbnail-wrap,\n  #page .blog-shortcode.blog-list-shortcode-id-c7f7957945d9dddcb7ce5c06427098c1 .post-entry-content {\n    width: 100%;\n    margin: 0;\n    top: 0;\n  }\n  #page .blog-shortcode.blog-list-shortcode-id-c7f7957945d9dddcb7ce5c06427098c1 .post-thumbnail-wrap {\n    padding: 0;\n  }\n  #page .blog-shortcode.blog-list-shortcode-id-c7f7957945d9dddcb7ce5c06427098c1 .post-entry-content:after {\n    display: none;\n  }\n  #page .blog-shortcode.blog-list-shortcode-id-c7f7957945d9dddcb7ce5c06427098c1 .project-even .post-thumbnail-wrap,\n  #page .blog-shortcode.blog-list-shortcode-id-c7f7957945d9dddcb7ce5c06427098c1.centered-layout-list .post-thumbnail-wrap {\n    -ms-flex-order: 0;\n    order: 0;\n  }\n  #page .blog-shortcode.blog-list-shortcode-id-c7f7957945d9dddcb7ce5c06427098c1.centered-layout-list .post-entry-title-content {\n    -ms-flex-order: 1;\n    order: 1;\n    width: 100%;\n    padding: 20px 20px 0;\n  }\n  #page .blog-shortcode.blog-list-shortcode-id-c7f7957945d9dddcb7ce5c06427098c1.centered-layout-list .post-entry-content {\n    -ms-flex-order: 2;\n    order: 2;\n    padding-top: 0;\n  }\n  #page .blog-shortcode.blog-list-shortcode-id-c7f7957945d9dddcb7ce5c06427098c1 .fancy-categories {\n    top: 10px;\n    left: 10px;\n    bottom: auto;\n    right: auto;\n  }\n  #page .blog-shortcode.blog-list-shortcode-id-c7f7957945d9dddcb7ce5c06427098c1 .fancy-date a {\n    top: 10px;\n    right: 10px;\n    left: auto;\n    bottom: auto;\n  }\n  #page .blog-shortcode.blog-list-shortcode-id-c7f7957945d9dddcb7ce5c06427098c1 .post-entry-content {\n    padding: 20px;\n  }\n  #page .blog-shortcode.blog-list-shortcode-id-c7f7957945d9dddcb7ce5c06427098c1 .entry-title {\n    margin: 3px 0 5px;\n    font-size: 20px;\n    font-size: 18px;\n    line-height: 26px;\n    line-height: 22px;\n  }\n  #page .blog-shortcode.blog-list-shortcode-id-c7f7957945d9dddcb7ce5c06427098c1 .entry-meta {\n    margin: 5px 0 5px;\n  }\n  #page .blog-shortcode.blog-list-shortcode-id-c7f7957945d9dddcb7ce5c06427098c1 .entry-excerpt {\n    margin: 15px 0 0;\n  }\n  #page .blog-shortcode.blog-list-shortcode-id-c7f7957945d9dddcb7ce5c06427098c1 .post-details {\n    margin: 5px 0 10px;\n  }\n  #page .blog-shortcode.blog-list-shortcode-id-c7f7957945d9dddcb7ce5c06427098c1 .post-details.details-type-link {\n    margin-bottom: 2px;\n  }\n}<\/style><div class=\"articles-list blog-shortcode mode-list blog-list-shortcode-id-c7f7957945d9dddcb7ce5c06427098c1 classic-layout-list content-bg-on scale-img dt-icon-bg-off loading-effect-fade-in\" data-cur-page=\"1\" data-post-limit=\"-1\" data-pagination-mode=\"pages\"><article class=\"post project-odd visible post-13633 type-post status-publish format-standard has-post-thumbnail hentry category-news-de category-unkategorisiert category-227 category-72 description-off\" data-name=\"Neues Luxushotel entscheidet sich f\u00fcr ein transkritisches CO2-K\u00fchlsystem, das von Digitel geregelt wird\" data-date=\"2023-05-17T12:12:29+00:00\">\n\n<div class=\"post-thumbnail-wrap\">\n\t<div class=\"post-thumbnail\">\n\n\t\t\n\t\t\n\t\t<a href=\"https:\/\/digitel.swiss\/de\/un-nouvel-hotel-de-luxe-en-suisse\/\" class=\"post-thumbnail-rollover layzr-bg layzr-bg\" ><img fetchpriority=\"high\" decoding=\"async\" class=\"lazy-load preload-me lazy-load aspect\" src=\"data:image\/svg+xml,%3Csvg%20xmlns%3D&#39;http%3A%2F%2Fwww.w3.org%2F2000%2Fsvg&#39;%20viewBox%3D&#39;0%200%20768%20512&#39;%2F%3E\" data-src=\"https:\/\/digitel.swiss\/wp-content\/uploads\/2022\/11\/Sans-titre-3-768x512.png\" data-srcset=\"https:\/\/digitel.swiss\/wp-content\/uploads\/2022\/11\/Sans-titre-3-768x512.png 768w, https:\/\/digitel.swiss\/wp-content\/uploads\/2022\/11\/Sans-titre-3-1306x870.png 1306w\" loading=\"eager\" style=\"--ratio: 768 \/ 512\" sizes=\"(max-width: 768px) 100vw, 768px\" alt=\"\" title=\"Sans titre-3\" width=\"768\" height=\"512\"  \/><\/a>\n\t<\/div>\n<\/div>\n\n\n<div class=\"post-entry-content\">\n\n\t<h3 class=\"entry-title\">\n\t\t<a href=\"https:\/\/digitel.swiss\/de\/un-nouvel-hotel-de-luxe-en-suisse\/\" title=\"Neues Luxushotel entscheidet sich f\u00fcr ein transkritisches CO2-K\u00fchlsystem, das von Digitel geregelt wird\" rel=\"bookmark\">Neues Luxushotel entscheidet sich f\u00fcr ein transkritisches CO2-K\u00fchlsystem, das von Digitel geregelt wird<\/a>\n\t<\/h3>\n\n\t<div class=\"entry-meta\"><a href=\"https:\/\/digitel.swiss\/de\/2023\/05\/17\/\" title=\"12:12\" class=\"data-link\" rel=\"bookmark\"><time class=\"entry-date updated\" datetime=\"2023-05-17T12:12:29+00:00\">17. Mai 2023<\/time><\/a><\/div>\n\t<div class=\"entry-excerpt\"><p>Das Six Senses im Skiort Crans-Montana (CH) hat k\u00fcrzlich ein neues transkritisches CO2-System installiert, um seinen K\u00fchlbedarf zu decken. Die K\u00e4lteanlage wurde von der Firma&hellip;<\/p>\n<\/div>\n\t\n<a href=\"https:\/\/digitel.swiss\/de\/un-nouvel-hotel-de-luxe-en-suisse\/\" class=\"post-details details-type-link\" aria-label=\"Read more about Neues Luxushotel entscheidet sich f\u00fcr ein transkritisches CO2-K\u00fchlsystem, das von Digitel geregelt wird\">Read more<i class=\"dt-icon-the7-arrow-03\" aria-hidden=\"true\"><\/i><\/a>\n\n<\/div><\/article><article class=\"post project-odd visible post-7712 type-post status-publish format-standard has-post-thumbnail hentry category-news-de category-unkategorisiert category-227 category-72 description-off\" data-name=\"Neu! Epta integriert Digitel-Regelung in die Fabrik\" data-date=\"2022-02-14T14:27:28+00:00\">\n\n<div class=\"post-thumbnail-wrap\">\n\t<div class=\"post-thumbnail\">\n\n\t\t\n\t\t\n\t\t<a href=\"https:\/\/digitel.swiss\/de\/neu-epta-integriert-digitel-regelung-in-die-fabrik\/\" class=\"post-thumbnail-rollover layzr-bg layzr-bg\" ><img decoding=\"async\" class=\"lazy-load preload-me lazy-load aspect\" src=\"data:image\/svg+xml,%3Csvg%20xmlns%3D&#39;http%3A%2F%2Fwww.w3.org%2F2000%2Fsvg&#39;%20viewBox%3D&#39;0%200%20747%20498&#39;%2F%3E\" data-src=\"https:\/\/digitel.swiss\/wp-content\/uploads\/2022\/02\/Sans-titre-e1644848523822-747x498.png\" data-srcset=\"https:\/\/digitel.swiss\/wp-content\/uploads\/2022\/02\/Sans-titre-e1644848523822-747x498.png 747w\" loading=\"eager\" style=\"--ratio: 747 \/ 498\" sizes=\"(max-width: 747px) 100vw, 747px\" alt=\"R\u00e9gulation \u00e0 destination de la r\u00e9frig\u00e9ration\" title=\"Sans titre\" width=\"747\" height=\"498\"  \/><\/a>\n\t<\/div>\n<\/div>\n\n\n<div class=\"post-entry-content\">\n\n\t<h3 class=\"entry-title\">\n\t\t<a href=\"https:\/\/digitel.swiss\/de\/neu-epta-integriert-digitel-regelung-in-die-fabrik\/\" title=\"Neu! Epta integriert Digitel-Regelung in die Fabrik\" rel=\"bookmark\">Neu! Epta integriert Digitel-Regelung in die Fabrik<\/a>\n\t<\/h3>\n\n\t<div class=\"entry-meta\"><a href=\"https:\/\/digitel.swiss\/de\/2022\/02\/14\/\" title=\"14:27\" class=\"data-link\" rel=\"bookmark\"><time class=\"entry-date updated\" datetime=\"2022-02-14T14:27:28+00:00\">14. Februar 2022<\/time><\/a><\/div>\n\t<div class=\"entry-excerpt\"><p>Ab sofort kann die Digitel-Regelung bei dem M\u00f6belhersteller Epta, zu dem unter anderem die Marken Costan und Bonnet N\u00e9v\u00e9 geh\u00f6ren, direkt ab Werk in die&hellip;<\/p>\n<\/div>\n\t\n<a href=\"https:\/\/digitel.swiss\/de\/neu-epta-integriert-digitel-regelung-in-die-fabrik\/\" class=\"post-details details-type-link\" aria-label=\"Read more about Neu! Epta integriert Digitel-Regelung in die Fabrik\">Read more<i class=\"dt-icon-the7-arrow-03\" aria-hidden=\"true\"><\/i><\/a>\n\n<\/div><\/article><article class=\"post project-odd visible post-7238 type-post status-publish format-standard has-post-thumbnail hentry category-news-de category-227 description-off\" data-name=\"Digitel gewinnt den Digital Journey Award des CSEM\" data-date=\"2022-01-31T12:53:44+00:00\">\n\n<div class=\"post-thumbnail-wrap\">\n\t<div class=\"post-thumbnail\">\n\n\t\t\n\t\t\n\t\t<a href=\"https:\/\/digitel.swiss\/de\/digitel-gewinnt-digital-journey-award-csem\/\" class=\"post-thumbnail-rollover layzr-bg layzr-bg\" ><img decoding=\"async\" class=\"lazy-load preload-me lazy-load aspect\" src=\"data:image\/svg+xml,%3Csvg%20xmlns%3D&#39;http%3A%2F%2Fwww.w3.org%2F2000%2Fsvg&#39;%20viewBox%3D&#39;0%200%20768%20512&#39;%2F%3E\" data-src=\"https:\/\/digitel.swiss\/wp-content\/uploads\/2022\/01\/Prix-CSEM-rotated-e1643720546119-768x512.jpeg\" data-srcset=\"https:\/\/digitel.swiss\/wp-content\/uploads\/2022\/01\/Prix-CSEM-rotated-e1643720546119-768x512.jpeg 768w, https:\/\/digitel.swiss\/wp-content\/uploads\/2022\/01\/Prix-CSEM-rotated-e1643720546119-1023x682.jpeg 1023w\" loading=\"eager\" style=\"--ratio: 768 \/ 512\" sizes=\"(max-width: 768px) 100vw, 768px\" alt=\"\" title=\"Prix CSEM\" width=\"768\" height=\"512\"  \/><\/a>\n\t<\/div>\n<\/div>\n\n\n<div class=\"post-entry-content\">\n\n\t<h3 class=\"entry-title\">\n\t\t<a href=\"https:\/\/digitel.swiss\/de\/digitel-gewinnt-digital-journey-award-csem\/\" title=\"Digitel gewinnt den Digital Journey Award des CSEM\" rel=\"bookmark\">Digitel gewinnt den Digital Journey Award des CSEM<\/a>\n\t<\/h3>\n\n\t<div class=\"entry-meta\"><a href=\"https:\/\/digitel.swiss\/de\/2022\/01\/31\/\" title=\"12:53\" class=\"data-link\" rel=\"bookmark\"><time class=\"entry-date updated\" datetime=\"2022-01-31T12:53:44+00:00\">31. Januar 2022<\/time><\/a><\/div>\n\t<div class=\"entry-excerpt\"><p>Digitel hat den Digital Journey Award des CSEM erhalten. Innovation war f\u00fcr uns schon immer von gr\u00f6\u00dfter Bedeutung. Sie ist umso wichtiger, wenn man sie&hellip;<\/p>\n<\/div>\n\t\n<a href=\"https:\/\/digitel.swiss\/de\/digitel-gewinnt-digital-journey-award-csem\/\" class=\"post-details details-type-link\" aria-label=\"Read more about Digitel gewinnt den Digital Journey Award des CSEM\">Read more<i class=\"dt-icon-the7-arrow-03\" aria-hidden=\"true\"><\/i><\/a>\n\n<\/div><\/article><article class=\"post project-odd visible post-7236 type-post status-publish format-standard has-post-thumbnail hentry category-news-de category-227 description-off\" data-name=\"Neuere Entwicklung: transkritische CO2-Anlagen.\" data-date=\"2022-01-31T12:45:44+00:00\">\n\n<div class=\"post-thumbnail-wrap\">\n\t<div class=\"post-thumbnail\">\n\n\t\t\n\t\t\n\t\t<a href=\"https:\/\/digitel.swiss\/de\/transkritiche-co2-anlagen-entwicklung\/\" class=\"post-thumbnail-rollover layzr-bg layzr-bg\" ><img decoding=\"async\" class=\"lazy-load preload-me lazy-load aspect\" src=\"data:image\/svg+xml,%3Csvg%20xmlns%3D&#39;http%3A%2F%2Fwww.w3.org%2F2000%2Fsvg&#39;%20viewBox%3D&#39;0%200%20768%20512&#39;%2F%3E\" data-src=\"https:\/\/digitel.swiss\/wp-content\/uploads\/2022\/01\/IMG_2969-scaled-768x512.jpeg\" data-srcset=\"https:\/\/digitel.swiss\/wp-content\/uploads\/2022\/01\/IMG_2969-scaled-768x512.jpeg 768w, https:\/\/digitel.swiss\/wp-content\/uploads\/2022\/01\/IMG_2969-scaled-1306x870.jpeg 1306w\" loading=\"eager\" style=\"--ratio: 768 \/ 512\" sizes=\"(max-width: 768px) 100vw, 768px\" alt=\"\" title=\"IMG_2969\" width=\"768\" height=\"512\"  \/><\/a>\n\t<\/div>\n<\/div>\n\n\n<div class=\"post-entry-content\">\n\n\t<h3 class=\"entry-title\">\n\t\t<a href=\"https:\/\/digitel.swiss\/de\/transkritiche-co2-anlagen-entwicklung\/\" title=\"Neuere Entwicklung: transkritische CO2-Anlagen.\" rel=\"bookmark\">Neuere Entwicklung: transkritische CO2-Anlagen.<\/a>\n\t<\/h3>\n\n\t<div class=\"entry-meta\"><a href=\"https:\/\/digitel.swiss\/de\/2022\/01\/31\/\" title=\"12:45\" class=\"data-link\" rel=\"bookmark\"><time class=\"entry-date updated\" datetime=\"2022-01-31T12:45:44+00:00\">31. Januar 2022<\/time><\/a><\/div>\n\t<div class=\"entry-excerpt\"><p>Die schrittweise Reduzierung des Einsatzes von fluorierten Gasen hat zur Verwendung umweltfreundlicherer K\u00e4ltemittel gef\u00fchrt. Da CO2 einen hohen W\u00e4rme\u00fcbertragungswirkungsgrad aufweist, hat es sich als das&hellip;<\/p>\n<\/div>\n\t\n<a href=\"https:\/\/digitel.swiss\/de\/transkritiche-co2-anlagen-entwicklung\/\" class=\"post-details details-type-link\" aria-label=\"Read more about Neuere Entwicklung: transkritische CO2-Anlagen.\">Read more<i class=\"dt-icon-the7-arrow-03\" aria-hidden=\"true\"><\/i><\/a>\n\n<\/div><\/article><div class=\"paginator\" role=\"navigation\"><span class=\"nav-prev disabled\">\u2192<\/span><a href=\"https:\/\/digitel.swiss\/de\/wp-json\/wp\/v2\/pages\/7251\/\" class=\"page-numbers act\" data-page-num=\"1\">1<\/a><a href=\"https:\/\/digitel.swiss\/de\/wp-json\/wp\/v2\/pages\/7251\/page\/2\/\" class=\"page-numbers \" data-page-num=\"2\">2<\/a><a href=\"https:\/\/digitel.swiss\/de\/wp-json\/wp\/v2\/pages\/7251\/page\/2\/\" class=\"page-numbers nav-next filter-item\" data-page-num=\"2\" >\u2192<\/a><\/div><\/div>[\/vc_column][\/vc_row]<\/p>\n<\/div>","protected":false},"excerpt":{"rendered":"<p>[vc_row css=&#8221;.vc_custom_1643637192483{padding-bottom: 100px !important;}&#8221;][vc_column][\/vc_column][\/vc_row]<\/p>\n","protected":false},"author":1,"featured_media":0,"parent":0,"menu_order":0,"comment_status":"closed","ping_status":"closed","template":"","meta":{"_acf_changed":false,"footnotes":""},"class_list":["post-7251","page","type-page","status-publish","hentry","description-off"],"acf":[],"yoast_head":"<!-- This site is optimized with the Yoast SEO plugin v27.4 - https:\/\/yoast.com\/product\/yoast-seo-wordpress\/ -->\n<title>News - Digitel<\/title>\n<meta name=\"robots\" content=\"index, follow, max-snippet:-1, max-image-preview:large, max-video-preview:-1\" \/>\n<link rel=\"canonical\" href=\"https:\/\/digitel.swiss\/news\/\" \/>\n<meta property=\"og:locale\" content=\"de_DE\" \/>\n<meta property=\"og:type\" content=\"article\" \/>\n<meta property=\"og:title\" content=\"News - Digitel\" \/>\n<meta property=\"og:description\" content=\"[vc_row css=&#8221;.vc_custom_1643637192483{padding-bottom: 100px !important;}&#8221;][vc_column][\/vc_column][\/vc_row]\" \/>\n<meta property=\"og:url\" content=\"https:\/\/digitel.swiss\/news\/\" \/>\n<meta property=\"og:site_name\" content=\"Digitel\" \/>\n<meta property=\"article:modified_time\" content=\"2022-02-14T14:30:31+00:00\" \/>\n<meta name=\"twitter:card\" content=\"summary_large_image\" \/>\n<script type=\"application\/ld+json\" class=\"yoast-schema-graph\">{\"@context\":\"https:\\\/\\\/schema.org\",\"@graph\":[{\"@type\":\"WebPage\",\"@id\":\"https:\\\/\\\/digitel.swiss\\\/news\\\/\",\"url\":\"https:\\\/\\\/digitel.swiss\\\/news\\\/\",\"name\":\"News - Digitel\",\"isPartOf\":{\"@id\":\"https:\\\/\\\/digitel.swiss\\\/#website\"},\"datePublished\":\"2022-01-31T13:48:25+00:00\",\"dateModified\":\"2022-02-14T14:30:31+00:00\",\"breadcrumb\":{\"@id\":\"https:\\\/\\\/digitel.swiss\\\/news\\\/#breadcrumb\"},\"inLanguage\":\"de\",\"potentialAction\":[{\"@type\":\"ReadAction\",\"target\":[\"https:\\\/\\\/digitel.swiss\\\/news\\\/\"]}]},{\"@type\":\"BreadcrumbList\",\"@id\":\"https:\\\/\\\/digitel.swiss\\\/news\\\/#breadcrumb\",\"itemListElement\":[{\"@type\":\"ListItem\",\"position\":1,\"name\":\"Home\",\"item\":\"https:\\\/\\\/digitel.swiss\\\/de\\\/\"},{\"@type\":\"ListItem\",\"position\":2,\"name\":\"News\"}]},{\"@type\":\"WebSite\",\"@id\":\"https:\\\/\\\/digitel.swiss\\\/#website\",\"url\":\"https:\\\/\\\/digitel.swiss\\\/\",\"name\":\"Digitel\",\"description\":\"Die elektronische L\u00f6sung\",\"publisher\":{\"@id\":\"https:\\\/\\\/digitel.swiss\\\/#organization\"},\"potentialAction\":[{\"@type\":\"SearchAction\",\"target\":{\"@type\":\"EntryPoint\",\"urlTemplate\":\"https:\\\/\\\/digitel.swiss\\\/?s={search_term_string}\"},\"query-input\":{\"@type\":\"PropertyValueSpecification\",\"valueRequired\":true,\"valueName\":\"search_term_string\"}}],\"inLanguage\":\"de\"},{\"@type\":\"Organization\",\"@id\":\"https:\\\/\\\/digitel.swiss\\\/#organization\",\"name\":\"Digitel Swiss\",\"url\":\"https:\\\/\\\/digitel.swiss\\\/\",\"logo\":{\"@type\":\"ImageObject\",\"inLanguage\":\"de\",\"@id\":\"https:\\\/\\\/digitel.swiss\\\/#\\\/schema\\\/logo\\\/image\\\/\",\"url\":\"https:\\\/\\\/digitel.swiss\\\/wp-content\\\/uploads\\\/2021\\\/03\\\/Logo-Digitel_170.png\",\"contentUrl\":\"https:\\\/\\\/digitel.swiss\\\/wp-content\\\/uploads\\\/2021\\\/03\\\/Logo-Digitel_170.png\",\"width\":170,\"height\":60,\"caption\":\"Digitel Swiss\"},\"image\":{\"@id\":\"https:\\\/\\\/digitel.swiss\\\/#\\\/schema\\\/logo\\\/image\\\/\"}}]}<\/script>\n<!-- \/ Yoast SEO plugin. -->","yoast_head_json":{"title":"News - Digitel","robots":{"index":"index","follow":"follow","max-snippet":"max-snippet:-1","max-image-preview":"max-image-preview:large","max-video-preview":"max-video-preview:-1"},"canonical":"https:\/\/digitel.swiss\/news\/","og_locale":"de_DE","og_type":"article","og_title":"News - Digitel","og_description":"[vc_row css=&#8221;.vc_custom_1643637192483{padding-bottom: 100px !important;}&#8221;][vc_column][\/vc_column][\/vc_row]","og_url":"https:\/\/digitel.swiss\/news\/","og_site_name":"Digitel","article_modified_time":"2022-02-14T14:30:31+00:00","twitter_card":"summary_large_image","schema":{"@context":"https:\/\/schema.org","@graph":[{"@type":"WebPage","@id":"https:\/\/digitel.swiss\/news\/","url":"https:\/\/digitel.swiss\/news\/","name":"News - Digitel","isPartOf":{"@id":"https:\/\/digitel.swiss\/#website"},"datePublished":"2022-01-31T13:48:25+00:00","dateModified":"2022-02-14T14:30:31+00:00","breadcrumb":{"@id":"https:\/\/digitel.swiss\/news\/#breadcrumb"},"inLanguage":"de","potentialAction":[{"@type":"ReadAction","target":["https:\/\/digitel.swiss\/news\/"]}]},{"@type":"BreadcrumbList","@id":"https:\/\/digitel.swiss\/news\/#breadcrumb","itemListElement":[{"@type":"ListItem","position":1,"name":"Home","item":"https:\/\/digitel.swiss\/de\/"},{"@type":"ListItem","position":2,"name":"News"}]},{"@type":"WebSite","@id":"https:\/\/digitel.swiss\/#website","url":"https:\/\/digitel.swiss\/","name":"Digitel","description":"Die elektronische L\u00f6sung","publisher":{"@id":"https:\/\/digitel.swiss\/#organization"},"potentialAction":[{"@type":"SearchAction","target":{"@type":"EntryPoint","urlTemplate":"https:\/\/digitel.swiss\/?s={search_term_string}"},"query-input":{"@type":"PropertyValueSpecification","valueRequired":true,"valueName":"search_term_string"}}],"inLanguage":"de"},{"@type":"Organization","@id":"https:\/\/digitel.swiss\/#organization","name":"Digitel Swiss","url":"https:\/\/digitel.swiss\/","logo":{"@type":"ImageObject","inLanguage":"de","@id":"https:\/\/digitel.swiss\/#\/schema\/logo\/image\/","url":"https:\/\/digitel.swiss\/wp-content\/uploads\/2021\/03\/Logo-Digitel_170.png","contentUrl":"https:\/\/digitel.swiss\/wp-content\/uploads\/2021\/03\/Logo-Digitel_170.png","width":170,"height":60,"caption":"Digitel Swiss"},"image":{"@id":"https:\/\/digitel.swiss\/#\/schema\/logo\/image\/"}}]}},"_links":{"self":[{"href":"https:\/\/digitel.swiss\/de\/wp-json\/wp\/v2\/pages\/7251","targetHints":{"allow":["GET"]}}],"collection":[{"href":"https:\/\/digitel.swiss\/de\/wp-json\/wp\/v2\/pages"}],"about":[{"href":"https:\/\/digitel.swiss\/de\/wp-json\/wp\/v2\/types\/page"}],"author":[{"embeddable":true,"href":"https:\/\/digitel.swiss\/de\/wp-json\/wp\/v2\/users\/1"}],"replies":[{"embeddable":true,"href":"https:\/\/digitel.swiss\/de\/wp-json\/wp\/v2\/comments?post=7251"}],"version-history":[{"count":7,"href":"https:\/\/digitel.swiss\/de\/wp-json\/wp\/v2\/pages\/7251\/revisions"}],"predecessor-version":[{"id":7725,"href":"https:\/\/digitel.swiss\/de\/wp-json\/wp\/v2\/pages\/7251\/revisions\/7725"}],"wp:attachment":[{"href":"https:\/\/digitel.swiss\/de\/wp-json\/wp\/v2\/media?parent=7251"}],"curies":[{"name":"wp","href":"https:\/\/api.w.org\/{rel}","templated":true}]}}