{"id":3359,"date":"2021-05-17T13:53:44","date_gmt":"2021-05-17T13:53:44","guid":{"rendered":"http:\/\/digitel.elcadia.com\/product\/dc25\/"},"modified":"2023-08-23T11:15:38","modified_gmt":"2023-08-23T11:15:38","slug":"dc25","status":"publish","type":"product","link":"https:\/\/digitel.swiss\/de\/produkt\/dc25\/","title":{"rendered":"DC25"},"content":{"rendered":"<div class=\"wpb-content-wrapper\"><p>[vc_row css=&#8221;.vc_custom_1684309923878{padding-bottom: 20px !important;}&#8221;][vc_column]<style type=\"text\/css\" data-type=\"the7_shortcodes-inline-css\">#default-btn-eee8ed45e24c92fcc5ed19ef4051cfaf.ico-right-side > i {\n  margin-right: 0px;\n  margin-left: 8px;\n}\n#default-btn-eee8ed45e24c92fcc5ed19ef4051cfaf > i {\n  margin-right: 8px;\n}<\/style><a href=\"https:\/\/digitel.swiss\/de\/downloads\/#dc25\" class=\"default-btn-shortcode dt-btn dt-btn-m link-hover-off greycolor default-btn-shortcode dt-btn dt-btn-m link-hover-off vc_custom_1619676740342 btn-inline-left \" id=\"default-btn-eee8ed45e24c92fcc5ed19ef4051cfaf\" title=\"DC24E\"><span>Technische Dokumentation<\/span><\/a>[\/vc_column][\/vc_row][vc_row][vc_column][vc_tabs][vc_tab title=&#8221;Anwendungen&#8221; tab_id=&#8221;1620742324422-2-2&#8243;][vc_column_text]\n<table id=\"tablepress-215\" class=\"tablepress tablepress-id-215\">\n<tbody class=\"row-striping row-hover\">\n<tr class=\"row-1\">\n\t<td class=\"column-1\">Verbund \u00dcberwachung                           <\/td><td class=\"column-2\">ja (bis zu 3 Verdichter)<\/td>\n<\/tr>\n<\/tbody>\n<\/table>\n<!-- #tablepress-215 from cache -->[\/vc_column_text][\/vc_tab][vc_tab title=&#8221;Eigenschaften&#8221; tab_id=&#8221;1425d0fc-1bcd-0&#8243;][vc_column_text]\n<table id=\"tablepress-216\" class=\"tablepress tablepress-id-216\">\n<tbody class=\"row-striping row-hover\">\n<tr class=\"row-1\">\n\t<td class=\"column-1\">Wei\u00dfes Display<\/td><td class=\"column-2\">ja<\/td>\n<\/tr>\n<tr class=\"row-2\">\n\t<td class=\"column-1\">Eing\u00e4nge<\/td><td class=\"column-2\">3 x 5 Eing\u00e4nge 230 VAC (5 Eing\u00e4nge pro Verdichter)<\/td>\n<\/tr>\n<tr class=\"row-3\">\n\t<td class=\"column-1\">Stromversorgung                                        <\/td><td class=\"column-2\">230 VAC<br \/>\n<\/td>\n<\/tr>\n<tr class=\"row-4\">\n\t<td class=\"column-1\">Fern\u00fcberwachung Busschnittstelle <\/td><td class=\"column-2\">nien<\/td>\n<\/tr>\n<tr class=\"row-5\">\n\t<td class=\"column-1\">Uhr<\/td><td class=\"column-2\">nien<\/td>\n<\/tr>\n<tr class=\"row-6\">\n\t<td class=\"column-1\">Elektronisches Expansionsventil <\/td><td class=\"column-2\">nien<\/td>\n<\/tr>\n<tr class=\"row-7\">\n\t<td class=\"column-1\">Lokalbus f\u00fcr Erweiterungen\t<\/td><td class=\"column-2\">ja<\/td>\n<\/tr>\n<\/tbody>\n<\/table>\n<!-- #tablepress-216 from cache -->[\/vc_column_text][\/vc_tab][vc_tab title=&#8221;Technische Daten&#8221; tab_id=&#8221;5d09cf5f-4945-10&#8243;][vc_column_text]\n<table id=\"tablepress-217\" class=\"tablepress tablepress-id-217\">\n<tbody class=\"row-striping row-hover\">\n<tr class=\"row-1\">\n\t<td class=\"column-1\">Stromversorgung<\/td><td class=\"column-2\"><\/td>\n<\/tr>\n<tr class=\"row-2\">\n\t<td class=\"column-1\">&nbsp; &nbsp; &nbsp; &nbsp; &nbsp; &nbsp; Betriebsspannung<\/td><td class=\"column-2\">110-250 VAC, 50-60Hz<\/td>\n<\/tr>\n<tr class=\"row-3\">\n\t<td class=\"column-1\">&nbsp; &nbsp; &nbsp; &nbsp; &nbsp; &nbsp; Maximale Stromverbrauch <\/td><td class=\"column-2\">4 W<\/td>\n<\/tr>\n<tr class=\"row-4\">\n\t<td class=\"column-1\">Schutzklasse <\/td><td class=\"column-2\">1<\/td>\n<\/tr>\n<tr class=\"row-5\">\n\t<td class=\"column-1\">Verschmutzungsgrad <\/td><td class=\"column-2\">2<\/td>\n<\/tr>\n<tr class=\"row-6\">\n\t<td class=\"column-1\">\u00dcberspannungskategorie <\/td><td class=\"column-2\">II<\/td>\n<\/tr>\n<tr class=\"row-7\">\n\t<td class=\"column-1\">Nutzungsbedingungen<\/td><td class=\"column-2\"><\/td>\n<\/tr>\n<tr class=\"row-8\">\n\t<td class=\"column-1\">&nbsp; &nbsp; &nbsp; &nbsp; &nbsp; &nbsp; Temperatur <\/td><td class=\"column-2\">0-40\u00b0C<\/td>\n<\/tr>\n<tr class=\"row-9\">\n\t<td class=\"column-1\">&nbsp; &nbsp; &nbsp; &nbsp; &nbsp; &nbsp; Luftfeuchtigkeit<\/td><td class=\"column-2\"> 0-80% (nicht kondensierend)<\/td>\n<\/tr>\n<\/tbody>\n<\/table>\n<!-- #tablepress-217 from cache -->[\/vc_column_text][\/vc_tab][vc_tab title=&#8221;Abmessungen&#8221; tab_id=&#8221;1620818891754-4-10&#8243;][vc_single_image image=&#8221;3449&#8243; img_size=&#8221;full&#8221; css_animation=&#8221;left-to-right&#8221;][\/vc_tab][vc_tab title=&#8221;Schaltpl\u00e4ne&#8221; tab_id=&#8221;1620810732802-3-5&#8243;][vc_row_inner][vc_column_inner][vc_column_text]Sicherheitskette Verdichter[\/vc_column_text]<style type=\"text\/css\" data-type=\"the7_shortcodes-inline-css\">.shortcode-single-image-wrap.shortcode-single-image-25a5c05d49fd5f0f3bed98fa427205d9.enable-bg-rollover .rollover i,\n.shortcode-single-image-wrap.shortcode-single-image-25a5c05d49fd5f0f3bed98fa427205d9.enable-bg-rollover .rollover-video i {\n  background: -webkit-linear-gradient();\n  background: linear-gradient();\n}\n.shortcode-single-image-wrap.shortcode-single-image-25a5c05d49fd5f0f3bed98fa427205d9 .rollover-icon {\n  font-size: 32px;\n  color: #ffffff;\n  min-width: 44px;\n  min-height: 44px;\n  line-height: 44px;\n  border-radius: 100px;\n  border-style: solid;\n  border-width: 0px;\n}\n.dt-icon-bg-on.shortcode-single-image-wrap.shortcode-single-image-25a5c05d49fd5f0f3bed98fa427205d9 .rollover-icon {\n  background: rgba(255,255,255,0.3);\n  box-shadow: none;\n}<\/style><div class=\"shortcode-single-image-wrap shortcode-single-image-25a5c05d49fd5f0f3bed98fa427205d9 alignleft  enable-bg-rollover dt-icon-bg-off\" style=\"margin-top:0px; margin-bottom:0px; margin-left:0px; margin-right:0px; width:364px;\"><div class=\"shortcode-single-image\"><div class=\"fancy-media-wrap\" style=\"\"><a class=\"layzr-bg rollover rollover-zoom dt-pswp-item pswp-image\" href=\"https:\/\/digitel.swiss\/wp-content\/uploads\/2021\/05\/Digitel-DC25-Kompressor-Sicherheitsketten-pdf.jpg\" title=\"Digitel DC25 Kompressor-Sicherheitsketten\" data-dt-img-description=\"\" data-large_image_width=\"1499\" data-large_image_height = \"1060\"  style=\"\"><img fetchpriority=\"high\" decoding=\"async\" class=\"preload-me lazy-load aspect\" src=\"data:image\/svg+xml,%3Csvg%20xmlns%3D&#39;http%3A%2F%2Fwww.w3.org%2F2000%2Fsvg&#39;%20viewBox%3D&#39;0%200%20364%20257&#39;%2F%3E\" data-src=\"https:\/\/digitel.swiss\/wp-content\/uploads\/2021\/05\/Digitel-DC25-Kompressor-Sicherheitsketten-pdf-364x257.jpg\" data-srcset=\"https:\/\/digitel.swiss\/wp-content\/uploads\/2021\/05\/Digitel-DC25-Kompressor-Sicherheitsketten-pdf-364x257.jpg 364w, https:\/\/digitel.swiss\/wp-content\/uploads\/2021\/05\/Digitel-DC25-Kompressor-Sicherheitsketten-pdf-728x514.jpg 728w\" loading=\"eager\" style=\"--ratio: 364 \/ 257\" sizes=\"(max-width: 364px) 100vw, 364px\" width=\"364\" height=\"257\"  data-dt-location=\"https:\/\/digitel.swiss\/de\/?attachment_id=5961\" alt=\"\" \/><\/a><\/div><\/div><\/div>[\/vc_column_inner][\/vc_row_inner][\/vc_tab][\/vc_tabs][\/vc_column][\/vc_row]<\/p>\n<\/div>","protected":false},"excerpt":{"rendered":"<p>\u00dcberwachungsmodul f\u00fcr Kompressor-Sicherheitsketten<\/p>\n","protected":false},"featured_media":3361,"template":"","meta":{"_acf_changed":false},"product_brand":[],"product_cat":[92],"product_tag":[173,164],"class_list":{"0":"post-3359","1":"product","2":"type-product","3":"status-publish","4":"has-post-thumbnail","6":"product_cat-regler","7":"product_tag-kondensatoren","8":"product_tag-verdichter","9":"description-off","11":"first","12":"instock","13":"shipping-taxable","14":"product-type-simple"},"acf":[],"yoast_head":"<!-- This site is optimized with the Yoast SEO plugin v27.5 - https:\/\/yoast.com\/product\/yoast-seo-wordpress\/ -->\n<title>DC25 - Digitel<\/title>\n<meta name=\"description\" content=\"Modul zur \u00dcberwachung der Sicherheitsketten von Verdichtern. Das Modul DC25 erm\u00f6glicht eine detailliertere \u00dcberwachung von Verdichtern mit 5 digitalen 230 VAC-Eing\u00e4ngen pro Verdichter f\u00fcr bis zu drei Verdichter.Die ersten drei Eing\u00e4nge erm\u00f6glichen die folgenden \u00dcberwachungen: Sicherheiten des Verdichters, \u00d6ldruckschalter, HD-Druckschalter.\" \/>\n<meta name=\"robots\" content=\"index, follow, max-snippet:-1, max-image-preview:large, max-video-preview:-1\" \/>\n<link rel=\"canonical\" href=\"https:\/\/digitel.swiss\/produkt\/dc25\/\" \/>\n<meta property=\"og:locale\" content=\"de_DE\" \/>\n<meta property=\"og:type\" content=\"article\" \/>\n<meta property=\"og:title\" content=\"DC25 - Digitel\" \/>\n<meta property=\"og:description\" content=\"Modul zur \u00dcberwachung der Sicherheitsketten von Verdichtern. Das Modul DC25 erm\u00f6glicht eine detailliertere \u00dcberwachung von Verdichtern mit 5 digitalen 230 VAC-Eing\u00e4ngen pro Verdichter f\u00fcr bis zu drei Verdichter.Die ersten drei Eing\u00e4nge erm\u00f6glichen die folgenden \u00dcberwachungen: Sicherheiten des Verdichters, \u00d6ldruckschalter, HD-Druckschalter.\" \/>\n<meta property=\"og:url\" content=\"https:\/\/digitel.swiss\/produkt\/dc25\/\" \/>\n<meta property=\"og:site_name\" content=\"Digitel\" \/>\n<meta property=\"article:modified_time\" content=\"2023-08-23T11:15:38+00:00\" \/>\n<meta property=\"og:image\" content=\"https:\/\/digitel.swiss\/wp-content\/uploads\/2021\/05\/Module-de-surveillance-des-compresseurs-Digitel-DC25.jpg\" \/>\n\t<meta property=\"og:image:width\" content=\"1200\" \/>\n\t<meta property=\"og:image:height\" content=\"1357\" \/>\n\t<meta property=\"og:image:type\" content=\"image\/jpeg\" \/>\n<meta name=\"twitter:card\" content=\"summary_large_image\" \/>\n<meta name=\"twitter:label1\" content=\"Gesch\u00e4tzte Lesezeit\" \/>\n\t<meta name=\"twitter:data1\" content=\"1\u00a0Minute\" \/>\n<script type=\"application\/ld+json\" class=\"yoast-schema-graph\">{\"@context\":\"https:\\\/\\\/schema.org\",\"@graph\":[{\"@type\":\"WebPage\",\"@id\":\"https:\\\/\\\/digitel.swiss\\\/produkt\\\/dc25\\\/\",\"url\":\"https:\\\/\\\/digitel.swiss\\\/produkt\\\/dc25\\\/\",\"name\":\"DC25 - Digitel\",\"isPartOf\":{\"@id\":\"https:\\\/\\\/digitel.swiss\\\/#website\"},\"primaryImageOfPage\":{\"@id\":\"https:\\\/\\\/digitel.swiss\\\/produkt\\\/dc25\\\/#primaryimage\"},\"image\":{\"@id\":\"https:\\\/\\\/digitel.swiss\\\/produkt\\\/dc25\\\/#primaryimage\"},\"thumbnailUrl\":\"https:\\\/\\\/digitel.swiss\\\/wp-content\\\/uploads\\\/2021\\\/05\\\/Module-de-surveillance-des-compresseurs-Digitel-DC25.jpg\",\"datePublished\":\"2021-05-17T13:53:44+00:00\",\"dateModified\":\"2023-08-23T11:15:38+00:00\",\"description\":\"Modul zur \u00dcberwachung der Sicherheitsketten von Verdichtern. Das Modul DC25 erm\u00f6glicht eine detailliertere \u00dcberwachung von Verdichtern mit 5 digitalen 230 VAC-Eing\u00e4ngen pro Verdichter f\u00fcr bis zu drei Verdichter.Die ersten drei Eing\u00e4nge erm\u00f6glichen die folgenden \u00dcberwachungen: Sicherheiten des Verdichters, \u00d6ldruckschalter, HD-Druckschalter.\",\"breadcrumb\":{\"@id\":\"https:\\\/\\\/digitel.swiss\\\/produkt\\\/dc25\\\/#breadcrumb\"},\"inLanguage\":\"de\",\"potentialAction\":[{\"@type\":\"ReadAction\",\"target\":[\"https:\\\/\\\/digitel.swiss\\\/produkt\\\/dc25\\\/\"]}]},{\"@type\":\"ImageObject\",\"inLanguage\":\"de\",\"@id\":\"https:\\\/\\\/digitel.swiss\\\/produkt\\\/dc25\\\/#primaryimage\",\"url\":\"https:\\\/\\\/digitel.swiss\\\/wp-content\\\/uploads\\\/2021\\\/05\\\/Module-de-surveillance-des-compresseurs-Digitel-DC25.jpg\",\"contentUrl\":\"https:\\\/\\\/digitel.swiss\\\/wp-content\\\/uploads\\\/2021\\\/05\\\/Module-de-surveillance-des-compresseurs-Digitel-DC25.jpg\",\"width\":1200,\"height\":1357},{\"@type\":\"BreadcrumbList\",\"@id\":\"https:\\\/\\\/digitel.swiss\\\/produkt\\\/dc25\\\/#breadcrumb\",\"itemListElement\":[{\"@type\":\"ListItem\",\"position\":1,\"name\":\"Home\",\"item\":\"https:\\\/\\\/digitel.swiss\\\/de\\\/\"},{\"@type\":\"ListItem\",\"position\":2,\"name\":\"Katalog &#8211; alle Produkte\",\"item\":\"https:\\\/\\\/digitel.swiss\\\/de\\\/katalog-alle-produkte\\\/\"},{\"@type\":\"ListItem\",\"position\":3,\"name\":\"DC25\"}]},{\"@type\":\"WebSite\",\"@id\":\"https:\\\/\\\/digitel.swiss\\\/#website\",\"url\":\"https:\\\/\\\/digitel.swiss\\\/\",\"name\":\"Digitel\",\"description\":\"Die elektronische L\u00f6sung\",\"publisher\":{\"@id\":\"https:\\\/\\\/digitel.swiss\\\/#organization\"},\"potentialAction\":[{\"@type\":\"SearchAction\",\"target\":{\"@type\":\"EntryPoint\",\"urlTemplate\":\"https:\\\/\\\/digitel.swiss\\\/?s={search_term_string}\"},\"query-input\":{\"@type\":\"PropertyValueSpecification\",\"valueRequired\":true,\"valueName\":\"search_term_string\"}}],\"inLanguage\":\"de\"},{\"@type\":\"Organization\",\"@id\":\"https:\\\/\\\/digitel.swiss\\\/#organization\",\"name\":\"Digitel Swiss\",\"url\":\"https:\\\/\\\/digitel.swiss\\\/\",\"logo\":{\"@type\":\"ImageObject\",\"inLanguage\":\"de\",\"@id\":\"https:\\\/\\\/digitel.swiss\\\/#\\\/schema\\\/logo\\\/image\\\/\",\"url\":\"https:\\\/\\\/digitel.swiss\\\/wp-content\\\/uploads\\\/2021\\\/03\\\/Logo-Digitel_170.png\",\"contentUrl\":\"https:\\\/\\\/digitel.swiss\\\/wp-content\\\/uploads\\\/2021\\\/03\\\/Logo-Digitel_170.png\",\"width\":170,\"height\":60,\"caption\":\"Digitel Swiss\"},\"image\":{\"@id\":\"https:\\\/\\\/digitel.swiss\\\/#\\\/schema\\\/logo\\\/image\\\/\"}}]}<\/script>\n<!-- \/ Yoast SEO plugin. -->","yoast_head_json":{"title":"DC25 - Digitel","description":"Modul zur \u00dcberwachung der Sicherheitsketten von Verdichtern. Das Modul DC25 erm\u00f6glicht eine detailliertere \u00dcberwachung von Verdichtern mit 5 digitalen 230 VAC-Eing\u00e4ngen pro Verdichter f\u00fcr bis zu drei Verdichter.Die ersten drei Eing\u00e4nge erm\u00f6glichen die folgenden \u00dcberwachungen: Sicherheiten des Verdichters, \u00d6ldruckschalter, HD-Druckschalter.","robots":{"index":"index","follow":"follow","max-snippet":"max-snippet:-1","max-image-preview":"max-image-preview:large","max-video-preview":"max-video-preview:-1"},"canonical":"https:\/\/digitel.swiss\/produkt\/dc25\/","og_locale":"de_DE","og_type":"article","og_title":"DC25 - Digitel","og_description":"Modul zur \u00dcberwachung der Sicherheitsketten von Verdichtern. Das Modul DC25 erm\u00f6glicht eine detailliertere \u00dcberwachung von Verdichtern mit 5 digitalen 230 VAC-Eing\u00e4ngen pro Verdichter f\u00fcr bis zu drei Verdichter.Die ersten drei Eing\u00e4nge erm\u00f6glichen die folgenden \u00dcberwachungen: Sicherheiten des Verdichters, \u00d6ldruckschalter, HD-Druckschalter.","og_url":"https:\/\/digitel.swiss\/produkt\/dc25\/","og_site_name":"Digitel","article_modified_time":"2023-08-23T11:15:38+00:00","og_image":[{"width":1200,"height":1357,"url":"https:\/\/digitel.swiss\/wp-content\/uploads\/2021\/05\/Module-de-surveillance-des-compresseurs-Digitel-DC25.jpg","type":"image\/jpeg"}],"twitter_card":"summary_large_image","twitter_misc":{"Gesch\u00e4tzte Lesezeit":"1\u00a0Minute"},"schema":{"@context":"https:\/\/schema.org","@graph":[{"@type":"WebPage","@id":"https:\/\/digitel.swiss\/produkt\/dc25\/","url":"https:\/\/digitel.swiss\/produkt\/dc25\/","name":"DC25 - Digitel","isPartOf":{"@id":"https:\/\/digitel.swiss\/#website"},"primaryImageOfPage":{"@id":"https:\/\/digitel.swiss\/produkt\/dc25\/#primaryimage"},"image":{"@id":"https:\/\/digitel.swiss\/produkt\/dc25\/#primaryimage"},"thumbnailUrl":"https:\/\/digitel.swiss\/wp-content\/uploads\/2021\/05\/Module-de-surveillance-des-compresseurs-Digitel-DC25.jpg","datePublished":"2021-05-17T13:53:44+00:00","dateModified":"2023-08-23T11:15:38+00:00","description":"Modul zur \u00dcberwachung der Sicherheitsketten von Verdichtern. Das Modul DC25 erm\u00f6glicht eine detailliertere \u00dcberwachung von Verdichtern mit 5 digitalen 230 VAC-Eing\u00e4ngen pro Verdichter f\u00fcr bis zu drei Verdichter.Die ersten drei Eing\u00e4nge erm\u00f6glichen die folgenden \u00dcberwachungen: Sicherheiten des Verdichters, \u00d6ldruckschalter, HD-Druckschalter.","breadcrumb":{"@id":"https:\/\/digitel.swiss\/produkt\/dc25\/#breadcrumb"},"inLanguage":"de","potentialAction":[{"@type":"ReadAction","target":["https:\/\/digitel.swiss\/produkt\/dc25\/"]}]},{"@type":"ImageObject","inLanguage":"de","@id":"https:\/\/digitel.swiss\/produkt\/dc25\/#primaryimage","url":"https:\/\/digitel.swiss\/wp-content\/uploads\/2021\/05\/Module-de-surveillance-des-compresseurs-Digitel-DC25.jpg","contentUrl":"https:\/\/digitel.swiss\/wp-content\/uploads\/2021\/05\/Module-de-surveillance-des-compresseurs-Digitel-DC25.jpg","width":1200,"height":1357},{"@type":"BreadcrumbList","@id":"https:\/\/digitel.swiss\/produkt\/dc25\/#breadcrumb","itemListElement":[{"@type":"ListItem","position":1,"name":"Home","item":"https:\/\/digitel.swiss\/de\/"},{"@type":"ListItem","position":2,"name":"Katalog &#8211; alle Produkte","item":"https:\/\/digitel.swiss\/de\/katalog-alle-produkte\/"},{"@type":"ListItem","position":3,"name":"DC25"}]},{"@type":"WebSite","@id":"https:\/\/digitel.swiss\/#website","url":"https:\/\/digitel.swiss\/","name":"Digitel","description":"Die elektronische L\u00f6sung","publisher":{"@id":"https:\/\/digitel.swiss\/#organization"},"potentialAction":[{"@type":"SearchAction","target":{"@type":"EntryPoint","urlTemplate":"https:\/\/digitel.swiss\/?s={search_term_string}"},"query-input":{"@type":"PropertyValueSpecification","valueRequired":true,"valueName":"search_term_string"}}],"inLanguage":"de"},{"@type":"Organization","@id":"https:\/\/digitel.swiss\/#organization","name":"Digitel Swiss","url":"https:\/\/digitel.swiss\/","logo":{"@type":"ImageObject","inLanguage":"de","@id":"https:\/\/digitel.swiss\/#\/schema\/logo\/image\/","url":"https:\/\/digitel.swiss\/wp-content\/uploads\/2021\/03\/Logo-Digitel_170.png","contentUrl":"https:\/\/digitel.swiss\/wp-content\/uploads\/2021\/03\/Logo-Digitel_170.png","width":170,"height":60,"caption":"Digitel Swiss"},"image":{"@id":"https:\/\/digitel.swiss\/#\/schema\/logo\/image\/"}}]}},"_links":{"self":[{"href":"https:\/\/digitel.swiss\/de\/wp-json\/wp\/v2\/product\/3359","targetHints":{"allow":["GET"]}}],"collection":[{"href":"https:\/\/digitel.swiss\/de\/wp-json\/wp\/v2\/product"}],"about":[{"href":"https:\/\/digitel.swiss\/de\/wp-json\/wp\/v2\/types\/product"}],"wp:featuredmedia":[{"embeddable":true,"href":"https:\/\/digitel.swiss\/de\/wp-json\/wp\/v2\/media\/3361"}],"wp:attachment":[{"href":"https:\/\/digitel.swiss\/de\/wp-json\/wp\/v2\/media?parent=3359"}],"wp:term":[{"taxonomy":"product_brand","embeddable":true,"href":"https:\/\/digitel.swiss\/de\/wp-json\/wp\/v2\/product_brand?post=3359"},{"taxonomy":"product_cat","embeddable":true,"href":"https:\/\/digitel.swiss\/de\/wp-json\/wp\/v2\/product_cat?post=3359"},{"taxonomy":"product_tag","embeddable":true,"href":"https:\/\/digitel.swiss\/de\/wp-json\/wp\/v2\/product_tag?post=3359"}],"curies":[{"name":"wp","href":"https:\/\/api.w.org\/{rel}","templated":true}]}}