{"id":3410,"date":"2021-05-11T17:00:53","date_gmt":"2021-05-11T17:00:53","guid":{"rendered":"http:\/\/digitel.elcadia.com\/product\/dc24el1\/"},"modified":"2023-11-29T09:49:25","modified_gmt":"2023-11-29T09:49:25","slug":"dc24el1","status":"publish","type":"product","link":"https:\/\/digitel.swiss\/de\/produkt\/dc24el1\/","title":{"rendered":"DC24EL1"},"content":{"rendered":"<div class=\"wpb-content-wrapper\"><p>[vc_row css=&#8221;.vc_custom_1684309923878{padding-bottom: 20px !important;}&#8221;][vc_column]<style type=\"text\/css\" data-type=\"the7_shortcodes-inline-css\">#default-btn-d719c4e8e2ae2aebb5ca6cc1e714f606.ico-right-side > i {\n  margin-right: 0px;\n  margin-left: 8px;\n}\n#default-btn-d719c4e8e2ae2aebb5ca6cc1e714f606 > i {\n  margin-right: 8px;\n}<\/style><a href=\"https:\/\/digitel.swiss\/de\/downloads\/#dc24el-1\" class=\"default-btn-shortcode dt-btn dt-btn-m link-hover-off greycolor default-btn-shortcode dt-btn dt-btn-m link-hover-off vc_custom_1619676740342 btn-inline-left \" id=\"default-btn-d719c4e8e2ae2aebb5ca6cc1e714f606\" title=\"DC24E\"><span>Technische Dokumentation<\/span><\/a>[\/vc_column][\/vc_row][vc_row][vc_column][vc_tabs][vc_tab title=&#8221;Anwendungen&#8221; tab_id=&#8221;1620742324422-2-2&#8243;][vc_column_text]\n<table id=\"tablepress-206\" class=\"tablepress tablepress-id-206\">\n<tbody class=\"row-striping row-hover\">\n<tr class=\"row-1\">\n\t<td class=\"column-1\">Positive K\u00fchlstellensregelung<\/td><td class=\"column-2\">ja<\/td>\n<\/tr>\n<tr class=\"row-2\">\n\t<td class=\"column-1\">Negative K\u00fchlstellensregelung         <\/td><td class=\"column-2\">ja<\/td>\n<\/tr>\n<\/tbody>\n<\/table>\n<!-- #tablepress-206 from cache -->[\/vc_column_text][\/vc_tab][vc_tab title=&#8221;Eigenschaften&#8221; tab_id=&#8221;1425d0fc-1bcd-0&#8243;][vc_column_text]\n<table id=\"tablepress-207\" class=\"tablepress tablepress-id-207\">\n<tbody class=\"row-striping row-hover\">\n<tr class=\"row-1\">\n\t<td class=\"column-1\">Wei\u00dfes Display\t<\/td><td class=\"column-2\">ja<\/td>\n<\/tr>\n<tr class=\"row-2\">\n\t<td class=\"column-1\">Eing\u00e4nge<\/td><td class=\"column-2\"><\/td>\n<\/tr>\n<tr class=\"row-3\">\n\t<td class=\"column-1\">&nbsp;&nbsp;&nbsp;&nbsp;&nbsp;&nbsp;PT 1000<\/td><td class=\"column-2\">5 (auch kompatibel mit F\u00fchlern: NTC 10K\/25\u00b0C, L.243, KTY81)<\/td>\n<\/tr>\n<tr class=\"row-4\">\n\t<td class=\"column-1\">&nbsp;&nbsp;&nbsp;&nbsp;&nbsp;&nbsp;0-10 V <\/td><td class=\"column-2\">nein<\/td>\n<\/tr>\n<tr class=\"row-5\">\n\t<td class=\"column-1\">&nbsp;&nbsp;&nbsp;&nbsp;&nbsp;&nbsp;4-20 mA         <\/td><td class=\"column-2\">nein<\/td>\n<\/tr>\n<tr class=\"row-6\">\n\t<td class=\"column-1\">&nbsp;&nbsp;&nbsp;&nbsp;&nbsp;&nbsp;Digitale Eing\u00e4nge<\/td><td class=\"column-2\">2<\/td>\n<\/tr>\n<tr class=\"row-7\">\n\t<td class=\"column-1\">Ausg\u00e4nge<\/td><td class=\"column-2\"><\/td>\n<\/tr>\n<tr class=\"row-8\">\n\t<td class=\"column-1\">&nbsp;&nbsp;&nbsp;&nbsp;&nbsp;&nbsp;Relais <\/td><td class=\"column-2\">4<\/td>\n<\/tr>\n<tr class=\"row-9\">\n\t<td class=\"column-1\">&nbsp;&nbsp;&nbsp;&nbsp;&nbsp;&nbsp;Analog                                   <\/td><td class=\"column-2\">nein<\/td>\n<\/tr>\n<tr class=\"row-10\">\n\t<td class=\"column-1\">Stromversorgung                                        <\/td><td class=\"column-2\">230 VAC<br \/>\n<\/td>\n<\/tr>\n<tr class=\"row-11\">\n\t<td class=\"column-1\">Fern\u00fcberwachung Busschnittstelle <\/td><td class=\"column-2\">ja<\/td>\n<\/tr>\n<tr class=\"row-12\">\n\t<td class=\"column-1\">Uhr<\/td><td class=\"column-2\">ja<\/td>\n<\/tr>\n<tr class=\"row-13\">\n\t<td class=\"column-1\">Elektronisches Expansionsventil <\/td><td class=\"column-2\">nein<\/td>\n<\/tr>\n<tr class=\"row-14\">\n\t<td class=\"column-1\">Lokalbus f\u00fcr Erweiterungen\t<\/td><td class=\"column-2\">nein<\/td>\n<\/tr>\n<\/tbody>\n<\/table>\n<!-- #tablepress-207 from cache -->[\/vc_column_text][\/vc_tab][vc_tab title=&#8221;Technische Daten&#8221; tab_id=&#8221;5d09cf5f-4945-10&#8243;][vc_column_text]\n<table id=\"tablepress-208\" class=\"tablepress tablepress-id-208\">\n<tbody class=\"row-striping row-hover\">\n<tr class=\"row-1\">\n\t<td class=\"column-1\">Stromversorgung<\/td><td class=\"column-2\"><\/td>\n<\/tr>\n<tr class=\"row-2\">\n\t<td class=\"column-1\">&nbsp; &nbsp; &nbsp; &nbsp; &nbsp; &nbsp; Betriebsspannung<\/td><td class=\"column-2\">110-250 VAC, 50-60Hz<\/td>\n<\/tr>\n<tr class=\"row-3\">\n\t<td class=\"column-1\">&nbsp; &nbsp; &nbsp; &nbsp; &nbsp; &nbsp; Maximale Stromverbrauch <\/td><td class=\"column-2\">3 W<\/td>\n<\/tr>\n<tr class=\"row-4\">\n\t<td class=\"column-1\">Schutzklasse <\/td><td class=\"column-2\">1<\/td>\n<\/tr>\n<tr class=\"row-5\">\n\t<td class=\"column-1\">Verschmutzungsgrad <\/td><td class=\"column-2\">2<\/td>\n<\/tr>\n<tr class=\"row-6\">\n\t<td class=\"column-1\">\u00dcberspannungskategorie <\/td><td class=\"column-2\">II<\/td>\n<\/tr>\n<tr class=\"row-7\">\n\t<td class=\"column-1\">Nutzungsbedingungen<\/td><td class=\"column-2\"><\/td>\n<\/tr>\n<tr class=\"row-8\">\n\t<td class=\"column-1\">&nbsp; &nbsp; &nbsp; &nbsp; &nbsp; &nbsp; Temperatur <\/td><td class=\"column-2\">0-40\u00b0C<\/td>\n<\/tr>\n<tr class=\"row-9\">\n\t<td class=\"column-1\">&nbsp; &nbsp; &nbsp; &nbsp; &nbsp; &nbsp; Luftfeuchtigkeit<\/td><td class=\"column-2\">0-80% (nicht kondensierend)<\/td>\n<\/tr>\n<tr class=\"row-10\">\n\t<td class=\"column-1\">Schaltleistung der Relaisausg\u00e4nge<\/td><td class=\"column-2\">induktiv 3 A 250 VAC, ohmsch 8 A 250 VAC<\/td>\n<\/tr>\n<tr class=\"row-11\">\n\t<td class=\"column-1\">Uhr \u2013 Gangreserve<\/td><td class=\"column-2\">4 Tage<\/td>\n<\/tr>\n<\/tbody>\n<\/table>\n<!-- #tablepress-208 from cache -->[\/vc_column_text][\/vc_tab][vc_tab title=&#8221;Abmessungen&#8221; tab_id=&#8221;1620818891754-4-10&#8243;][vc_single_image image=&#8221;3500&#8243; img_size=&#8221;full&#8221; css_animation=&#8221;left-to-right&#8221;][\/vc_tab][vc_tab title=&#8221;Schaltpl\u00e4ne&#8221; tab_id=&#8221;1620810732802-3-5&#8243;][vc_row_inner][vc_column_inner width=&#8221;1\/4&#8243;][vc_column_text]DC24EL-1 K\u00fchlstellenmodus[\/vc_column_text]<style type=\"text\/css\" data-type=\"the7_shortcodes-inline-css\">.shortcode-single-image-wrap.shortcode-single-image-d48d6f7b8691436ae5ebc0dacf5fe7d7.enable-bg-rollover .rollover i,\n.shortcode-single-image-wrap.shortcode-single-image-d48d6f7b8691436ae5ebc0dacf5fe7d7.enable-bg-rollover .rollover-video i {\n  background: -webkit-linear-gradient();\n  background: linear-gradient();\n}\n.shortcode-single-image-wrap.shortcode-single-image-d48d6f7b8691436ae5ebc0dacf5fe7d7 .rollover-icon {\n  font-size: 32px;\n  color: #ffffff;\n  min-width: 44px;\n  min-height: 44px;\n  line-height: 44px;\n  border-radius: 100px;\n  border-style: solid;\n  border-width: 0px;\n}\n.dt-icon-bg-on.shortcode-single-image-wrap.shortcode-single-image-d48d6f7b8691436ae5ebc0dacf5fe7d7 .rollover-icon {\n  background: rgba(255,255,255,0.3);\n  box-shadow: none;\n}<\/style><div class=\"shortcode-single-image-wrap shortcode-single-image-d48d6f7b8691436ae5ebc0dacf5fe7d7 alignleft  enable-bg-rollover dt-icon-bg-off\" style=\"margin-top:0px; margin-bottom:0px; margin-left:0px; margin-right:0px; width:364px;\"><div class=\"shortcode-single-image\"><div class=\"fancy-media-wrap\" style=\"\"><a class=\"layzr-bg rollover rollover-zoom dt-pswp-item pswp-image\" href=\"https:\/\/digitel.swiss\/wp-content\/uploads\/2021\/05\/Digitel-DC24E-Kuhlstelle-.jpg\" title=\"Digitel-DC24E-K\u00fchlstelle-\" data-dt-img-description=\"\" data-large_image_width=\"1920\" data-large_image_height = \"1278\"  style=\"\"><img fetchpriority=\"high\" decoding=\"async\" class=\"preload-me lazy-load aspect\" src=\"data:image\/svg+xml,%3Csvg%20xmlns%3D&#39;http%3A%2F%2Fwww.w3.org%2F2000%2Fsvg&#39;%20viewBox%3D&#39;0%200%20364%20242&#39;%2F%3E\" data-src=\"https:\/\/digitel.swiss\/wp-content\/uploads\/2021\/05\/Digitel-DC24E-Kuhlstelle--364x242.jpg\" data-srcset=\"https:\/\/digitel.swiss\/wp-content\/uploads\/2021\/05\/Digitel-DC24E-Kuhlstelle--364x242.jpg 364w, https:\/\/digitel.swiss\/wp-content\/uploads\/2021\/05\/Digitel-DC24E-Kuhlstelle--728x484.jpg 728w\" loading=\"eager\" style=\"--ratio: 364 \/ 242\" sizes=\"(max-width: 364px) 100vw, 364px\" width=\"364\" height=\"242\"  data-dt-location=\"https:\/\/digitel.swiss\/de\/?attachment_id=5923\" alt=\"\" \/><\/a><\/div><\/div><\/div>[\/vc_column_inner][vc_column_inner width=&#8221;1\/4&#8243;][vc_column_text]DC24EL-1 Steuerung von zwei K\u00fchlstellen[\/vc_column_text]<style type=\"text\/css\" data-type=\"the7_shortcodes-inline-css\">.shortcode-single-image-wrap.shortcode-single-image-46b4f50d82514ac525ce896bc3867e6e.enable-bg-rollover .rollover i,\n.shortcode-single-image-wrap.shortcode-single-image-46b4f50d82514ac525ce896bc3867e6e.enable-bg-rollover .rollover-video i {\n  background: -webkit-linear-gradient();\n  background: linear-gradient();\n}\n.shortcode-single-image-wrap.shortcode-single-image-46b4f50d82514ac525ce896bc3867e6e .rollover-icon {\n  font-size: 32px;\n  color: #ffffff;\n  min-width: 44px;\n  min-height: 44px;\n  line-height: 44px;\n  border-radius: 100px;\n  border-style: solid;\n  border-width: 0px;\n}\n.dt-icon-bg-on.shortcode-single-image-wrap.shortcode-single-image-46b4f50d82514ac525ce896bc3867e6e .rollover-icon {\n  background: rgba(255,255,255,0.3);\n  box-shadow: none;\n}<\/style><div class=\"shortcode-single-image-wrap shortcode-single-image-46b4f50d82514ac525ce896bc3867e6e alignnone  enable-bg-rollover dt-icon-bg-off\" style=\"margin-top:0px; margin-bottom:0px; margin-left:0px; margin-right:0px; width:364px;\"><div class=\"shortcode-single-image\"><div class=\"fancy-media-wrap\" style=\"\"><a class=\"layzr-bg rollover rollover-zoom dt-pswp-item pswp-image\" href=\"https:\/\/digitel.swiss\/wp-content\/uploads\/2023\/08\/Digitel-DC24E-Steuerung-von-zwei-Kuhlstellen.jpg\" title=\"Digitel DC24E Steuerung von zwei K\u00fchlstellen\" data-dt-img-description=\"\" data-large_image_width=\"1202\" data-large_image_height = \"824\"  style=\"\"><img decoding=\"async\" class=\"preload-me lazy-load aspect\" src=\"data:image\/svg+xml,%3Csvg%20xmlns%3D&#39;http%3A%2F%2Fwww.w3.org%2F2000%2Fsvg&#39;%20viewBox%3D&#39;0%200%20364%20249&#39;%2F%3E\" data-src=\"https:\/\/digitel.swiss\/wp-content\/uploads\/2023\/08\/Digitel-DC24E-Steuerung-von-zwei-Kuhlstellen-364x249.jpg\" data-srcset=\"https:\/\/digitel.swiss\/wp-content\/uploads\/2023\/08\/Digitel-DC24E-Steuerung-von-zwei-Kuhlstellen-364x249.jpg 364w, https:\/\/digitel.swiss\/wp-content\/uploads\/2023\/08\/Digitel-DC24E-Steuerung-von-zwei-Kuhlstellen-728x498.jpg 728w\" loading=\"eager\" style=\"--ratio: 364 \/ 249\" sizes=\"(max-width: 364px) 100vw, 364px\" width=\"364\" height=\"249\"  data-dt-location=\"https:\/\/digitel.swiss\/de\/?attachment_id=14731\" alt=\"DC24E Steuerung von zwei K\u00fchlstellen\" \/><\/a><\/div><\/div><\/div>[\/vc_column_inner][vc_column_inner width=&#8221;1\/4&#8243;][vc_column_text]DC24EL-1 Steuerung von drei K\u00fchlstellen[\/vc_column_text]<style type=\"text\/css\" data-type=\"the7_shortcodes-inline-css\">.shortcode-single-image-wrap.shortcode-single-image-25cfe55ac2f4e0699cd75b44a1c5783b.enable-bg-rollover .rollover i,\n.shortcode-single-image-wrap.shortcode-single-image-25cfe55ac2f4e0699cd75b44a1c5783b.enable-bg-rollover .rollover-video i {\n  background: -webkit-linear-gradient();\n  background: linear-gradient();\n}\n.shortcode-single-image-wrap.shortcode-single-image-25cfe55ac2f4e0699cd75b44a1c5783b .rollover-icon {\n  font-size: 32px;\n  color: #ffffff;\n  min-width: 44px;\n  min-height: 44px;\n  line-height: 44px;\n  border-radius: 100px;\n  border-style: solid;\n  border-width: 0px;\n}\n.dt-icon-bg-on.shortcode-single-image-wrap.shortcode-single-image-25cfe55ac2f4e0699cd75b44a1c5783b .rollover-icon {\n  background: rgba(255,255,255,0.3);\n  box-shadow: none;\n}<\/style><div class=\"shortcode-single-image-wrap shortcode-single-image-25cfe55ac2f4e0699cd75b44a1c5783b alignnone  enable-bg-rollover dt-icon-bg-off\" style=\"margin-top:0px; margin-bottom:0px; margin-left:0px; margin-right:0px; width:364px;\"><div class=\"shortcode-single-image\"><div class=\"fancy-media-wrap\" style=\"\"><a class=\"layzr-bg rollover rollover-zoom dt-pswp-item pswp-image\" href=\"https:\/\/digitel.swiss\/wp-content\/uploads\/2023\/08\/Digitel-DC24E-Steuerung-von-drei-Kuhlstellen.jpg\" title=\"Digitel DC24E Steuerung von drei K\u00fchlstellen\" data-dt-img-description=\"\" data-large_image_width=\"1203\" data-large_image_height = \"814\"  style=\"\"><img decoding=\"async\" class=\"preload-me lazy-load aspect\" src=\"data:image\/svg+xml,%3Csvg%20xmlns%3D&#39;http%3A%2F%2Fwww.w3.org%2F2000%2Fsvg&#39;%20viewBox%3D&#39;0%200%20364%20246&#39;%2F%3E\" data-src=\"https:\/\/digitel.swiss\/wp-content\/uploads\/2023\/08\/Digitel-DC24E-Steuerung-von-drei-Kuhlstellen-364x246.jpg\" data-srcset=\"https:\/\/digitel.swiss\/wp-content\/uploads\/2023\/08\/Digitel-DC24E-Steuerung-von-drei-Kuhlstellen-364x246.jpg 364w, https:\/\/digitel.swiss\/wp-content\/uploads\/2023\/08\/Digitel-DC24E-Steuerung-von-drei-Kuhlstellen-728x492.jpg 728w\" loading=\"eager\" style=\"--ratio: 364 \/ 246\" sizes=\"(max-width: 364px) 100vw, 364px\" width=\"364\" height=\"246\"  data-dt-location=\"https:\/\/digitel.swiss\/de\/?attachment_id=14723\" alt=\"DC24E Steuerung von drei K\u00fchlstellen\" \/><\/a><\/div><\/div><\/div>[\/vc_column_inner][vc_column_inner width=&#8221;1\/4&#8243;][\/vc_column_inner][\/vc_row_inner][\/vc_tab][\/vc_tabs][\/vc_column][\/vc_row]<\/p>\n<\/div>","protected":false},"excerpt":{"rendered":"<p>K\u00fchlstellenregelung<\/p>\n","protected":false},"featured_media":3412,"template":"","meta":{"_acf_changed":false},"product_brand":[],"product_cat":[92],"product_tag":[179],"class_list":{"0":"post-3410","1":"product","2":"type-product","3":"status-publish","4":"has-post-thumbnail","6":"product_cat-regler","7":"product_tag-kuhlstellensregelung","8":"description-off","10":"first","11":"instock","12":"shipping-taxable","13":"product-type-simple"},"acf":[],"yoast_head":"<!-- This site is optimized with the Yoast SEO plugin v27.3 - https:\/\/yoast.com\/product\/yoast-seo-wordpress\/ -->\n<title>DC24EL1 - Digitel<\/title>\n<meta name=\"description\" content=\"Einbau-Regler K\u00fchlstelle. Das Modul DC24EL-1 ist ein Regler, der die Mess-, \u00dcberwachungs- und Steuerungsfunktionen f\u00fcr von K\u00fchlstellen (positiv und negativ) ohne elektronisches Expansionsventil \u00fcbernimmt.\" \/>\n<meta name=\"robots\" content=\"index, follow, max-snippet:-1, max-image-preview:large, max-video-preview:-1\" \/>\n<link rel=\"canonical\" href=\"https:\/\/digitel.swiss\/produkt\/dc24el1\/\" \/>\n<meta property=\"og:locale\" content=\"de_DE\" \/>\n<meta property=\"og:type\" content=\"article\" \/>\n<meta property=\"og:title\" content=\"DC24EL1 - Digitel\" \/>\n<meta property=\"og:description\" content=\"Einbau-Regler K\u00fchlstelle. Das Modul DC24EL-1 ist ein Regler, der die Mess-, \u00dcberwachungs- und Steuerungsfunktionen f\u00fcr von K\u00fchlstellen (positiv und negativ) ohne elektronisches Expansionsventil \u00fcbernimmt.\" \/>\n<meta property=\"og:url\" content=\"https:\/\/digitel.swiss\/produkt\/dc24el1\/\" \/>\n<meta property=\"og:site_name\" content=\"Digitel\" \/>\n<meta property=\"article:modified_time\" content=\"2023-11-29T09:49:25+00:00\" \/>\n<meta property=\"og:image\" content=\"https:\/\/digitel.swiss\/wp-content\/uploads\/2021\/05\/Module-de-regulation-encastrable-Digitel-DC24EL1.jpg\" \/>\n\t<meta property=\"og:image:width\" content=\"1000\" \/>\n\t<meta property=\"og:image:height\" content=\"545\" \/>\n\t<meta property=\"og:image:type\" content=\"image\/jpeg\" \/>\n<meta name=\"twitter:card\" content=\"summary_large_image\" \/>\n<meta name=\"twitter:label1\" content=\"Gesch\u00e4tzte Lesezeit\" \/>\n\t<meta name=\"twitter:data1\" content=\"1\u00a0Minute\" \/>\n<script type=\"application\/ld+json\" class=\"yoast-schema-graph\">{\"@context\":\"https:\\\/\\\/schema.org\",\"@graph\":[{\"@type\":\"WebPage\",\"@id\":\"https:\\\/\\\/digitel.swiss\\\/produkt\\\/dc24el1\\\/\",\"url\":\"https:\\\/\\\/digitel.swiss\\\/produkt\\\/dc24el1\\\/\",\"name\":\"DC24EL1 - Digitel\",\"isPartOf\":{\"@id\":\"https:\\\/\\\/digitel.swiss\\\/#website\"},\"primaryImageOfPage\":{\"@id\":\"https:\\\/\\\/digitel.swiss\\\/produkt\\\/dc24el1\\\/#primaryimage\"},\"image\":{\"@id\":\"https:\\\/\\\/digitel.swiss\\\/produkt\\\/dc24el1\\\/#primaryimage\"},\"thumbnailUrl\":\"https:\\\/\\\/digitel.swiss\\\/wp-content\\\/uploads\\\/2021\\\/05\\\/Module-de-regulation-encastrable-Digitel-DC24EL1.jpg\",\"datePublished\":\"2021-05-11T17:00:53+00:00\",\"dateModified\":\"2023-11-29T09:49:25+00:00\",\"description\":\"Einbau-Regler K\u00fchlstelle. Das Modul DC24EL-1 ist ein Regler, der die Mess-, \u00dcberwachungs- und Steuerungsfunktionen f\u00fcr von K\u00fchlstellen (positiv und negativ) ohne elektronisches Expansionsventil \u00fcbernimmt.\",\"breadcrumb\":{\"@id\":\"https:\\\/\\\/digitel.swiss\\\/produkt\\\/dc24el1\\\/#breadcrumb\"},\"inLanguage\":\"de\",\"potentialAction\":[{\"@type\":\"ReadAction\",\"target\":[\"https:\\\/\\\/digitel.swiss\\\/produkt\\\/dc24el1\\\/\"]}]},{\"@type\":\"ImageObject\",\"inLanguage\":\"de\",\"@id\":\"https:\\\/\\\/digitel.swiss\\\/produkt\\\/dc24el1\\\/#primaryimage\",\"url\":\"https:\\\/\\\/digitel.swiss\\\/wp-content\\\/uploads\\\/2021\\\/05\\\/Module-de-regulation-encastrable-Digitel-DC24EL1.jpg\",\"contentUrl\":\"https:\\\/\\\/digitel.swiss\\\/wp-content\\\/uploads\\\/2021\\\/05\\\/Module-de-regulation-encastrable-Digitel-DC24EL1.jpg\",\"width\":1000,\"height\":545},{\"@type\":\"BreadcrumbList\",\"@id\":\"https:\\\/\\\/digitel.swiss\\\/produkt\\\/dc24el1\\\/#breadcrumb\",\"itemListElement\":[{\"@type\":\"ListItem\",\"position\":1,\"name\":\"Home\",\"item\":\"https:\\\/\\\/digitel.swiss\\\/de\\\/\"},{\"@type\":\"ListItem\",\"position\":2,\"name\":\"Katalog &#8211; alle Produkte\",\"item\":\"https:\\\/\\\/digitel.swiss\\\/de\\\/katalog-alle-produkte\\\/\"},{\"@type\":\"ListItem\",\"position\":3,\"name\":\"DC24EL1\"}]},{\"@type\":\"WebSite\",\"@id\":\"https:\\\/\\\/digitel.swiss\\\/#website\",\"url\":\"https:\\\/\\\/digitel.swiss\\\/\",\"name\":\"Digitel\",\"description\":\"Die elektronische L\u00f6sung\",\"publisher\":{\"@id\":\"https:\\\/\\\/digitel.swiss\\\/#organization\"},\"potentialAction\":[{\"@type\":\"SearchAction\",\"target\":{\"@type\":\"EntryPoint\",\"urlTemplate\":\"https:\\\/\\\/digitel.swiss\\\/?s={search_term_string}\"},\"query-input\":{\"@type\":\"PropertyValueSpecification\",\"valueRequired\":true,\"valueName\":\"search_term_string\"}}],\"inLanguage\":\"de\"},{\"@type\":\"Organization\",\"@id\":\"https:\\\/\\\/digitel.swiss\\\/#organization\",\"name\":\"Digitel Swiss\",\"url\":\"https:\\\/\\\/digitel.swiss\\\/\",\"logo\":{\"@type\":\"ImageObject\",\"inLanguage\":\"de\",\"@id\":\"https:\\\/\\\/digitel.swiss\\\/#\\\/schema\\\/logo\\\/image\\\/\",\"url\":\"https:\\\/\\\/digitel.swiss\\\/wp-content\\\/uploads\\\/2021\\\/03\\\/Logo-Digitel_170.png\",\"contentUrl\":\"https:\\\/\\\/digitel.swiss\\\/wp-content\\\/uploads\\\/2021\\\/03\\\/Logo-Digitel_170.png\",\"width\":170,\"height\":60,\"caption\":\"Digitel Swiss\"},\"image\":{\"@id\":\"https:\\\/\\\/digitel.swiss\\\/#\\\/schema\\\/logo\\\/image\\\/\"}}]}<\/script>\n<!-- \/ Yoast SEO plugin. -->","yoast_head_json":{"title":"DC24EL1 - Digitel","description":"Einbau-Regler K\u00fchlstelle. Das Modul DC24EL-1 ist ein Regler, der die Mess-, \u00dcberwachungs- und Steuerungsfunktionen f\u00fcr von K\u00fchlstellen (positiv und negativ) ohne elektronisches Expansionsventil \u00fcbernimmt.","robots":{"index":"index","follow":"follow","max-snippet":"max-snippet:-1","max-image-preview":"max-image-preview:large","max-video-preview":"max-video-preview:-1"},"canonical":"https:\/\/digitel.swiss\/produkt\/dc24el1\/","og_locale":"de_DE","og_type":"article","og_title":"DC24EL1 - Digitel","og_description":"Einbau-Regler K\u00fchlstelle. Das Modul DC24EL-1 ist ein Regler, der die Mess-, \u00dcberwachungs- und Steuerungsfunktionen f\u00fcr von K\u00fchlstellen (positiv und negativ) ohne elektronisches Expansionsventil \u00fcbernimmt.","og_url":"https:\/\/digitel.swiss\/produkt\/dc24el1\/","og_site_name":"Digitel","article_modified_time":"2023-11-29T09:49:25+00:00","og_image":[{"width":1000,"height":545,"url":"https:\/\/digitel.swiss\/wp-content\/uploads\/2021\/05\/Module-de-regulation-encastrable-Digitel-DC24EL1.jpg","type":"image\/jpeg"}],"twitter_card":"summary_large_image","twitter_misc":{"Gesch\u00e4tzte Lesezeit":"1\u00a0Minute"},"schema":{"@context":"https:\/\/schema.org","@graph":[{"@type":"WebPage","@id":"https:\/\/digitel.swiss\/produkt\/dc24el1\/","url":"https:\/\/digitel.swiss\/produkt\/dc24el1\/","name":"DC24EL1 - Digitel","isPartOf":{"@id":"https:\/\/digitel.swiss\/#website"},"primaryImageOfPage":{"@id":"https:\/\/digitel.swiss\/produkt\/dc24el1\/#primaryimage"},"image":{"@id":"https:\/\/digitel.swiss\/produkt\/dc24el1\/#primaryimage"},"thumbnailUrl":"https:\/\/digitel.swiss\/wp-content\/uploads\/2021\/05\/Module-de-regulation-encastrable-Digitel-DC24EL1.jpg","datePublished":"2021-05-11T17:00:53+00:00","dateModified":"2023-11-29T09:49:25+00:00","description":"Einbau-Regler K\u00fchlstelle. Das Modul DC24EL-1 ist ein Regler, der die Mess-, \u00dcberwachungs- und Steuerungsfunktionen f\u00fcr von K\u00fchlstellen (positiv und negativ) ohne elektronisches Expansionsventil \u00fcbernimmt.","breadcrumb":{"@id":"https:\/\/digitel.swiss\/produkt\/dc24el1\/#breadcrumb"},"inLanguage":"de","potentialAction":[{"@type":"ReadAction","target":["https:\/\/digitel.swiss\/produkt\/dc24el1\/"]}]},{"@type":"ImageObject","inLanguage":"de","@id":"https:\/\/digitel.swiss\/produkt\/dc24el1\/#primaryimage","url":"https:\/\/digitel.swiss\/wp-content\/uploads\/2021\/05\/Module-de-regulation-encastrable-Digitel-DC24EL1.jpg","contentUrl":"https:\/\/digitel.swiss\/wp-content\/uploads\/2021\/05\/Module-de-regulation-encastrable-Digitel-DC24EL1.jpg","width":1000,"height":545},{"@type":"BreadcrumbList","@id":"https:\/\/digitel.swiss\/produkt\/dc24el1\/#breadcrumb","itemListElement":[{"@type":"ListItem","position":1,"name":"Home","item":"https:\/\/digitel.swiss\/de\/"},{"@type":"ListItem","position":2,"name":"Katalog &#8211; alle Produkte","item":"https:\/\/digitel.swiss\/de\/katalog-alle-produkte\/"},{"@type":"ListItem","position":3,"name":"DC24EL1"}]},{"@type":"WebSite","@id":"https:\/\/digitel.swiss\/#website","url":"https:\/\/digitel.swiss\/","name":"Digitel","description":"Die elektronische L\u00f6sung","publisher":{"@id":"https:\/\/digitel.swiss\/#organization"},"potentialAction":[{"@type":"SearchAction","target":{"@type":"EntryPoint","urlTemplate":"https:\/\/digitel.swiss\/?s={search_term_string}"},"query-input":{"@type":"PropertyValueSpecification","valueRequired":true,"valueName":"search_term_string"}}],"inLanguage":"de"},{"@type":"Organization","@id":"https:\/\/digitel.swiss\/#organization","name":"Digitel Swiss","url":"https:\/\/digitel.swiss\/","logo":{"@type":"ImageObject","inLanguage":"de","@id":"https:\/\/digitel.swiss\/#\/schema\/logo\/image\/","url":"https:\/\/digitel.swiss\/wp-content\/uploads\/2021\/03\/Logo-Digitel_170.png","contentUrl":"https:\/\/digitel.swiss\/wp-content\/uploads\/2021\/03\/Logo-Digitel_170.png","width":170,"height":60,"caption":"Digitel Swiss"},"image":{"@id":"https:\/\/digitel.swiss\/#\/schema\/logo\/image\/"}}]}},"_links":{"self":[{"href":"https:\/\/digitel.swiss\/de\/wp-json\/wp\/v2\/product\/3410","targetHints":{"allow":["GET"]}}],"collection":[{"href":"https:\/\/digitel.swiss\/de\/wp-json\/wp\/v2\/product"}],"about":[{"href":"https:\/\/digitel.swiss\/de\/wp-json\/wp\/v2\/types\/product"}],"wp:featuredmedia":[{"embeddable":true,"href":"https:\/\/digitel.swiss\/de\/wp-json\/wp\/v2\/media\/3412"}],"wp:attachment":[{"href":"https:\/\/digitel.swiss\/de\/wp-json\/wp\/v2\/media?parent=3410"}],"wp:term":[{"taxonomy":"product_brand","embeddable":true,"href":"https:\/\/digitel.swiss\/de\/wp-json\/wp\/v2\/product_brand?post=3410"},{"taxonomy":"product_cat","embeddable":true,"href":"https:\/\/digitel.swiss\/de\/wp-json\/wp\/v2\/product_cat?post=3410"},{"taxonomy":"product_tag","embeddable":true,"href":"https:\/\/digitel.swiss\/de\/wp-json\/wp\/v2\/product_tag?post=3410"}],"curies":[{"name":"wp","href":"https:\/\/api.w.org\/{rel}","templated":true}]}}