{"id":4792,"date":"2021-06-16T11:51:00","date_gmt":"2021-06-16T11:51:00","guid":{"rendered":"http:\/\/digitel.elcadia.com\/achievements\/"},"modified":"2022-12-31T11:14:02","modified_gmt":"2022-12-31T11:14:02","slug":"achievements","status":"publish","type":"page","link":"https:\/\/digitel.swiss\/en\/achievements\/","title":{"rendered":"Achievements"},"content":{"rendered":"<div class=\"wpb-content-wrapper\"><p>[vc_row bg_type=&#8221;bg_color&#8221; bg_override=&#8221;ex-full&#8221; bg_color_value=&#8221;rgba(255,255,255,0.04)&#8221; css=&#8221;.vc_custom_1618398567740{padding-bottom: 100px !important;}&#8221;][vc_column]<div id=\"ultimate-heading-556169db6e48df8b6\" class=\"uvc-heading ult-adjust-bottom-margin ultimate-heading-556169db6e48df8b6 uvc-3530 accent-border-color\" data-hspacer=\"line_only\"  data-halign=\"left\" style=\"text-align:left\"><div class=\"uvc-main-heading ult-responsive\"  data-ultimate-target='.uvc-heading.ultimate-heading-556169db6e48df8b6 h2'  data-responsive-json-new='{\"font-size\":\"desktop:26px;\",\"line-height\":\"\"}' ><h2 style=\"--font-weight:theme;\">Supermarkets<\/h2><\/div><div class=\"uvc-heading-spacer line_only\" style=\"margin-top:15px;margin-bottom:50px;height:4px;\"><span class=\"uvc-headings-line\" style=\"border-style:solid;border-bottom-width:4px;border-color:#ccc;width:50px;\"><\/span><\/div><\/div>[vc_row_inner][vc_column_inner width=&#8221;1\/2&#8243;][vc_column_text]The Newel 3 range is suitable for all types of supermarkets, from small local shops to the largest hypermarkets with over 300 cabinets. The most advanced technologies for reducing environmental impact and operating costs are available.<\/p>\n<p>Learn more about our control and remote management solutions for food retailing by downloading our brochure: [\/vc_column_text]<style type=\"text\/css\" data-type=\"the7_shortcodes-inline-css\">#default-btn-d788aefed333dce6e7d59c6efa77a4c6.ico-right-side > i {\n  margin-right: 0px;\n  margin-left: 8px;\n}\n#default-btn-d788aefed333dce6e7d59c6efa77a4c6 > i {\n  margin-right: 8px;\n}<\/style><a href=\"https:\/\/digitel.swiss\/wp-content\/uploads\/2022\/05\/Digitel-froid-commercial-ANG-version-web.pdf\" class=\"default-btn-shortcode dt-btn dt-btn-m link-hover-off btn-inline-left  vc_custom_1672485240886\" id=\"default-btn-d788aefed333dce6e7d59c6efa77a4c6\" title=\"Digitel control for commercial refrigeration (Newel 3)\"><span>Newel 3 PDF brochure<\/span><\/a>[vc_column_text]With the newly developed small shop solution, the heat recovered from the transcritical CO2 refrigeration system covers the entire heating needs of the offices and sales area.<\/p>\n<p>Digitel Pro Light 8 is specifically designed for small stores and can manage up to 8 satellites (for example one controller for the compressor group and seven controllers for the refrigeration furniture). The offer is built according to the needs of the end customer &#8211; with or without remote management.<\/p>\n<p>Find out more about our new refrigeration control system for smaller refrigeration installations by downloading our brochure:<\/p>\n<p>[\/vc_column_text]<style type=\"text\/css\" data-type=\"the7_shortcodes-inline-css\">#default-btn-a5184895a716f5894227714e53abfdb2.ico-right-side > i {\n  margin-right: 0px;\n  margin-left: 8px;\n}\n#default-btn-a5184895a716f5894227714e53abfdb2 > i {\n  margin-right: 8px;\n}<\/style><a href=\"https:\/\/digitel.swiss\/wp-content\/uploads\/2022\/05\/Flyer-Pro-Light-8-ANG-web.pdf\" class=\"default-btn-shortcode dt-btn dt-btn-m link-hover-off btn-inline-left  vc_custom_1672485151090\" id=\"default-btn-a5184895a716f5894227714e53abfdb2\" title=\"Digitel control for commercial refrigeration (Newel 3)\"><span>Pro Light 8 PDF brochure<\/span><\/a><div id=\"ultimate-heading-60069db6e48dfa6c\" class=\"uvc-heading ult-adjust-bottom-margin ultimate-heading-60069db6e48dfa6c uvc-1515 accent-border-color uvc-heading-default-font-sizes\" data-hspacer=\"no_spacer\"  data-halign=\"left\" style=\"text-align:left\"><div class=\"uvc-heading-spacer no_spacer\" style=\"top\"><\/div><div class=\"uvc-main-heading ult-responsive\"  data-ultimate-target='.uvc-heading.ultimate-heading-60069db6e48dfa6c h4'  data-responsive-json-new='{\"font-size\":\"\",\"line-height\":\"\"}' ><h4 style=\"--font-weight:theme;margin-bottom:20px;\">References<\/h4><\/div><\/div><div class=\"standard-arrow bullet-top\"><ul>\n<li><strong>France: <\/strong>Auchan, Casino, Champion, Intermarch\u00e9, Leclerc, Simply, Super U<\/li>\n<li><strong>Germany:<\/strong> Combi, EDEKA, Famila, Kaufland, Kaufhof, Jibi<\/li>\n<li><strong>Switzerland:<\/strong> Migros, Manor, Growa, LOEB, PAM<\/li>\n<li><strong>Poland: <\/strong>Champion, Intermarch\u00e9, Lewiatan, Polo, Tw\u00f3j Market, Mila, Iglomen, Iglotex<\/li>\n<\/ul>\n<\/div>[\/vc_column_inner][vc_column_inner width=&#8221;1\/2&#8243;][vc_single_image image=&#8221;4844&#8243; img_size=&#8221;full&#8221; css_animation=&#8221;right-to-left&#8221;][\/vc_column_inner][\/vc_row_inner][\/vc_column][\/vc_row][vc_row bg_type=&#8221;bg_color&#8221; bg_override=&#8221;ex-full&#8221; bg_color_value=&#8221;rgba(0,0,0,0.04)&#8221; css=&#8221;.vc_custom_1618398581312{padding-top: 100px !important;padding-bottom: 100px !important;}&#8221; el_id=&#8221;Hotellerieetrestaurants&#8221;][vc_column]<div id=\"ultimate-heading-50869db6e48dfae9\" class=\"uvc-heading ult-adjust-bottom-margin ultimate-heading-50869db6e48dfae9 uvc-5823 accent-border-color\" data-hspacer=\"line_only\"  data-halign=\"left\" style=\"text-align:left\"><div class=\"uvc-main-heading ult-responsive\"  data-ultimate-target='.uvc-heading.ultimate-heading-50869db6e48dfae9 h2'  data-responsive-json-new='{\"font-size\":\"desktop:26px;\",\"line-height\":\"\"}' ><h2 style=\"--font-weight:theme;\">Hotels and restaurants<\/h2><\/div><div class=\"uvc-heading-spacer line_only\" style=\"margin-top:15px;margin-bottom:50px;height:4px;\"><span class=\"uvc-headings-line\" style=\"border-style:solid;border-bottom-width:4px;border-color:#ccc;width:50px;\"><\/span><\/div><\/div>[vc_row_inner css=&#8221;.vc_custom_1618398588560{padding-bottom: 0px !important;}&#8221;][vc_column_inner width=&#8221;1\/2&#8243;][vc_column_text]Digitel controllers are well suited to refrigeration management in hotel and restaurant kitchens. We have also carried out numerous large-scale central kitchen installations.<\/p>\n<p>Our Pro Light 8 control system has proven to be an asset for the management of refrigeration installations in this sector:[\/vc_column_text]<style type=\"text\/css\" data-type=\"the7_shortcodes-inline-css\">#default-btn-81310bc3eb5ee80f3124a68b1291347c.ico-right-side > i {\n  margin-right: 0px;\n  margin-left: 8px;\n}\n#default-btn-81310bc3eb5ee80f3124a68b1291347c > i {\n  margin-right: 8px;\n}<\/style><a href=\"https:\/\/digitel.swiss\/wp-content\/uploads\/2022\/05\/Flyer-Pro-Light-8-ANG-web.pdf\" class=\"default-btn-shortcode dt-btn dt-btn-m link-hover-off btn-inline-left  vc_custom_1672485165219\" id=\"default-btn-81310bc3eb5ee80f3124a68b1291347c\" title=\"Digitel control for commercial refrigeration (Newel 3)\"><span>Pro Light 8 PDF brochure<\/span><\/a><div id=\"ultimate-heading-363769db6e48dfb65\" class=\"uvc-heading ult-adjust-bottom-margin ultimate-heading-363769db6e48dfb65 uvc-3002 accent-border-color uvc-heading-default-font-sizes\" data-hspacer=\"no_spacer\"  data-halign=\"left\" style=\"text-align:left\"><div class=\"uvc-heading-spacer no_spacer\" style=\"top\"><\/div><div class=\"uvc-main-heading ult-responsive\"  data-ultimate-target='.uvc-heading.ultimate-heading-363769db6e48dfb65 h4'  data-responsive-json-new='{\"font-size\":\"\",\"line-height\":\"\"}' ><h4 style=\"--font-weight:theme;margin-bottom:20px;\">References<\/h4><\/div><\/div><div class=\"standard-arrow bullet-top\"><ul>\n<li><strong>France: <\/strong>Centralized kitchen in Argenteuil and Cannes, SNECMA Paris<\/li>\n<li><strong>Germany: <\/strong>Central kitchen in D\u00fcrrr\u00f6rsdorf.<br \/>\nBerlin Sch., D\u00fcsseldorf, Frankfurt airports<br \/>\nGate Gourmet in Berlin and N\u00fcrnberg<\/li>\n<li><strong>Switzerland:<\/strong> Hotels Julen, Mama and Rex in Zermatt, Hotel Walliserhof in Saas-Fee<\/li>\n<li><strong>Other: <\/strong>Lufthansa airports in Hong Kong, Shanghai, Malm\u00f6, Stockholm, Cairo.<br \/>\nGate Gourmet in Amsterdam and Shanghai.<\/li>\n<\/ul>\n<\/div>[\/vc_column_inner][vc_column_inner width=&#8221;1\/2&#8243;][vc_single_image image=&#8221;4818&#8243; img_size=&#8221;full&#8221; css_animation=&#8221;right-to-left&#8221;][\/vc_column_inner][\/vc_row_inner][\/vc_column][\/vc_row][vc_row bg_type=&#8221;bg_color&#8221; bg_override=&#8221;ex-full&#8221; css=&#8221;.vc_custom_1618398642345{padding-top: 100px !important;padding-bottom: 100px !important;}&#8221; el_id=&#8221;Industrieslaboratoiresethopitaux&#8221;][vc_column]<div id=\"ultimate-heading-514169db6e48dfc57\" class=\"uvc-heading ult-adjust-bottom-margin ultimate-heading-514169db6e48dfc57 uvc-983 accent-border-color\" data-hspacer=\"line_only\"  data-halign=\"left\" style=\"text-align:left\"><div class=\"uvc-main-heading ult-responsive\"  data-ultimate-target='.uvc-heading.ultimate-heading-514169db6e48dfc57 h2'  data-responsive-json-new='{\"font-size\":\"desktop:26px;\",\"line-height\":\"\"}' ><h2 style=\"--font-weight:theme;\">Industries, laboratories and hospitals<\/h2><\/div><div class=\"uvc-heading-spacer line_only\" style=\"margin-top:15px;margin-bottom:50px;height:4px;\"><span class=\"uvc-headings-line\" style=\"border-style:solid;border-bottom-width:4px;border-color:#ccc;width:50px;\"><\/span><\/div><\/div>[vc_row_inner css=&#8221;.vc_custom_1618398649304{padding-bottom: 0px !important;}&#8221;][vc_column_inner width=&#8221;1\/2&#8243;][vc_column_text]In most cases, this type of installation can be carried out with our standard products. Sometimes industrial installations require special features and functionality. In partnership with the designer, Digitel quickly develops tailor-made solutions that are precisely adapted to the needs.<br \/>\nOften the installer can also develop functions using the PLC integrated in our products.[\/vc_column_text]<div id=\"ultimate-heading-555769db6e48dfc85\" class=\"uvc-heading ult-adjust-bottom-margin ultimate-heading-555769db6e48dfc85 uvc-2014 accent-border-color uvc-heading-default-font-sizes\" data-hspacer=\"no_spacer\"  data-halign=\"left\" style=\"text-align:left\"><div class=\"uvc-heading-spacer no_spacer\" style=\"top\"><\/div><div class=\"uvc-main-heading ult-responsive\"  data-ultimate-target='.uvc-heading.ultimate-heading-555769db6e48dfc85 h4'  data-responsive-json-new='{\"font-size\":\"\",\"line-height\":\"\"}' ><h4 style=\"--font-weight:theme;margin-bottom:20px;\">References<\/h4><\/div><\/div><div class=\"standard-arrow bullet-top\"><ul>\n<li><strong>Poland: <\/strong>Bridgestone plant in Pozna\u0144<br \/>\nWarsaw University of Technology, University of Pozna\u0144<br \/>\nBloodcentre in Pozna\u0144<br \/>\nSlaughterhouse in Manieczki, Czechy and Mierz\u0119cice<br \/>\nFreezing tunnel Virtu<br \/>\nDistribution centres Polomarket, Mila<\/li>\n<li><strong>Germany:<\/strong> University of Paderborn<br \/>\nHospitals of Chemnitz, Berlin Vivantes, Bergisch-Gladbach.<br \/>\nSlaughterhouse Sutter GmbH in Gau-Bickelheim.<br \/>\nWasserwerke in Berlin<\/li>\n<li><strong>Switzerland: <\/strong>Lonza plant in Visp<br \/>\nIES Institute in Witterswil.<br \/>\nHospitals in Brig, Visp, Olten, Altersheim Susten, Central Institute in Sion<\/li>\n<\/ul>\n<\/div>[\/vc_column_inner][vc_column_inner width=&#8221;1\/2&#8243;][vc_single_image image=&#8221;4827&#8243; img_size=&#8221;full&#8221; css_animation=&#8221;right-to-left&#8221;][\/vc_column_inner][\/vc_row_inner][\/vc_column][\/vc_row][vc_row bg_type=&#8221;bg_color&#8221; bg_override=&#8221;ex-full&#8221; bg_color_value=&#8221;rgba(0,0,0,0.04)&#8221; css=&#8221;.vc_custom_1618398656356{padding-top: 100px !important;padding-bottom: 100px !important;}&#8221; el_id=&#8221;Depotsdefruitsetlegumes&#8221;][vc_column]<div id=\"ultimate-heading-409569db6e48dfce5\" class=\"uvc-heading ult-adjust-bottom-margin ultimate-heading-409569db6e48dfce5 uvc-855 accent-border-color\" data-hspacer=\"line_only\"  data-halign=\"left\" style=\"text-align:left\"><div class=\"uvc-main-heading ult-responsive\"  data-ultimate-target='.uvc-heading.ultimate-heading-409569db6e48dfce5 h2'  data-responsive-json-new='{\"font-size\":\"desktop:26px;\",\"line-height\":\"\"}' ><h2 style=\"--font-weight:theme;\">Fruit and vegetable warehouses<\/h2><\/div><div class=\"uvc-heading-spacer line_only\" style=\"margin-top:15px;margin-bottom:50px;height:4px;\"><span class=\"uvc-headings-line\" style=\"border-style:solid;border-bottom-width:4px;border-color:#ccc;width:50px;\"><\/span><\/div><\/div>[vc_row_inner css=&#8221;.vc_custom_1618398748802{padding-bottom: 0px !important;}&#8221;][vc_column_inner width=&#8221;1\/2&#8243; css=&#8221;.vc_custom_1618398668327{padding-bottom: 0px !important;}&#8221;][vc_column_text]Digitel also provides specialised controllers for the management of large fruit and vegetable warehouses. They take care of the regulation of temperature, humidity, oxygen, carbon dioxide, ethylene, etc. in controlled atmosphere rooms.[\/vc_column_text]<div id=\"ultimate-heading-124669db6e48dfd0b\" class=\"uvc-heading ult-adjust-bottom-margin ultimate-heading-124669db6e48dfd0b uvc-9660 accent-border-color uvc-heading-default-font-sizes\" data-hspacer=\"no_spacer\"  data-halign=\"left\" style=\"text-align:left\"><div class=\"uvc-heading-spacer no_spacer\" style=\"top\"><\/div><div class=\"uvc-main-heading ult-responsive\"  data-ultimate-target='.uvc-heading.ultimate-heading-124669db6e48dfd0b h4'  data-responsive-json-new='{\"font-size\":\"\",\"line-height\":\"\"}' ><h4 style=\"--font-weight:theme;margin-bottom:20px;\">References<\/h4><\/div><\/div><div class=\"standard-arrow bullet-top\"><ul>\n<li><strong>Switzerland: <\/strong>Fruit and vegetable warehouses: Les Vergers de F\u00e9chy in F\u00e9chy, Michel Bessard SA in Conthey, Thury Richard et Fils SA in Etoy, Gruber Cultures Mara\u00eech\u00e8res SA in Pailly.<\/li>\n<\/ul>\n<\/div>[\/vc_column_inner][vc_column_inner width=&#8221;1\/2&#8243; css=&#8221;.vc_custom_1618398672757{padding-bottom: 0px !important;}&#8221;][vc_single_image image=&#8221;4835&#8243; img_size=&#8221;full&#8221; css_animation=&#8221;right-to-left&#8221;][\/vc_column_inner][\/vc_row_inner][\/vc_column][\/vc_row][vc_row bg_type=&#8221;bg_color&#8221; bg_override=&#8221;ex-full&#8221; css=&#8221;.vc_custom_1618398756547{padding-top: 100px !important;padding-bottom: 100px !important;}&#8221; el_id=&#8221;Boulangerieschambresdepousse&#8221;][vc_column]<div id=\"ultimate-heading-540269db6e48dfd58\" class=\"uvc-heading ult-adjust-bottom-margin ultimate-heading-540269db6e48dfd58 uvc-9164 accent-border-color\" data-hspacer=\"line_only\"  data-halign=\"left\" style=\"text-align:left\"><div class=\"uvc-main-heading ult-responsive\"  data-ultimate-target='.uvc-heading.ultimate-heading-540269db6e48dfd58 h2'  data-responsive-json-new='{\"font-size\":\"desktop:26px;\",\"line-height\":\"\"}' ><h2 style=\"--font-weight:theme;\">Bakeries, nurseries, process<\/h2><\/div><div class=\"uvc-heading-spacer line_only\" style=\"margin-top:15px;margin-bottom:50px;height:4px;\"><span class=\"uvc-headings-line\" style=\"border-style:solid;border-bottom-width:4px;border-color:#ccc;width:50px;\"><\/span><\/div><\/div>[vc_row_inner css=&#8221;.vc_custom_1618398698695{padding-bottom: 0px !important;}&#8221;][vc_column_inner width=&#8221;1\/2&#8243; css=&#8221;.vc_custom_1618398686849{padding-bottom: 0px !important;}&#8221;][vc_column_text]Growth chambers or laboratories often need specific programmes where temperature, humidity and fan speed follow precisely predefined curves set by the user. For example, in bakeries, the dough must be kept under strictly defined and time-varying temperature and humidity conditions for several hours before being put in the oven. These conditions change depending on the variety of bread or pastry to be baked.<\/p>\n<p>With the DC24PROC modules integrated into Digitel&#8217;s Teleswin remote control system, the user can create up to 100 different temperature, humidity and fan speed programs. During operation, the user can launch the selected program by clicking on it on a touch screen.<\/p>\n<p>Our Pro Light 8 control system has proven to be an asset for the management of refrigeration installations in this sector:[\/vc_column_text]<style type=\"text\/css\" data-type=\"the7_shortcodes-inline-css\">#default-btn-3118c6cd53ac2625f0bde049cf98a85d.ico-right-side > i {\n  margin-right: 0px;\n  margin-left: 8px;\n}\n#default-btn-3118c6cd53ac2625f0bde049cf98a85d > i {\n  margin-right: 8px;\n}<\/style><a href=\"https:\/\/digitel.swiss\/wp-content\/uploads\/2022\/05\/Flyer-Process-ANG-web.pdf\" class=\"default-btn-shortcode dt-btn dt-btn-m link-hover-off btn-inline-left  vc_custom_1672485204951\" id=\"default-btn-3118c6cd53ac2625f0bde049cf98a85d\" title=\"Digitel control for commercial refrigeration (Newel 3)\"><span>Process growth chamber PDF brochure<\/span><\/a><div id=\"ultimate-heading-686969db6e48dfdd0\" class=\"uvc-heading ult-adjust-bottom-margin ultimate-heading-686969db6e48dfdd0 uvc-3696 accent-border-color uvc-heading-default-font-sizes\" data-hspacer=\"no_spacer\"  data-halign=\"left\" style=\"text-align:left\"><div class=\"uvc-heading-spacer no_spacer\" style=\"top\"><\/div><div class=\"uvc-main-heading ult-responsive\"  data-ultimate-target='.uvc-heading.ultimate-heading-686969db6e48dfdd0 h4'  data-responsive-json-new='{\"font-size\":\"\",\"line-height\":\"\"}' ><h4 style=\"--font-weight:theme;margin-bottom:20px;\">References<\/h4><\/div><\/div><div class=\"standard-arrow bullet-top\"><ul>\n<li><strong>Switzerland: <\/strong>Steinmann, Berger, Nyffeneger, Felder, Bohnenblust, B\u00e4kerforum bakeries<\/li>\n<\/ul>\n<\/div>[\/vc_column_inner][vc_column_inner width=&#8221;1\/2&#8243; css=&#8221;.vc_custom_1618398692368{padding-bottom: 0px !important;}&#8221;][vc_single_image image=&#8221;4799&#8243; img_size=&#8221;full&#8221; css_animation=&#8221;right-to-left&#8221;][\/vc_column_inner][\/vc_row_inner][\/vc_column][\/vc_row]<\/p>\n<\/div>","protected":false},"excerpt":{"rendered":"<p>[vc_row bg_type=&#8221;bg_color&#8221; bg_override=&#8221;ex-full&#8221; bg_color_value=&#8221;rgba(255,255,255,0.04)&#8221; css=&#8221;.vc_custom_1618398567740{padding-bottom: 100px !important;}&#8221;][vc_column][vc_row_inner][vc_column_inner width=&#8221;1\/2&#8243;][vc_column_text]The Newel 3 range is suitable for all types of supermarkets, from small local shops to the largest hypermarkets with over 300 cabinets. The most advanced technologies for reducing environmental impact and operating costs are available. Learn more about our control and remote management solutions for food retailing&hellip;<\/p>\n","protected":false},"author":1,"featured_media":0,"parent":0,"menu_order":0,"comment_status":"closed","ping_status":"closed","template":"","meta":{"_acf_changed":false,"footnotes":""},"class_list":["post-4792","page","type-page","status-publish","hentry","description-off"],"acf":[],"yoast_head":"<!-- This site is optimized with the Yoast SEO plugin v27.3 - https:\/\/yoast.com\/product\/yoast-seo-wordpress\/ -->\n<title>Achievements - Digitel<\/title>\n<meta name=\"robots\" content=\"index, follow, max-snippet:-1, max-image-preview:large, max-video-preview:-1\" \/>\n<link rel=\"canonical\" href=\"https:\/\/digitel.swiss\/en\/achievements\/\" \/>\n<meta property=\"og:locale\" content=\"en_US\" \/>\n<meta property=\"og:type\" content=\"article\" \/>\n<meta property=\"og:title\" content=\"Achievements - Digitel\" \/>\n<meta property=\"og:description\" content=\"[vc_row bg_type=&#8221;bg_color&#8221; bg_override=&#8221;ex-full&#8221; bg_color_value=&#8221;rgba(255,255,255,0.04)&#8221; css=&#8221;.vc_custom_1618398567740{padding-bottom: 100px !important;}&#8221;][vc_column][vc_row_inner][vc_column_inner width=&#8221;1\/2&#8243;][vc_column_text]The Newel 3 range is suitable for all types of supermarkets, from small local shops to the largest hypermarkets with over 300 cabinets. The most advanced technologies for reducing environmental impact and operating costs are available. Learn more about our control and remote management solutions for food retailing&hellip;\" \/>\n<meta property=\"og:url\" content=\"https:\/\/digitel.swiss\/en\/achievements\/\" \/>\n<meta property=\"og:site_name\" content=\"Digitel\" \/>\n<meta property=\"article:modified_time\" content=\"2022-12-31T11:14:02+00:00\" \/>\n<meta name=\"twitter:card\" content=\"summary_large_image\" \/>\n<meta name=\"twitter:label1\" content=\"Est. reading time\" \/>\n\t<meta name=\"twitter:data1\" content=\"7 minutes\" \/>\n<script type=\"application\/ld+json\" class=\"yoast-schema-graph\">{\"@context\":\"https:\\\/\\\/schema.org\",\"@graph\":[{\"@type\":\"WebPage\",\"@id\":\"https:\\\/\\\/digitel.swiss\\\/en\\\/achievements\\\/\",\"url\":\"https:\\\/\\\/digitel.swiss\\\/en\\\/achievements\\\/\",\"name\":\"Achievements - Digitel\",\"isPartOf\":{\"@id\":\"https:\\\/\\\/digitel.swiss\\\/#website\"},\"datePublished\":\"2021-06-16T11:51:00+00:00\",\"dateModified\":\"2022-12-31T11:14:02+00:00\",\"breadcrumb\":{\"@id\":\"https:\\\/\\\/digitel.swiss\\\/en\\\/achievements\\\/#breadcrumb\"},\"inLanguage\":\"en-US\",\"potentialAction\":[{\"@type\":\"ReadAction\",\"target\":[\"https:\\\/\\\/digitel.swiss\\\/en\\\/achievements\\\/\"]}]},{\"@type\":\"BreadcrumbList\",\"@id\":\"https:\\\/\\\/digitel.swiss\\\/en\\\/achievements\\\/#breadcrumb\",\"itemListElement\":[{\"@type\":\"ListItem\",\"position\":1,\"name\":\"Home\",\"item\":\"https:\\\/\\\/digitel.swiss\\\/en\\\/\"},{\"@type\":\"ListItem\",\"position\":2,\"name\":\"Achievements\"}]},{\"@type\":\"WebSite\",\"@id\":\"https:\\\/\\\/digitel.swiss\\\/#website\",\"url\":\"https:\\\/\\\/digitel.swiss\\\/\",\"name\":\"Digitel\",\"description\":\"High quality refrigeration control solutions\",\"publisher\":{\"@id\":\"https:\\\/\\\/digitel.swiss\\\/#organization\"},\"potentialAction\":[{\"@type\":\"SearchAction\",\"target\":{\"@type\":\"EntryPoint\",\"urlTemplate\":\"https:\\\/\\\/digitel.swiss\\\/?s={search_term_string}\"},\"query-input\":{\"@type\":\"PropertyValueSpecification\",\"valueRequired\":true,\"valueName\":\"search_term_string\"}}],\"inLanguage\":\"en-US\"},{\"@type\":\"Organization\",\"@id\":\"https:\\\/\\\/digitel.swiss\\\/#organization\",\"name\":\"Digitel Swiss\",\"url\":\"https:\\\/\\\/digitel.swiss\\\/\",\"logo\":{\"@type\":\"ImageObject\",\"inLanguage\":\"en-US\",\"@id\":\"https:\\\/\\\/digitel.swiss\\\/#\\\/schema\\\/logo\\\/image\\\/\",\"url\":\"https:\\\/\\\/digitel.swiss\\\/wp-content\\\/uploads\\\/2021\\\/03\\\/Logo-Digitel_170.png\",\"contentUrl\":\"https:\\\/\\\/digitel.swiss\\\/wp-content\\\/uploads\\\/2021\\\/03\\\/Logo-Digitel_170.png\",\"width\":170,\"height\":60,\"caption\":\"Digitel Swiss\"},\"image\":{\"@id\":\"https:\\\/\\\/digitel.swiss\\\/#\\\/schema\\\/logo\\\/image\\\/\"}}]}<\/script>\n<!-- \/ Yoast SEO plugin. -->","yoast_head_json":{"title":"Achievements - Digitel","robots":{"index":"index","follow":"follow","max-snippet":"max-snippet:-1","max-image-preview":"max-image-preview:large","max-video-preview":"max-video-preview:-1"},"canonical":"https:\/\/digitel.swiss\/en\/achievements\/","og_locale":"en_US","og_type":"article","og_title":"Achievements - Digitel","og_description":"[vc_row bg_type=&#8221;bg_color&#8221; bg_override=&#8221;ex-full&#8221; bg_color_value=&#8221;rgba(255,255,255,0.04)&#8221; css=&#8221;.vc_custom_1618398567740{padding-bottom: 100px !important;}&#8221;][vc_column][vc_row_inner][vc_column_inner width=&#8221;1\/2&#8243;][vc_column_text]The Newel 3 range is suitable for all types of supermarkets, from small local shops to the largest hypermarkets with over 300 cabinets. The most advanced technologies for reducing environmental impact and operating costs are available. Learn more about our control and remote management solutions for food retailing&hellip;","og_url":"https:\/\/digitel.swiss\/en\/achievements\/","og_site_name":"Digitel","article_modified_time":"2022-12-31T11:14:02+00:00","twitter_card":"summary_large_image","twitter_misc":{"Est. reading time":"7 minutes"},"schema":{"@context":"https:\/\/schema.org","@graph":[{"@type":"WebPage","@id":"https:\/\/digitel.swiss\/en\/achievements\/","url":"https:\/\/digitel.swiss\/en\/achievements\/","name":"Achievements - Digitel","isPartOf":{"@id":"https:\/\/digitel.swiss\/#website"},"datePublished":"2021-06-16T11:51:00+00:00","dateModified":"2022-12-31T11:14:02+00:00","breadcrumb":{"@id":"https:\/\/digitel.swiss\/en\/achievements\/#breadcrumb"},"inLanguage":"en-US","potentialAction":[{"@type":"ReadAction","target":["https:\/\/digitel.swiss\/en\/achievements\/"]}]},{"@type":"BreadcrumbList","@id":"https:\/\/digitel.swiss\/en\/achievements\/#breadcrumb","itemListElement":[{"@type":"ListItem","position":1,"name":"Home","item":"https:\/\/digitel.swiss\/en\/"},{"@type":"ListItem","position":2,"name":"Achievements"}]},{"@type":"WebSite","@id":"https:\/\/digitel.swiss\/#website","url":"https:\/\/digitel.swiss\/","name":"Digitel","description":"High quality refrigeration control solutions","publisher":{"@id":"https:\/\/digitel.swiss\/#organization"},"potentialAction":[{"@type":"SearchAction","target":{"@type":"EntryPoint","urlTemplate":"https:\/\/digitel.swiss\/?s={search_term_string}"},"query-input":{"@type":"PropertyValueSpecification","valueRequired":true,"valueName":"search_term_string"}}],"inLanguage":"en-US"},{"@type":"Organization","@id":"https:\/\/digitel.swiss\/#organization","name":"Digitel Swiss","url":"https:\/\/digitel.swiss\/","logo":{"@type":"ImageObject","inLanguage":"en-US","@id":"https:\/\/digitel.swiss\/#\/schema\/logo\/image\/","url":"https:\/\/digitel.swiss\/wp-content\/uploads\/2021\/03\/Logo-Digitel_170.png","contentUrl":"https:\/\/digitel.swiss\/wp-content\/uploads\/2021\/03\/Logo-Digitel_170.png","width":170,"height":60,"caption":"Digitel Swiss"},"image":{"@id":"https:\/\/digitel.swiss\/#\/schema\/logo\/image\/"}}]}},"_links":{"self":[{"href":"https:\/\/digitel.swiss\/en\/wp-json\/wp\/v2\/pages\/4792","targetHints":{"allow":["GET"]}}],"collection":[{"href":"https:\/\/digitel.swiss\/en\/wp-json\/wp\/v2\/pages"}],"about":[{"href":"https:\/\/digitel.swiss\/en\/wp-json\/wp\/v2\/types\/page"}],"author":[{"embeddable":true,"href":"https:\/\/digitel.swiss\/en\/wp-json\/wp\/v2\/users\/1"}],"replies":[{"embeddable":true,"href":"https:\/\/digitel.swiss\/en\/wp-json\/wp\/v2\/comments?post=4792"}],"version-history":[{"count":27,"href":"https:\/\/digitel.swiss\/en\/wp-json\/wp\/v2\/pages\/4792\/revisions"}],"predecessor-version":[{"id":11929,"href":"https:\/\/digitel.swiss\/en\/wp-json\/wp\/v2\/pages\/4792\/revisions\/11929"}],"wp:attachment":[{"href":"https:\/\/digitel.swiss\/en\/wp-json\/wp\/v2\/media?parent=4792"}],"curies":[{"name":"wp","href":"https:\/\/api.w.org\/{rel}","templated":true}]}}