{"id":3590,"date":"2021-06-11T16:34:22","date_gmt":"2021-06-11T16:34:22","guid":{"rendered":"http:\/\/digitel.elcadia.com\/oswietlenie\/"},"modified":"2021-06-11T16:35:44","modified_gmt":"2021-06-11T16:35:44","slug":"oswietlenie","status":"publish","type":"page","link":"https:\/\/digitel.swiss\/pl\/oswietlenie\/","title":{"rendered":"O\u015aWIETLENIE"},"content":{"rendered":"<div class=\"wpb-content-wrapper\"><p>[vc_row css=&#8221;.vc_custom_1619181067422{margin-bottom: 0px !important;border-bottom-width: 0px !important;padding-top: 0px !important;padding-bottom: 0px !important;}&#8221;][vc_column]<div id=\"ultimate-heading-303569ea073faf912\" class=\"uvc-heading ult-adjust-bottom-margin ultimate-heading-303569ea073faf912 uvc-1080 yellowline uvc-heading-default-font-sizes\" data-hspacer=\"line_only\"  data-halign=\"left\" style=\"text-align:left\"><div class=\"uvc-main-heading ult-responsive\"  data-ultimate-target='.uvc-heading.ultimate-heading-303569ea073faf912 h4'  data-responsive-json-new='{\"font-size\":\"\",\"line-height\":\"\"}' ><h4 style=\"--font-weight:theme;\">Zarz\u0105dzanie o\u015bwietleniem<\/h4><\/div><div class=\"uvc-heading-spacer line_only\" style=\"margin-top:15px;margin-bottom:50px;height:4px;\"><span class=\"uvc-headings-line\" style=\"border-style:solid;border-bottom-width:4px;border-color:#ccc;width:50px;\"><\/span><\/div><\/div>[\/vc_column][\/vc_row][vc_row bg_type=&#8221;bg_color&#8221; bg_override=&#8221;ex-full&#8221; css=&#8221;.vc_custom_1618404417676{padding-top: 30px !important;padding-bottom: 65px !important;}&#8221;][vc_column width=&#8221;2\/3&#8243; css=&#8221;.vc_custom_1619181027567{margin-top: 0px !important;border-top-width: 0px !important;padding-top: 0px !important;}&#8221;][vc_single_image image=&#8221;3095&#8243; img_size=&#8221;full&#8221; css_animation=&#8221;right-to-left&#8221; css=&#8221;.vc_custom_1619180995412{margin-top: 0px !important;border-top-width: 0px !important;padding-top: 0px !important;}&#8221;][\/vc_column][vc_column width=&#8221;1\/3&#8243; css=&#8221;.vc_custom_1618398519352{padding-top: 0px !important;padding-bottom: 0px !important;}&#8221;][vc_column_text]Modu\u0142y steruj\u0105ce Digitel mog\u0105 sterowa\u0107 strefami o\u015bwietlenia. W zale\u017cno\u015bci od programu tygodniowego i\/lub zmierzonego nat\u0119\u017cenia \u015bwiat\u0142a, niekt\u00f3re sekcje o\u015bwietlenia mog\u0105 by\u0107 wy\u0142\u0105czane lub w\u0142\u0105czane. Bior\u0105c pod uwag\u0119 godziny otwarcia sklepu.[\/vc_column_text]<style type=\"text\/css\" data-type=\"the7_shortcodes-inline-css\">#default-btn-105a2ec33ae69d43d977fb0504029c3b.ico-right-side > i {\n  margin-right: 0px;\n  margin-left: 8px;\n}\n#default-btn-105a2ec33ae69d43d977fb0504029c3b > i {\n  margin-right: 8px;\n}<\/style><a href=\"https:\/\/digitel.swiss\/pl\/katalog-wszystkie-produkty\/?filters=eclairage[129]\" class=\"default-btn-shortcode dt-btn dt-btn-m link-hover-off yellowbutton btn-inline-left \" id=\"default-btn-105a2ec33ae69d43d977fb0504029c3b\"><span>Wszystkie produkty do zarz\u0105dzania o\u015bwietleniem<\/span><\/a>[\/vc_column][\/vc_row]<\/p>\n<\/div>","protected":false},"excerpt":{"rendered":"<p>[vc_row css=&#8221;.vc_custom_1619181067422{margin-bottom: 0px !important;border-bottom-width: 0px !important;padding-top: 0px !important;padding-bottom: 0px !important;}&#8221;][vc_column][\/vc_column][\/vc_row][vc_row bg_type=&#8221;bg_color&#8221; bg_override=&#8221;ex-full&#8221; css=&#8221;.vc_custom_1618404417676{padding-top: 30px !important;padding-bottom: 65px !important;}&#8221;][vc_column width=&#8221;2\/3&#8243; css=&#8221;.vc_custom_1619181027567{margin-top: 0px !important;border-top-width: 0px !important;padding-top: 0px !important;}&#8221;][vc_single_image image=&#8221;3095&#8243; img_size=&#8221;full&#8221; css_animation=&#8221;right-to-left&#8221; css=&#8221;.vc_custom_1619180995412{margin-top: 0px !important;border-top-width: 0px !important;padding-top: 0px !important;}&#8221;][\/vc_column][vc_column width=&#8221;1\/3&#8243; css=&#8221;.vc_custom_1618398519352{padding-top: 0px !important;padding-bottom: 0px !important;}&#8221;][vc_column_text]Modu\u0142y steruj\u0105ce Digitel mog\u0105 sterowa\u0107 strefami o\u015bwietlenia. W zale\u017cno\u015bci od programu tygodniowego i\/lub zmierzonego nat\u0119\u017cenia&hellip;<\/p>\n","protected":false},"author":1,"featured_media":0,"parent":0,"menu_order":0,"comment_status":"closed","ping_status":"closed","template":"","meta":{"_acf_changed":false,"footnotes":""},"class_list":["post-3590","page","type-page","status-publish","hentry","description-off"],"acf":[],"yoast_head":"<!-- This site is optimized with the Yoast SEO plugin v27.4 - https:\/\/yoast.com\/product\/yoast-seo-wordpress\/ -->\n<title>O\u015aWIETLENIE - Digitel<\/title>\n<meta name=\"robots\" content=\"index, follow, max-snippet:-1, max-image-preview:large, max-video-preview:-1\" \/>\n<link rel=\"canonical\" href=\"https:\/\/digitel.swiss\/pl\/oswietlenie\/\" \/>\n<meta property=\"og:locale\" content=\"pl_PL\" \/>\n<meta property=\"og:type\" content=\"article\" \/>\n<meta property=\"og:title\" content=\"O\u015aWIETLENIE - Digitel\" \/>\n<meta property=\"og:description\" content=\"[vc_row css=&#8221;.vc_custom_1619181067422{margin-bottom: 0px !important;border-bottom-width: 0px !important;padding-top: 0px !important;padding-bottom: 0px !important;}&#8221;][vc_column][\/vc_column][\/vc_row][vc_row bg_type=&#8221;bg_color&#8221; bg_override=&#8221;ex-full&#8221; css=&#8221;.vc_custom_1618404417676{padding-top: 30px !important;padding-bottom: 65px !important;}&#8221;][vc_column width=&#8221;2\/3&#8243; css=&#8221;.vc_custom_1619181027567{margin-top: 0px !important;border-top-width: 0px !important;padding-top: 0px !important;}&#8221;][vc_single_image image=&#8221;3095&#8243; img_size=&#8221;full&#8221; css_animation=&#8221;right-to-left&#8221; css=&#8221;.vc_custom_1619180995412{margin-top: 0px !important;border-top-width: 0px !important;padding-top: 0px !important;}&#8221;][\/vc_column][vc_column width=&#8221;1\/3&#8243; css=&#8221;.vc_custom_1618398519352{padding-top: 0px !important;padding-bottom: 0px !important;}&#8221;][vc_column_text]Modu\u0142y steruj\u0105ce Digitel mog\u0105 sterowa\u0107 strefami o\u015bwietlenia. W zale\u017cno\u015bci od programu tygodniowego i\/lub zmierzonego nat\u0119\u017cenia&hellip;\" \/>\n<meta property=\"og:url\" content=\"https:\/\/digitel.swiss\/pl\/oswietlenie\/\" \/>\n<meta property=\"og:site_name\" content=\"Digitel\" \/>\n<meta property=\"article:modified_time\" content=\"2021-06-11T16:35:44+00:00\" \/>\n<meta name=\"twitter:card\" content=\"summary_large_image\" \/>\n<meta name=\"twitter:label1\" content=\"Szacowany czas czytania\" \/>\n\t<meta name=\"twitter:data1\" content=\"1 minuta\" \/>\n<script type=\"application\/ld+json\" class=\"yoast-schema-graph\">{\"@context\":\"https:\\\/\\\/schema.org\",\"@graph\":[{\"@type\":\"WebPage\",\"@id\":\"https:\\\/\\\/digitel.swiss\\\/pl\\\/oswietlenie\\\/\",\"url\":\"https:\\\/\\\/digitel.swiss\\\/pl\\\/oswietlenie\\\/\",\"name\":\"O\u015aWIETLENIE - Digitel\",\"isPartOf\":{\"@id\":\"https:\\\/\\\/digitel.swiss\\\/#website\"},\"datePublished\":\"2021-06-11T16:34:22+00:00\",\"dateModified\":\"2021-06-11T16:35:44+00:00\",\"breadcrumb\":{\"@id\":\"https:\\\/\\\/digitel.swiss\\\/pl\\\/oswietlenie\\\/#breadcrumb\"},\"inLanguage\":\"pl-PL\",\"potentialAction\":[{\"@type\":\"ReadAction\",\"target\":[\"https:\\\/\\\/digitel.swiss\\\/pl\\\/oswietlenie\\\/\"]}]},{\"@type\":\"BreadcrumbList\",\"@id\":\"https:\\\/\\\/digitel.swiss\\\/pl\\\/oswietlenie\\\/#breadcrumb\",\"itemListElement\":[{\"@type\":\"ListItem\",\"position\":1,\"name\":\"Home\",\"item\":\"https:\\\/\\\/digitel.swiss\\\/pl\\\/\"},{\"@type\":\"ListItem\",\"position\":2,\"name\":\"O\u015aWIETLENIE\"}]},{\"@type\":\"WebSite\",\"@id\":\"https:\\\/\\\/digitel.swiss\\\/#website\",\"url\":\"https:\\\/\\\/digitel.swiss\\\/\",\"name\":\"Digitel\",\"description\":\"Rozwi\u0105zanie elektroniczne\",\"publisher\":{\"@id\":\"https:\\\/\\\/digitel.swiss\\\/#organization\"},\"potentialAction\":[{\"@type\":\"SearchAction\",\"target\":{\"@type\":\"EntryPoint\",\"urlTemplate\":\"https:\\\/\\\/digitel.swiss\\\/?s={search_term_string}\"},\"query-input\":{\"@type\":\"PropertyValueSpecification\",\"valueRequired\":true,\"valueName\":\"search_term_string\"}}],\"inLanguage\":\"pl-PL\"},{\"@type\":\"Organization\",\"@id\":\"https:\\\/\\\/digitel.swiss\\\/#organization\",\"name\":\"Digitel Swiss\",\"url\":\"https:\\\/\\\/digitel.swiss\\\/\",\"logo\":{\"@type\":\"ImageObject\",\"inLanguage\":\"pl-PL\",\"@id\":\"https:\\\/\\\/digitel.swiss\\\/#\\\/schema\\\/logo\\\/image\\\/\",\"url\":\"https:\\\/\\\/digitel.swiss\\\/wp-content\\\/uploads\\\/2021\\\/03\\\/Logo-Digitel_170.png\",\"contentUrl\":\"https:\\\/\\\/digitel.swiss\\\/wp-content\\\/uploads\\\/2021\\\/03\\\/Logo-Digitel_170.png\",\"width\":170,\"height\":60,\"caption\":\"Digitel Swiss\"},\"image\":{\"@id\":\"https:\\\/\\\/digitel.swiss\\\/#\\\/schema\\\/logo\\\/image\\\/\"}}]}<\/script>\n<!-- \/ Yoast SEO plugin. -->","yoast_head_json":{"title":"O\u015aWIETLENIE - Digitel","robots":{"index":"index","follow":"follow","max-snippet":"max-snippet:-1","max-image-preview":"max-image-preview:large","max-video-preview":"max-video-preview:-1"},"canonical":"https:\/\/digitel.swiss\/pl\/oswietlenie\/","og_locale":"pl_PL","og_type":"article","og_title":"O\u015aWIETLENIE - Digitel","og_description":"[vc_row css=&#8221;.vc_custom_1619181067422{margin-bottom: 0px !important;border-bottom-width: 0px !important;padding-top: 0px !important;padding-bottom: 0px !important;}&#8221;][vc_column][\/vc_column][\/vc_row][vc_row bg_type=&#8221;bg_color&#8221; bg_override=&#8221;ex-full&#8221; css=&#8221;.vc_custom_1618404417676{padding-top: 30px !important;padding-bottom: 65px !important;}&#8221;][vc_column width=&#8221;2\/3&#8243; css=&#8221;.vc_custom_1619181027567{margin-top: 0px !important;border-top-width: 0px !important;padding-top: 0px !important;}&#8221;][vc_single_image image=&#8221;3095&#8243; img_size=&#8221;full&#8221; css_animation=&#8221;right-to-left&#8221; css=&#8221;.vc_custom_1619180995412{margin-top: 0px !important;border-top-width: 0px !important;padding-top: 0px !important;}&#8221;][\/vc_column][vc_column width=&#8221;1\/3&#8243; css=&#8221;.vc_custom_1618398519352{padding-top: 0px !important;padding-bottom: 0px !important;}&#8221;][vc_column_text]Modu\u0142y steruj\u0105ce Digitel mog\u0105 sterowa\u0107 strefami o\u015bwietlenia. W zale\u017cno\u015bci od programu tygodniowego i\/lub zmierzonego nat\u0119\u017cenia&hellip;","og_url":"https:\/\/digitel.swiss\/pl\/oswietlenie\/","og_site_name":"Digitel","article_modified_time":"2021-06-11T16:35:44+00:00","twitter_card":"summary_large_image","twitter_misc":{"Szacowany czas czytania":"1 minuta"},"schema":{"@context":"https:\/\/schema.org","@graph":[{"@type":"WebPage","@id":"https:\/\/digitel.swiss\/pl\/oswietlenie\/","url":"https:\/\/digitel.swiss\/pl\/oswietlenie\/","name":"O\u015aWIETLENIE - Digitel","isPartOf":{"@id":"https:\/\/digitel.swiss\/#website"},"datePublished":"2021-06-11T16:34:22+00:00","dateModified":"2021-06-11T16:35:44+00:00","breadcrumb":{"@id":"https:\/\/digitel.swiss\/pl\/oswietlenie\/#breadcrumb"},"inLanguage":"pl-PL","potentialAction":[{"@type":"ReadAction","target":["https:\/\/digitel.swiss\/pl\/oswietlenie\/"]}]},{"@type":"BreadcrumbList","@id":"https:\/\/digitel.swiss\/pl\/oswietlenie\/#breadcrumb","itemListElement":[{"@type":"ListItem","position":1,"name":"Home","item":"https:\/\/digitel.swiss\/pl\/"},{"@type":"ListItem","position":2,"name":"O\u015aWIETLENIE"}]},{"@type":"WebSite","@id":"https:\/\/digitel.swiss\/#website","url":"https:\/\/digitel.swiss\/","name":"Digitel","description":"Rozwi\u0105zanie elektroniczne","publisher":{"@id":"https:\/\/digitel.swiss\/#organization"},"potentialAction":[{"@type":"SearchAction","target":{"@type":"EntryPoint","urlTemplate":"https:\/\/digitel.swiss\/?s={search_term_string}"},"query-input":{"@type":"PropertyValueSpecification","valueRequired":true,"valueName":"search_term_string"}}],"inLanguage":"pl-PL"},{"@type":"Organization","@id":"https:\/\/digitel.swiss\/#organization","name":"Digitel Swiss","url":"https:\/\/digitel.swiss\/","logo":{"@type":"ImageObject","inLanguage":"pl-PL","@id":"https:\/\/digitel.swiss\/#\/schema\/logo\/image\/","url":"https:\/\/digitel.swiss\/wp-content\/uploads\/2021\/03\/Logo-Digitel_170.png","contentUrl":"https:\/\/digitel.swiss\/wp-content\/uploads\/2021\/03\/Logo-Digitel_170.png","width":170,"height":60,"caption":"Digitel Swiss"},"image":{"@id":"https:\/\/digitel.swiss\/#\/schema\/logo\/image\/"}}]}},"_links":{"self":[{"href":"https:\/\/digitel.swiss\/pl\/wp-json\/wp\/v2\/pages\/3590","targetHints":{"allow":["GET"]}}],"collection":[{"href":"https:\/\/digitel.swiss\/pl\/wp-json\/wp\/v2\/pages"}],"about":[{"href":"https:\/\/digitel.swiss\/pl\/wp-json\/wp\/v2\/types\/page"}],"author":[{"embeddable":true,"href":"https:\/\/digitel.swiss\/pl\/wp-json\/wp\/v2\/users\/1"}],"replies":[{"embeddable":true,"href":"https:\/\/digitel.swiss\/pl\/wp-json\/wp\/v2\/comments?post=3590"}],"version-history":[{"count":8,"href":"https:\/\/digitel.swiss\/pl\/wp-json\/wp\/v2\/pages\/3590\/revisions"}],"predecessor-version":[{"id":3598,"href":"https:\/\/digitel.swiss\/pl\/wp-json\/wp\/v2\/pages\/3590\/revisions\/3598"}],"wp:attachment":[{"href":"https:\/\/digitel.swiss\/pl\/wp-json\/wp\/v2\/media?parent=3590"}],"curies":[{"name":"wp","href":"https:\/\/api.w.org\/{rel}","templated":true}]}}