{"id":3644,"date":"2021-06-13T15:10:24","date_gmt":"2021-06-13T15:10:24","guid":{"rendered":"http:\/\/digitel.elcadia.com\/hvac\/"},"modified":"2021-06-13T15:13:39","modified_gmt":"2021-06-13T15:13:39","slug":"hvac","status":"publish","type":"page","link":"https:\/\/digitel.swiss\/pl\/hvac\/","title":{"rendered":"HVAC"},"content":{"rendered":"<div class=\"wpb-content-wrapper\"><p>[vc_row css=&#8221;.vc_custom_1618398083658{margin-bottom: 0px !important;border-bottom-width: 0px !important;padding-bottom: 65px !important;}&#8221;][vc_column width=&#8221;2\/3&#8243; css=&#8221;.vc_custom_1618397961025{margin-bottom: 0px !important;border-bottom-width: 0px !important;padding-bottom: 0px !important;}&#8221;][vc_single_image image=&#8221;1902&#8243; img_size=&#8221;full&#8221; css_animation=&#8221;right-to-left&#8221;][\/vc_column][vc_column width=&#8221;1\/3&#8243;][vc_column_text css=&#8221;.vc_custom_1618506651377{margin-bottom: 0px !important;border-bottom-width: 0px !important;padding-bottom: 0px !important;}&#8221;]Dzi\u0119ki ponad 30-letniemu do\u015bwiadczeniu w zarz\u0105dzaniu i kontroli ch\u0142odzenia, Digitel dostarcza r\u00f3wnie\u017c kompletne rozwi\u0105zania do zarz\u0105dzania budynkami, w tym ogrzewaniem, wentylacj\u0105, klimatyzacj\u0105 i o\u015bwietleniem.<\/p>\n<p>Ch\u0142odzenie, HVAC i o\u015bwietlenie s\u0105 zarz\u0105dzane za pomoc\u0105 tego samego oprogramowania nadzoruj\u0105cego TelesWin.[\/vc_column_text][\/vc_column][\/vc_row][vc_row bg_type=&#8221;bg_color&#8221; bg_override=&#8221;ex-full&#8221; bg_color_value=&#8221;rgba(0,0,0,0.04)&#8221; el_id=&#8221;Recuperationdechaleur&#8221; css=&#8221;.vc_custom_1618402989274{padding-top: 100px !important;padding-bottom: 100px !important;}&#8221;][vc_column css=&#8221;.vc_custom_1618398519352{padding-top: 0px !important;padding-bottom: 0px !important;}&#8221;]<div id=\"ultimate-heading-755169f30c6b6a50d\" class=\"uvc-heading ult-adjust-bottom-margin ultimate-heading-755169f30c6b6a50d uvc-9352 orangeline uvc-heading-default-font-sizes\" data-hspacer=\"line_only\"  data-halign=\"left\" style=\"text-align:left\"><div class=\"uvc-main-heading ult-responsive\"  data-ultimate-target='.uvc-heading.ultimate-heading-755169f30c6b6a50d h4'  data-responsive-json-new='{\"font-size\":\"\",\"line-height\":\"\"}' ><h4 style=\"--font-weight:theme;\">Odzysk ciep\u0142a<\/h4><\/div><div class=\"uvc-heading-spacer line_only\" style=\"margin-top:15px;margin-bottom:50px;height:4px;\"><span class=\"uvc-headings-line\" style=\"border-style:solid;border-bottom-width:4px;border-color:#ccc;width:50px;\"><\/span><\/div><\/div>[vc_column_text]Systemy ch\u0142odnicze, zw\u0142aszcza te wykorzystuj\u0105ce CO2 jako czynnik ch\u0142odniczy, generuj\u0105 du\u017ce ilo\u015bci ciep\u0142a. W celu obni\u017cenia koszt\u00f3w eksploatacji energia ta mo\u017ce by\u0107 wykorzystywana do podgrzewania wody u\u017cytkowej lub do ogrzewania pomieszcze\u0144 biurowych lub handlowych. Modu\u0142y DC24TR firmy Digitel zapewniaj\u0105 sterowanie odzyskiem ciep\u0142a.[\/vc_column_text]<style type=\"text\/css\" data-type=\"the7_shortcodes-inline-css\">#default-btn-2325c283e3fe7c5908c5b5d90014690e.ico-right-side > i {\n  margin-right: 0px;\n  margin-left: 8px;\n}\n#default-btn-2325c283e3fe7c5908c5b5d90014690e > i {\n  margin-right: 8px;\n}<\/style><div class=\"btn-align-left\"><a href=\"https:\/\/digitel.swiss\/pl\/katalog-wszystkie-produkty\/?filters=cvc[123]\" class=\"default-btn-shortcode dt-btn dt-btn-m link-hover-off orangebutton \" id=\"default-btn-2325c283e3fe7c5908c5b5d90014690e\"><span>Wszystkie produkty do kontroli odzysku ciep\u0142a<\/span><\/a><\/div>[\/vc_column][\/vc_row][vc_row bg_type=&#8221;image&#8221; parallax_style=&#8221;vcpb-default&#8221; bg_image_new=&#8221;id^2725|url^https:\/\/digitel.swiss\/wp-content\/uploads\/2021\/05\/Refrigeration-management_request-a-demo.jpg|caption^null|alt^null|title^Refrigeration-management_request-a-demo|description^null&#8221; bg_image_repeat=&#8221;no-repeat&#8221; bg_override=&#8221;full&#8221; enable_overlay=&#8221;enable_overlay_value&#8221; overlay_color=&#8221;rgba(0,0,0,0.5)&#8221; css=&#8221;.vc_custom_1622474821991{padding-top: 100px !important;padding-bottom: 100px !important;background-color: rgba(0,11,172,0.5) !important;*background-color: rgb(0,11,172) !important;}&#8221;][vc_column][vc_column_text]<\/p>\n<h3 style=\"color: #ffffff;\">Chcesz dowiedzie\u0107 si\u0119 wi\u0119cej?<\/h3>\n<p style=\"font-size: 18px; line-height: 30px;\"><span style=\"color: #ffffff;\">Um\u00f3w si\u0119 z nami na pokaz na \u017cywo!<\/span><\/p>\n<p>[\/vc_column_text]<style type=\"text\/css\" data-type=\"the7_shortcodes-inline-css\">#default-btn-ad71e37de89351fd2e6d76fecd7eb3a2.ico-right-side > i {\n  margin-right: 0px;\n  margin-left: 8px;\n}\n#default-btn-ad71e37de89351fd2e6d76fecd7eb3a2 > i {\n  margin-right: 8px;\n}<\/style><div class=\"btn-align-left\"><a href=\"https:\/\/digitel.swiss\/pl\/popros-o-demo\/\" class=\"default-btn-shortcode dt-btn dt-btn-m link-hover-off orangebutton \" id=\"default-btn-ad71e37de89351fd2e6d76fecd7eb3a2\" title=\"Demander une d\u00e9mo\"><span>Popro\u015b o demo<\/span><\/a><\/div>[\/vc_column][\/vc_row][vc_row bg_type=&#8221;bg_color&#8221; bg_override=&#8221;ex-full&#8221; el_id=&#8221;Climatisationfroidchauffage&#8221; css=&#8221;.vc_custom_1618403064038{padding-top: 100px !important;padding-bottom: 100px !important;}&#8221;][vc_column width=&#8221;1\/2&#8243;]<div id=\"ultimate-heading-184869f30c6b6a698\" class=\"uvc-heading ult-adjust-bottom-margin ultimate-heading-184869f30c6b6a698 uvc-628 orangeline uvc-heading-default-font-sizes\" data-hspacer=\"line_only\"  data-halign=\"left\" style=\"text-align:left\"><div class=\"uvc-main-heading ult-responsive\"  data-ultimate-target='.uvc-heading.ultimate-heading-184869f30c6b6a698 h4'  data-responsive-json-new='{\"font-size\":\"\",\"line-height\":\"\"}' ><h4 style=\"--font-weight:theme;\">Klimatyzacja - ch\u0142odzenie \/ ogrzewanie<\/h4><\/div><div class=\"uvc-heading-spacer line_only\" style=\"margin-top:15px;margin-bottom:50px;height:4px;\"><span class=\"uvc-headings-line\" style=\"border-style:solid;border-bottom-width:4px;border-color:#ccc;width:50px;\"><\/span><\/div><\/div>[vc_column_text]W przypadku klimatyzacji pomieszczenia, regulatory Digitel mog\u0105 sterowa\u0107 nawiewnikami powietrza, klimakonwektorami itp. Mo\u017cliwa jest r\u00f3wnie\u017c zmiana pr\u0119dko\u015bci obrotowej wentylatora w zale\u017cno\u015bci od temperatury. Zapewniona jest koordynacja z odzyskiem ciep\u0142a.[\/vc_column_text]<style type=\"text\/css\" data-type=\"the7_shortcodes-inline-css\">#default-btn-822309feed0fdc219fb8753415bce2e5.ico-right-side > i {\n  margin-right: 0px;\n  margin-left: 8px;\n}\n#default-btn-822309feed0fdc219fb8753415bce2e5 > i {\n  margin-right: 8px;\n}<\/style><div class=\"btn-align-left\"><a href=\"https:\/\/digitel.swiss\/pl\/katalog-wszystkie-produkty\/?filters=cvc[126]\" class=\"default-btn-shortcode dt-btn dt-btn-m link-hover-off orangebutton \" id=\"default-btn-822309feed0fdc219fb8753415bce2e5\"><span>Wszystkie produkty do sterowania klimatyzacj\u0105<\/span><\/a><\/div>[\/vc_column][vc_column width=&#8221;1\/2&#8243;][vc_single_image image=&#8221;1943&#8243; img_size=&#8221;full&#8221; css_animation=&#8221;right-to-left&#8221;][\/vc_column][\/vc_row]<\/p>\n<\/div>","protected":false},"excerpt":{"rendered":"<p>[vc_row css=&#8221;.vc_custom_1618398083658{margin-bottom: 0px !important;border-bottom-width: 0px !important;padding-bottom: 65px !important;}&#8221;][vc_column width=&#8221;2\/3&#8243; css=&#8221;.vc_custom_1618397961025{margin-bottom: 0px !important;border-bottom-width: 0px !important;padding-bottom: 0px !important;}&#8221;][vc_single_image image=&#8221;1902&#8243; img_size=&#8221;full&#8221; css_animation=&#8221;right-to-left&#8221;][\/vc_column][vc_column width=&#8221;1\/3&#8243;][vc_column_text css=&#8221;.vc_custom_1618506651377{margin-bottom: 0px !important;border-bottom-width: 0px !important;padding-bottom: 0px !important;}&#8221;]Dzi\u0119ki ponad 30-letniemu do\u015bwiadczeniu w zarz\u0105dzaniu i kontroli ch\u0142odzenia, Digitel dostarcza r\u00f3wnie\u017c kompletne rozwi\u0105zania do zarz\u0105dzania budynkami, w tym ogrzewaniem, wentylacj\u0105, klimatyzacj\u0105 i o\u015bwietleniem. Ch\u0142odzenie, HVAC i o\u015bwietlenie s\u0105&hellip;<\/p>\n","protected":false},"author":1,"featured_media":0,"parent":0,"menu_order":0,"comment_status":"closed","ping_status":"closed","template":"","meta":{"_acf_changed":false,"footnotes":""},"class_list":["post-3644","page","type-page","status-publish","hentry","description-off"],"acf":[],"yoast_head":"<!-- This site is optimized with the Yoast SEO plugin v27.5 - https:\/\/yoast.com\/product\/yoast-seo-wordpress\/ -->\n<title>HVAC - Digitel<\/title>\n<meta name=\"robots\" content=\"index, follow, max-snippet:-1, max-image-preview:large, max-video-preview:-1\" \/>\n<link rel=\"canonical\" href=\"https:\/\/digitel.swiss\/pl\/hvac\/\" \/>\n<meta property=\"og:locale\" content=\"pl_PL\" \/>\n<meta property=\"og:type\" content=\"article\" \/>\n<meta property=\"og:title\" content=\"HVAC - Digitel\" \/>\n<meta property=\"og:description\" content=\"[vc_row css=&#8221;.vc_custom_1618398083658{margin-bottom: 0px !important;border-bottom-width: 0px !important;padding-bottom: 65px !important;}&#8221;][vc_column width=&#8221;2\/3&#8243; css=&#8221;.vc_custom_1618397961025{margin-bottom: 0px !important;border-bottom-width: 0px !important;padding-bottom: 0px !important;}&#8221;][vc_single_image image=&#8221;1902&#8243; img_size=&#8221;full&#8221; css_animation=&#8221;right-to-left&#8221;][\/vc_column][vc_column width=&#8221;1\/3&#8243;][vc_column_text css=&#8221;.vc_custom_1618506651377{margin-bottom: 0px !important;border-bottom-width: 0px !important;padding-bottom: 0px !important;}&#8221;]Dzi\u0119ki ponad 30-letniemu do\u015bwiadczeniu w zarz\u0105dzaniu i kontroli ch\u0142odzenia, Digitel dostarcza r\u00f3wnie\u017c kompletne rozwi\u0105zania do zarz\u0105dzania budynkami, w tym ogrzewaniem, wentylacj\u0105, klimatyzacj\u0105 i o\u015bwietleniem. Ch\u0142odzenie, HVAC i o\u015bwietlenie s\u0105&hellip;\" \/>\n<meta property=\"og:url\" content=\"https:\/\/digitel.swiss\/pl\/hvac\/\" \/>\n<meta property=\"og:site_name\" content=\"Digitel\" \/>\n<meta property=\"article:modified_time\" content=\"2021-06-13T15:13:39+00:00\" \/>\n<meta name=\"twitter:card\" content=\"summary_large_image\" \/>\n<meta name=\"twitter:label1\" content=\"Szacowany czas czytania\" \/>\n\t<meta name=\"twitter:data1\" content=\"3 minuty\" \/>\n<script type=\"application\/ld+json\" class=\"yoast-schema-graph\">{\"@context\":\"https:\\\/\\\/schema.org\",\"@graph\":[{\"@type\":\"WebPage\",\"@id\":\"https:\\\/\\\/digitel.swiss\\\/pl\\\/hvac\\\/\",\"url\":\"https:\\\/\\\/digitel.swiss\\\/pl\\\/hvac\\\/\",\"name\":\"HVAC - Digitel\",\"isPartOf\":{\"@id\":\"https:\\\/\\\/digitel.swiss\\\/#website\"},\"datePublished\":\"2021-06-13T15:10:24+00:00\",\"dateModified\":\"2021-06-13T15:13:39+00:00\",\"breadcrumb\":{\"@id\":\"https:\\\/\\\/digitel.swiss\\\/pl\\\/hvac\\\/#breadcrumb\"},\"inLanguage\":\"pl-PL\",\"potentialAction\":[{\"@type\":\"ReadAction\",\"target\":[\"https:\\\/\\\/digitel.swiss\\\/pl\\\/hvac\\\/\"]}]},{\"@type\":\"BreadcrumbList\",\"@id\":\"https:\\\/\\\/digitel.swiss\\\/pl\\\/hvac\\\/#breadcrumb\",\"itemListElement\":[{\"@type\":\"ListItem\",\"position\":1,\"name\":\"Home\",\"item\":\"https:\\\/\\\/digitel.swiss\\\/pl\\\/\"},{\"@type\":\"ListItem\",\"position\":2,\"name\":\"HVAC\"}]},{\"@type\":\"WebSite\",\"@id\":\"https:\\\/\\\/digitel.swiss\\\/#website\",\"url\":\"https:\\\/\\\/digitel.swiss\\\/\",\"name\":\"Digitel\",\"description\":\"Rozwi\u0105zanie elektroniczne\",\"publisher\":{\"@id\":\"https:\\\/\\\/digitel.swiss\\\/#organization\"},\"potentialAction\":[{\"@type\":\"SearchAction\",\"target\":{\"@type\":\"EntryPoint\",\"urlTemplate\":\"https:\\\/\\\/digitel.swiss\\\/?s={search_term_string}\"},\"query-input\":{\"@type\":\"PropertyValueSpecification\",\"valueRequired\":true,\"valueName\":\"search_term_string\"}}],\"inLanguage\":\"pl-PL\"},{\"@type\":\"Organization\",\"@id\":\"https:\\\/\\\/digitel.swiss\\\/#organization\",\"name\":\"Digitel Swiss\",\"url\":\"https:\\\/\\\/digitel.swiss\\\/\",\"logo\":{\"@type\":\"ImageObject\",\"inLanguage\":\"pl-PL\",\"@id\":\"https:\\\/\\\/digitel.swiss\\\/#\\\/schema\\\/logo\\\/image\\\/\",\"url\":\"https:\\\/\\\/digitel.swiss\\\/wp-content\\\/uploads\\\/2021\\\/03\\\/Logo-Digitel_170.png\",\"contentUrl\":\"https:\\\/\\\/digitel.swiss\\\/wp-content\\\/uploads\\\/2021\\\/03\\\/Logo-Digitel_170.png\",\"width\":170,\"height\":60,\"caption\":\"Digitel Swiss\"},\"image\":{\"@id\":\"https:\\\/\\\/digitel.swiss\\\/#\\\/schema\\\/logo\\\/image\\\/\"}}]}<\/script>\n<!-- \/ Yoast SEO plugin. -->","yoast_head_json":{"title":"HVAC - Digitel","robots":{"index":"index","follow":"follow","max-snippet":"max-snippet:-1","max-image-preview":"max-image-preview:large","max-video-preview":"max-video-preview:-1"},"canonical":"https:\/\/digitel.swiss\/pl\/hvac\/","og_locale":"pl_PL","og_type":"article","og_title":"HVAC - Digitel","og_description":"[vc_row css=&#8221;.vc_custom_1618398083658{margin-bottom: 0px !important;border-bottom-width: 0px !important;padding-bottom: 65px !important;}&#8221;][vc_column width=&#8221;2\/3&#8243; css=&#8221;.vc_custom_1618397961025{margin-bottom: 0px !important;border-bottom-width: 0px !important;padding-bottom: 0px !important;}&#8221;][vc_single_image image=&#8221;1902&#8243; img_size=&#8221;full&#8221; css_animation=&#8221;right-to-left&#8221;][\/vc_column][vc_column width=&#8221;1\/3&#8243;][vc_column_text css=&#8221;.vc_custom_1618506651377{margin-bottom: 0px !important;border-bottom-width: 0px !important;padding-bottom: 0px !important;}&#8221;]Dzi\u0119ki ponad 30-letniemu do\u015bwiadczeniu w zarz\u0105dzaniu i kontroli ch\u0142odzenia, Digitel dostarcza r\u00f3wnie\u017c kompletne rozwi\u0105zania do zarz\u0105dzania budynkami, w tym ogrzewaniem, wentylacj\u0105, klimatyzacj\u0105 i o\u015bwietleniem. Ch\u0142odzenie, HVAC i o\u015bwietlenie s\u0105&hellip;","og_url":"https:\/\/digitel.swiss\/pl\/hvac\/","og_site_name":"Digitel","article_modified_time":"2021-06-13T15:13:39+00:00","twitter_card":"summary_large_image","twitter_misc":{"Szacowany czas czytania":"3 minuty"},"schema":{"@context":"https:\/\/schema.org","@graph":[{"@type":"WebPage","@id":"https:\/\/digitel.swiss\/pl\/hvac\/","url":"https:\/\/digitel.swiss\/pl\/hvac\/","name":"HVAC - Digitel","isPartOf":{"@id":"https:\/\/digitel.swiss\/#website"},"datePublished":"2021-06-13T15:10:24+00:00","dateModified":"2021-06-13T15:13:39+00:00","breadcrumb":{"@id":"https:\/\/digitel.swiss\/pl\/hvac\/#breadcrumb"},"inLanguage":"pl-PL","potentialAction":[{"@type":"ReadAction","target":["https:\/\/digitel.swiss\/pl\/hvac\/"]}]},{"@type":"BreadcrumbList","@id":"https:\/\/digitel.swiss\/pl\/hvac\/#breadcrumb","itemListElement":[{"@type":"ListItem","position":1,"name":"Home","item":"https:\/\/digitel.swiss\/pl\/"},{"@type":"ListItem","position":2,"name":"HVAC"}]},{"@type":"WebSite","@id":"https:\/\/digitel.swiss\/#website","url":"https:\/\/digitel.swiss\/","name":"Digitel","description":"Rozwi\u0105zanie elektroniczne","publisher":{"@id":"https:\/\/digitel.swiss\/#organization"},"potentialAction":[{"@type":"SearchAction","target":{"@type":"EntryPoint","urlTemplate":"https:\/\/digitel.swiss\/?s={search_term_string}"},"query-input":{"@type":"PropertyValueSpecification","valueRequired":true,"valueName":"search_term_string"}}],"inLanguage":"pl-PL"},{"@type":"Organization","@id":"https:\/\/digitel.swiss\/#organization","name":"Digitel Swiss","url":"https:\/\/digitel.swiss\/","logo":{"@type":"ImageObject","inLanguage":"pl-PL","@id":"https:\/\/digitel.swiss\/#\/schema\/logo\/image\/","url":"https:\/\/digitel.swiss\/wp-content\/uploads\/2021\/03\/Logo-Digitel_170.png","contentUrl":"https:\/\/digitel.swiss\/wp-content\/uploads\/2021\/03\/Logo-Digitel_170.png","width":170,"height":60,"caption":"Digitel Swiss"},"image":{"@id":"https:\/\/digitel.swiss\/#\/schema\/logo\/image\/"}}]}},"_links":{"self":[{"href":"https:\/\/digitel.swiss\/pl\/wp-json\/wp\/v2\/pages\/3644","targetHints":{"allow":["GET"]}}],"collection":[{"href":"https:\/\/digitel.swiss\/pl\/wp-json\/wp\/v2\/pages"}],"about":[{"href":"https:\/\/digitel.swiss\/pl\/wp-json\/wp\/v2\/types\/page"}],"author":[{"embeddable":true,"href":"https:\/\/digitel.swiss\/pl\/wp-json\/wp\/v2\/users\/1"}],"replies":[{"embeddable":true,"href":"https:\/\/digitel.swiss\/pl\/wp-json\/wp\/v2\/comments?post=3644"}],"version-history":[{"count":8,"href":"https:\/\/digitel.swiss\/pl\/wp-json\/wp\/v2\/pages\/3644\/revisions"}],"predecessor-version":[{"id":3652,"href":"https:\/\/digitel.swiss\/pl\/wp-json\/wp\/v2\/pages\/3644\/revisions\/3652"}],"wp:attachment":[{"href":"https:\/\/digitel.swiss\/pl\/wp-json\/wp\/v2\/media?parent=3644"}],"curies":[{"name":"wp","href":"https:\/\/api.w.org\/{rel}","templated":true}]}}