{"id":3774,"date":"2021-06-15T07:02:05","date_gmt":"2021-06-15T07:02:05","guid":{"rendered":"http:\/\/digitel.elcadia.com\/skontaktuj-sie-z-nami\/"},"modified":"2021-06-15T07:38:13","modified_gmt":"2021-06-15T07:38:13","slug":"skontaktuj-sie-z-nami","status":"publish","type":"page","link":"https:\/\/digitel.swiss\/pl\/skontaktuj-sie-z-nami\/","title":{"rendered":"Skontaktuj si\u0119 z nami"},"content":{"rendered":"<div class=\"wpb-content-wrapper\"><p>[vc_row][vc_column width=&#8221;2\/3&#8243;][vc_tta_accordion style=&#8221;flat&#8221; shape=&#8221;square&#8221; gap=&#8221;10&#8243; c_icon=&#8221;chevron&#8221; active_section=&#8221;1&#8243;][vc_tta_section title=&#8221;Zadzwo\u0144 do nas&#8221; tab_id=&#8221;1617284446818-0ae91938-e21e&#8221;][vc_column_text]<\/p>\n<h5 style=\"margin-bottom: 20px;\">Sprzeda\u017c i wsparcie techniczne<\/h5>\n<p><a style=\"font-size: 20px;\" href=\"tel:+41%20(0)21%20731%2007%2060\">+41 (0)21 731 07 60<\/a><\/p>\n<p style=\"margin-bottom: 20px;\">Jeste\u015bmy dost\u0119pni od poniedzia\u0142ku do pi\u0105tku w godzinach od 8:00 do 12:00 i od 13:00 do 17:00.<\/p>\n<p><a style=\"font-size: 20px;\" href=\"mailto:info@digitel.swiss\">info@digitel.swiss<\/a><\/p>\n<p style=\"margin-bottom: 20px;\">Poza tymi godzinami, lub je\u015bli wolisz napisa\u0107 do nas, mo\u017cesz skontaktowa\u0107 si\u0119 z nami poprzez e-mail<\/p>\n<p>[\/vc_column_text][\/vc_tta_section][vc_tta_section title=&#8221;Wy\u015blij nam wiadomo\u015b\u0107&#8221; tab_id=&#8221;1617284446862-fa1f27ae-f23c&#8221;][vc_column_text]Wype\u0142nij poni\u017cszy formularz, nasz zesp\u00f3\u0142 przetworzy Twoj\u0105 wiadomo\u015b\u0107 tak szybko, jak to mo\u017cliwe.<\/p>\n<div class=\"wpcf7 no-js\" id=\"wpcf7-f3757-o1\" lang=\"pl-PL\" dir=\"ltr\" data-wpcf7-id=\"3757\">\n<div class=\"screen-reader-response\"><p role=\"status\" aria-live=\"polite\" aria-atomic=\"true\"><\/p> <ul><\/ul><\/div>\n<form action=\"\/pl\/wp-json\/wp\/v2\/pages\/3774#wpcf7-f3757-o1\" method=\"post\" class=\"wpcf7-form init\" aria-label=\"Formularz kontaktowy\" novalidate=\"novalidate\" data-status=\"init\">\n<fieldset class=\"hidden-fields-container\"><input type=\"hidden\" name=\"_wpcf7\" value=\"3757\" \/><input type=\"hidden\" name=\"_wpcf7_version\" value=\"6.1.5\" \/><input type=\"hidden\" name=\"_wpcf7_locale\" value=\"pl_PL\" \/><input type=\"hidden\" name=\"_wpcf7_unit_tag\" value=\"wpcf7-f3757-o1\" \/><input type=\"hidden\" name=\"_wpcf7_container_post\" value=\"0\" \/><input type=\"hidden\" name=\"_wpcf7_posted_data_hash\" value=\"\" \/><input type=\"hidden\" name=\"_wpcf7_recaptcha_response\" value=\"\" \/>\n<\/fieldset>\n<p><label> Imi\u0119* <span class=\"wpcf7-form-control-wrap\" data-name=\"your-name\"><input size=\"40\" maxlength=\"400\" class=\"wpcf7-form-control wpcf7-text wpcf7-validates-as-required\" aria-required=\"true\" aria-invalid=\"false\" value=\"\" type=\"text\" name=\"your-name\" \/><\/span> <\/label><br \/>\n<label> Nazwisko* <span class=\"wpcf7-form-control-wrap\" data-name=\"your-name2\"><input size=\"40\" maxlength=\"400\" class=\"wpcf7-form-control wpcf7-text wpcf7-validates-as-required\" aria-required=\"true\" aria-invalid=\"false\" value=\"\" type=\"text\" name=\"your-name2\" \/><\/span> <\/label><br \/>\n<label> Biznes* <span class=\"wpcf7-form-control-wrap\" data-name=\"your-Entreprise\"><input size=\"40\" maxlength=\"400\" class=\"wpcf7-form-control wpcf7-text wpcf7-validates-as-required\" aria-required=\"true\" aria-invalid=\"false\" value=\"\" type=\"text\" name=\"your-Entreprise\" \/><\/span> <\/label><br \/>\n<label> Telefon* <span class=\"wpcf7-form-control-wrap\" data-name=\"your-phone\"><input size=\"40\" maxlength=\"400\" class=\"wpcf7-form-control wpcf7-text wpcf7-validates-as-required\" aria-required=\"true\" aria-invalid=\"false\" value=\"\" type=\"text\" name=\"your-phone\" \/><\/span> <\/label><br \/>\n<label> Adres mailowy* <span class=\"wpcf7-form-control-wrap\" data-name=\"your-email\"><input size=\"40\" maxlength=\"400\" class=\"wpcf7-form-control wpcf7-email wpcf7-validates-as-required wpcf7-text wpcf7-validates-as-email\" aria-required=\"true\" aria-invalid=\"false\" value=\"\" type=\"email\" name=\"your-email\" \/><\/span> <\/label><br \/>\n<label> Moja pro\u015bba dotyczy nast\u0119puj\u0105cego tematu (prosz\u0119 wybra\u0107) *: <span class=\"wpcf7-form-control-wrap\" data-name=\"menu-529\"><select class=\"wpcf7-form-control wpcf7-select wpcf7-validates-as-required\" aria-required=\"true\" aria-invalid=\"false\" name=\"menu-529\"><option value=\"Kup produkty\">Kup produkty<\/option><option value=\"Popro\u015b o demonstracj\u0119\">Popro\u015b o demonstracj\u0119<\/option><option value=\"Popro\u015b o szkolenie\">Popro\u015b o szkolenie<\/option><option value=\"Zosta\u0144 sprzedawc\u0105\">Zosta\u0144 sprzedawc\u0105<\/option><\/select><\/span> <\/label><br \/>\n<label>Wiadomo\u015b\u0107 <span class=\"wpcf7-form-control-wrap\" data-name=\"your-message\"><textarea cols=\"40\" rows=\"10\" maxlength=\"2000\" class=\"wpcf7-form-control wpcf7-textarea\" aria-invalid=\"false\" name=\"your-message\"><\/textarea><\/span> <\/label>\n<\/p>\n<p><input class=\"wpcf7-form-control wpcf7-submit has-spinner\" type=\"submit\" value=\"Wysy\u0142a\u0107\" \/>\n<\/p><input type='hidden' class='wpcf7-pum' value='{\"closepopup\":false,\"closedelay\":0,\"openpopup\":false,\"openpopup_id\":0}' \/><div class=\"wpcf7-response-output\" aria-hidden=\"true\"><\/div>\n<\/form>\n<\/div>\n[\/vc_column_text][\/vc_tta_section][vc_tta_section title=&#8221;Znajd\u017a dystrybutora w swojej okolicy&#8221; tab_id=&#8221;1617284508050-a03e69fa-e904&#8243;][vc_column_text]<a href=\"https:\/\/digitel.swiss\/pl\/dystrybutorzy\/\">Kliknij tutaj, aby znale\u017a\u0107 swojego dystrybutora<\/a>[\/vc_column_text][\/vc_tta_section][vc_tta_section title=&#8221;Adres siedziby g\u0142\u00f3wnej&#8221; tab_id=&#8221;1617284521586-2d97ebcc-8226&#8243;][vc_column_text]Digitel SA<br \/>\nRoute de Montheron 12<br \/>\nCH-1053 Cugy (VD)[\/vc_column_text]<div id='wrap_map_69f0ce8313883' class='ultimate-map-wrapper ult-adjust-bottom-margin ' style=' height:320px;'><div id='map_69f0ce8313883' data-map_override='0' class='ultimate_google_map wpb_content_element 0' style='width:600px;height:320px;'><\/div><\/div><script type='text\/javascript'>\n\t\t\t(function($) {\n  \t\t\t'use strict';\n\t\t\tvar map_map_69f0ce8313883 = null;\n\t\t\tvar coordinate_map_69f0ce8313883;\n\t\t\tvar isDraggable = $(document).width() > 641 ? 'true' : 'true';\n\t\t\ttry\n\t\t\t{\n\t\t\t\tvar map_map_69f0ce8313883 = null;\n\t\t\t\tvar coordinate_map_69f0ce8313883;\n\t\t\t\tcoordinate_map_69f0ce8313883 = new google.maps.LatLng(46.59164397913, 6.6482609985665);\n\t\t\t\tvar mapOptions=\n\t\t\t\t{\n\t\t\t\t\tzoom: 17,\n\t\t\t\t\tcenter: coordinate_map_69f0ce8313883,\n\t\t\t\t\tscaleControl: true,\n\t\t\t\t\tstreetViewControl: false,\n\t\t\t\t\tmapTypeControl: false,\n\t\t\t\t\tpanControl: false,\n\t\t\t\t\tzoomControl: false,\n\t\t\t\t\tscrollwheel: true,\n\t\t\t\t\tdraggable: isDraggable,\n\t\t\t\t\tzoomControlOptions: {\n\t\t\t\t\t\tposition: google.maps.ControlPosition.right_bottom\n\t\t\t\t\t},mapTypeId: google.maps.MapTypeId.roadmap,};var map_map_69f0ce8313883 = new google.maps.Map(document.getElementById('map_69f0ce8313883'),mapOptions);\n\t\t\t\t\t\tvar x = 'infowindow_open_value';\n\t\t\t\t\t\tvar marker_map_69f0ce8313883 = new google.maps.Marker({\n\t\t\t\t\t\tposition: new google.maps.LatLng('46.59164397913', '6.6482609985665'),\n\t\t\t\t\t\tanimation:  google.maps.Animation.DROP,\n\t\t\t\t\t\tmap: map_map_69f0ce8313883,\n\t\t\t\t\t\ticon: 'https:\/\/digitel.swiss\/wp-content\/plugins\/Ultimate_VC_Addons\/assets\/img\/icon-marker-pink.png'\n\t\t\t\t\t});\tgoogle.maps.event.addListener(marker_map_69f0ce8313883, 'click', toggleBounce);var infowindow = new google.maps.InfoWindow();\n\t\t\t\t\t\t\tinfowindow.setContent('<div class=\"map_info_text\" style=\\'color:#000;\\'>Digitel SA<br \/> Route de Montheron 12<br \/> CH-1053 Cugy (VD)<\/p> <p><\/div>');google.maps.event.addListener(marker_map_69f0ce8313883, 'click', function() {\n\t\t\t\t\t\t\t\tinfowindow.open(map_map_69f0ce8313883,marker_map_69f0ce8313883);\n\t\t\t\t\t\t  \t});}\n\t\t\tcatch(e){};\n\t\t\tjQuery(document).ready(function($){\n\t\t\t\tgoogle.maps.event.trigger(map_map_69f0ce8313883, 'resize');\n\t\t\t\t$(window).on('resize', function(){\n\t\t\t\t\tgoogle.maps.event.trigger(map_map_69f0ce8313883, 'resize');\n\t\t\t\t\tif(map_map_69f0ce8313883!=null)\n\t\t\t\t\t\tmap_map_69f0ce8313883.setCenter(coordinate_map_69f0ce8313883);\n\t\t\t\t});\n\t\t\t\t$('.ui-tabs').on('tabsactivate', function(event, ui) {\n\t\t\t\t   if($(this).find('.ultimate-map-wrapper').length > 0)\n\t\t\t\t\t{\n\t\t\t\t\t\tsetTimeout(function(){\n\t\t\t\t\t\t\t$(window).trigger('resize');\n\t\t\t\t\t\t},200);\n\t\t\t\t\t}\n\t\t\t\t});\n\t\t\t\t$('.ui-accordion').on('accordionactivate', function(event, ui) {\n\t\t\t\t   if($(this).find('.ultimate-map-wrapper').length > 0)\n\t\t\t\t\t{\n\t\t\t\t\t\tsetTimeout(function(){\n\t\t\t\t\t\t\t$(window).trigger('resize');\n\t\t\t\t\t\t},200);\n\t\t\t\t\t}\n\t\t\t\t});\n\t\t\t\t$(window).on('load',function(){\n\t\t\t\t\tsetTimeout(function(){\n\t\t\t\t\t\t$(window).trigger('resize');\n\t\t\t\t\t},200);\n\t\t\t\t});\n\t\t\t\t$('.ult_exp_section').on('select', function(){\n\t\t\t\t\tif($(map_map_69f0ce8313883).parents('.ult_exp_section'))\n\t\t\t\t\t{\n\t\t\t\t\t\tsetTimeout(function(){\n\t\t\t\t\t\t\t$(window).trigger('resize');\n\t\t\t\t\t\t},200);\n\t\t\t\t\t}\n\t\t\t\t});\n\t\t\t\t$(document).on('onUVCModalPopupOpen', function(){\n\t\t\t\t\tif($(map_map_69f0ce8313883).parents('.ult_modal-content'))\n\t\t\t\t\t{\n\t\t\t\t\t\tsetTimeout(function(){\n\t\t\t\t\t\t\t$(window).trigger('resize');\n\t\t\t\t\t\t},200);\n\t\t\t\t\t}\n\t\t\t\t});\n\t\t\t\t$(document).on('click','.ult_tab_li',function(){\n\t\t\t\t\t$(window).trigger('resize');\n\t\t\t\t\tsetTimeout(function(){\n\t\t\t\t\t\t$(window).trigger('resize');\n\t\t\t\t\t},200);\n\t\t\t\t});\n\t\t\t});\n\t\t\tfunction toggleBounce() {\n\t\t\t  if (marker_map_69f0ce8313883.getAnimation() != null) {\n\t\t\t\tmarker_map_69f0ce8313883.setAnimation(null);\n\t\t\t  } else {\n\t\t\t\tmarker_map_69f0ce8313883.setAnimation(google.maps.Animation.BOUNCE);\n\t\t\t  }\n\t\t\t}\n\t\t\t})(jQuery);\n\t\t\t<\/script>[\/vc_tta_section][\/vc_tta_accordion][\/vc_column][vc_column width=&#8221;1\/3&#8243;][vc_single_image image=&#8221;3165&#8243; img_size=&#8221;full&#8221;][\/vc_column][\/vc_row][vc_row][vc_column][\/vc_column][\/vc_row]<\/p>\n<\/div>","protected":false},"excerpt":{"rendered":"<p>[vc_row][vc_column width=&#8221;2\/3&#8243;][vc_tta_accordion style=&#8221;flat&#8221; shape=&#8221;square&#8221; gap=&#8221;10&#8243; c_icon=&#8221;chevron&#8221; active_section=&#8221;1&#8243;][vc_tta_section title=&#8221;Zadzwo\u0144 do nas&#8221; tab_id=&#8221;1617284446818-0ae91938-e21e&#8221;][vc_column_text] Sprzeda\u017c i wsparcie techniczne +41 (0)21 731 07 60 Jeste\u015bmy dost\u0119pni od poniedzia\u0142ku do pi\u0105tku w godzinach od 8:00 do 12:00 i od 13:00 do 17:00. info@digitel.swiss Poza tymi godzinami, lub je\u015bli wolisz napisa\u0107 do nas, mo\u017cesz skontaktowa\u0107 si\u0119 z nami poprzez e-mail [\/vc_column_text][\/vc_tta_section][vc_tta_section&hellip;<\/p>\n","protected":false},"author":1,"featured_media":0,"parent":0,"menu_order":4,"comment_status":"closed","ping_status":"closed","template":"","meta":{"_acf_changed":false,"footnotes":""},"class_list":["post-3774","page","type-page","status-publish","hentry","description-off"],"acf":[],"yoast_head":"<!-- This site is optimized with the Yoast SEO plugin v27.4 - https:\/\/yoast.com\/product\/yoast-seo-wordpress\/ -->\n<title>Skontaktuj si\u0119 z nami - Digitel<\/title>\n<meta name=\"robots\" content=\"index, follow, max-snippet:-1, max-image-preview:large, max-video-preview:-1\" \/>\n<link rel=\"canonical\" href=\"https:\/\/digitel.swiss\/contact\/\" \/>\n<meta property=\"og:locale\" content=\"pl_PL\" \/>\n<meta property=\"og:type\" content=\"article\" \/>\n<meta property=\"og:title\" content=\"Skontaktuj si\u0119 z nami - Digitel\" \/>\n<meta property=\"og:description\" content=\"[vc_row][vc_column width=&#8221;2\/3&#8243;][vc_tta_accordion style=&#8221;flat&#8221; shape=&#8221;square&#8221; gap=&#8221;10&#8243; c_icon=&#8221;chevron&#8221; active_section=&#8221;1&#8243;][vc_tta_section title=&#8221;Zadzwo\u0144 do nas&#8221; tab_id=&#8221;1617284446818-0ae91938-e21e&#8221;][vc_column_text] Sprzeda\u017c i wsparcie techniczne +41 (0)21 731 07 60 Jeste\u015bmy dost\u0119pni od poniedzia\u0142ku do pi\u0105tku w godzinach od 8:00 do 12:00 i od 13:00 do 17:00. info@digitel.swiss Poza tymi godzinami, lub je\u015bli wolisz napisa\u0107 do nas, mo\u017cesz skontaktowa\u0107 si\u0119 z nami poprzez e-mail [\/vc_column_text][\/vc_tta_section][vc_tta_section&hellip;\" \/>\n<meta property=\"og:url\" content=\"https:\/\/digitel.swiss\/contact\/\" \/>\n<meta property=\"og:site_name\" content=\"Digitel\" \/>\n<meta property=\"article:modified_time\" content=\"2021-06-15T07:38:13+00:00\" \/>\n<meta name=\"twitter:card\" content=\"summary_large_image\" \/>\n<meta name=\"twitter:label1\" content=\"Szacowany czas czytania\" \/>\n\t<meta name=\"twitter:data1\" content=\"1 minuta\" \/>\n<script type=\"application\/ld+json\" class=\"yoast-schema-graph\">{\"@context\":\"https:\\\/\\\/schema.org\",\"@graph\":[{\"@type\":\"WebPage\",\"@id\":\"https:\\\/\\\/digitel.swiss\\\/contact\\\/\",\"url\":\"https:\\\/\\\/digitel.swiss\\\/contact\\\/\",\"name\":\"Skontaktuj si\u0119 z nami - Digitel\",\"isPartOf\":{\"@id\":\"https:\\\/\\\/digitel.swiss\\\/#website\"},\"datePublished\":\"2021-06-15T07:02:05+00:00\",\"dateModified\":\"2021-06-15T07:38:13+00:00\",\"breadcrumb\":{\"@id\":\"https:\\\/\\\/digitel.swiss\\\/contact\\\/#breadcrumb\"},\"inLanguage\":\"pl-PL\",\"potentialAction\":[{\"@type\":\"ReadAction\",\"target\":[\"https:\\\/\\\/digitel.swiss\\\/contact\\\/\"]}]},{\"@type\":\"BreadcrumbList\",\"@id\":\"https:\\\/\\\/digitel.swiss\\\/contact\\\/#breadcrumb\",\"itemListElement\":[{\"@type\":\"ListItem\",\"position\":1,\"name\":\"Home\",\"item\":\"https:\\\/\\\/digitel.swiss\\\/pl\\\/\"},{\"@type\":\"ListItem\",\"position\":2,\"name\":\"Skontaktuj si\u0119 z nami\"}]},{\"@type\":\"WebSite\",\"@id\":\"https:\\\/\\\/digitel.swiss\\\/#website\",\"url\":\"https:\\\/\\\/digitel.swiss\\\/\",\"name\":\"Digitel\",\"description\":\"Rozwi\u0105zanie elektroniczne\",\"publisher\":{\"@id\":\"https:\\\/\\\/digitel.swiss\\\/#organization\"},\"potentialAction\":[{\"@type\":\"SearchAction\",\"target\":{\"@type\":\"EntryPoint\",\"urlTemplate\":\"https:\\\/\\\/digitel.swiss\\\/?s={search_term_string}\"},\"query-input\":{\"@type\":\"PropertyValueSpecification\",\"valueRequired\":true,\"valueName\":\"search_term_string\"}}],\"inLanguage\":\"pl-PL\"},{\"@type\":\"Organization\",\"@id\":\"https:\\\/\\\/digitel.swiss\\\/#organization\",\"name\":\"Digitel Swiss\",\"url\":\"https:\\\/\\\/digitel.swiss\\\/\",\"logo\":{\"@type\":\"ImageObject\",\"inLanguage\":\"pl-PL\",\"@id\":\"https:\\\/\\\/digitel.swiss\\\/#\\\/schema\\\/logo\\\/image\\\/\",\"url\":\"https:\\\/\\\/digitel.swiss\\\/wp-content\\\/uploads\\\/2021\\\/03\\\/Logo-Digitel_170.png\",\"contentUrl\":\"https:\\\/\\\/digitel.swiss\\\/wp-content\\\/uploads\\\/2021\\\/03\\\/Logo-Digitel_170.png\",\"width\":170,\"height\":60,\"caption\":\"Digitel Swiss\"},\"image\":{\"@id\":\"https:\\\/\\\/digitel.swiss\\\/#\\\/schema\\\/logo\\\/image\\\/\"}}]}<\/script>\n<!-- \/ Yoast SEO plugin. -->","yoast_head_json":{"title":"Skontaktuj si\u0119 z nami - Digitel","robots":{"index":"index","follow":"follow","max-snippet":"max-snippet:-1","max-image-preview":"max-image-preview:large","max-video-preview":"max-video-preview:-1"},"canonical":"https:\/\/digitel.swiss\/contact\/","og_locale":"pl_PL","og_type":"article","og_title":"Skontaktuj si\u0119 z nami - Digitel","og_description":"[vc_row][vc_column width=&#8221;2\/3&#8243;][vc_tta_accordion style=&#8221;flat&#8221; shape=&#8221;square&#8221; gap=&#8221;10&#8243; c_icon=&#8221;chevron&#8221; active_section=&#8221;1&#8243;][vc_tta_section title=&#8221;Zadzwo\u0144 do nas&#8221; tab_id=&#8221;1617284446818-0ae91938-e21e&#8221;][vc_column_text] Sprzeda\u017c i wsparcie techniczne +41 (0)21 731 07 60 Jeste\u015bmy dost\u0119pni od poniedzia\u0142ku do pi\u0105tku w godzinach od 8:00 do 12:00 i od 13:00 do 17:00. info@digitel.swiss Poza tymi godzinami, lub je\u015bli wolisz napisa\u0107 do nas, mo\u017cesz skontaktowa\u0107 si\u0119 z nami poprzez e-mail [\/vc_column_text][\/vc_tta_section][vc_tta_section&hellip;","og_url":"https:\/\/digitel.swiss\/contact\/","og_site_name":"Digitel","article_modified_time":"2021-06-15T07:38:13+00:00","twitter_card":"summary_large_image","twitter_misc":{"Szacowany czas czytania":"1 minuta"},"schema":{"@context":"https:\/\/schema.org","@graph":[{"@type":"WebPage","@id":"https:\/\/digitel.swiss\/contact\/","url":"https:\/\/digitel.swiss\/contact\/","name":"Skontaktuj si\u0119 z nami - Digitel","isPartOf":{"@id":"https:\/\/digitel.swiss\/#website"},"datePublished":"2021-06-15T07:02:05+00:00","dateModified":"2021-06-15T07:38:13+00:00","breadcrumb":{"@id":"https:\/\/digitel.swiss\/contact\/#breadcrumb"},"inLanguage":"pl-PL","potentialAction":[{"@type":"ReadAction","target":["https:\/\/digitel.swiss\/contact\/"]}]},{"@type":"BreadcrumbList","@id":"https:\/\/digitel.swiss\/contact\/#breadcrumb","itemListElement":[{"@type":"ListItem","position":1,"name":"Home","item":"https:\/\/digitel.swiss\/pl\/"},{"@type":"ListItem","position":2,"name":"Skontaktuj si\u0119 z nami"}]},{"@type":"WebSite","@id":"https:\/\/digitel.swiss\/#website","url":"https:\/\/digitel.swiss\/","name":"Digitel","description":"Rozwi\u0105zanie elektroniczne","publisher":{"@id":"https:\/\/digitel.swiss\/#organization"},"potentialAction":[{"@type":"SearchAction","target":{"@type":"EntryPoint","urlTemplate":"https:\/\/digitel.swiss\/?s={search_term_string}"},"query-input":{"@type":"PropertyValueSpecification","valueRequired":true,"valueName":"search_term_string"}}],"inLanguage":"pl-PL"},{"@type":"Organization","@id":"https:\/\/digitel.swiss\/#organization","name":"Digitel Swiss","url":"https:\/\/digitel.swiss\/","logo":{"@type":"ImageObject","inLanguage":"pl-PL","@id":"https:\/\/digitel.swiss\/#\/schema\/logo\/image\/","url":"https:\/\/digitel.swiss\/wp-content\/uploads\/2021\/03\/Logo-Digitel_170.png","contentUrl":"https:\/\/digitel.swiss\/wp-content\/uploads\/2021\/03\/Logo-Digitel_170.png","width":170,"height":60,"caption":"Digitel Swiss"},"image":{"@id":"https:\/\/digitel.swiss\/#\/schema\/logo\/image\/"}}]}},"_links":{"self":[{"href":"https:\/\/digitel.swiss\/pl\/wp-json\/wp\/v2\/pages\/3774","targetHints":{"allow":["GET"]}}],"collection":[{"href":"https:\/\/digitel.swiss\/pl\/wp-json\/wp\/v2\/pages"}],"about":[{"href":"https:\/\/digitel.swiss\/pl\/wp-json\/wp\/v2\/types\/page"}],"author":[{"embeddable":true,"href":"https:\/\/digitel.swiss\/pl\/wp-json\/wp\/v2\/users\/1"}],"replies":[{"embeddable":true,"href":"https:\/\/digitel.swiss\/pl\/wp-json\/wp\/v2\/comments?post=3774"}],"version-history":[{"count":8,"href":"https:\/\/digitel.swiss\/pl\/wp-json\/wp\/v2\/pages\/3774\/revisions"}],"predecessor-version":[{"id":3809,"href":"https:\/\/digitel.swiss\/pl\/wp-json\/wp\/v2\/pages\/3774\/revisions\/3809"}],"wp:attachment":[{"href":"https:\/\/digitel.swiss\/pl\/wp-json\/wp\/v2\/media?parent=3774"}],"curies":[{"name":"wp","href":"https:\/\/api.w.org\/{rel}","templated":true}]}}