{"id":7252,"date":"2022-01-31T13:48:25","date_gmt":"2022-01-31T13:48:25","guid":{"rendered":"https:\/\/digitel.swiss\/news\/"},"modified":"2022-02-01T09:29:30","modified_gmt":"2022-02-01T09:29:30","slug":"news","status":"publish","type":"page","link":"https:\/\/digitel.swiss\/pl\/news\/","title":{"rendered":"News"},"content":{"rendered":"<div class=\"wpb-content-wrapper\"><p>[vc_row css=&#8221;.vc_custom_1643637192483{padding-bottom: 100px !important;}&#8221;][vc_column]<style type=\"text\/css\" data-type=\"the7_shortcodes-inline-css\">.blog-shortcode.blog-list-shortcode-id-c7f7957945d9dddcb7ce5c06427098c1.dividers-on.classic-layout-list article {\n  margin-top: 50px;\n  padding-top: 0;\n}\n.blog-shortcode.blog-list-shortcode-id-c7f7957945d9dddcb7ce5c06427098c1.dividers-on.classic-layout-list article:first-of-type {\n  margin-top: 0;\n  padding-top: 0;\n}\n.blog-shortcode.blog-list-shortcode-id-c7f7957945d9dddcb7ce5c06427098c1.classic-layout-list.mode-list .post-thumbnail-wrap {\n  width: 30%;\n}\n.blog-shortcode.blog-list-shortcode-id-c7f7957945d9dddcb7ce5c06427098c1.classic-layout-list.mode-list .post-entry-content {\n  width: calc(100% - 30%);\n}\n.blog-shortcode.blog-list-shortcode-id-c7f7957945d9dddcb7ce5c06427098c1.classic-layout-list.mode-list .no-img .post-entry-content {\n  width: 100%;\n}\n.blog-shortcode.blog-list-shortcode-id-c7f7957945d9dddcb7ce5c06427098c1 .paginator {\n  margin-top: 5px;\n}\n.blog-shortcode.blog-list-shortcode-id-c7f7957945d9dddcb7ce5c06427098c1 .filter-bg-decoration .filter-categories a.act {\n  color: #fff;\n}\n.blog-shortcode.blog-list-shortcode-id-c7f7957945d9dddcb7ce5c06427098c1:not(.mode-masonry) article {\n  margin-top: 50px;\n}\n.blog-shortcode.blog-list-shortcode-id-c7f7957945d9dddcb7ce5c06427098c1:not(.mode-masonry) article:first-of-type,\n.blog-shortcode.blog-list-shortcode-id-c7f7957945d9dddcb7ce5c06427098c1:not(.mode-masonry) article.visible.first:not(.product) {\n  margin-top: 0;\n}\n.blog-shortcode.blog-list-shortcode-id-c7f7957945d9dddcb7ce5c06427098c1.dividers-on:not(.mode-masonry) article {\n  margin-top: 0;\n  padding-top: 50px;\n}\n.blog-shortcode.blog-list-shortcode-id-c7f7957945d9dddcb7ce5c06427098c1.dividers-on:not(.mode-masonry) article:first-of-type,\n.blog-shortcode.blog-list-shortcode-id-c7f7957945d9dddcb7ce5c06427098c1.dividers-on:not(.mode-masonry) article.visible.first:not(.product) {\n  margin-top: 0;\n  padding-top: 0;\n}\n.blog-shortcode.blog-list-shortcode-id-c7f7957945d9dddcb7ce5c06427098c1 .post-thumbnail-wrap {\n  padding: 0px 0px 0px 0px;\n}\n.blog-shortcode.blog-list-shortcode-id-c7f7957945d9dddcb7ce5c06427098c1.enable-bg-rollover .post-thumbnail-rollover:after {\n  background: -webkit-linear-gradient();\n  background: linear-gradient();\n}\n.blog-shortcode.blog-list-shortcode-id-c7f7957945d9dddcb7ce5c06427098c1 .gallery-zoom-ico {\n  width: 44px;\n  height: 44px;\n  line-height: 44px;\n  border-radius: 100px;\n  margin: -22px 0 0 -22px;\n  border-width: 0px;\n  color: #ffffff;\n}\n.bottom-overlap-layout-list.blog-shortcode.blog-list-shortcode-id-c7f7957945d9dddcb7ce5c06427098c1 .gallery-zoom-ico {\n  margin-top: -22px;\n}\n.gradient-overlay-layout-list.blog-shortcode.blog-list-shortcode-id-c7f7957945d9dddcb7ce5c06427098c1 .gallery-zoom-ico,\n.content-rollover-layout-list.blog-shortcode.blog-list-shortcode-id-c7f7957945d9dddcb7ce5c06427098c1 .gallery-zoom-ico {\n  margin: 0 0 10px;\n}\n.content-align-center.gradient-overlay-layout-list.blog-shortcode.blog-list-shortcode-id-c7f7957945d9dddcb7ce5c06427098c1 .gallery-zoom-ico,\n.content-align-center.content-rollover-layout-list.blog-shortcode.blog-list-shortcode-id-c7f7957945d9dddcb7ce5c06427098c1 .gallery-zoom-ico {\n  margin: 0 auto 10px;\n}\n.dt-icon-bg-on.blog-shortcode.blog-list-shortcode-id-c7f7957945d9dddcb7ce5c06427098c1 .gallery-zoom-ico {\n  background: rgba(255,255,255,0.3);\n  box-shadow: none;\n}\n.blog-shortcode.blog-list-shortcode-id-c7f7957945d9dddcb7ce5c06427098c1 .gallery-zoom-ico > span,\n.blog-shortcode.blog-list-shortcode-id-c7f7957945d9dddcb7ce5c06427098c1 .gallery-zoom-ico:before {\n  font-size: 32px;\n  line-height: 44px;\n}\n.blog-shortcode.blog-list-shortcode-id-c7f7957945d9dddcb7ce5c06427098c1 .gallery-zoom-ico > span,\n.blog-shortcode.blog-list-shortcode-id-c7f7957945d9dddcb7ce5c06427098c1 .gallery-zoom-ico:before {\n  color: #ffffff;\n}\n.blog-shortcode.blog-list-shortcode-id-c7f7957945d9dddcb7ce5c06427098c1 .fancy-date a {\n  background: #ffffff;\n  box-shadow: none;\n}\n.blog-shortcode.blog-list-shortcode-id-c7f7957945d9dddcb7ce5c06427098c1 .fancy-date a * {\n  color: #2d2d2d;\n}\n.blog-shortcode.blog-list-shortcode-id-c7f7957945d9dddcb7ce5c06427098c1 .entry-title,\n.blog-shortcode.blog-list-shortcode-id-c7f7957945d9dddcb7ce5c06427098c1.owl-carousel .entry-title {\n  margin-bottom: 5px;\n  font-size: 18px;\n  line-height: 22px;\n  font-weight: bold;\n}\n.blog-shortcode.blog-list-shortcode-id-c7f7957945d9dddcb7ce5c06427098c1 .entry-meta {\n  margin-bottom: 15px;\n}\n.blog-shortcode.blog-list-shortcode-id-c7f7957945d9dddcb7ce5c06427098c1 .portfolio-categories {\n  margin-bottom: 15px;\n}\n.blog-shortcode.blog-list-shortcode-id-c7f7957945d9dddcb7ce5c06427098c1 .entry-excerpt {\n  margin-bottom: 5px;\n}\n.blog-shortcode.blog-list-shortcode-id-c7f7957945d9dddcb7ce5c06427098c1:not(.centered-layout-list) .post-entry-content {\n  padding: 25px 30px 30px 30px;\n}\n.blog-shortcode.blog-list-shortcode-id-c7f7957945d9dddcb7ce5c06427098c1:not(.centered-layout-list):not(.content-bg-on):not(.mode-list) .no-img .post-entry-content {\n  padding: 0;\n}\n@media screen and (max-width: 768px) {\n  .blog-shortcode.blog-list-shortcode-id-c7f7957945d9dddcb7ce5c06427098c1 article {\n    -ms-flex-flow: column nowrap;\n    flex-flow: column nowrap;\n    margin-top: 20px;\n  }\n  .blog-shortcode.blog-list-shortcode-id-c7f7957945d9dddcb7ce5c06427098c1.dividers-on article {\n    border: none;\n  }\n  .blog-shortcode.blog-list-shortcode-id-c7f7957945d9dddcb7ce5c06427098c1.content-bg-on.centered-layout-list article {\n    padding: 0;\n  }\n  .blog-shortcode.blog-list-shortcode-id-c7f7957945d9dddcb7ce5c06427098c1.blog-shortcode.dividers-on article,\n  .blog-shortcode.blog-list-shortcode-id-c7f7957945d9dddcb7ce5c06427098c1.dividers-on.classic-layout-list article {\n    margin-top: 20px;\n    padding: 0;\n  }\n  .blog-shortcode.blog-list-shortcode-id-c7f7957945d9dddcb7ce5c06427098c1.blog-shortcode.dividers-on article:first-of-type,\n  .blog-shortcode.blog-list-shortcode-id-c7f7957945d9dddcb7ce5c06427098c1.dividers-on.classic-layout-list article:first-of-type {\n    padding: 0;\n  }\n  #page .blog-shortcode.blog-list-shortcode-id-c7f7957945d9dddcb7ce5c06427098c1 .post-thumbnail-wrap,\n  #page .blog-shortcode.blog-list-shortcode-id-c7f7957945d9dddcb7ce5c06427098c1 .post-entry-content {\n    width: 100%;\n    margin: 0;\n    top: 0;\n  }\n  #page .blog-shortcode.blog-list-shortcode-id-c7f7957945d9dddcb7ce5c06427098c1 .post-thumbnail-wrap {\n    padding: 0;\n  }\n  #page .blog-shortcode.blog-list-shortcode-id-c7f7957945d9dddcb7ce5c06427098c1 .post-entry-content:after {\n    display: none;\n  }\n  #page .blog-shortcode.blog-list-shortcode-id-c7f7957945d9dddcb7ce5c06427098c1 .project-even .post-thumbnail-wrap,\n  #page .blog-shortcode.blog-list-shortcode-id-c7f7957945d9dddcb7ce5c06427098c1.centered-layout-list .post-thumbnail-wrap {\n    -ms-flex-order: 0;\n    order: 0;\n  }\n  #page .blog-shortcode.blog-list-shortcode-id-c7f7957945d9dddcb7ce5c06427098c1.centered-layout-list .post-entry-title-content {\n    -ms-flex-order: 1;\n    order: 1;\n    width: 100%;\n    padding: 20px 20px 0;\n  }\n  #page .blog-shortcode.blog-list-shortcode-id-c7f7957945d9dddcb7ce5c06427098c1.centered-layout-list .post-entry-content {\n    -ms-flex-order: 2;\n    order: 2;\n    padding-top: 0;\n  }\n  #page .blog-shortcode.blog-list-shortcode-id-c7f7957945d9dddcb7ce5c06427098c1 .fancy-categories {\n    top: 10px;\n    left: 10px;\n    bottom: auto;\n    right: auto;\n  }\n  #page .blog-shortcode.blog-list-shortcode-id-c7f7957945d9dddcb7ce5c06427098c1 .fancy-date a {\n    top: 10px;\n    right: 10px;\n    left: auto;\n    bottom: auto;\n  }\n  #page .blog-shortcode.blog-list-shortcode-id-c7f7957945d9dddcb7ce5c06427098c1 .post-entry-content {\n    padding: 20px;\n  }\n  #page .blog-shortcode.blog-list-shortcode-id-c7f7957945d9dddcb7ce5c06427098c1 .entry-title {\n    margin: 3px 0 5px;\n    font-size: 20px;\n    font-size: 18px;\n    line-height: 26px;\n    line-height: 22px;\n  }\n  #page .blog-shortcode.blog-list-shortcode-id-c7f7957945d9dddcb7ce5c06427098c1 .entry-meta {\n    margin: 5px 0 5px;\n  }\n  #page .blog-shortcode.blog-list-shortcode-id-c7f7957945d9dddcb7ce5c06427098c1 .entry-excerpt {\n    margin: 15px 0 0;\n  }\n  #page .blog-shortcode.blog-list-shortcode-id-c7f7957945d9dddcb7ce5c06427098c1 .post-details {\n    margin: 5px 0 10px;\n  }\n  #page .blog-shortcode.blog-list-shortcode-id-c7f7957945d9dddcb7ce5c06427098c1 .post-details.details-type-link {\n    margin-bottom: 2px;\n  }\n}<\/style><div class=\"articles-list blog-shortcode mode-list blog-list-shortcode-id-c7f7957945d9dddcb7ce5c06427098c1 classic-layout-list content-bg-on scale-img dt-icon-bg-off loading-effect-fade-in\" data-cur-page=\"1\" data-post-limit=\"-1\" data-pagination-mode=\"pages\"><article class=\"post project-odd visible post-8063 type-post status-publish format-standard has-post-thumbnail hentry category-bez-kategorii category-news-pl category-74 category-228 description-off\" data-name=\"Nowo\u015b\u0107! Epta integruje system sterowania Digitel w fabryce\" data-date=\"2022-03-23T13:13:42+00:00\">\n\n<div class=\"post-thumbnail-wrap\">\n\t<div class=\"post-thumbnail\">\n\n\t\t\n\t\t\n\t\t<a href=\"https:\/\/digitel.swiss\/pl\/nowosc-epta-integruje-system-sterowania-digitel-w-fabryce\/\" class=\"post-thumbnail-rollover layzr-bg layzr-bg\" ><img fetchpriority=\"high\" decoding=\"async\" class=\"lazy-load preload-me lazy-load aspect\" src=\"data:image\/svg+xml,%3Csvg%20xmlns%3D&#39;http%3A%2F%2Fwww.w3.org%2F2000%2Fsvg&#39;%20viewBox%3D&#39;0%200%20757%20505&#39;%2F%3E\" data-src=\"https:\/\/digitel.swiss\/wp-content\/uploads\/2022\/02\/Sans-titre-e1644848664433-757x505.png\" data-srcset=\"https:\/\/digitel.swiss\/wp-content\/uploads\/2022\/02\/Sans-titre-e1644848664433-757x505.png 757w, https:\/\/digitel.swiss\/wp-content\/uploads\/2022\/02\/Sans-titre-e1644848664433-758x505.png 758w\" loading=\"eager\" style=\"--ratio: 757 \/ 505\" sizes=\"(max-width: 757px) 100vw, 757px\" alt=\"\" title=\"R\u00e9gulation \u00e0 destination de la r\u00e9frig\u00e9ration\" width=\"757\" height=\"505\"  \/><\/a>\n\t<\/div>\n<\/div>\n\n\n<div class=\"post-entry-content\">\n\n\t<h3 class=\"entry-title\">\n\t\t<a href=\"https:\/\/digitel.swiss\/pl\/nowosc-epta-integruje-system-sterowania-digitel-w-fabryce\/\" title=\"Nowo\u015b\u0107! Epta integruje system sterowania Digitel w fabryce\" rel=\"bookmark\">Nowo\u015b\u0107! Epta integruje system sterowania Digitel w fabryce<\/a>\n\t<\/h3>\n\n\t<div class=\"entry-meta\"><a href=\"https:\/\/digitel.swiss\/pl\/2022\/03\/23\/\" title=\"13:13\" class=\"data-link\" rel=\"bookmark\"><time class=\"entry-date updated\" datetime=\"2022-03-23T13:13:42+00:00\">2022-03-23<\/time><\/a><\/div>\n\t<div class=\"entry-excerpt\"><p>Producent mebli Epta, do kt\u00f3rego nale\u017c\u0105 marki Costan i Bonnet N\u00e9v\u00e9, mo\u017ce teraz montowa\u0107 system sterowania cyfrowego bezpo\u015brednio w meblach w fabryce. Aby skorzysta\u0107 z&hellip;<\/p>\n<\/div>\n\t\n<a href=\"https:\/\/digitel.swiss\/pl\/nowosc-epta-integruje-system-sterowania-digitel-w-fabryce\/\" class=\"post-details details-type-link\" aria-label=\"Read more about Nowo\u015b\u0107! Epta integruje system sterowania Digitel w fabryce\">Read more<i class=\"dt-icon-the7-arrow-03\" aria-hidden=\"true\"><\/i><\/a>\n\n<\/div><\/article><article class=\"post project-odd visible post-7239 type-post status-publish format-standard has-post-thumbnail hentry category-news-pl category-228 description-off\" data-name=\"Digitel zdobywa nagrod\u0119 CSEM Digital Journey\" data-date=\"2022-01-31T12:53:44+00:00\">\n\n<div class=\"post-thumbnail-wrap\">\n\t<div class=\"post-thumbnail\">\n\n\t\t\n\t\t\n\t\t<a href=\"https:\/\/digitel.swiss\/pl\/cyfrowa-wygraj-nagrody-cyfrowa-podroz-csem\/\" class=\"post-thumbnail-rollover layzr-bg layzr-bg\" ><img decoding=\"async\" class=\"lazy-load preload-me lazy-load aspect\" src=\"data:image\/svg+xml,%3Csvg%20xmlns%3D&#39;http%3A%2F%2Fwww.w3.org%2F2000%2Fsvg&#39;%20viewBox%3D&#39;0%200%20768%20512&#39;%2F%3E\" data-src=\"https:\/\/digitel.swiss\/wp-content\/uploads\/2022\/01\/Prix-CSEM-rotated-e1643720546119-768x512.jpeg\" data-srcset=\"https:\/\/digitel.swiss\/wp-content\/uploads\/2022\/01\/Prix-CSEM-rotated-e1643720546119-768x512.jpeg 768w, https:\/\/digitel.swiss\/wp-content\/uploads\/2022\/01\/Prix-CSEM-rotated-e1643720546119-1023x682.jpeg 1023w\" loading=\"eager\" style=\"--ratio: 768 \/ 512\" sizes=\"(max-width: 768px) 100vw, 768px\" alt=\"\" title=\"Prix CSEM\" width=\"768\" height=\"512\"  \/><\/a>\n\t<\/div>\n<\/div>\n\n\n<div class=\"post-entry-content\">\n\n\t<h3 class=\"entry-title\">\n\t\t<a href=\"https:\/\/digitel.swiss\/pl\/cyfrowa-wygraj-nagrody-cyfrowa-podroz-csem\/\" title=\"Digitel zdobywa nagrod\u0119 CSEM Digital Journey\" rel=\"bookmark\">Digitel zdobywa nagrod\u0119 CSEM Digital Journey<\/a>\n\t<\/h3>\n\n\t<div class=\"entry-meta\"><a href=\"https:\/\/digitel.swiss\/pl\/2022\/01\/31\/\" title=\"12:53\" class=\"data-link\" rel=\"bookmark\"><time class=\"entry-date updated\" datetime=\"2022-01-31T12:53:44+00:00\">2022-01-31<\/time><\/a><\/div>\n\t<div class=\"entry-excerpt\"><p>Firma Digitel zosta\u0142a uhonorowana nagrod\u0105 CSEM Digital Journey Award! Innowacyjno\u015b\u0107 zawsze by\u0142a dla nas wa\u017cna. Tym wa\u017cniejsze jest, aby wdro\u017cy\u0107 je w sektorze ch\u0142odnictwa, kt\u00f3ry&hellip;<\/p>\n<\/div>\n\t\n<a href=\"https:\/\/digitel.swiss\/pl\/cyfrowa-wygraj-nagrody-cyfrowa-podroz-csem\/\" class=\"post-details details-type-link\" aria-label=\"Read more about Digitel zdobywa nagrod\u0119 CSEM Digital Journey\">Read more<i class=\"dt-icon-the7-arrow-03\" aria-hidden=\"true\"><\/i><\/a>\n\n<\/div><\/article><article class=\"post project-odd visible post-7237 type-post status-publish format-standard has-post-thumbnail hentry category-news-pl category-228 description-off\" data-name=\"Najnowsze osi\u0105gni\u0119cia: instalacje transkrytyczne CO2\" data-date=\"2022-01-31T12:45:44+00:00\">\n\n<div class=\"post-thumbnail-wrap\">\n\t<div class=\"post-thumbnail\">\n\n\t\t\n\t\t\n\t\t<a href=\"https:\/\/digitel.swiss\/pl\/rozwoj-co2-instalacje-transkrytyczne\/\" class=\"post-thumbnail-rollover layzr-bg layzr-bg\" ><img decoding=\"async\" class=\"lazy-load preload-me lazy-load aspect\" src=\"data:image\/svg+xml,%3Csvg%20xmlns%3D&#39;http%3A%2F%2Fwww.w3.org%2F2000%2Fsvg&#39;%20viewBox%3D&#39;0%200%20768%20512&#39;%2F%3E\" data-src=\"https:\/\/digitel.swiss\/wp-content\/uploads\/2022\/01\/IMG_2969-scaled-768x512.jpeg\" data-srcset=\"https:\/\/digitel.swiss\/wp-content\/uploads\/2022\/01\/IMG_2969-scaled-768x512.jpeg 768w, https:\/\/digitel.swiss\/wp-content\/uploads\/2022\/01\/IMG_2969-scaled-1306x870.jpeg 1306w\" loading=\"eager\" style=\"--ratio: 768 \/ 512\" sizes=\"(max-width: 768px) 100vw, 768px\" alt=\"\" title=\"IMG_2969\" width=\"768\" height=\"512\"  \/><\/a>\n\t<\/div>\n<\/div>\n\n\n<div class=\"post-entry-content\">\n\n\t<h3 class=\"entry-title\">\n\t\t<a href=\"https:\/\/digitel.swiss\/pl\/rozwoj-co2-instalacje-transkrytyczne\/\" title=\"Najnowsze osi\u0105gni\u0119cia: instalacje transkrytyczne CO2\" rel=\"bookmark\">Najnowsze osi\u0105gni\u0119cia: instalacje transkrytyczne CO2<\/a>\n\t<\/h3>\n\n\t<div class=\"entry-meta\"><a href=\"https:\/\/digitel.swiss\/pl\/2022\/01\/31\/\" title=\"12:45\" class=\"data-link\" rel=\"bookmark\"><time class=\"entry-date updated\" datetime=\"2022-01-31T12:45:44+00:00\">2022-01-31<\/time><\/a><\/div>\n\t<div class=\"entry-excerpt\"><p>Stopniowe zmniejszanie zu\u017cycia gaz\u00f3w fluorowanych doprowadzi\u0142o do stosowania czynnik\u00f3w ch\u0142odniczych bardziej przyjaznych dla \u015brodowiska. Dzi\u0119ki wysokiej wydajno\u015bci wymiany ciep\u0142a CO2 po cichu sta\u0142 si\u0119 naturalnym&hellip;<\/p>\n<\/div>\n\t\n<a href=\"https:\/\/digitel.swiss\/pl\/rozwoj-co2-instalacje-transkrytyczne\/\" class=\"post-details details-type-link\" aria-label=\"Read more about Najnowsze osi\u0105gni\u0119cia: instalacje transkrytyczne CO2\">Read more<i class=\"dt-icon-the7-arrow-03\" aria-hidden=\"true\"><\/i><\/a>\n\n<\/div><\/article><article class=\"post project-odd visible post-7241 type-post status-publish format-standard has-post-thumbnail hentry category-news-pl category-228 description-off\" data-name=\"Firma Digitel by\u0142a obecna na targach SIFA Expo w Pary\u017cu 2021.\" data-date=\"2022-01-31T12:31:20+00:00\">\n\n<div class=\"post-thumbnail-wrap\">\n\t<div class=\"post-thumbnail\">\n\n\t\t\n\t\t\n\t\t<a href=\"https:\/\/digitel.swiss\/pl\/digitel-was-present-na-wystawe-sifa-paris-2021\/\" class=\"post-thumbnail-rollover layzr-bg layzr-bg\" ><img decoding=\"async\" class=\"lazy-load preload-me lazy-load aspect\" src=\"data:image\/svg+xml,%3Csvg%20xmlns%3D&#39;http%3A%2F%2Fwww.w3.org%2F2000%2Fsvg&#39;%20viewBox%3D&#39;0%200%20768%20512&#39;%2F%3E\" data-src=\"https:\/\/digitel.swiss\/wp-content\/uploads\/2022\/01\/Digitel-SIFA-2021-768x512.jpg\" data-srcset=\"https:\/\/digitel.swiss\/wp-content\/uploads\/2022\/01\/Digitel-SIFA-2021-768x512.jpg 768w, https:\/\/digitel.swiss\/wp-content\/uploads\/2022\/01\/Digitel-SIFA-2021-1306x870.jpg 1306w\" loading=\"eager\" style=\"--ratio: 768 \/ 512\" sizes=\"(max-width: 768px) 100vw, 768px\" alt=\"Digitel SIFA 2021\" title=\"Digitel SIFA 2021\" width=\"768\" height=\"512\"  \/><\/a>\n\t<\/div>\n<\/div>\n\n\n<div class=\"post-entry-content\">\n\n\t<h3 class=\"entry-title\">\n\t\t<a href=\"https:\/\/digitel.swiss\/pl\/digitel-was-present-na-wystawe-sifa-paris-2021\/\" title=\"Firma Digitel by\u0142a obecna na targach SIFA Expo w Pary\u017cu 2021.\" rel=\"bookmark\">Firma Digitel by\u0142a obecna na targach SIFA Expo w Pary\u017cu 2021.<\/a>\n\t<\/h3>\n\n\t<div class=\"entry-meta\"><a href=\"https:\/\/digitel.swiss\/pl\/2022\/01\/31\/\" title=\"12:31\" class=\"data-link\" rel=\"bookmark\"><time class=\"entry-date updated\" datetime=\"2022-01-31T12:31:20+00:00\">2022-01-31<\/time><\/a><\/div>\n\t<div class=\"entry-excerpt\"><p>Firma Digitel by\u0142a obecna na targach Salon Interprofessionnel du Froid et de ses Applications (SIFA), kt\u00f3re odby\u0142y si\u0119 w Pary\u017cu w dniach 16-18 listopada 2021&hellip;<\/p>\n<\/div>\n\t\n<a href=\"https:\/\/digitel.swiss\/pl\/digitel-was-present-na-wystawe-sifa-paris-2021\/\" class=\"post-details details-type-link\" aria-label=\"Read more about Firma Digitel by\u0142a obecna na targach SIFA Expo w Pary\u017cu 2021.\">Read more<i class=\"dt-icon-the7-arrow-03\" aria-hidden=\"true\"><\/i><\/a>\n\n<\/div><\/article><\/div>[\/vc_column][\/vc_row]<\/p>\n<\/div>","protected":false},"excerpt":{"rendered":"<p>[vc_row css=&#8221;.vc_custom_1643637192483{padding-bottom: 100px !important;}&#8221;][vc_column][\/vc_column][\/vc_row]<\/p>\n","protected":false},"author":1,"featured_media":0,"parent":0,"menu_order":0,"comment_status":"closed","ping_status":"closed","template":"","meta":{"_acf_changed":false,"footnotes":""},"class_list":["post-7252","page","type-page","status-publish","hentry","description-off"],"acf":[],"yoast_head":"<!-- This site is optimized with the Yoast SEO plugin v27.4 - https:\/\/yoast.com\/product\/yoast-seo-wordpress\/ -->\n<title>News - Digitel<\/title>\n<meta name=\"robots\" content=\"index, follow, max-snippet:-1, max-image-preview:large, max-video-preview:-1\" \/>\n<link rel=\"canonical\" href=\"https:\/\/digitel.swiss\/pl\/news\/\" \/>\n<meta property=\"og:locale\" content=\"pl_PL\" \/>\n<meta property=\"og:type\" content=\"article\" \/>\n<meta property=\"og:title\" content=\"News - Digitel\" \/>\n<meta property=\"og:description\" content=\"[vc_row css=&#8221;.vc_custom_1643637192483{padding-bottom: 100px !important;}&#8221;][vc_column][\/vc_column][\/vc_row]\" \/>\n<meta property=\"og:url\" content=\"https:\/\/digitel.swiss\/pl\/news\/\" \/>\n<meta property=\"og:site_name\" content=\"Digitel\" \/>\n<meta property=\"article:modified_time\" content=\"2022-02-01T09:29:30+00:00\" \/>\n<meta name=\"twitter:card\" content=\"summary_large_image\" \/>\n<script type=\"application\/ld+json\" class=\"yoast-schema-graph\">{\"@context\":\"https:\\\/\\\/schema.org\",\"@graph\":[{\"@type\":\"WebPage\",\"@id\":\"https:\\\/\\\/digitel.swiss\\\/pl\\\/news\\\/\",\"url\":\"https:\\\/\\\/digitel.swiss\\\/pl\\\/news\\\/\",\"name\":\"News - Digitel\",\"isPartOf\":{\"@id\":\"https:\\\/\\\/digitel.swiss\\\/#website\"},\"datePublished\":\"2022-01-31T13:48:25+00:00\",\"dateModified\":\"2022-02-01T09:29:30+00:00\",\"breadcrumb\":{\"@id\":\"https:\\\/\\\/digitel.swiss\\\/pl\\\/news\\\/#breadcrumb\"},\"inLanguage\":\"pl-PL\",\"potentialAction\":[{\"@type\":\"ReadAction\",\"target\":[\"https:\\\/\\\/digitel.swiss\\\/pl\\\/news\\\/\"]}]},{\"@type\":\"BreadcrumbList\",\"@id\":\"https:\\\/\\\/digitel.swiss\\\/pl\\\/news\\\/#breadcrumb\",\"itemListElement\":[{\"@type\":\"ListItem\",\"position\":1,\"name\":\"Home\",\"item\":\"https:\\\/\\\/digitel.swiss\\\/pl\\\/\"},{\"@type\":\"ListItem\",\"position\":2,\"name\":\"News\"}]},{\"@type\":\"WebSite\",\"@id\":\"https:\\\/\\\/digitel.swiss\\\/#website\",\"url\":\"https:\\\/\\\/digitel.swiss\\\/\",\"name\":\"Digitel\",\"description\":\"Rozwi\u0105zanie elektroniczne\",\"publisher\":{\"@id\":\"https:\\\/\\\/digitel.swiss\\\/#organization\"},\"potentialAction\":[{\"@type\":\"SearchAction\",\"target\":{\"@type\":\"EntryPoint\",\"urlTemplate\":\"https:\\\/\\\/digitel.swiss\\\/?s={search_term_string}\"},\"query-input\":{\"@type\":\"PropertyValueSpecification\",\"valueRequired\":true,\"valueName\":\"search_term_string\"}}],\"inLanguage\":\"pl-PL\"},{\"@type\":\"Organization\",\"@id\":\"https:\\\/\\\/digitel.swiss\\\/#organization\",\"name\":\"Digitel Swiss\",\"url\":\"https:\\\/\\\/digitel.swiss\\\/\",\"logo\":{\"@type\":\"ImageObject\",\"inLanguage\":\"pl-PL\",\"@id\":\"https:\\\/\\\/digitel.swiss\\\/#\\\/schema\\\/logo\\\/image\\\/\",\"url\":\"https:\\\/\\\/digitel.swiss\\\/wp-content\\\/uploads\\\/2021\\\/03\\\/Logo-Digitel_170.png\",\"contentUrl\":\"https:\\\/\\\/digitel.swiss\\\/wp-content\\\/uploads\\\/2021\\\/03\\\/Logo-Digitel_170.png\",\"width\":170,\"height\":60,\"caption\":\"Digitel Swiss\"},\"image\":{\"@id\":\"https:\\\/\\\/digitel.swiss\\\/#\\\/schema\\\/logo\\\/image\\\/\"}}]}<\/script>\n<!-- \/ Yoast SEO plugin. -->","yoast_head_json":{"title":"News - Digitel","robots":{"index":"index","follow":"follow","max-snippet":"max-snippet:-1","max-image-preview":"max-image-preview:large","max-video-preview":"max-video-preview:-1"},"canonical":"https:\/\/digitel.swiss\/pl\/news\/","og_locale":"pl_PL","og_type":"article","og_title":"News - Digitel","og_description":"[vc_row css=&#8221;.vc_custom_1643637192483{padding-bottom: 100px !important;}&#8221;][vc_column][\/vc_column][\/vc_row]","og_url":"https:\/\/digitel.swiss\/pl\/news\/","og_site_name":"Digitel","article_modified_time":"2022-02-01T09:29:30+00:00","twitter_card":"summary_large_image","schema":{"@context":"https:\/\/schema.org","@graph":[{"@type":"WebPage","@id":"https:\/\/digitel.swiss\/pl\/news\/","url":"https:\/\/digitel.swiss\/pl\/news\/","name":"News - Digitel","isPartOf":{"@id":"https:\/\/digitel.swiss\/#website"},"datePublished":"2022-01-31T13:48:25+00:00","dateModified":"2022-02-01T09:29:30+00:00","breadcrumb":{"@id":"https:\/\/digitel.swiss\/pl\/news\/#breadcrumb"},"inLanguage":"pl-PL","potentialAction":[{"@type":"ReadAction","target":["https:\/\/digitel.swiss\/pl\/news\/"]}]},{"@type":"BreadcrumbList","@id":"https:\/\/digitel.swiss\/pl\/news\/#breadcrumb","itemListElement":[{"@type":"ListItem","position":1,"name":"Home","item":"https:\/\/digitel.swiss\/pl\/"},{"@type":"ListItem","position":2,"name":"News"}]},{"@type":"WebSite","@id":"https:\/\/digitel.swiss\/#website","url":"https:\/\/digitel.swiss\/","name":"Digitel","description":"Rozwi\u0105zanie elektroniczne","publisher":{"@id":"https:\/\/digitel.swiss\/#organization"},"potentialAction":[{"@type":"SearchAction","target":{"@type":"EntryPoint","urlTemplate":"https:\/\/digitel.swiss\/?s={search_term_string}"},"query-input":{"@type":"PropertyValueSpecification","valueRequired":true,"valueName":"search_term_string"}}],"inLanguage":"pl-PL"},{"@type":"Organization","@id":"https:\/\/digitel.swiss\/#organization","name":"Digitel Swiss","url":"https:\/\/digitel.swiss\/","logo":{"@type":"ImageObject","inLanguage":"pl-PL","@id":"https:\/\/digitel.swiss\/#\/schema\/logo\/image\/","url":"https:\/\/digitel.swiss\/wp-content\/uploads\/2021\/03\/Logo-Digitel_170.png","contentUrl":"https:\/\/digitel.swiss\/wp-content\/uploads\/2021\/03\/Logo-Digitel_170.png","width":170,"height":60,"caption":"Digitel Swiss"},"image":{"@id":"https:\/\/digitel.swiss\/#\/schema\/logo\/image\/"}}]}},"_links":{"self":[{"href":"https:\/\/digitel.swiss\/pl\/wp-json\/wp\/v2\/pages\/7252","targetHints":{"allow":["GET"]}}],"collection":[{"href":"https:\/\/digitel.swiss\/pl\/wp-json\/wp\/v2\/pages"}],"about":[{"href":"https:\/\/digitel.swiss\/pl\/wp-json\/wp\/v2\/types\/page"}],"author":[{"embeddable":true,"href":"https:\/\/digitel.swiss\/pl\/wp-json\/wp\/v2\/users\/1"}],"replies":[{"embeddable":true,"href":"https:\/\/digitel.swiss\/pl\/wp-json\/wp\/v2\/comments?post=7252"}],"version-history":[{"count":6,"href":"https:\/\/digitel.swiss\/pl\/wp-json\/wp\/v2\/pages\/7252\/revisions"}],"predecessor-version":[{"id":7315,"href":"https:\/\/digitel.swiss\/pl\/wp-json\/wp\/v2\/pages\/7252\/revisions\/7315"}],"wp:attachment":[{"href":"https:\/\/digitel.swiss\/pl\/wp-json\/wp\/v2\/media?parent=7252"}],"curies":[{"name":"wp","href":"https:\/\/api.w.org\/{rel}","templated":true}]}}