{"id":7657,"date":"2022-02-08T20:39:48","date_gmt":"2022-02-08T20:39:48","guid":{"rendered":"https:\/\/digitel.swiss\/?page_id=7657"},"modified":"2022-02-08T21:09:07","modified_gmt":"2022-02-08T21:09:07","slug":"wsparcie","status":"publish","type":"page","link":"https:\/\/digitel.swiss\/pl\/wsparcie\/","title":{"rendered":"WSPARCIE"},"content":{"rendered":"<div class=\"wpb-content-wrapper\"><p>[vc_row css=&#8221;.vc_custom_1619180300668{margin-bottom: 0px !important;border-bottom-width: 0px !important;padding-bottom: 100px !important;}&#8221;][vc_column css=&#8221;.vc_custom_1618397961025{margin-bottom: 0px !important;border-bottom-width: 0px !important;padding-bottom: 0px !important;}&#8221;][vc_row_inner][vc_column_inner]<div id=\"ultimate-heading-859069d0e4676faf2\" class=\"uvc-heading ult-adjust-bottom-margin ultimate-heading-859069d0e4676faf2 uvc-729 accent-border-color uvc-heading-default-font-sizes\" data-hspacer=\"line_only\"  data-halign=\"left\" style=\"text-align:left\"><div class=\"uvc-main-heading ult-responsive\"  data-ultimate-target='.uvc-heading.ultimate-heading-859069d0e4676faf2 h4'  data-responsive-json-new='{\"font-size\":\"\",\"line-height\":\"\"}' ><h4 style=\"--font-weight:theme;\">Wsparcie<\/h4><\/div><div class=\"uvc-heading-spacer line_only\" style=\"margin-top:15px;margin-bottom:50px;height:4px;\"><span class=\"uvc-headings-line\" style=\"border-style:solid;border-bottom-width:4px;border-color:#ccc;width:50px;\"><\/span><\/div><\/div>[\/vc_column_inner][\/vc_row_inner][vc_row_inner el_id=&#8221;support&#8221;][vc_column_inner][vc_column_text]<b>Karty danych technicznych<\/b><br \/>\nW <a href=\"https:\/\/digitel.swiss\/pl\/katalog-wszystkie-produkty\/\">katalogu<\/a> produkt\u00f3w do wymienionych produkt\u00f3w do\u0142\u0105czona jest karta danych technicznych.<\/p>\n<p><b>Podr\u0119czniki u\u017cytkownika<\/b><br \/>\nInstrukcje obs\u0142ugi do produkt\u00f3w Digitel s\u0105 dost\u0119pne w <a href=\"https:\/\/digitel.swiss\/pl\/instrukcje\/\">strefie klienta<\/a>. Zaloguj si\u0119 lub zarejestruj, je\u015bli robisz to po raz pierwszy.<\/p>\n<p><b>Aktualizacje oprogramowania lub produkt\u00f3w<\/b><br \/>\nAktualizacje oprogramowania nadzoruj\u0105cego Teleswin oraz aktualizacje oprogramowania produkt\u00f3w mo\u017cna pobra\u0107 ze <a href=\"https:\/\/digitel.swiss\/pl\/obszar-klienta\/\">strefy klienta<\/a>. Zaloguj si\u0119 lub zarejestruj, je\u015bli robisz to po raz pierwszy.<\/p>\n<p><b>Szkolenia<br \/>\n<\/b>Digitel oferuje r\u00f3\u017cne <a href=\"https:\/\/digitel.swiss\/pl\/wsparcie\/#szkolenia\">modu\u0142y szkoleniowe<\/a> dla instalator\u00f3w i u\u017cytkownik\u00f3w naszych produkt\u00f3w.<\/p>\n<p><b>Skontaktuj si\u0119 z nami<br \/>\n<\/b>Je\u015bli nie znalaz\u0142e\u015b odpowiedzi korzystaj\u0105c z powy\u017cszych informacji, <a href=\"https:\/\/digitel.swiss\/pl\/skontaktuj-sie-z-nami\/\">skontaktuj si\u0119 z nam<\/a>i.[\/vc_column_text][\/vc_column_inner][\/vc_row_inner][\/vc_column][\/vc_row][vc_row bg_type=&#8221;image&#8221; parallax_style=&#8221;vcpb-default&#8221; bg_image_new=&#8221;id^2725|url^https:\/\/digitel.swiss\/wp-content\/uploads\/2021\/05\/Refrigeration-management_request-a-demo.jpg|caption^null|alt^null|title^Refrigeration-management_request-a-demo|description^null&#8221; bg_image_repeat=&#8221;no-repeat&#8221; bg_override=&#8221;full&#8221; enable_overlay=&#8221;enable_overlay_value&#8221; overlay_color=&#8221;rgba(0,0,0,0.5)&#8221; css=&#8221;.vc_custom_1622225648238{padding-top: 100px !important;padding-bottom: 100px !important;background-color: rgba(0,11,172,0.5) !important;*background-color: rgb(0,11,172) !important;}&#8221;][vc_column][vc_column_text]<\/p>\n<h3 style=\"color: #ffffff;\">Chcesz dowiedzie\u0107 si\u0119 wi\u0119cej?<\/h3>\n<p style=\"font-size: 18px; line-height: 30px;\"><span style=\"color: #ffffff;\">Um\u00f3w si\u0119 z nami na pokaz na \u017cywo!<\/span><\/p>\n<p>[\/vc_column_text]<style type=\"text\/css\" data-type=\"the7_shortcodes-inline-css\">#default-btn-2ff91429d64065c7867a66c3a5a5138f.ico-right-side > i {\n  margin-right: 0px;\n  margin-left: 8px;\n}\n#default-btn-2ff91429d64065c7867a66c3a5a5138f > i {\n  margin-right: 8px;\n}<\/style><div class=\"btn-align-left\"><a href=\"https:\/\/digitel.swiss\/pl\/popros-o-demo\/\" class=\"default-btn-shortcode dt-btn dt-btn-m link-hover-off \" id=\"default-btn-2ff91429d64065c7867a66c3a5a5138f\" title=\"Demander une d\u00e9mo\"><span>Popro\u015b o demo<\/span><\/a><\/div>[\/vc_column][\/vc_row][vc_row css=&#8221;.vc_custom_1644354088415{margin-bottom: 100px !important;padding-top: 100px !important;}&#8221; el_id=&#8221;szkolenia&#8221;][vc_column]<div id=\"ultimate-heading-380469d0e4676fc24\" class=\"uvc-heading ult-adjust-bottom-margin ultimate-heading-380469d0e4676fc24 uvc-723 accent-border-color uvc-heading-default-font-sizes\" data-hspacer=\"line_only\"  data-halign=\"left\" style=\"text-align:left\"><div class=\"uvc-main-heading ult-responsive\"  data-ultimate-target='.uvc-heading.ultimate-heading-380469d0e4676fc24 h4'  data-responsive-json-new='{\"font-size\":\"\",\"line-height\":\"\"}' ><h4 style=\"--font-weight:theme;\">Szkolenia<\/h4><\/div><div class=\"uvc-heading-spacer line_only\" style=\"margin-top:15px;margin-bottom:50px;height:4px;\"><span class=\"uvc-headings-line\" style=\"border-style:solid;border-bottom-width:4px;border-color:#ccc;width:50px;\"><\/span><\/div><\/div>[vc_row_inner][vc_column_inner][vc_column_text css=&#8221;.vc_custom_1619175862162{margin-bottom: 0px !important;border-bottom-width: 0px !important;padding-bottom: 10px !important;}&#8221;]<b>Towarzyszymy Pa\u0144stwu od projektu instalacji do serwisu posprzeda\u017cowego. <\/b><\/p>\n<p>Funkcjonalno\u015bci oferowane przez modu\u0142y steruj\u0105ce i oprogramowanie nadzoruj\u0105ce TelesWin s\u0105 bardzo bogate. Szkoda by\u0142oby nie skorzysta\u0107 z nich w pe\u0142ni. Digitel zapewnia r\u00f3\u017cne poziomy szkole\u0144 dla instalator\u00f3w urz\u0105dze\u0144 ch\u0142odniczych i u\u017cytkownik\u00f3w, kt\u00f3rzy obs\u0142uguj\u0105 nasze produkty.[\/vc_column_text]<div class=\"standard-number-list bullet-top\"><ol>\n<li><b>Szkolenie wst\u0119pne<br \/>\n<\/b>Przy pierwszej instalacji u ka\u017cdego nowego klienta Digitel oferuje jednodniowe szkolenie, zazwyczaj w momencie uruchomienia instalacji. Szkolenie to umo\u017cliwia specjalistom z bran\u017cy ch\u0142odniczej skorzystanie z pomocy naszych ekspert\u00f3w i zapoznanie si\u0119 z produktami Digitel.<\/li>\n<li><b>Szkolenie zaawansowane<\/b><br \/>\nZaawansowane szkolenie jest zalecane dla wszystkich u\u017cytkownik\u00f3w, kt\u00f3rzy regularnie korzystaj\u0105 z produkt\u00f3w Digitel i chc\u0105 zoptymalizowa\u0107 dzia\u0142anie instalacji. Nast\u0119puj\u0105ce tematy mog\u0105 by\u0107 zbadane dog\u0142\u0119bnie podczas tych kurs\u00f3w:<\/li>\n<\/ol>\n<\/div><div class=\"standard-arrow bullet-top\"><ul style=\"padding-left: 50px;\">\n<li>funkcje oszcz\u0119dzania energii,<\/li>\n<li>zaawansowane funkcje pozwalaj\u0105ce na optymalizacj\u0119 pracy instalacji (HP-, BP-floating, optymalizacja odszraniania, ogrzewanie szyb w zale\u017cno\u015bci od entalpii, transkrytyczne instalacje CO2, e\u017cektory, odzysk ciep\u0142a&#8230;),<\/li>\n<li>zaawansowane funkcje systemowe (PLC, zmienne sieciowe, timery, alarmy grupowe&#8230;),<\/li>\n<li>interoperacyjno\u015b\u0107 (dodawanie produkt\u00f3w innych firm, interfejs Modbus TCP),<\/li>\n<li>zaawansowane funkcje oprogramowania TelesWin (pomoc przy uruchomieniu, kopie parametr\u00f3w, synoptyka, wymiana sterownik\u00f3w itp.)<\/li>\n<\/ul>\n<\/div><div class=\"standard-number-list bullet-top\"><ol>\n<li><\/li>\n<li><\/li>\n<li><b>Szkolenie z zakresu obs\u0142ugi posprzeda\u017cnej<br \/>\n<\/b>Kurs ten jest przeznaczony specjalnie dla instalator\u00f3w lub in\u017cynier\u00f3w ch\u0142odnictwa, kt\u00f3rzy maj\u0105 zarz\u0105dza\u0107 instalacjami ch\u0142odniczymi wyposa\u017conymi w sterowniki Digitel w dziale obs\u0142ugi posprzeda\u017cnej i kt\u00f3rzy nie mieli okazji uczestniczy\u0107 w kursie wprowadzaj\u0105cym.<\/li>\n<\/ol>\n<\/div>[vc_column_text]Dost\u0119pne s\u0105 r\u00f3wnie\u017c szkolenia dostosowane do potrzeb i \u017cycze\u0144 klienta.[\/vc_column_text][\/vc_column_inner][\/vc_row_inner]<style type=\"text\/css\" data-type=\"the7_shortcodes-inline-css\">#default-btn-bc65c1e4202c1d99d86945185f4dcd81.ico-right-side > i {\n  margin-right: 0px;\n  margin-left: 8px;\n}\n#default-btn-bc65c1e4202c1d99d86945185f4dcd81 > i {\n  margin-right: 8px;\n}<\/style><a href=\"https:\/\/digitel.swiss\/pl\/skontaktuj-sie-z-nami\/\" class=\"default-btn-shortcode dt-btn dt-btn-m link-hover-off btn-inline-left \" id=\"default-btn-bc65c1e4202c1d99d86945185f4dcd81\"><span>Pytania? Skontaktuj si\u0119 z nami<\/span><\/a>[\/vc_column][\/vc_row]<\/p>\n<\/div>","protected":false},"excerpt":{"rendered":"<p>[vc_row css=&#8221;.vc_custom_1619180300668{margin-bottom: 0px !important;border-bottom-width: 0px !important;padding-bottom: 100px !important;}&#8221;][vc_column css=&#8221;.vc_custom_1618397961025{margin-bottom: 0px !important;border-bottom-width: 0px !important;padding-bottom: 0px !important;}&#8221;][vc_row_inner][vc_column_inner][\/vc_column_inner][\/vc_row_inner][vc_row_inner el_id=&#8221;support&#8221;][vc_column_inner][vc_column_text]Karty danych technicznych W katalogu produkt\u00f3w do wymienionych produkt\u00f3w do\u0142\u0105czona jest karta danych technicznych. Podr\u0119czniki u\u017cytkownika Instrukcje obs\u0142ugi do produkt\u00f3w Digitel s\u0105 dost\u0119pne w strefie klienta. Zaloguj si\u0119 lub zarejestruj, je\u015bli robisz to po raz pierwszy. Aktualizacje oprogramowania lub produkt\u00f3w&hellip;<\/p>\n","protected":false},"author":1,"featured_media":0,"parent":0,"menu_order":0,"comment_status":"closed","ping_status":"closed","template":"","meta":{"_acf_changed":false,"footnotes":""},"class_list":["post-7657","page","type-page","status-publish","hentry","description-off"],"acf":[],"yoast_head":"<!-- This site is optimized with the Yoast SEO plugin v27.2 - https:\/\/yoast.com\/product\/yoast-seo-wordpress\/ -->\n<title>WSPARCIE - Digitel<\/title>\n<meta name=\"robots\" content=\"index, follow, max-snippet:-1, max-image-preview:large, max-video-preview:-1\" \/>\n<link rel=\"canonical\" href=\"https:\/\/digitel.swiss\/support\/\" \/>\n<meta property=\"og:locale\" content=\"pl_PL\" \/>\n<meta property=\"og:type\" content=\"article\" \/>\n<meta property=\"og:title\" content=\"WSPARCIE - Digitel\" \/>\n<meta property=\"og:description\" content=\"[vc_row css=&#8221;.vc_custom_1619180300668{margin-bottom: 0px !important;border-bottom-width: 0px !important;padding-bottom: 100px !important;}&#8221;][vc_column css=&#8221;.vc_custom_1618397961025{margin-bottom: 0px !important;border-bottom-width: 0px !important;padding-bottom: 0px !important;}&#8221;][vc_row_inner][vc_column_inner][\/vc_column_inner][\/vc_row_inner][vc_row_inner el_id=&#8221;support&#8221;][vc_column_inner][vc_column_text]Karty danych technicznych W katalogu produkt\u00f3w do wymienionych produkt\u00f3w do\u0142\u0105czona jest karta danych technicznych. Podr\u0119czniki u\u017cytkownika Instrukcje obs\u0142ugi do produkt\u00f3w Digitel s\u0105 dost\u0119pne w strefie klienta. Zaloguj si\u0119 lub zarejestruj, je\u015bli robisz to po raz pierwszy. Aktualizacje oprogramowania lub produkt\u00f3w&hellip;\" \/>\n<meta property=\"og:url\" content=\"https:\/\/digitel.swiss\/support\/\" \/>\n<meta property=\"og:site_name\" content=\"Digitel\" \/>\n<meta property=\"article:modified_time\" content=\"2022-02-08T21:09:07+00:00\" \/>\n<meta name=\"twitter:card\" content=\"summary_large_image\" \/>\n<meta name=\"twitter:label1\" content=\"Szacowany czas czytania\" \/>\n\t<meta name=\"twitter:data1\" content=\"4 minuty\" \/>\n<script type=\"application\/ld+json\" class=\"yoast-schema-graph\">{\"@context\":\"https:\/\/schema.org\",\"@graph\":[{\"@type\":\"WebPage\",\"@id\":\"https:\/\/digitel.swiss\/support\/\",\"url\":\"https:\/\/digitel.swiss\/support\/\",\"name\":\"WSPARCIE - Digitel\",\"isPartOf\":{\"@id\":\"https:\/\/digitel.swiss\/#website\"},\"datePublished\":\"2022-02-08T20:39:48+00:00\",\"dateModified\":\"2022-02-08T21:09:07+00:00\",\"breadcrumb\":{\"@id\":\"https:\/\/digitel.swiss\/support\/#breadcrumb\"},\"inLanguage\":\"pl-PL\",\"potentialAction\":[{\"@type\":\"ReadAction\",\"target\":[\"https:\/\/digitel.swiss\/support\/\"]}]},{\"@type\":\"BreadcrumbList\",\"@id\":\"https:\/\/digitel.swiss\/support\/#breadcrumb\",\"itemListElement\":[{\"@type\":\"ListItem\",\"position\":1,\"name\":\"Home\",\"item\":\"https:\/\/digitel.swiss\/pl\/\"},{\"@type\":\"ListItem\",\"position\":2,\"name\":\"WSPARCIE\"}]},{\"@type\":\"WebSite\",\"@id\":\"https:\/\/digitel.swiss\/#website\",\"url\":\"https:\/\/digitel.swiss\/\",\"name\":\"Digitel\",\"description\":\"Rozwi\u0105zanie elektroniczne\",\"publisher\":{\"@id\":\"https:\/\/digitel.swiss\/#organization\"},\"potentialAction\":[{\"@type\":\"SearchAction\",\"target\":{\"@type\":\"EntryPoint\",\"urlTemplate\":\"https:\/\/digitel.swiss\/?s={search_term_string}\"},\"query-input\":{\"@type\":\"PropertyValueSpecification\",\"valueRequired\":true,\"valueName\":\"search_term_string\"}}],\"inLanguage\":\"pl-PL\"},{\"@type\":\"Organization\",\"@id\":\"https:\/\/digitel.swiss\/#organization\",\"name\":\"Digitel Swiss\",\"url\":\"https:\/\/digitel.swiss\/\",\"logo\":{\"@type\":\"ImageObject\",\"inLanguage\":\"pl-PL\",\"@id\":\"https:\/\/digitel.swiss\/#\/schema\/logo\/image\/\",\"url\":\"https:\/\/digitel.swiss\/wp-content\/uploads\/2021\/03\/Logo-Digitel_170.png\",\"contentUrl\":\"https:\/\/digitel.swiss\/wp-content\/uploads\/2021\/03\/Logo-Digitel_170.png\",\"width\":170,\"height\":60,\"caption\":\"Digitel Swiss\"},\"image\":{\"@id\":\"https:\/\/digitel.swiss\/#\/schema\/logo\/image\/\"}}]}<\/script>\n<!-- \/ Yoast SEO plugin. -->","yoast_head_json":{"title":"WSPARCIE - Digitel","robots":{"index":"index","follow":"follow","max-snippet":"max-snippet:-1","max-image-preview":"max-image-preview:large","max-video-preview":"max-video-preview:-1"},"canonical":"https:\/\/digitel.swiss\/support\/","og_locale":"pl_PL","og_type":"article","og_title":"WSPARCIE - Digitel","og_description":"[vc_row css=&#8221;.vc_custom_1619180300668{margin-bottom: 0px !important;border-bottom-width: 0px !important;padding-bottom: 100px !important;}&#8221;][vc_column css=&#8221;.vc_custom_1618397961025{margin-bottom: 0px !important;border-bottom-width: 0px !important;padding-bottom: 0px !important;}&#8221;][vc_row_inner][vc_column_inner][\/vc_column_inner][\/vc_row_inner][vc_row_inner el_id=&#8221;support&#8221;][vc_column_inner][vc_column_text]Karty danych technicznych W katalogu produkt\u00f3w do wymienionych produkt\u00f3w do\u0142\u0105czona jest karta danych technicznych. Podr\u0119czniki u\u017cytkownika Instrukcje obs\u0142ugi do produkt\u00f3w Digitel s\u0105 dost\u0119pne w strefie klienta. Zaloguj si\u0119 lub zarejestruj, je\u015bli robisz to po raz pierwszy. Aktualizacje oprogramowania lub produkt\u00f3w&hellip;","og_url":"https:\/\/digitel.swiss\/support\/","og_site_name":"Digitel","article_modified_time":"2022-02-08T21:09:07+00:00","twitter_card":"summary_large_image","twitter_misc":{"Szacowany czas czytania":"4 minuty"},"schema":{"@context":"https:\/\/schema.org","@graph":[{"@type":"WebPage","@id":"https:\/\/digitel.swiss\/support\/","url":"https:\/\/digitel.swiss\/support\/","name":"WSPARCIE - Digitel","isPartOf":{"@id":"https:\/\/digitel.swiss\/#website"},"datePublished":"2022-02-08T20:39:48+00:00","dateModified":"2022-02-08T21:09:07+00:00","breadcrumb":{"@id":"https:\/\/digitel.swiss\/support\/#breadcrumb"},"inLanguage":"pl-PL","potentialAction":[{"@type":"ReadAction","target":["https:\/\/digitel.swiss\/support\/"]}]},{"@type":"BreadcrumbList","@id":"https:\/\/digitel.swiss\/support\/#breadcrumb","itemListElement":[{"@type":"ListItem","position":1,"name":"Home","item":"https:\/\/digitel.swiss\/pl\/"},{"@type":"ListItem","position":2,"name":"WSPARCIE"}]},{"@type":"WebSite","@id":"https:\/\/digitel.swiss\/#website","url":"https:\/\/digitel.swiss\/","name":"Digitel","description":"Rozwi\u0105zanie elektroniczne","publisher":{"@id":"https:\/\/digitel.swiss\/#organization"},"potentialAction":[{"@type":"SearchAction","target":{"@type":"EntryPoint","urlTemplate":"https:\/\/digitel.swiss\/?s={search_term_string}"},"query-input":{"@type":"PropertyValueSpecification","valueRequired":true,"valueName":"search_term_string"}}],"inLanguage":"pl-PL"},{"@type":"Organization","@id":"https:\/\/digitel.swiss\/#organization","name":"Digitel Swiss","url":"https:\/\/digitel.swiss\/","logo":{"@type":"ImageObject","inLanguage":"pl-PL","@id":"https:\/\/digitel.swiss\/#\/schema\/logo\/image\/","url":"https:\/\/digitel.swiss\/wp-content\/uploads\/2021\/03\/Logo-Digitel_170.png","contentUrl":"https:\/\/digitel.swiss\/wp-content\/uploads\/2021\/03\/Logo-Digitel_170.png","width":170,"height":60,"caption":"Digitel Swiss"},"image":{"@id":"https:\/\/digitel.swiss\/#\/schema\/logo\/image\/"}}]}},"_links":{"self":[{"href":"https:\/\/digitel.swiss\/pl\/wp-json\/wp\/v2\/pages\/7657","targetHints":{"allow":["GET"]}}],"collection":[{"href":"https:\/\/digitel.swiss\/pl\/wp-json\/wp\/v2\/pages"}],"about":[{"href":"https:\/\/digitel.swiss\/pl\/wp-json\/wp\/v2\/types\/page"}],"author":[{"embeddable":true,"href":"https:\/\/digitel.swiss\/pl\/wp-json\/wp\/v2\/users\/1"}],"replies":[{"embeddable":true,"href":"https:\/\/digitel.swiss\/pl\/wp-json\/wp\/v2\/comments?post=7657"}],"version-history":[{"count":6,"href":"https:\/\/digitel.swiss\/pl\/wp-json\/wp\/v2\/pages\/7657\/revisions"}],"predecessor-version":[{"id":7672,"href":"https:\/\/digitel.swiss\/pl\/wp-json\/wp\/v2\/pages\/7657\/revisions\/7672"}],"wp:attachment":[{"href":"https:\/\/digitel.swiss\/pl\/wp-json\/wp\/v2\/media?parent=7657"}],"curies":[{"name":"wp","href":"https:\/\/api.w.org\/{rel}","templated":true}]}}