{"id":3208,"date":"2021-05-24T11:58:10","date_gmt":"2021-05-24T11:58:10","guid":{"rendered":"http:\/\/digitel.elcadia.com\/product\/mod-sms-4g\/"},"modified":"2021-06-24T10:51:40","modified_gmt":"2021-06-24T10:51:40","slug":"mod-sms-4g","status":"publish","type":"product","link":"https:\/\/digitel.swiss\/pl\/produkt\/mod-sms-4g\/","title":{"rendered":"MOD.SMS 4G"},"content":{"rendered":"<div class=\"wpb-content-wrapper\"><p>[vc_row][vc_column][vc_tabs][vc_tab title=&#8221;Zastosowania&#8221; tab_id=&#8221;1620742324422-2-2&#8243;][vc_column_text]\n<table id=\"tablepress-362\" class=\"tablepress tablepress-id-362\">\n<tbody class=\"row-striping row-hover\">\n<tr class=\"row-1\">\n\t<td class=\"column-1\">\u00a0Transmisja alarm\u00f3w przez SMS<br \/>\n<\/td><td class=\"column-2\">tak<\/td>\n<\/tr>\n<\/tbody>\n<\/table>\n<!-- #tablepress-362 from cache -->[\/vc_column_text][\/vc_tab][vc_tab title=&#8221;Dane techniczne&#8221; tab_id=&#8221;5d09cf5f-4945-10&#8243;][vc_column_text]\n<table id=\"tablepress-363\" class=\"tablepress tablepress-id-363\">\n<tbody class=\"row-striping row-hover\">\n<tr class=\"row-1\">\n\t<td class=\"column-1\">Zasilanie<\/td><td class=\"column-2\">24 VDC<\/td>\n<\/tr>\n<\/tbody>\n<\/table>\n<!-- #tablepress-363 from cache -->[\/vc_column_text][\/vc_tab][vc_tab title=&#8221;Schematy&#8221; tab_id=&#8221;1620810732802-3-5&#8243;][vc_row_inner][vc_column_inner]<style type=\"text\/css\" data-type=\"the7_shortcodes-inline-css\">.shortcode-single-image-wrap.shortcode-single-image-d67a9e8e1596dd88c8c317a90a2fe3ff.enable-bg-rollover .rollover i,\n.shortcode-single-image-wrap.shortcode-single-image-d67a9e8e1596dd88c8c317a90a2fe3ff.enable-bg-rollover .rollover-video i {\n  background: -webkit-linear-gradient();\n  background: linear-gradient();\n}\n.shortcode-single-image-wrap.shortcode-single-image-d67a9e8e1596dd88c8c317a90a2fe3ff .rollover-icon {\n  font-size: 32px;\n  color: #ffffff;\n  min-width: 44px;\n  min-height: 44px;\n  line-height: 44px;\n  border-radius: 100px;\n  border-style: solid;\n  border-width: 0px;\n}\n.dt-icon-bg-on.shortcode-single-image-wrap.shortcode-single-image-d67a9e8e1596dd88c8c317a90a2fe3ff .rollover-icon {\n  background: rgba(255,255,255,0.3);\n  box-shadow: none;\n}<\/style><div class=\"shortcode-single-image-wrap shortcode-single-image-d67a9e8e1596dd88c8c317a90a2fe3ff alignleft  enable-bg-rollover dt-icon-bg-off\" style=\"margin-top:0px; margin-bottom:0px; margin-left:0px; margin-right:0px; width:364px;\"><div class=\"shortcode-single-image\"><div class=\"fancy-media-wrap\" style=\"\"><a class=\"layzr-bg rollover rollover-zoom dt-pswp-item pswp-image\" href=\"https:\/\/digitel.swiss\/wp-content\/uploads\/2021\/05\/Digitel-DC58-1-SMS-alarm-PL-rotated.jpg\" title=\"Digitel-DC58-1-SMS-alarm-PL\" data-dt-img-description=\"\" data-large_image_width=\"1751\" data-large_image_height = \"2116\"  style=\"\"><img fetchpriority=\"high\" decoding=\"async\" class=\"preload-me lazy-load aspect\" src=\"data:image\/svg+xml,%3Csvg%20xmlns%3D&#39;http%3A%2F%2Fwww.w3.org%2F2000%2Fsvg&#39;%20viewBox%3D&#39;0%200%20364%20439&#39;%2F%3E\" data-src=\"https:\/\/digitel.swiss\/wp-content\/uploads\/2021\/05\/Digitel-DC58-1-SMS-alarm-PL-rotated-364x439.jpg\" data-srcset=\"https:\/\/digitel.swiss\/wp-content\/uploads\/2021\/05\/Digitel-DC58-1-SMS-alarm-PL-rotated-364x439.jpg 364w, https:\/\/digitel.swiss\/wp-content\/uploads\/2021\/05\/Digitel-DC58-1-SMS-alarm-PL-rotated-728x878.jpg 728w\" loading=\"eager\" style=\"--ratio: 364 \/ 439\" sizes=\"(max-width: 364px) 100vw, 364px\" width=\"364\" height=\"439\"  data-dt-location=\"https:\/\/digitel.swiss\/pl\/?attachment_id=6634\" alt=\"\" \/><\/a><\/div><\/div><\/div>[\/vc_column_inner][\/vc_row_inner][\/vc_tab][\/vc_tabs][\/vc_column][\/vc_row]<\/p>\n<\/div>","protected":false},"excerpt":{"rendered":"<p>Przemys\u0142owy modem LTE RS232 do wysy\u0142ania SMS-\u00f3w z DC58, wst\u0119pnie skonfigurowany<\/p>\n","protected":false},"featured_media":0,"template":"","meta":{"_acf_changed":false},"product_brand":[],"product_cat":[99],"product_tag":[147],"class_list":{"0":"post-3208","1":"product","2":"type-product","3":"status-publish","5":"product_cat-inne","6":"product_tag-transmisja-alarmow-przez-sms","7":"description-off","9":"first","10":"instock","11":"shipping-taxable","12":"product-type-simple"},"acf":[],"yoast_head":"<!-- This site is optimized with the Yoast SEO plugin v27.2 - https:\/\/yoast.com\/product\/yoast-seo-wordpress\/ -->\n<title>MOD.SMS 4G - Digitel<\/title>\n<meta name=\"robots\" content=\"index, follow, max-snippet:-1, max-image-preview:large, max-video-preview:-1\" \/>\n<link rel=\"canonical\" href=\"https:\/\/digitel.swiss\/produkt\/mod-sms-4g\/\" \/>\n<meta property=\"og:locale\" content=\"pl_PL\" \/>\n<meta property=\"og:type\" content=\"article\" \/>\n<meta property=\"og:title\" content=\"MOD.SMS 4G - Digitel\" \/>\n<meta property=\"og:description\" content=\"Przemys\u0142owy modem LTE RS232 do wysy\u0142ania SMS-\u00f3w z DC58, wst\u0119pnie skonfigurowany\" \/>\n<meta property=\"og:url\" content=\"https:\/\/digitel.swiss\/produkt\/mod-sms-4g\/\" \/>\n<meta property=\"og:site_name\" content=\"Digitel\" \/>\n<meta property=\"article:modified_time\" content=\"2021-06-24T10:51:40+00:00\" \/>\n<meta name=\"twitter:card\" content=\"summary_large_image\" \/>\n<script type=\"application\/ld+json\" class=\"yoast-schema-graph\">{\"@context\":\"https:\/\/schema.org\",\"@graph\":[{\"@type\":\"WebPage\",\"@id\":\"https:\/\/digitel.swiss\/produkt\/mod-sms-4g\/\",\"url\":\"https:\/\/digitel.swiss\/produkt\/mod-sms-4g\/\",\"name\":\"MOD.SMS 4G - Digitel\",\"isPartOf\":{\"@id\":\"https:\/\/digitel.swiss\/#website\"},\"datePublished\":\"2021-05-24T11:58:10+00:00\",\"dateModified\":\"2021-06-24T10:51:40+00:00\",\"breadcrumb\":{\"@id\":\"https:\/\/digitel.swiss\/produkt\/mod-sms-4g\/#breadcrumb\"},\"inLanguage\":\"pl-PL\",\"potentialAction\":[{\"@type\":\"ReadAction\",\"target\":[\"https:\/\/digitel.swiss\/produkt\/mod-sms-4g\/\"]}]},{\"@type\":\"BreadcrumbList\",\"@id\":\"https:\/\/digitel.swiss\/produkt\/mod-sms-4g\/#breadcrumb\",\"itemListElement\":[{\"@type\":\"ListItem\",\"position\":1,\"name\":\"Home\",\"item\":\"https:\/\/digitel.swiss\/pl\/\"},{\"@type\":\"ListItem\",\"position\":2,\"name\":\"Katalog &#8211; Wszystkie produkty\",\"item\":\"https:\/\/digitel.swiss\/pl\/katalog-wszystkie-produkty\/\"},{\"@type\":\"ListItem\",\"position\":3,\"name\":\"MOD.SMS 4G\"}]},{\"@type\":\"WebSite\",\"@id\":\"https:\/\/digitel.swiss\/#website\",\"url\":\"https:\/\/digitel.swiss\/\",\"name\":\"Digitel\",\"description\":\"Rozwi\u0105zanie elektroniczne\",\"publisher\":{\"@id\":\"https:\/\/digitel.swiss\/#organization\"},\"potentialAction\":[{\"@type\":\"SearchAction\",\"target\":{\"@type\":\"EntryPoint\",\"urlTemplate\":\"https:\/\/digitel.swiss\/?s={search_term_string}\"},\"query-input\":{\"@type\":\"PropertyValueSpecification\",\"valueRequired\":true,\"valueName\":\"search_term_string\"}}],\"inLanguage\":\"pl-PL\"},{\"@type\":\"Organization\",\"@id\":\"https:\/\/digitel.swiss\/#organization\",\"name\":\"Digitel Swiss\",\"url\":\"https:\/\/digitel.swiss\/\",\"logo\":{\"@type\":\"ImageObject\",\"inLanguage\":\"pl-PL\",\"@id\":\"https:\/\/digitel.swiss\/#\/schema\/logo\/image\/\",\"url\":\"https:\/\/digitel.swiss\/wp-content\/uploads\/2021\/03\/Logo-Digitel_170.png\",\"contentUrl\":\"https:\/\/digitel.swiss\/wp-content\/uploads\/2021\/03\/Logo-Digitel_170.png\",\"width\":170,\"height\":60,\"caption\":\"Digitel Swiss\"},\"image\":{\"@id\":\"https:\/\/digitel.swiss\/#\/schema\/logo\/image\/\"}}]}<\/script>\n<!-- \/ Yoast SEO plugin. -->","yoast_head_json":{"title":"MOD.SMS 4G - Digitel","robots":{"index":"index","follow":"follow","max-snippet":"max-snippet:-1","max-image-preview":"max-image-preview:large","max-video-preview":"max-video-preview:-1"},"canonical":"https:\/\/digitel.swiss\/produkt\/mod-sms-4g\/","og_locale":"pl_PL","og_type":"article","og_title":"MOD.SMS 4G - Digitel","og_description":"Przemys\u0142owy modem LTE RS232 do wysy\u0142ania SMS-\u00f3w z DC58, wst\u0119pnie skonfigurowany","og_url":"https:\/\/digitel.swiss\/produkt\/mod-sms-4g\/","og_site_name":"Digitel","article_modified_time":"2021-06-24T10:51:40+00:00","twitter_card":"summary_large_image","schema":{"@context":"https:\/\/schema.org","@graph":[{"@type":"WebPage","@id":"https:\/\/digitel.swiss\/produkt\/mod-sms-4g\/","url":"https:\/\/digitel.swiss\/produkt\/mod-sms-4g\/","name":"MOD.SMS 4G - Digitel","isPartOf":{"@id":"https:\/\/digitel.swiss\/#website"},"datePublished":"2021-05-24T11:58:10+00:00","dateModified":"2021-06-24T10:51:40+00:00","breadcrumb":{"@id":"https:\/\/digitel.swiss\/produkt\/mod-sms-4g\/#breadcrumb"},"inLanguage":"pl-PL","potentialAction":[{"@type":"ReadAction","target":["https:\/\/digitel.swiss\/produkt\/mod-sms-4g\/"]}]},{"@type":"BreadcrumbList","@id":"https:\/\/digitel.swiss\/produkt\/mod-sms-4g\/#breadcrumb","itemListElement":[{"@type":"ListItem","position":1,"name":"Home","item":"https:\/\/digitel.swiss\/pl\/"},{"@type":"ListItem","position":2,"name":"Katalog &#8211; Wszystkie produkty","item":"https:\/\/digitel.swiss\/pl\/katalog-wszystkie-produkty\/"},{"@type":"ListItem","position":3,"name":"MOD.SMS 4G"}]},{"@type":"WebSite","@id":"https:\/\/digitel.swiss\/#website","url":"https:\/\/digitel.swiss\/","name":"Digitel","description":"Rozwi\u0105zanie elektroniczne","publisher":{"@id":"https:\/\/digitel.swiss\/#organization"},"potentialAction":[{"@type":"SearchAction","target":{"@type":"EntryPoint","urlTemplate":"https:\/\/digitel.swiss\/?s={search_term_string}"},"query-input":{"@type":"PropertyValueSpecification","valueRequired":true,"valueName":"search_term_string"}}],"inLanguage":"pl-PL"},{"@type":"Organization","@id":"https:\/\/digitel.swiss\/#organization","name":"Digitel Swiss","url":"https:\/\/digitel.swiss\/","logo":{"@type":"ImageObject","inLanguage":"pl-PL","@id":"https:\/\/digitel.swiss\/#\/schema\/logo\/image\/","url":"https:\/\/digitel.swiss\/wp-content\/uploads\/2021\/03\/Logo-Digitel_170.png","contentUrl":"https:\/\/digitel.swiss\/wp-content\/uploads\/2021\/03\/Logo-Digitel_170.png","width":170,"height":60,"caption":"Digitel Swiss"},"image":{"@id":"https:\/\/digitel.swiss\/#\/schema\/logo\/image\/"}}]}},"_links":{"self":[{"href":"https:\/\/digitel.swiss\/pl\/wp-json\/wp\/v2\/product\/3208","targetHints":{"allow":["GET"]}}],"collection":[{"href":"https:\/\/digitel.swiss\/pl\/wp-json\/wp\/v2\/product"}],"about":[{"href":"https:\/\/digitel.swiss\/pl\/wp-json\/wp\/v2\/types\/product"}],"wp:attachment":[{"href":"https:\/\/digitel.swiss\/pl\/wp-json\/wp\/v2\/media?parent=3208"}],"wp:term":[{"taxonomy":"product_brand","embeddable":true,"href":"https:\/\/digitel.swiss\/pl\/wp-json\/wp\/v2\/product_brand?post=3208"},{"taxonomy":"product_cat","embeddable":true,"href":"https:\/\/digitel.swiss\/pl\/wp-json\/wp\/v2\/product_cat?post=3208"},{"taxonomy":"product_tag","embeddable":true,"href":"https:\/\/digitel.swiss\/pl\/wp-json\/wp\/v2\/product_tag?post=3208"}],"curies":[{"name":"wp","href":"https:\/\/api.w.org\/{rel}","templated":true}]}}