{"id":3252,"date":"2021-05-20T18:02:56","date_gmt":"2021-05-20T18:02:56","guid":{"rendered":"http:\/\/digitel.elcadia.com\/product\/dc-co2\/"},"modified":"2022-05-16T09:58:58","modified_gmt":"2022-05-16T09:58:58","slug":"dc-co2","status":"publish","type":"product","link":"https:\/\/digitel.swiss\/pl\/produkt\/dc-co2\/","title":{"rendered":"DC-CO2"},"content":{"rendered":"<div class=\"wpb-content-wrapper\"><p>[vc_row][vc_column][vc_tabs][vc_tab title=&#8221;Zastosowania&#8221; tab_id=&#8221;1620742324422-2-2&#8243;][vc_column_text]\n<table id=\"tablepress-334\" class=\"tablepress tablepress-id-334\">\n<tbody class=\"row-striping row-hover\">\n<tr class=\"row-1\">\n\t<td class=\"column-1\">CO2 transkrytyczne<br \/>\n<\/td><td class=\"column-2\">tak<\/td>\n<\/tr>\n<tr class=\"row-2\">\n\t<td class=\"column-1\">Przechowalnie owoc\u00f3w i warzyw<br \/>\n<\/td><td class=\"column-2\">tak<\/td>\n<\/tr>\n<tr class=\"row-3\">\n\t<td class=\"column-1\">St\u0119\u017cenie gazu<br \/>\n<\/td><td class=\"column-2\">tak<\/td>\n<\/tr>\n<\/tbody>\n<\/table>\n<!-- #tablepress-334 from cache -->[\/vc_column_text][\/vc_tab][vc_tab title=&#8221;Dane techniczne&#8221; tab_id=&#8221;5d09cf5f-4945-10&#8243;][vc_column_text]\n<table id=\"tablepress-335\" class=\"tablepress tablepress-id-335\">\n<tbody class=\"row-striping row-hover\">\n<tr class=\"row-1\">\n\t<td class=\"column-1\">Zasilanie<\/td><td class=\"column-2\">24 VDC<\/td>\n<\/tr>\n<tr class=\"row-2\">\n\t<td class=\"column-1\">Zakres pomiarowy CO2<\/td><td class=\"column-2\">0 do 5%<\/td>\n<\/tr>\n<tr class=\"row-3\">\n\t<td class=\"column-1\">Dok\u0142adno\u015b\u0107<\/td><td class=\"column-2\"><\/td>\n<\/tr>\n<tr class=\"row-4\">\n\t<td class=\"column-1\">Sygna\u0142 wyj\u015bciowy<\/td><td class=\"column-2\">Magistrala komunikacyjna RS485<\/td>\n<\/tr>\n<\/tbody>\n<\/table>\n<!-- #tablepress-335 from cache -->[\/vc_column_text][\/vc_tab][vc_tab title=&#8221;Schematy&#8221; tab_id=&#8221;1620810732802-3-5&#8243;][vc_row_inner][vc_column_inner width=&#8221;1\/3&#8243;][vc_column_text]Monitorowanie CO2[\/vc_column_text]<style type=\"text\/css\" data-type=\"the7_shortcodes-inline-css\">.shortcode-single-image-wrap.shortcode-single-image-07efb585eb81b72efb641dc9d776d9ab.enable-bg-rollover .rollover i,\n.shortcode-single-image-wrap.shortcode-single-image-07efb585eb81b72efb641dc9d776d9ab.enable-bg-rollover .rollover-video i {\n  background: -webkit-linear-gradient();\n  background: linear-gradient();\n}\n.shortcode-single-image-wrap.shortcode-single-image-07efb585eb81b72efb641dc9d776d9ab .rollover-icon {\n  font-size: 32px;\n  color: #ffffff;\n  min-width: 44px;\n  min-height: 44px;\n  line-height: 44px;\n  border-radius: 100px;\n  border-style: solid;\n  border-width: 0px;\n}\n.dt-icon-bg-on.shortcode-single-image-wrap.shortcode-single-image-07efb585eb81b72efb641dc9d776d9ab .rollover-icon {\n  background: rgba(255,255,255,0.3);\n  box-shadow: none;\n}<\/style><div class=\"shortcode-single-image-wrap shortcode-single-image-07efb585eb81b72efb641dc9d776d9ab alignleft  enable-bg-rollover dt-icon-bg-off\" style=\"margin-top:0px; margin-bottom:0px; margin-left:0px; margin-right:0px; width:364px;\"><div class=\"shortcode-single-image\"><div class=\"fancy-media-wrap\" style=\"\"><a class=\"layzr-bg rollover rollover-zoom dt-pswp-item pswp-image\" href=\"https:\/\/digitel.swiss\/wp-content\/uploads\/2021\/05\/Digitel-DC-CO2-continuous-detection-of-CO2.jpg\" title=\"Digitel-DC-CO2-continuous-detection-of-CO2\" data-dt-img-description=\"\" data-large_image_width=\"1920\" data-large_image_height = \"1959\"  style=\"\"><img fetchpriority=\"high\" decoding=\"async\" class=\"preload-me lazy-load aspect\" src=\"data:image\/svg+xml,%3Csvg%20xmlns%3D&#39;http%3A%2F%2Fwww.w3.org%2F2000%2Fsvg&#39;%20viewBox%3D&#39;0%200%20364%20371&#39;%2F%3E\" data-src=\"https:\/\/digitel.swiss\/wp-content\/uploads\/2021\/05\/Digitel-DC-CO2-continuous-detection-of-CO2-364x371.jpg\" data-srcset=\"https:\/\/digitel.swiss\/wp-content\/uploads\/2021\/05\/Digitel-DC-CO2-continuous-detection-of-CO2-364x371.jpg 364w, https:\/\/digitel.swiss\/wp-content\/uploads\/2021\/05\/Digitel-DC-CO2-continuous-detection-of-CO2-728x742.jpg 728w\" loading=\"eager\" style=\"--ratio: 364 \/ 371\" sizes=\"(max-width: 364px) 100vw, 364px\" width=\"364\" height=\"371\"  data-dt-location=\"https:\/\/digitel.swiss\/pl\/?attachment_id=6509\" alt=\"\" \/><\/a><\/div><\/div><\/div>[\/vc_column_inner][vc_column_inner width=&#8221;1\/3&#8243;][vc_column_text]Monitorowanie CO<span class=\"ILfuVd\"><span class=\"hgKElc\"><sub>2<\/sub><\/span><\/span> z kontrol\u0105 spr\u0119\u017carki[\/vc_column_text]<style type=\"text\/css\" data-type=\"the7_shortcodes-inline-css\">.shortcode-single-image-wrap.shortcode-single-image-8088d1fba43805d4d1208a0089c57b53.enable-bg-rollover .rollover i,\n.shortcode-single-image-wrap.shortcode-single-image-8088d1fba43805d4d1208a0089c57b53.enable-bg-rollover .rollover-video i {\n  background: -webkit-linear-gradient();\n  background: linear-gradient();\n}\n.shortcode-single-image-wrap.shortcode-single-image-8088d1fba43805d4d1208a0089c57b53 .rollover-icon {\n  font-size: 32px;\n  color: #ffffff;\n  min-width: 44px;\n  min-height: 44px;\n  line-height: 44px;\n  border-radius: 100px;\n  border-style: solid;\n  border-width: 0px;\n}\n.dt-icon-bg-on.shortcode-single-image-wrap.shortcode-single-image-8088d1fba43805d4d1208a0089c57b53 .rollover-icon {\n  background: rgba(255,255,255,0.3);\n  box-shadow: none;\n}<\/style><div class=\"shortcode-single-image-wrap shortcode-single-image-8088d1fba43805d4d1208a0089c57b53 alignleft  enable-bg-rollover dt-icon-bg-off\" style=\"margin-top:0px; margin-bottom:0px; margin-left:0px; margin-right:0px;\"><div class=\"shortcode-single-image\"><div class=\"fancy-media-wrap\" style=\"\"><a class=\"layzr-bg rollover rollover-zoom dt-pswp-item pswp-image\" href=\"https:\/\/digitel.swiss\/wp-content\/uploads\/2021\/05\/Ang_DC24D_detection-CO2-avec-compresseurs.jpg\" title=\"Ang_DC24D_d\u00e9tection CO2 avec compresseurs\" data-dt-img-description=\"\" data-large_image_width=\"1764\" data-large_image_height = \"2268\"  style=\"\"><img decoding=\"async\" class=\"preload-me lazy-load aspect\" src=\"data:image\/svg+xml,%3Csvg%20xmlns%3D&#39;http%3A%2F%2Fwww.w3.org%2F2000%2Fsvg&#39;%20viewBox%3D&#39;0%200%201764%202268&#39;%2F%3E\" data-src=\"https:\/\/digitel.swiss\/wp-content\/uploads\/2021\/05\/Ang_DC24D_detection-CO2-avec-compresseurs.jpg\" data-srcset=\"https:\/\/digitel.swiss\/wp-content\/uploads\/2021\/05\/Ang_DC24D_detection-CO2-avec-compresseurs.jpg 1764w\" loading=\"eager\" style=\"--ratio: 1764 \/ 2268\" sizes=\"(max-width: 1764px) 100vw, 1764px\" width=\"1764\" height=\"2268\"  data-dt-location=\"https:\/\/digitel.swiss\/pl\/?attachment_id=8499\" alt=\"\" \/><\/a><\/div><\/div><\/div>[\/vc_column_inner][vc_column_inner width=&#8221;1\/3&#8243;][vc_column_text]Monitorowanie CO<span class=\"ILfuVd\"><span class=\"hgKElc\"><sub>2<\/sub><\/span><\/span> za pomoc\u0105 trzech czujnik\u00f3w[\/vc_column_text]<style type=\"text\/css\" data-type=\"the7_shortcodes-inline-css\">.shortcode-single-image-wrap.shortcode-single-image-f5176fe946c984fc86ea39d4a782a9a7.enable-bg-rollover .rollover i,\n.shortcode-single-image-wrap.shortcode-single-image-f5176fe946c984fc86ea39d4a782a9a7.enable-bg-rollover .rollover-video i {\n  background: -webkit-linear-gradient();\n  background: linear-gradient();\n}\n.shortcode-single-image-wrap.shortcode-single-image-f5176fe946c984fc86ea39d4a782a9a7 .rollover-icon {\n  font-size: 32px;\n  color: #ffffff;\n  min-width: 44px;\n  min-height: 44px;\n  line-height: 44px;\n  border-radius: 100px;\n  border-style: solid;\n  border-width: 0px;\n}\n.dt-icon-bg-on.shortcode-single-image-wrap.shortcode-single-image-f5176fe946c984fc86ea39d4a782a9a7 .rollover-icon {\n  background: rgba(255,255,255,0.3);\n  box-shadow: none;\n}<\/style><div class=\"shortcode-single-image-wrap shortcode-single-image-f5176fe946c984fc86ea39d4a782a9a7 alignleft  enable-bg-rollover dt-icon-bg-off\" style=\"margin-top:0px; margin-bottom:0px; margin-left:0px; margin-right:0px;\"><div class=\"shortcode-single-image\"><div class=\"fancy-media-wrap\" style=\"\"><a class=\"layzr-bg rollover rollover-zoom dt-pswp-item pswp-image\" href=\"https:\/\/digitel.swiss\/wp-content\/uploads\/2021\/05\/D_DC24D_detection-CO2-3-capteurs-scaled.jpg\" title=\"D_DC24D_d\u00e9tection CO2 &#8211; 3 capteurs\" data-dt-img-description=\"\" data-large_image_width=\"1810\" data-large_image_height = \"2560\"  style=\"\"><img decoding=\"async\" class=\"preload-me lazy-load aspect\" src=\"data:image\/svg+xml,%3Csvg%20xmlns%3D&#39;http%3A%2F%2Fwww.w3.org%2F2000%2Fsvg&#39;%20viewBox%3D&#39;0%200%201810%202560&#39;%2F%3E\" data-src=\"https:\/\/digitel.swiss\/wp-content\/uploads\/2021\/05\/D_DC24D_detection-CO2-3-capteurs-scaled.jpg\" data-srcset=\"https:\/\/digitel.swiss\/wp-content\/uploads\/2021\/05\/D_DC24D_detection-CO2-3-capteurs-scaled.jpg 1810w\" loading=\"eager\" style=\"--ratio: 1810 \/ 2560\" sizes=\"(max-width: 1810px) 100vw, 1810px\" width=\"1810\" height=\"2560\"  data-dt-location=\"https:\/\/digitel.swiss\/pl\/?attachment_id=8674\" alt=\"\" \/><\/a><\/div><\/div><\/div>[\/vc_column_inner][\/vc_row_inner][\/vc_tab][\/vc_tabs][\/vc_column][\/vc_row]<\/p>\n<\/div>","protected":false},"excerpt":{"rendered":"<p>Sonda CO2 0-5%, 24 VDC, RS485<\/p>\n","protected":false},"featured_media":3244,"template":"","meta":{"_acf_changed":false},"product_brand":[],"product_cat":[96],"product_tag":[153,171,162],"class_list":{"0":"post-3252","1":"product","2":"type-product","3":"status-publish","4":"has-post-thumbnail","6":"product_cat-czujniki-i-sondy","7":"product_tag-przechowalnie-owocow-i-warzyw","8":"product_tag-co2-transkrytyczne","9":"product_tag-stezenie-gazu","10":"description-off","12":"first","13":"instock","14":"shipping-taxable","15":"product-type-simple"},"acf":[],"yoast_head":"<!-- This site is optimized with the Yoast SEO plugin v27.2 - https:\/\/yoast.com\/product\/yoast-seo-wordpress\/ -->\n<title>DC-CO2 - Digitel<\/title>\n<meta name=\"robots\" content=\"index, follow, max-snippet:-1, max-image-preview:large, max-video-preview:-1\" \/>\n<link rel=\"canonical\" href=\"https:\/\/digitel.swiss\/produkt\/dc-co2\/\" \/>\n<meta property=\"og:locale\" content=\"pl_PL\" \/>\n<meta property=\"og:type\" content=\"article\" \/>\n<meta property=\"og:title\" content=\"DC-CO2 - Digitel\" \/>\n<meta property=\"og:description\" content=\"Sonda CO2 0-5%, 24 VDC, RS485\" \/>\n<meta property=\"og:url\" content=\"https:\/\/digitel.swiss\/produkt\/dc-co2\/\" \/>\n<meta property=\"og:site_name\" content=\"Digitel\" \/>\n<meta property=\"article:modified_time\" content=\"2022-05-16T09:58:58+00:00\" \/>\n<meta property=\"og:image\" content=\"https:\/\/digitel.swiss\/wp-content\/uploads\/2021\/05\/Sonde-CO2-Digitel-DC-CO2-1.jpg\" \/>\n\t<meta property=\"og:image:width\" content=\"1200\" \/>\n\t<meta property=\"og:image:height\" content=\"766\" \/>\n\t<meta property=\"og:image:type\" content=\"image\/jpeg\" \/>\n<meta name=\"twitter:card\" content=\"summary_large_image\" \/>\n<meta name=\"twitter:label1\" content=\"Szacowany czas czytania\" \/>\n\t<meta name=\"twitter:data1\" content=\"1 minuta\" \/>\n<script type=\"application\/ld+json\" class=\"yoast-schema-graph\">{\"@context\":\"https:\/\/schema.org\",\"@graph\":[{\"@type\":\"WebPage\",\"@id\":\"https:\/\/digitel.swiss\/produkt\/dc-co2\/\",\"url\":\"https:\/\/digitel.swiss\/produkt\/dc-co2\/\",\"name\":\"DC-CO2 - Digitel\",\"isPartOf\":{\"@id\":\"https:\/\/digitel.swiss\/#website\"},\"primaryImageOfPage\":{\"@id\":\"https:\/\/digitel.swiss\/produkt\/dc-co2\/#primaryimage\"},\"image\":{\"@id\":\"https:\/\/digitel.swiss\/produkt\/dc-co2\/#primaryimage\"},\"thumbnailUrl\":\"https:\/\/digitel.swiss\/wp-content\/uploads\/2021\/05\/Sonde-CO2-Digitel-DC-CO2-1.jpg\",\"datePublished\":\"2021-05-20T18:02:56+00:00\",\"dateModified\":\"2022-05-16T09:58:58+00:00\",\"breadcrumb\":{\"@id\":\"https:\/\/digitel.swiss\/produkt\/dc-co2\/#breadcrumb\"},\"inLanguage\":\"pl-PL\",\"potentialAction\":[{\"@type\":\"ReadAction\",\"target\":[\"https:\/\/digitel.swiss\/produkt\/dc-co2\/\"]}]},{\"@type\":\"ImageObject\",\"inLanguage\":\"pl-PL\",\"@id\":\"https:\/\/digitel.swiss\/produkt\/dc-co2\/#primaryimage\",\"url\":\"https:\/\/digitel.swiss\/wp-content\/uploads\/2021\/05\/Sonde-CO2-Digitel-DC-CO2-1.jpg\",\"contentUrl\":\"https:\/\/digitel.swiss\/wp-content\/uploads\/2021\/05\/Sonde-CO2-Digitel-DC-CO2-1.jpg\",\"width\":1200,\"height\":766},{\"@type\":\"BreadcrumbList\",\"@id\":\"https:\/\/digitel.swiss\/produkt\/dc-co2\/#breadcrumb\",\"itemListElement\":[{\"@type\":\"ListItem\",\"position\":1,\"name\":\"Home\",\"item\":\"https:\/\/digitel.swiss\/pl\/\"},{\"@type\":\"ListItem\",\"position\":2,\"name\":\"Katalog &#8211; Wszystkie produkty\",\"item\":\"https:\/\/digitel.swiss\/pl\/katalog-wszystkie-produkty\/\"},{\"@type\":\"ListItem\",\"position\":3,\"name\":\"DC-CO2\"}]},{\"@type\":\"WebSite\",\"@id\":\"https:\/\/digitel.swiss\/#website\",\"url\":\"https:\/\/digitel.swiss\/\",\"name\":\"Digitel\",\"description\":\"Rozwi\u0105zanie elektroniczne\",\"publisher\":{\"@id\":\"https:\/\/digitel.swiss\/#organization\"},\"potentialAction\":[{\"@type\":\"SearchAction\",\"target\":{\"@type\":\"EntryPoint\",\"urlTemplate\":\"https:\/\/digitel.swiss\/?s={search_term_string}\"},\"query-input\":{\"@type\":\"PropertyValueSpecification\",\"valueRequired\":true,\"valueName\":\"search_term_string\"}}],\"inLanguage\":\"pl-PL\"},{\"@type\":\"Organization\",\"@id\":\"https:\/\/digitel.swiss\/#organization\",\"name\":\"Digitel Swiss\",\"url\":\"https:\/\/digitel.swiss\/\",\"logo\":{\"@type\":\"ImageObject\",\"inLanguage\":\"pl-PL\",\"@id\":\"https:\/\/digitel.swiss\/#\/schema\/logo\/image\/\",\"url\":\"https:\/\/digitel.swiss\/wp-content\/uploads\/2021\/03\/Logo-Digitel_170.png\",\"contentUrl\":\"https:\/\/digitel.swiss\/wp-content\/uploads\/2021\/03\/Logo-Digitel_170.png\",\"width\":170,\"height\":60,\"caption\":\"Digitel Swiss\"},\"image\":{\"@id\":\"https:\/\/digitel.swiss\/#\/schema\/logo\/image\/\"}}]}<\/script>\n<!-- \/ Yoast SEO plugin. -->","yoast_head_json":{"title":"DC-CO2 - Digitel","robots":{"index":"index","follow":"follow","max-snippet":"max-snippet:-1","max-image-preview":"max-image-preview:large","max-video-preview":"max-video-preview:-1"},"canonical":"https:\/\/digitel.swiss\/produkt\/dc-co2\/","og_locale":"pl_PL","og_type":"article","og_title":"DC-CO2 - Digitel","og_description":"Sonda CO2 0-5%, 24 VDC, RS485","og_url":"https:\/\/digitel.swiss\/produkt\/dc-co2\/","og_site_name":"Digitel","article_modified_time":"2022-05-16T09:58:58+00:00","og_image":[{"width":1200,"height":766,"url":"https:\/\/digitel.swiss\/wp-content\/uploads\/2021\/05\/Sonde-CO2-Digitel-DC-CO2-1.jpg","type":"image\/jpeg"}],"twitter_card":"summary_large_image","twitter_misc":{"Szacowany czas czytania":"1 minuta"},"schema":{"@context":"https:\/\/schema.org","@graph":[{"@type":"WebPage","@id":"https:\/\/digitel.swiss\/produkt\/dc-co2\/","url":"https:\/\/digitel.swiss\/produkt\/dc-co2\/","name":"DC-CO2 - Digitel","isPartOf":{"@id":"https:\/\/digitel.swiss\/#website"},"primaryImageOfPage":{"@id":"https:\/\/digitel.swiss\/produkt\/dc-co2\/#primaryimage"},"image":{"@id":"https:\/\/digitel.swiss\/produkt\/dc-co2\/#primaryimage"},"thumbnailUrl":"https:\/\/digitel.swiss\/wp-content\/uploads\/2021\/05\/Sonde-CO2-Digitel-DC-CO2-1.jpg","datePublished":"2021-05-20T18:02:56+00:00","dateModified":"2022-05-16T09:58:58+00:00","breadcrumb":{"@id":"https:\/\/digitel.swiss\/produkt\/dc-co2\/#breadcrumb"},"inLanguage":"pl-PL","potentialAction":[{"@type":"ReadAction","target":["https:\/\/digitel.swiss\/produkt\/dc-co2\/"]}]},{"@type":"ImageObject","inLanguage":"pl-PL","@id":"https:\/\/digitel.swiss\/produkt\/dc-co2\/#primaryimage","url":"https:\/\/digitel.swiss\/wp-content\/uploads\/2021\/05\/Sonde-CO2-Digitel-DC-CO2-1.jpg","contentUrl":"https:\/\/digitel.swiss\/wp-content\/uploads\/2021\/05\/Sonde-CO2-Digitel-DC-CO2-1.jpg","width":1200,"height":766},{"@type":"BreadcrumbList","@id":"https:\/\/digitel.swiss\/produkt\/dc-co2\/#breadcrumb","itemListElement":[{"@type":"ListItem","position":1,"name":"Home","item":"https:\/\/digitel.swiss\/pl\/"},{"@type":"ListItem","position":2,"name":"Katalog &#8211; Wszystkie produkty","item":"https:\/\/digitel.swiss\/pl\/katalog-wszystkie-produkty\/"},{"@type":"ListItem","position":3,"name":"DC-CO2"}]},{"@type":"WebSite","@id":"https:\/\/digitel.swiss\/#website","url":"https:\/\/digitel.swiss\/","name":"Digitel","description":"Rozwi\u0105zanie elektroniczne","publisher":{"@id":"https:\/\/digitel.swiss\/#organization"},"potentialAction":[{"@type":"SearchAction","target":{"@type":"EntryPoint","urlTemplate":"https:\/\/digitel.swiss\/?s={search_term_string}"},"query-input":{"@type":"PropertyValueSpecification","valueRequired":true,"valueName":"search_term_string"}}],"inLanguage":"pl-PL"},{"@type":"Organization","@id":"https:\/\/digitel.swiss\/#organization","name":"Digitel Swiss","url":"https:\/\/digitel.swiss\/","logo":{"@type":"ImageObject","inLanguage":"pl-PL","@id":"https:\/\/digitel.swiss\/#\/schema\/logo\/image\/","url":"https:\/\/digitel.swiss\/wp-content\/uploads\/2021\/03\/Logo-Digitel_170.png","contentUrl":"https:\/\/digitel.swiss\/wp-content\/uploads\/2021\/03\/Logo-Digitel_170.png","width":170,"height":60,"caption":"Digitel Swiss"},"image":{"@id":"https:\/\/digitel.swiss\/#\/schema\/logo\/image\/"}}]}},"_links":{"self":[{"href":"https:\/\/digitel.swiss\/pl\/wp-json\/wp\/v2\/product\/3252","targetHints":{"allow":["GET"]}}],"collection":[{"href":"https:\/\/digitel.swiss\/pl\/wp-json\/wp\/v2\/product"}],"about":[{"href":"https:\/\/digitel.swiss\/pl\/wp-json\/wp\/v2\/types\/product"}],"wp:featuredmedia":[{"embeddable":true,"href":"https:\/\/digitel.swiss\/pl\/wp-json\/wp\/v2\/media\/3244"}],"wp:attachment":[{"href":"https:\/\/digitel.swiss\/pl\/wp-json\/wp\/v2\/media?parent=3252"}],"wp:term":[{"taxonomy":"product_brand","embeddable":true,"href":"https:\/\/digitel.swiss\/pl\/wp-json\/wp\/v2\/product_brand?post=3252"},{"taxonomy":"product_cat","embeddable":true,"href":"https:\/\/digitel.swiss\/pl\/wp-json\/wp\/v2\/product_cat?post=3252"},{"taxonomy":"product_tag","embeddable":true,"href":"https:\/\/digitel.swiss\/pl\/wp-json\/wp\/v2\/product_tag?post=3252"}],"curies":[{"name":"wp","href":"https:\/\/api.w.org\/{rel}","templated":true}]}}