{"id":3260,"date":"2021-05-20T17:42:38","date_gmt":"2021-05-20T17:42:38","guid":{"rendered":"http:\/\/digitel.elcadia.com\/product\/s3v\/"},"modified":"2021-06-23T10:56:36","modified_gmt":"2021-06-23T10:56:36","slug":"s3v","status":"publish","type":"product","link":"https:\/\/digitel.swiss\/pl\/produkt\/s3v\/","title":{"rendered":"S3V"},"content":{"rendered":"<div class=\"wpb-content-wrapper\"><p>[vc_row][vc_column][vc_tabs][vc_tab title=&#8221;Zastosowania&#8221; tab_id=&#8221;1620742324422-2-2&#8243;][vc_column_text]\n<table id=\"tablepress-322\" class=\"tablepress tablepress-id-322\">\n<tbody class=\"row-striping row-hover\">\n<tr class=\"row-1\">\n\t<td class=\"column-1\">Higrometria<br \/>\n<\/td><td class=\"column-2\">tak<\/td>\n<\/tr>\n<tr class=\"row-2\">\n\t<td class=\"column-1\">Grzejniki szyb<br \/>\n<\/td><td class=\"column-2\">tak<\/td>\n<\/tr>\n<\/tbody>\n<\/table>\n<!-- #tablepress-322 from cache -->[\/vc_column_text][\/vc_tab][vc_tab title=&#8221;Dane techniczne&#8221; tab_id=&#8221;5d09cf5f-4945-10&#8243;][vc_column_text]\n<table id=\"tablepress-323\" class=\"tablepress tablepress-id-323\">\n<tbody class=\"row-striping row-hover\">\n<tr class=\"row-1\">\n\t<td class=\"column-1\">Zakres pomiarowy dla wilgotno\u015bci wzgl\u0119dnej<\/td><td class=\"column-2\">0 do 100%, bez kondensacji <\/td>\n<\/tr>\n<tr class=\"row-2\">\n\t<td class=\"column-1\">Dok\u0142adno\u015b\u0107 (wilgotno\u015b\u0107 wzgl\u0119dna) \t<\/td><td class=\"column-2\">\u00b1 2% dla RH pomi\u0119dzy 10 a 90%. \u00b1 3% w pozosta\u0142ych przypadkach<\/td>\n<\/tr>\n<tr class=\"row-3\">\n\t<td class=\"column-1\">Zakres pomiaru temperatury\t<\/td><td class=\"column-2\">20 do 60\u00b0C <\/td>\n<\/tr>\n<tr class=\"row-4\">\n\t<td class=\"column-1\">Dok\u0142adno\u015b\u0107 (temperatura) <\/td><td class=\"column-2\">\u00b1 0.5% <\/td>\n<\/tr>\n<tr class=\"row-5\">\n\t<td class=\"column-1\">Sygna\u0142 wyj\u015bciowy<\/td><td class=\"column-2\">0-10 V<\/td>\n<\/tr>\n<\/tbody>\n<\/table>\n<!-- #tablepress-323 from cache -->[\/vc_column_text][\/vc_tab][vc_tab title=&#8221;Schematy&#8221; tab_id=&#8221;1621594781010-2-10&#8243;][vc_row_inner][vc_column_inner width=&#8221;1\/3&#8243;][vc_column_text]Higrometria DC24D\/DE[\/vc_column_text]<style type=\"text\/css\" data-type=\"the7_shortcodes-inline-css\">.shortcode-single-image-wrap.shortcode-single-image-0ce1b474dfa3c386598b1efb62c0419e.enable-bg-rollover .rollover i,\n.shortcode-single-image-wrap.shortcode-single-image-0ce1b474dfa3c386598b1efb62c0419e.enable-bg-rollover .rollover-video i {\n  background: -webkit-linear-gradient();\n  background: linear-gradient();\n}\n.shortcode-single-image-wrap.shortcode-single-image-0ce1b474dfa3c386598b1efb62c0419e .rollover-icon {\n  font-size: 32px;\n  color: #ffffff;\n  min-width: 44px;\n  min-height: 44px;\n  line-height: 44px;\n  border-radius: 100px;\n  border-style: solid;\n  border-width: 0px;\n}\n.dt-icon-bg-on.shortcode-single-image-wrap.shortcode-single-image-0ce1b474dfa3c386598b1efb62c0419e .rollover-icon {\n  background: rgba(255,255,255,0.3);\n  box-shadow: none;\n}<\/style><div class=\"shortcode-single-image-wrap shortcode-single-image-0ce1b474dfa3c386598b1efb62c0419e alignleft  enable-bg-rollover dt-icon-bg-off\" style=\"margin-top:0px; margin-bottom:0px; margin-left:0px; margin-right:0px;\"><div class=\"shortcode-single-image\"><div class=\"fancy-media-wrap\" style=\"\"><a class=\"layzr-bg rollover rollover-zoom dt-pswp-item pswp-image\" href=\"https:\/\/digitel.swiss\/wp-content\/uploads\/2021\/05\/Digitel-DC24D-Higrometria-0-10V.jpg\" title=\"Digitel-DC24D-Higrometria-0-10V\" data-dt-img-description=\"\" data-large_image_width=\"1920\" data-large_image_height = \"1955\"  style=\"\"><img fetchpriority=\"high\" decoding=\"async\" class=\"preload-me lazy-load aspect\" src=\"data:image\/svg+xml,%3Csvg%20xmlns%3D&#39;http%3A%2F%2Fwww.w3.org%2F2000%2Fsvg&#39;%20viewBox%3D&#39;0%200%201920%201955&#39;%2F%3E\" data-src=\"https:\/\/digitel.swiss\/wp-content\/uploads\/2021\/05\/Digitel-DC24D-Higrometria-0-10V.jpg\" data-srcset=\"https:\/\/digitel.swiss\/wp-content\/uploads\/2021\/05\/Digitel-DC24D-Higrometria-0-10V.jpg 1920w\" loading=\"eager\" style=\"--ratio: 1920 \/ 1955\" sizes=\"(max-width: 1920px) 100vw, 1920px\" width=\"1920\" height=\"1955\"  data-dt-location=\"https:\/\/digitel.swiss\/pl\/?attachment_id=6467\" alt=\"\" \/><\/a><\/div><\/div><\/div>[\/vc_column_inner][vc_column_inner width=&#8221;1\/3&#8243;][vc_column_text]Grzejniki szyb[\/vc_column_text]<style type=\"text\/css\" data-type=\"the7_shortcodes-inline-css\">.shortcode-single-image-wrap.shortcode-single-image-cd18f426d3c1f826de12e48ee525e4ed.enable-bg-rollover .rollover i,\n.shortcode-single-image-wrap.shortcode-single-image-cd18f426d3c1f826de12e48ee525e4ed.enable-bg-rollover .rollover-video i {\n  background: -webkit-linear-gradient();\n  background: linear-gradient();\n}\n.shortcode-single-image-wrap.shortcode-single-image-cd18f426d3c1f826de12e48ee525e4ed .rollover-icon {\n  font-size: 32px;\n  color: #ffffff;\n  min-width: 44px;\n  min-height: 44px;\n  line-height: 44px;\n  border-radius: 100px;\n  border-style: solid;\n  border-width: 0px;\n}\n.dt-icon-bg-on.shortcode-single-image-wrap.shortcode-single-image-cd18f426d3c1f826de12e48ee525e4ed .rollover-icon {\n  background: rgba(255,255,255,0.3);\n  box-shadow: none;\n}<\/style><div class=\"shortcode-single-image-wrap shortcode-single-image-cd18f426d3c1f826de12e48ee525e4ed alignnone  enable-bg-rollover dt-icon-bg-off\" style=\"margin-top:0px; margin-bottom:0px; margin-left:0px; margin-right:0px;\"><div class=\"shortcode-single-image\"><div class=\"fancy-media-wrap\" style=\"\"><a class=\"layzr-bg rollover rollover-zoom dt-pswp-item pswp-image\" href=\"https:\/\/digitel.swiss\/wp-content\/uploads\/2021\/05\/Digitel-DC24DTP-Grzalki-szyb-i-oscieznic-drzwi-1.jpg\" title=\"Digitel-DC24DTP-Grza\u0142ki-szyb-i-o\u015bcie\u017cnic-drzwi\" data-dt-img-description=\"\" data-large_image_width=\"1900\" data-large_image_height = \"2500\"  style=\"\"><img decoding=\"async\" class=\"preload-me lazy-load aspect\" src=\"data:image\/svg+xml,%3Csvg%20xmlns%3D&#39;http%3A%2F%2Fwww.w3.org%2F2000%2Fsvg&#39;%20viewBox%3D&#39;0%200%201900%202500&#39;%2F%3E\" data-src=\"https:\/\/digitel.swiss\/wp-content\/uploads\/2021\/05\/Digitel-DC24DTP-Grzalki-szyb-i-oscieznic-drzwi-1.jpg\" data-srcset=\"https:\/\/digitel.swiss\/wp-content\/uploads\/2021\/05\/Digitel-DC24DTP-Grzalki-szyb-i-oscieznic-drzwi-1.jpg 1900w\" loading=\"eager\" style=\"--ratio: 1900 \/ 2500\" sizes=\"(max-width: 1900px) 100vw, 1900px\" width=\"1900\" height=\"2500\"  data-dt-location=\"https:\/\/digitel.swiss\/pl\/?attachment_id=6475\" alt=\"\" \/><\/a><\/div><\/div><\/div>[\/vc_column_inner][vc_column_inner width=&#8221;1\/3&#8243;][vc_column_text]Higrometria DC24E[\/vc_column_text]<style type=\"text\/css\" data-type=\"the7_shortcodes-inline-css\">.shortcode-single-image-wrap.shortcode-single-image-39f8f7296b58c333b8dd0cc38bef1330.enable-bg-rollover .rollover i,\n.shortcode-single-image-wrap.shortcode-single-image-39f8f7296b58c333b8dd0cc38bef1330.enable-bg-rollover .rollover-video i {\n  background: -webkit-linear-gradient();\n  background: linear-gradient();\n}\n.shortcode-single-image-wrap.shortcode-single-image-39f8f7296b58c333b8dd0cc38bef1330 .rollover-icon {\n  font-size: 32px;\n  color: #ffffff;\n  min-width: 44px;\n  min-height: 44px;\n  line-height: 44px;\n  border-radius: 100px;\n  border-style: solid;\n  border-width: 0px;\n}\n.dt-icon-bg-on.shortcode-single-image-wrap.shortcode-single-image-39f8f7296b58c333b8dd0cc38bef1330 .rollover-icon {\n  background: rgba(255,255,255,0.3);\n  box-shadow: none;\n}<\/style><div class=\"shortcode-single-image-wrap shortcode-single-image-39f8f7296b58c333b8dd0cc38bef1330 alignnone  enable-bg-rollover dt-icon-bg-off\" style=\"margin-top:0px; margin-bottom:0px; margin-left:0px; margin-right:0px;\"><div class=\"shortcode-single-image\"><div class=\"fancy-media-wrap\" style=\"\"><a class=\"layzr-bg rollover rollover-zoom dt-pswp-item pswp-image\" href=\"https:\/\/digitel.swiss\/wp-content\/uploads\/2021\/05\/Digitel-DC24E-Higrometria-0-10V.jpg\" title=\"Digitel-DC24E-Higrometria-0-10V\" data-dt-img-description=\"\" data-large_image_width=\"1920\" data-large_image_height = \"1791\"  style=\"\"><img decoding=\"async\" class=\"preload-me lazy-load aspect\" src=\"data:image\/svg+xml,%3Csvg%20xmlns%3D&#39;http%3A%2F%2Fwww.w3.org%2F2000%2Fsvg&#39;%20viewBox%3D&#39;0%200%201920%201791&#39;%2F%3E\" data-src=\"https:\/\/digitel.swiss\/wp-content\/uploads\/2021\/05\/Digitel-DC24E-Higrometria-0-10V.jpg\" data-srcset=\"https:\/\/digitel.swiss\/wp-content\/uploads\/2021\/05\/Digitel-DC24E-Higrometria-0-10V.jpg 1920w\" loading=\"eager\" style=\"--ratio: 1920 \/ 1791\" sizes=\"(max-width: 1920px) 100vw, 1920px\" width=\"1920\" height=\"1791\"  data-dt-location=\"https:\/\/digitel.swiss\/pl\/?attachment_id=6471\" alt=\"\" \/><\/a><\/div><\/div><\/div>[\/vc_column_inner][\/vc_row_inner][\/vc_tab][\/vc_tabs][\/vc_column][\/vc_row]<\/p>\n<\/div>","protected":false},"excerpt":{"rendered":"<p>0-95% Feuchtigkeitsf\u00fchler, 0-10 V Ausgang<\/p>\n","protected":false},"featured_media":3262,"template":"","meta":{"_acf_changed":false},"product_brand":[],"product_cat":[96],"product_tag":[159,183],"class_list":{"0":"post-3260","1":"product","2":"type-product","3":"status-publish","4":"has-post-thumbnail","6":"product_cat-czujniki-i-sondy","7":"product_tag-grzejniki-szyb-pl","8":"product_tag-higrometria","9":"description-off","11":"first","12":"instock","13":"shipping-taxable","14":"product-type-simple"},"acf":[],"yoast_head":"<!-- This site is optimized with the Yoast SEO plugin v27.4 - https:\/\/yoast.com\/product\/yoast-seo-wordpress\/ -->\n<title>S3V - Digitel<\/title>\n<meta name=\"robots\" content=\"index, follow, max-snippet:-1, max-image-preview:large, max-video-preview:-1\" \/>\n<link rel=\"canonical\" href=\"https:\/\/digitel.swiss\/pl\/produkt\/s3v\/\" \/>\n<meta property=\"og:locale\" content=\"pl_PL\" \/>\n<meta property=\"og:type\" content=\"article\" \/>\n<meta property=\"og:title\" content=\"S3V - Digitel\" \/>\n<meta property=\"og:description\" content=\"0-95% Feuchtigkeitsf\u00fchler, 0-10 V Ausgang\" \/>\n<meta property=\"og:url\" content=\"https:\/\/digitel.swiss\/pl\/produkt\/s3v\/\" \/>\n<meta property=\"og:site_name\" content=\"Digitel\" \/>\n<meta property=\"article:modified_time\" content=\"2021-06-23T10:56:36+00:00\" \/>\n<meta property=\"og:image\" content=\"https:\/\/digitel.swiss\/wp-content\/uploads\/2021\/05\/Sonde-dhumidite-Digitel-S3.jpg\" \/>\n\t<meta property=\"og:image:width\" content=\"1200\" \/>\n\t<meta property=\"og:image:height\" content=\"918\" \/>\n\t<meta property=\"og:image:type\" content=\"image\/jpeg\" \/>\n<meta name=\"twitter:card\" content=\"summary_large_image\" \/>\n<meta name=\"twitter:label1\" content=\"Szacowany czas czytania\" \/>\n\t<meta name=\"twitter:data1\" content=\"1 minuta\" \/>\n<script type=\"application\/ld+json\" class=\"yoast-schema-graph\">{\"@context\":\"https:\\\/\\\/schema.org\",\"@graph\":[{\"@type\":\"WebPage\",\"@id\":\"https:\\\/\\\/digitel.swiss\\\/pl\\\/produkt\\\/s3v\\\/\",\"url\":\"https:\\\/\\\/digitel.swiss\\\/pl\\\/produkt\\\/s3v\\\/\",\"name\":\"S3V - Digitel\",\"isPartOf\":{\"@id\":\"https:\\\/\\\/digitel.swiss\\\/#website\"},\"primaryImageOfPage\":{\"@id\":\"https:\\\/\\\/digitel.swiss\\\/pl\\\/produkt\\\/s3v\\\/#primaryimage\"},\"image\":{\"@id\":\"https:\\\/\\\/digitel.swiss\\\/pl\\\/produkt\\\/s3v\\\/#primaryimage\"},\"thumbnailUrl\":\"https:\\\/\\\/digitel.swiss\\\/wp-content\\\/uploads\\\/2021\\\/05\\\/Sonde-dhumidite-Digitel-S3.jpg\",\"datePublished\":\"2021-05-20T17:42:38+00:00\",\"dateModified\":\"2021-06-23T10:56:36+00:00\",\"breadcrumb\":{\"@id\":\"https:\\\/\\\/digitel.swiss\\\/pl\\\/produkt\\\/s3v\\\/#breadcrumb\"},\"inLanguage\":\"pl-PL\",\"potentialAction\":[{\"@type\":\"ReadAction\",\"target\":[\"https:\\\/\\\/digitel.swiss\\\/pl\\\/produkt\\\/s3v\\\/\"]}]},{\"@type\":\"ImageObject\",\"inLanguage\":\"pl-PL\",\"@id\":\"https:\\\/\\\/digitel.swiss\\\/pl\\\/produkt\\\/s3v\\\/#primaryimage\",\"url\":\"https:\\\/\\\/digitel.swiss\\\/wp-content\\\/uploads\\\/2021\\\/05\\\/Sonde-dhumidite-Digitel-S3.jpg\",\"contentUrl\":\"https:\\\/\\\/digitel.swiss\\\/wp-content\\\/uploads\\\/2021\\\/05\\\/Sonde-dhumidite-Digitel-S3.jpg\",\"width\":1200,\"height\":918},{\"@type\":\"BreadcrumbList\",\"@id\":\"https:\\\/\\\/digitel.swiss\\\/pl\\\/produkt\\\/s3v\\\/#breadcrumb\",\"itemListElement\":[{\"@type\":\"ListItem\",\"position\":1,\"name\":\"Home\",\"item\":\"https:\\\/\\\/digitel.swiss\\\/pl\\\/\"},{\"@type\":\"ListItem\",\"position\":2,\"name\":\"Katalog &#8211; Wszystkie produkty\",\"item\":\"https:\\\/\\\/digitel.swiss\\\/pl\\\/katalog-wszystkie-produkty\\\/\"},{\"@type\":\"ListItem\",\"position\":3,\"name\":\"S3V\"}]},{\"@type\":\"WebSite\",\"@id\":\"https:\\\/\\\/digitel.swiss\\\/#website\",\"url\":\"https:\\\/\\\/digitel.swiss\\\/\",\"name\":\"Digitel\",\"description\":\"Rozwi\u0105zanie elektroniczne\",\"publisher\":{\"@id\":\"https:\\\/\\\/digitel.swiss\\\/#organization\"},\"potentialAction\":[{\"@type\":\"SearchAction\",\"target\":{\"@type\":\"EntryPoint\",\"urlTemplate\":\"https:\\\/\\\/digitel.swiss\\\/?s={search_term_string}\"},\"query-input\":{\"@type\":\"PropertyValueSpecification\",\"valueRequired\":true,\"valueName\":\"search_term_string\"}}],\"inLanguage\":\"pl-PL\"},{\"@type\":\"Organization\",\"@id\":\"https:\\\/\\\/digitel.swiss\\\/#organization\",\"name\":\"Digitel Swiss\",\"url\":\"https:\\\/\\\/digitel.swiss\\\/\",\"logo\":{\"@type\":\"ImageObject\",\"inLanguage\":\"pl-PL\",\"@id\":\"https:\\\/\\\/digitel.swiss\\\/#\\\/schema\\\/logo\\\/image\\\/\",\"url\":\"https:\\\/\\\/digitel.swiss\\\/wp-content\\\/uploads\\\/2021\\\/03\\\/Logo-Digitel_170.png\",\"contentUrl\":\"https:\\\/\\\/digitel.swiss\\\/wp-content\\\/uploads\\\/2021\\\/03\\\/Logo-Digitel_170.png\",\"width\":170,\"height\":60,\"caption\":\"Digitel Swiss\"},\"image\":{\"@id\":\"https:\\\/\\\/digitel.swiss\\\/#\\\/schema\\\/logo\\\/image\\\/\"}}]}<\/script>\n<!-- \/ Yoast SEO plugin. -->","yoast_head_json":{"title":"S3V - Digitel","robots":{"index":"index","follow":"follow","max-snippet":"max-snippet:-1","max-image-preview":"max-image-preview:large","max-video-preview":"max-video-preview:-1"},"canonical":"https:\/\/digitel.swiss\/pl\/produkt\/s3v\/","og_locale":"pl_PL","og_type":"article","og_title":"S3V - Digitel","og_description":"0-95% Feuchtigkeitsf\u00fchler, 0-10 V Ausgang","og_url":"https:\/\/digitel.swiss\/pl\/produkt\/s3v\/","og_site_name":"Digitel","article_modified_time":"2021-06-23T10:56:36+00:00","og_image":[{"width":1200,"height":918,"url":"https:\/\/digitel.swiss\/wp-content\/uploads\/2021\/05\/Sonde-dhumidite-Digitel-S3.jpg","type":"image\/jpeg"}],"twitter_card":"summary_large_image","twitter_misc":{"Szacowany czas czytania":"1 minuta"},"schema":{"@context":"https:\/\/schema.org","@graph":[{"@type":"WebPage","@id":"https:\/\/digitel.swiss\/pl\/produkt\/s3v\/","url":"https:\/\/digitel.swiss\/pl\/produkt\/s3v\/","name":"S3V - Digitel","isPartOf":{"@id":"https:\/\/digitel.swiss\/#website"},"primaryImageOfPage":{"@id":"https:\/\/digitel.swiss\/pl\/produkt\/s3v\/#primaryimage"},"image":{"@id":"https:\/\/digitel.swiss\/pl\/produkt\/s3v\/#primaryimage"},"thumbnailUrl":"https:\/\/digitel.swiss\/wp-content\/uploads\/2021\/05\/Sonde-dhumidite-Digitel-S3.jpg","datePublished":"2021-05-20T17:42:38+00:00","dateModified":"2021-06-23T10:56:36+00:00","breadcrumb":{"@id":"https:\/\/digitel.swiss\/pl\/produkt\/s3v\/#breadcrumb"},"inLanguage":"pl-PL","potentialAction":[{"@type":"ReadAction","target":["https:\/\/digitel.swiss\/pl\/produkt\/s3v\/"]}]},{"@type":"ImageObject","inLanguage":"pl-PL","@id":"https:\/\/digitel.swiss\/pl\/produkt\/s3v\/#primaryimage","url":"https:\/\/digitel.swiss\/wp-content\/uploads\/2021\/05\/Sonde-dhumidite-Digitel-S3.jpg","contentUrl":"https:\/\/digitel.swiss\/wp-content\/uploads\/2021\/05\/Sonde-dhumidite-Digitel-S3.jpg","width":1200,"height":918},{"@type":"BreadcrumbList","@id":"https:\/\/digitel.swiss\/pl\/produkt\/s3v\/#breadcrumb","itemListElement":[{"@type":"ListItem","position":1,"name":"Home","item":"https:\/\/digitel.swiss\/pl\/"},{"@type":"ListItem","position":2,"name":"Katalog &#8211; Wszystkie produkty","item":"https:\/\/digitel.swiss\/pl\/katalog-wszystkie-produkty\/"},{"@type":"ListItem","position":3,"name":"S3V"}]},{"@type":"WebSite","@id":"https:\/\/digitel.swiss\/#website","url":"https:\/\/digitel.swiss\/","name":"Digitel","description":"Rozwi\u0105zanie elektroniczne","publisher":{"@id":"https:\/\/digitel.swiss\/#organization"},"potentialAction":[{"@type":"SearchAction","target":{"@type":"EntryPoint","urlTemplate":"https:\/\/digitel.swiss\/?s={search_term_string}"},"query-input":{"@type":"PropertyValueSpecification","valueRequired":true,"valueName":"search_term_string"}}],"inLanguage":"pl-PL"},{"@type":"Organization","@id":"https:\/\/digitel.swiss\/#organization","name":"Digitel Swiss","url":"https:\/\/digitel.swiss\/","logo":{"@type":"ImageObject","inLanguage":"pl-PL","@id":"https:\/\/digitel.swiss\/#\/schema\/logo\/image\/","url":"https:\/\/digitel.swiss\/wp-content\/uploads\/2021\/03\/Logo-Digitel_170.png","contentUrl":"https:\/\/digitel.swiss\/wp-content\/uploads\/2021\/03\/Logo-Digitel_170.png","width":170,"height":60,"caption":"Digitel Swiss"},"image":{"@id":"https:\/\/digitel.swiss\/#\/schema\/logo\/image\/"}}]}},"_links":{"self":[{"href":"https:\/\/digitel.swiss\/pl\/wp-json\/wp\/v2\/product\/3260","targetHints":{"allow":["GET"]}}],"collection":[{"href":"https:\/\/digitel.swiss\/pl\/wp-json\/wp\/v2\/product"}],"about":[{"href":"https:\/\/digitel.swiss\/pl\/wp-json\/wp\/v2\/types\/product"}],"wp:featuredmedia":[{"embeddable":true,"href":"https:\/\/digitel.swiss\/pl\/wp-json\/wp\/v2\/media\/3262"}],"wp:attachment":[{"href":"https:\/\/digitel.swiss\/pl\/wp-json\/wp\/v2\/media?parent=3260"}],"wp:term":[{"taxonomy":"product_brand","embeddable":true,"href":"https:\/\/digitel.swiss\/pl\/wp-json\/wp\/v2\/product_brand?post=3260"},{"taxonomy":"product_cat","embeddable":true,"href":"https:\/\/digitel.swiss\/pl\/wp-json\/wp\/v2\/product_cat?post=3260"},{"taxonomy":"product_tag","embeddable":true,"href":"https:\/\/digitel.swiss\/pl\/wp-json\/wp\/v2\/product_tag?post=3260"}],"curies":[{"name":"wp","href":"https:\/\/api.w.org\/{rel}","templated":true}]}}