{"id":3296,"date":"2021-05-20T12:23:40","date_gmt":"2021-05-20T12:23:40","guid":{"rendered":"http:\/\/digitel.elcadia.com\/product\/di-p1f\/"},"modified":"2021-06-22T21:08:01","modified_gmt":"2021-06-22T21:08:01","slug":"di-p1f","status":"publish","type":"product","link":"https:\/\/digitel.swiss\/pl\/produkt\/di-p1f\/","title":{"rendered":"DI-P1F"},"content":{"rendered":"<div class=\"wpb-content-wrapper\"><p>[vc_row][vc_column][vc_tabs][vc_tab title=&#8221;Zastosowania&#8221; tab_id=&#8221;1620742324422-2-2&#8243;][vc_column_text]\n<table id=\"tablepress-274\" class=\"tablepress tablepress-id-274\">\n<tbody class=\"row-striping row-hover\">\n<tr class=\"row-1\">\n\t<td class=\"column-1\">Spr\u0119\u017carki, skraplacze<br \/>\n<\/td><td class=\"column-2\">tak<\/td>\n<\/tr>\n<\/tbody>\n<\/table>\n[\/vc_column_text][\/vc_tab][vc_tab title=&#8221;Dane techniczne&#8221; tab_id=&#8221;5d09cf5f-4945-10&#8243;][vc_column_text]\n<table id=\"tablepress-275\" class=\"tablepress tablepress-id-275\">\n<tbody class=\"row-striping row-hover\">\n<tr class=\"row-1\">\n\t<td class=\"column-1\">Zasada pomiaru<\/td><td class=\"column-2\">Cienka warstwa na stali <\/td>\n<\/tr>\n<tr class=\"row-2\">\n\t<td class=\"column-1\">Zakres pomiarowy<\/td><td class=\"column-2\">-1 do 9 bar<\/td>\n<\/tr>\n<tr class=\"row-3\">\n\t<td class=\"column-1\">Nadci\u015bnienie<\/td><td class=\"column-2\">30 bar<\/td>\n<\/tr>\n<tr class=\"row-4\">\n\t<td class=\"column-1\">Sygna\u0142 wyj\u015bciowy<\/td><td class=\"column-2\">4-20 mA<\/td>\n<\/tr>\n<tr class=\"row-5\">\n\t<td class=\"column-1\">Dok\u0142adno\u015b\u0107 @ 25\u00b0C typ.<\/td><td class=\"column-2\">\u00b1 0,5 % F.S. typ.<\/td>\n<\/tr>\n<tr class=\"row-6\">\n\t<td class=\"column-1\">Przy\u0142\u0105cze ci\u015bnieniowe<\/td><td class=\"column-2\">7\/16\"-20UNF \u017ce\u0144skie, SAE J512 z zaworem rozpr\u0119\u017cnym<\/td>\n<\/tr>\n<\/tbody>\n<\/table>\n[\/vc_column_text][\/vc_tab][\/vc_tabs][\/vc_column][\/vc_row]<\/p>\n<\/div>","protected":false},"excerpt":{"rendered":"<p>Czujnik ci\u015bnienia -1 do 9 bar, wyj\u015bcie 4-20 mA. Z\u0142\u0105cze 7\/16&#8243; UNF-\u017ce\u0144.<\/p>\n","protected":false},"featured_media":3276,"template":"","meta":{"_acf_changed":false},"product_brand":[],"product_cat":[96],"product_tag":[174,165],"class_list":{"0":"post-3296","1":"product","2":"type-product","3":"status-publish","4":"has-post-thumbnail","6":"product_cat-czujniki-i-sondy","7":"product_tag-skraplacze","8":"product_tag-sprezarki","9":"description-off","11":"first","12":"instock","13":"shipping-taxable","14":"product-type-simple"},"acf":[],"yoast_head":"<!-- This site is optimized with the Yoast SEO plugin v27.2 - https:\/\/yoast.com\/product\/yoast-seo-wordpress\/ -->\n<title>DI-P1F - Digitel<\/title>\n<meta name=\"robots\" content=\"index, follow, max-snippet:-1, max-image-preview:large, max-video-preview:-1\" \/>\n<link rel=\"canonical\" href=\"https:\/\/digitel.swiss\/pl\/produkt\/di-p1f\/\" \/>\n<meta property=\"og:locale\" content=\"pl_PL\" \/>\n<meta property=\"og:type\" content=\"article\" \/>\n<meta property=\"og:title\" content=\"DI-P1F - Digitel\" \/>\n<meta property=\"og:description\" content=\"Czujnik ci\u015bnienia -1 do 9 bar, wyj\u015bcie 4-20 mA. Z\u0142\u0105cze 7\/16&quot; UNF-\u017ce\u0144.\" \/>\n<meta property=\"og:url\" content=\"https:\/\/digitel.swiss\/pl\/produkt\/di-p1f\/\" \/>\n<meta property=\"og:site_name\" content=\"Digitel\" \/>\n<meta property=\"article:modified_time\" content=\"2021-06-22T21:08:01+00:00\" \/>\n<meta property=\"og:image\" content=\"https:\/\/digitel.swiss\/wp-content\/uploads\/2021\/05\/Capteur-de-pression-raccord-femelle-Digitel-2.jpg\" \/>\n\t<meta property=\"og:image:width\" content=\"1200\" \/>\n\t<meta property=\"og:image:height\" content=\"847\" \/>\n\t<meta property=\"og:image:type\" content=\"image\/jpeg\" \/>\n<meta name=\"twitter:card\" content=\"summary_large_image\" \/>\n<script type=\"application\/ld+json\" class=\"yoast-schema-graph\">{\"@context\":\"https:\/\/schema.org\",\"@graph\":[{\"@type\":\"WebPage\",\"@id\":\"https:\/\/digitel.swiss\/pl\/produkt\/di-p1f\/\",\"url\":\"https:\/\/digitel.swiss\/pl\/produkt\/di-p1f\/\",\"name\":\"DI-P1F - Digitel\",\"isPartOf\":{\"@id\":\"https:\/\/digitel.swiss\/#website\"},\"primaryImageOfPage\":{\"@id\":\"https:\/\/digitel.swiss\/pl\/produkt\/di-p1f\/#primaryimage\"},\"image\":{\"@id\":\"https:\/\/digitel.swiss\/pl\/produkt\/di-p1f\/#primaryimage\"},\"thumbnailUrl\":\"https:\/\/digitel.swiss\/wp-content\/uploads\/2021\/05\/Capteur-de-pression-raccord-femelle-Digitel-2.jpg\",\"datePublished\":\"2021-05-20T12:23:40+00:00\",\"dateModified\":\"2021-06-22T21:08:01+00:00\",\"breadcrumb\":{\"@id\":\"https:\/\/digitel.swiss\/pl\/produkt\/di-p1f\/#breadcrumb\"},\"inLanguage\":\"pl-PL\",\"potentialAction\":[{\"@type\":\"ReadAction\",\"target\":[\"https:\/\/digitel.swiss\/pl\/produkt\/di-p1f\/\"]}]},{\"@type\":\"ImageObject\",\"inLanguage\":\"pl-PL\",\"@id\":\"https:\/\/digitel.swiss\/pl\/produkt\/di-p1f\/#primaryimage\",\"url\":\"https:\/\/digitel.swiss\/wp-content\/uploads\/2021\/05\/Capteur-de-pression-raccord-femelle-Digitel-2.jpg\",\"contentUrl\":\"https:\/\/digitel.swiss\/wp-content\/uploads\/2021\/05\/Capteur-de-pression-raccord-femelle-Digitel-2.jpg\",\"width\":1200,\"height\":847},{\"@type\":\"BreadcrumbList\",\"@id\":\"https:\/\/digitel.swiss\/pl\/produkt\/di-p1f\/#breadcrumb\",\"itemListElement\":[{\"@type\":\"ListItem\",\"position\":1,\"name\":\"Home\",\"item\":\"https:\/\/digitel.swiss\/pl\/\"},{\"@type\":\"ListItem\",\"position\":2,\"name\":\"Katalog &#8211; Wszystkie produkty\",\"item\":\"https:\/\/digitel.swiss\/pl\/katalog-wszystkie-produkty\/\"},{\"@type\":\"ListItem\",\"position\":3,\"name\":\"DI-P1F\"}]},{\"@type\":\"WebSite\",\"@id\":\"https:\/\/digitel.swiss\/#website\",\"url\":\"https:\/\/digitel.swiss\/\",\"name\":\"Digitel\",\"description\":\"Rozwi\u0105zanie elektroniczne\",\"publisher\":{\"@id\":\"https:\/\/digitel.swiss\/#organization\"},\"potentialAction\":[{\"@type\":\"SearchAction\",\"target\":{\"@type\":\"EntryPoint\",\"urlTemplate\":\"https:\/\/digitel.swiss\/?s={search_term_string}\"},\"query-input\":{\"@type\":\"PropertyValueSpecification\",\"valueRequired\":true,\"valueName\":\"search_term_string\"}}],\"inLanguage\":\"pl-PL\"},{\"@type\":\"Organization\",\"@id\":\"https:\/\/digitel.swiss\/#organization\",\"name\":\"Digitel Swiss\",\"url\":\"https:\/\/digitel.swiss\/\",\"logo\":{\"@type\":\"ImageObject\",\"inLanguage\":\"pl-PL\",\"@id\":\"https:\/\/digitel.swiss\/#\/schema\/logo\/image\/\",\"url\":\"https:\/\/digitel.swiss\/wp-content\/uploads\/2021\/03\/Logo-Digitel_170.png\",\"contentUrl\":\"https:\/\/digitel.swiss\/wp-content\/uploads\/2021\/03\/Logo-Digitel_170.png\",\"width\":170,\"height\":60,\"caption\":\"Digitel Swiss\"},\"image\":{\"@id\":\"https:\/\/digitel.swiss\/#\/schema\/logo\/image\/\"}}]}<\/script>\n<!-- \/ Yoast SEO plugin. -->","yoast_head_json":{"title":"DI-P1F - Digitel","robots":{"index":"index","follow":"follow","max-snippet":"max-snippet:-1","max-image-preview":"max-image-preview:large","max-video-preview":"max-video-preview:-1"},"canonical":"https:\/\/digitel.swiss\/pl\/produkt\/di-p1f\/","og_locale":"pl_PL","og_type":"article","og_title":"DI-P1F - Digitel","og_description":"Czujnik ci\u015bnienia -1 do 9 bar, wyj\u015bcie 4-20 mA. Z\u0142\u0105cze 7\/16\" UNF-\u017ce\u0144.","og_url":"https:\/\/digitel.swiss\/pl\/produkt\/di-p1f\/","og_site_name":"Digitel","article_modified_time":"2021-06-22T21:08:01+00:00","og_image":[{"width":1200,"height":847,"url":"https:\/\/digitel.swiss\/wp-content\/uploads\/2021\/05\/Capteur-de-pression-raccord-femelle-Digitel-2.jpg","type":"image\/jpeg"}],"twitter_card":"summary_large_image","schema":{"@context":"https:\/\/schema.org","@graph":[{"@type":"WebPage","@id":"https:\/\/digitel.swiss\/pl\/produkt\/di-p1f\/","url":"https:\/\/digitel.swiss\/pl\/produkt\/di-p1f\/","name":"DI-P1F - Digitel","isPartOf":{"@id":"https:\/\/digitel.swiss\/#website"},"primaryImageOfPage":{"@id":"https:\/\/digitel.swiss\/pl\/produkt\/di-p1f\/#primaryimage"},"image":{"@id":"https:\/\/digitel.swiss\/pl\/produkt\/di-p1f\/#primaryimage"},"thumbnailUrl":"https:\/\/digitel.swiss\/wp-content\/uploads\/2021\/05\/Capteur-de-pression-raccord-femelle-Digitel-2.jpg","datePublished":"2021-05-20T12:23:40+00:00","dateModified":"2021-06-22T21:08:01+00:00","breadcrumb":{"@id":"https:\/\/digitel.swiss\/pl\/produkt\/di-p1f\/#breadcrumb"},"inLanguage":"pl-PL","potentialAction":[{"@type":"ReadAction","target":["https:\/\/digitel.swiss\/pl\/produkt\/di-p1f\/"]}]},{"@type":"ImageObject","inLanguage":"pl-PL","@id":"https:\/\/digitel.swiss\/pl\/produkt\/di-p1f\/#primaryimage","url":"https:\/\/digitel.swiss\/wp-content\/uploads\/2021\/05\/Capteur-de-pression-raccord-femelle-Digitel-2.jpg","contentUrl":"https:\/\/digitel.swiss\/wp-content\/uploads\/2021\/05\/Capteur-de-pression-raccord-femelle-Digitel-2.jpg","width":1200,"height":847},{"@type":"BreadcrumbList","@id":"https:\/\/digitel.swiss\/pl\/produkt\/di-p1f\/#breadcrumb","itemListElement":[{"@type":"ListItem","position":1,"name":"Home","item":"https:\/\/digitel.swiss\/pl\/"},{"@type":"ListItem","position":2,"name":"Katalog &#8211; Wszystkie produkty","item":"https:\/\/digitel.swiss\/pl\/katalog-wszystkie-produkty\/"},{"@type":"ListItem","position":3,"name":"DI-P1F"}]},{"@type":"WebSite","@id":"https:\/\/digitel.swiss\/#website","url":"https:\/\/digitel.swiss\/","name":"Digitel","description":"Rozwi\u0105zanie elektroniczne","publisher":{"@id":"https:\/\/digitel.swiss\/#organization"},"potentialAction":[{"@type":"SearchAction","target":{"@type":"EntryPoint","urlTemplate":"https:\/\/digitel.swiss\/?s={search_term_string}"},"query-input":{"@type":"PropertyValueSpecification","valueRequired":true,"valueName":"search_term_string"}}],"inLanguage":"pl-PL"},{"@type":"Organization","@id":"https:\/\/digitel.swiss\/#organization","name":"Digitel Swiss","url":"https:\/\/digitel.swiss\/","logo":{"@type":"ImageObject","inLanguage":"pl-PL","@id":"https:\/\/digitel.swiss\/#\/schema\/logo\/image\/","url":"https:\/\/digitel.swiss\/wp-content\/uploads\/2021\/03\/Logo-Digitel_170.png","contentUrl":"https:\/\/digitel.swiss\/wp-content\/uploads\/2021\/03\/Logo-Digitel_170.png","width":170,"height":60,"caption":"Digitel Swiss"},"image":{"@id":"https:\/\/digitel.swiss\/#\/schema\/logo\/image\/"}}]}},"_links":{"self":[{"href":"https:\/\/digitel.swiss\/pl\/wp-json\/wp\/v2\/product\/3296","targetHints":{"allow":["GET"]}}],"collection":[{"href":"https:\/\/digitel.swiss\/pl\/wp-json\/wp\/v2\/product"}],"about":[{"href":"https:\/\/digitel.swiss\/pl\/wp-json\/wp\/v2\/types\/product"}],"wp:featuredmedia":[{"embeddable":true,"href":"https:\/\/digitel.swiss\/pl\/wp-json\/wp\/v2\/media\/3276"}],"wp:attachment":[{"href":"https:\/\/digitel.swiss\/pl\/wp-json\/wp\/v2\/media?parent=3296"}],"wp:term":[{"taxonomy":"product_brand","embeddable":true,"href":"https:\/\/digitel.swiss\/pl\/wp-json\/wp\/v2\/product_brand?post=3296"},{"taxonomy":"product_cat","embeddable":true,"href":"https:\/\/digitel.swiss\/pl\/wp-json\/wp\/v2\/product_cat?post=3296"},{"taxonomy":"product_tag","embeddable":true,"href":"https:\/\/digitel.swiss\/pl\/wp-json\/wp\/v2\/product_tag?post=3296"}],"curies":[{"name":"wp","href":"https:\/\/api.w.org\/{rel}","templated":true}]}}