{"id":3329,"date":"2021-05-18T16:17:44","date_gmt":"2021-05-18T16:17:44","guid":{"rendered":"http:\/\/digitel.elcadia.com\/product\/dc10a\/"},"modified":"2022-05-02T15:01:54","modified_gmt":"2022-05-02T15:01:54","slug":"dc10a","status":"publish","type":"product","link":"https:\/\/digitel.swiss\/pl\/produkt\/dc10a\/","title":{"rendered":"DC10A"},"content":{"rendered":"<div class=\"wpb-content-wrapper\"><p>[vc_row][vc_column][vc_tabs][vc_tab title=&#8221;Zastosowania&#8221; tab_id=&#8221;1620742324422-2-2&#8243;][vc_column_text]\n<table id=\"tablepress-245\" class=\"tablepress tablepress-id-245\">\n<tbody class=\"row-striping row-hover\">\n<tr class=\"row-1\">\n\t<td class=\"column-1\">Spr\u0119\u017carki, skraplacze<br \/>\n<\/td><td class=\"column-2\">tak<\/td>\n<\/tr>\n<tr class=\"row-2\">\n\t<td class=\"column-1\">Higrometria<br \/>\n<\/td><td class=\"column-2\">tak<\/td>\n<\/tr>\n<tr class=\"row-3\">\n\t<td class=\"column-1\">Programowalne wej\u015bcia \/ wyj\u015bcia<br \/>\n<\/td><td class=\"column-2\">tak<\/td>\n<\/tr>\n<tr class=\"row-4\">\n\t<td class=\"column-1\">St\u0119\u017cenie gazu<br \/>\n<\/td><td class=\"column-2\">tak<\/td>\n<\/tr>\n<tr class=\"row-5\">\n\t<td class=\"column-1\">Klimatyzacja - ch\u0142odzenie \/ ogrzewanie<br \/>\n<\/td><td class=\"column-2\">tak<\/td>\n<\/tr>\n<\/tbody>\n<\/table>\n<!-- #tablepress-245 from cache -->[\/vc_column_text][\/vc_tab][vc_tab title=&#8221;Cechy&#8221; tab_id=&#8221;1425d0fc-1bcd-0&#8243;][vc_column_text]\n<table id=\"tablepress-246\" class=\"tablepress tablepress-id-246\">\n<tbody class=\"row-striping row-hover\">\n<tr class=\"row-1\">\n\t<td class=\"column-1\">Bia\u0142y wy\u015bwietlacz                                          <\/td><td class=\"column-2\">tak<\/td>\n<\/tr>\n<tr class=\"row-2\">\n\t<td class=\"column-1\">Zasilanie <\/td><td class=\"column-2\">9-24 VAC<br \/>\n<\/td>\n<\/tr>\n<tr class=\"row-3\">\n\t<td class=\"column-1\">Interfejs magistrali monitoruj\u0105cej              <\/td><td class=\"column-2\">tak<\/td>\n<\/tr>\n<\/tbody>\n<\/table>\n<!-- #tablepress-246 from cache -->[\/vc_column_text][\/vc_tab][vc_tab title=&#8221;Dane techniczne&#8221; tab_id=&#8221;5d09cf5f-4945-10&#8243;][vc_column_text]\n<table id=\"tablepress-247\" class=\"tablepress tablepress-id-247\">\n<tbody class=\"row-striping row-hover\">\n<tr class=\"row-1\">\n\t<td class=\"column-1\">Zasilanie<\/td><td class=\"column-2\"><\/td>\n<\/tr>\n<tr class=\"row-2\">\n\t<td class=\"column-1\">&nbsp; &nbsp; &nbsp; &nbsp; &nbsp; &nbsp; Napi\u0119cie zasilania             <\/td><td class=\"column-2\">9-24 VDC<\/td>\n<\/tr>\n<tr class=\"row-3\">\n\t<td class=\"column-1\">&nbsp; &nbsp; &nbsp; &nbsp; &nbsp; &nbsp; Maksymalny pob\u00f3r mocy<\/td><td class=\"column-2\">2 W<\/td>\n<\/tr>\n<tr class=\"row-4\">\n\t<td class=\"column-1\">Klasa ochronno\u015bci                                <\/td><td class=\"column-2\">1<\/td>\n<\/tr>\n<tr class=\"row-5\">\n\t<td class=\"column-1\">Stopie\u0144 zanieczyszczenia                          <\/td><td class=\"column-2\">2<\/td>\n<\/tr>\n<tr class=\"row-6\">\n\t<td class=\"column-1\">Kategoria przepi\u0119ciowa                       <\/td><td class=\"column-2\">II<\/td>\n<\/tr>\n<tr class=\"row-7\">\n\t<td class=\"column-1\">Warunki u\u017cytkowania<\/td><td class=\"column-2\"><\/td>\n<\/tr>\n<tr class=\"row-8\">\n\t<td class=\"column-1\">&nbsp; &nbsp; &nbsp; &nbsp; &nbsp; &nbsp; Temperatura                            <\/td><td class=\"column-2\">0-40\u00b0C<\/td>\n<\/tr>\n<tr class=\"row-9\">\n\t<td class=\"column-1\">&nbsp; &nbsp; &nbsp; &nbsp; &nbsp; &nbsp; Wilgotno\u015b\u0107                                      <\/td><td class=\"column-2\">0-80% (bez kondensacji)<\/td>\n<\/tr>\n<\/tbody>\n<\/table>\n<!-- #tablepress-247 from cache -->[\/vc_column_text][\/vc_tab][vc_tab title=&#8221;Wymiary&#8221; tab_id=&#8221;1620818891754-4-10&#8243;]<style type=\"text\/css\" data-type=\"the7_shortcodes-inline-css\">.shortcode-single-image-wrap.shortcode-single-image-49934c4e149f3e125d956fdd1bcb469b.enable-bg-rollover .rollover i,\n.shortcode-single-image-wrap.shortcode-single-image-49934c4e149f3e125d956fdd1bcb469b.enable-bg-rollover .rollover-video i {\n  background: -webkit-linear-gradient();\n  background: linear-gradient();\n}\n.shortcode-single-image-wrap.shortcode-single-image-49934c4e149f3e125d956fdd1bcb469b .rollover-icon {\n  font-size: 32px;\n  color: #ffffff;\n  min-width: 44px;\n  min-height: 44px;\n  line-height: 44px;\n  border-radius: 100px;\n  border-style: solid;\n  border-width: 0px;\n}\n.dt-icon-bg-on.shortcode-single-image-wrap.shortcode-single-image-49934c4e149f3e125d956fdd1bcb469b .rollover-icon {\n  background: rgba(255,255,255,0.3);\n  box-shadow: none;\n}<\/style><div class=\"shortcode-single-image-wrap shortcode-single-image-49934c4e149f3e125d956fdd1bcb469b alignleft  enable-bg-rollover dt-icon-bg-off\" style=\"margin-top:0px; margin-bottom:0px; margin-left:0px; margin-right:0px; width:364px;\"><div class=\"shortcode-single-image\"><div class=\"fancy-media-wrap\" style=\"\"><a class=\"layzr-bg rollover rollover-zoom dt-pswp-item pswp-image\" href=\"https:\/\/digitel.swiss\/wp-content\/uploads\/2021\/05\/Digitel-DC10A-Wyciecie.jpg\" title=\"Digitel-DC10A-Wyci\u0119cie\" data-dt-img-description=\"\" data-large_image_width=\"1874\" data-large_image_height = \"1545\"  style=\"\"><img fetchpriority=\"high\" decoding=\"async\" class=\"preload-me lazy-load aspect\" src=\"data:image\/svg+xml,%3Csvg%20xmlns%3D&#39;http%3A%2F%2Fwww.w3.org%2F2000%2Fsvg&#39;%20viewBox%3D&#39;0%200%20364%20300&#39;%2F%3E\" data-src=\"https:\/\/digitel.swiss\/wp-content\/uploads\/2021\/05\/Digitel-DC10A-Wyciecie-364x300.jpg\" data-srcset=\"https:\/\/digitel.swiss\/wp-content\/uploads\/2021\/05\/Digitel-DC10A-Wyciecie-364x300.jpg 364w, https:\/\/digitel.swiss\/wp-content\/uploads\/2021\/05\/Digitel-DC10A-Wyciecie-728x600.jpg 728w\" loading=\"eager\" style=\"--ratio: 364 \/ 300\" sizes=\"(max-width: 364px) 100vw, 364px\" width=\"364\" height=\"300\"  data-dt-location=\"https:\/\/digitel.swiss\/pl\/?attachment_id=6126\" alt=\"\" \/><\/a><\/div><\/div><\/div>[\/vc_tab][vc_tab title=&#8221;Schematy&#8221; tab_id=&#8221;1620810732802-3-5&#8243;][vc_row_inner][vc_column_inner width=&#8221;1\/2&#8243;][vc_column_text]Po\u0142\u0105czenie z lokaln\u0105 magistral\u0105[\/vc_column_text]<style type=\"text\/css\" data-type=\"the7_shortcodes-inline-css\">.shortcode-single-image-wrap.shortcode-single-image-0b06af029bb97069c5e7fa7b4482d08c.enable-bg-rollover .rollover i,\n.shortcode-single-image-wrap.shortcode-single-image-0b06af029bb97069c5e7fa7b4482d08c.enable-bg-rollover .rollover-video i {\n  background: -webkit-linear-gradient();\n  background: linear-gradient();\n}\n.shortcode-single-image-wrap.shortcode-single-image-0b06af029bb97069c5e7fa7b4482d08c .rollover-icon {\n  font-size: 32px;\n  color: #ffffff;\n  min-width: 44px;\n  min-height: 44px;\n  line-height: 44px;\n  border-radius: 100px;\n  border-style: solid;\n  border-width: 0px;\n}\n.dt-icon-bg-on.shortcode-single-image-wrap.shortcode-single-image-0b06af029bb97069c5e7fa7b4482d08c .rollover-icon {\n  background: rgba(255,255,255,0.3);\n  box-shadow: none;\n}<\/style><div class=\"shortcode-single-image-wrap shortcode-single-image-0b06af029bb97069c5e7fa7b4482d08c alignleft  enable-bg-rollover dt-icon-bg-off\" style=\"margin-top:0px; margin-bottom:0px; margin-left:0px; margin-right:0px; width:364px;\"><div class=\"shortcode-single-image\"><div class=\"fancy-media-wrap\" style=\"\"><a class=\"layzr-bg rollover rollover-zoom dt-pswp-item pswp-image\" href=\"https:\/\/digitel.swiss\/wp-content\/uploads\/2021\/05\/Digitel-DC10A-Wyswietlacz-cyfrowy.jpg\" title=\"Digitel-DC10A-Wy\u015bwietlacz-cyfrowy\" data-dt-img-description=\"\" data-large_image_width=\"1711\" data-large_image_height = \"944\"  style=\"\"><img decoding=\"async\" class=\"preload-me lazy-load aspect\" src=\"data:image\/svg+xml,%3Csvg%20xmlns%3D&#39;http%3A%2F%2Fwww.w3.org%2F2000%2Fsvg&#39;%20viewBox%3D&#39;0%200%20364%20200&#39;%2F%3E\" data-src=\"https:\/\/digitel.swiss\/wp-content\/uploads\/2021\/05\/Digitel-DC10A-Wyswietlacz-cyfrowy-364x200.jpg\" data-srcset=\"https:\/\/digitel.swiss\/wp-content\/uploads\/2021\/05\/Digitel-DC10A-Wyswietlacz-cyfrowy-364x200.jpg 364w, https:\/\/digitel.swiss\/wp-content\/uploads\/2021\/05\/Digitel-DC10A-Wyswietlacz-cyfrowy-728x400.jpg 728w\" loading=\"eager\" style=\"--ratio: 364 \/ 200\" sizes=\"(max-width: 364px) 100vw, 364px\" width=\"364\" height=\"200\"  data-dt-location=\"https:\/\/digitel.swiss\/pl\/?attachment_id=6122\" alt=\"\" \/><\/a><\/div><\/div><\/div>[\/vc_column_inner][vc_column_inner width=&#8221;1\/2&#8243;][vc_column_text]Po\u0142\u0105czenie autobusowe[\/vc_column_text]<style type=\"text\/css\" data-type=\"the7_shortcodes-inline-css\">.shortcode-single-image-wrap.shortcode-single-image-bffac06082df66ccfa7ad157c69c7bc7.enable-bg-rollover .rollover i,\n.shortcode-single-image-wrap.shortcode-single-image-bffac06082df66ccfa7ad157c69c7bc7.enable-bg-rollover .rollover-video i {\n  background: -webkit-linear-gradient();\n  background: linear-gradient();\n}\n.shortcode-single-image-wrap.shortcode-single-image-bffac06082df66ccfa7ad157c69c7bc7 .rollover-icon {\n  font-size: 32px;\n  color: #ffffff;\n  min-width: 44px;\n  min-height: 44px;\n  line-height: 44px;\n  border-radius: 100px;\n  border-style: solid;\n  border-width: 0px;\n}\n.dt-icon-bg-on.shortcode-single-image-wrap.shortcode-single-image-bffac06082df66ccfa7ad157c69c7bc7 .rollover-icon {\n  background: rgba(255,255,255,0.3);\n  box-shadow: none;\n}<\/style><div class=\"shortcode-single-image-wrap shortcode-single-image-bffac06082df66ccfa7ad157c69c7bc7 alignleft  enable-bg-rollover dt-icon-bg-off\" style=\"margin-top:0px; margin-bottom:0px; margin-left:0px; margin-right:0px;\"><div class=\"shortcode-single-image\"><div class=\"fancy-media-wrap\" style=\"\"><a class=\"layzr-bg rollover rollover-zoom dt-pswp-item pswp-image\" href=\"https:\/\/digitel.swiss\/wp-content\/uploads\/2021\/05\/F_DC10A_Afficheur_raccordement-au-bus-local.jpg\" title=\"F_DC10A_Afficheur_raccordement au bus local\" data-dt-img-description=\"\" data-large_image_width=\"1921\" data-large_image_height = \"1359\"  style=\"\"><img decoding=\"async\" class=\"preload-me lazy-load aspect\" src=\"data:image\/svg+xml,%3Csvg%20xmlns%3D&#39;http%3A%2F%2Fwww.w3.org%2F2000%2Fsvg&#39;%20viewBox%3D&#39;0%200%201921%201359&#39;%2F%3E\" data-src=\"https:\/\/digitel.swiss\/wp-content\/uploads\/2021\/05\/F_DC10A_Afficheur_raccordement-au-bus-local.jpg\" data-srcset=\"https:\/\/digitel.swiss\/wp-content\/uploads\/2021\/05\/F_DC10A_Afficheur_raccordement-au-bus-local.jpg 1921w\" loading=\"eager\" style=\"--ratio: 1921 \/ 1359\" sizes=\"(max-width: 1921px) 100vw, 1921px\" width=\"1921\" height=\"1359\"  data-dt-location=\"https:\/\/digitel.swiss\/pl\/?attachment_id=8431\" alt=\"\" \/><\/a><\/div><\/div><\/div>[\/vc_column_inner][\/vc_row_inner][\/vc_tab][\/vc_tabs][\/vc_column][\/vc_row]<\/p>\n<\/div>","protected":false},"excerpt":{"rendered":"<p>Wy\u015bwietlacz cyfrowy Newel 3<\/p>\n","protected":false},"featured_media":3331,"template":"","meta":{"_acf_changed":false},"product_brand":[],"product_cat":[93],"product_tag":[183,168,150,174,165,162],"class_list":{"0":"post-3329","1":"product","2":"type-product","3":"status-publish","4":"has-post-thumbnail","6":"product_cat-sterowniki","7":"product_tag-higrometria","8":"product_tag-klimatyzacja-chlodzenie-ogrzewanie","9":"product_tag-programowalne-wejscia-wyjscia","10":"product_tag-skraplacze","11":"product_tag-sprezarki","12":"product_tag-stezenie-gazu","13":"description-off","15":"first","16":"instock","17":"shipping-taxable","18":"product-type-simple"},"acf":[],"yoast_head":"<!-- This site is optimized with the Yoast SEO plugin v27.4 - https:\/\/yoast.com\/product\/yoast-seo-wordpress\/ -->\n<title>DC10A - Digitel<\/title>\n<meta name=\"robots\" content=\"index, follow, max-snippet:-1, max-image-preview:large, max-video-preview:-1\" \/>\n<link rel=\"canonical\" href=\"https:\/\/digitel.swiss\/produkt\/dc10a\/\" \/>\n<meta property=\"og:locale\" content=\"pl_PL\" \/>\n<meta property=\"og:type\" content=\"article\" \/>\n<meta property=\"og:title\" content=\"DC10A - Digitel\" \/>\n<meta property=\"og:description\" content=\"Wy\u015bwietlacz cyfrowy Newel 3\" \/>\n<meta property=\"og:url\" content=\"https:\/\/digitel.swiss\/produkt\/dc10a\/\" \/>\n<meta property=\"og:site_name\" content=\"Digitel\" \/>\n<meta property=\"article:modified_time\" content=\"2022-05-02T15:01:54+00:00\" \/>\n<meta property=\"og:image\" content=\"https:\/\/digitel.swiss\/wp-content\/uploads\/2021\/05\/Afficheur-digital-Digitel-DC10A.jpg\" \/>\n\t<meta property=\"og:image:width\" content=\"1200\" \/>\n\t<meta property=\"og:image:height\" content=\"647\" \/>\n\t<meta property=\"og:image:type\" content=\"image\/jpeg\" \/>\n<meta name=\"twitter:card\" content=\"summary_large_image\" \/>\n<meta name=\"twitter:label1\" content=\"Szacowany czas czytania\" \/>\n\t<meta name=\"twitter:data1\" content=\"1 minuta\" \/>\n<script type=\"application\/ld+json\" class=\"yoast-schema-graph\">{\"@context\":\"https:\\\/\\\/schema.org\",\"@graph\":[{\"@type\":\"WebPage\",\"@id\":\"https:\\\/\\\/digitel.swiss\\\/produkt\\\/dc10a\\\/\",\"url\":\"https:\\\/\\\/digitel.swiss\\\/produkt\\\/dc10a\\\/\",\"name\":\"DC10A - Digitel\",\"isPartOf\":{\"@id\":\"https:\\\/\\\/digitel.swiss\\\/#website\"},\"primaryImageOfPage\":{\"@id\":\"https:\\\/\\\/digitel.swiss\\\/produkt\\\/dc10a\\\/#primaryimage\"},\"image\":{\"@id\":\"https:\\\/\\\/digitel.swiss\\\/produkt\\\/dc10a\\\/#primaryimage\"},\"thumbnailUrl\":\"https:\\\/\\\/digitel.swiss\\\/wp-content\\\/uploads\\\/2021\\\/05\\\/Afficheur-digital-Digitel-DC10A.jpg\",\"datePublished\":\"2021-05-18T16:17:44+00:00\",\"dateModified\":\"2022-05-02T15:01:54+00:00\",\"breadcrumb\":{\"@id\":\"https:\\\/\\\/digitel.swiss\\\/produkt\\\/dc10a\\\/#breadcrumb\"},\"inLanguage\":\"pl-PL\",\"potentialAction\":[{\"@type\":\"ReadAction\",\"target\":[\"https:\\\/\\\/digitel.swiss\\\/produkt\\\/dc10a\\\/\"]}]},{\"@type\":\"ImageObject\",\"inLanguage\":\"pl-PL\",\"@id\":\"https:\\\/\\\/digitel.swiss\\\/produkt\\\/dc10a\\\/#primaryimage\",\"url\":\"https:\\\/\\\/digitel.swiss\\\/wp-content\\\/uploads\\\/2021\\\/05\\\/Afficheur-digital-Digitel-DC10A.jpg\",\"contentUrl\":\"https:\\\/\\\/digitel.swiss\\\/wp-content\\\/uploads\\\/2021\\\/05\\\/Afficheur-digital-Digitel-DC10A.jpg\",\"width\":1200,\"height\":647},{\"@type\":\"BreadcrumbList\",\"@id\":\"https:\\\/\\\/digitel.swiss\\\/produkt\\\/dc10a\\\/#breadcrumb\",\"itemListElement\":[{\"@type\":\"ListItem\",\"position\":1,\"name\":\"Home\",\"item\":\"https:\\\/\\\/digitel.swiss\\\/pl\\\/\"},{\"@type\":\"ListItem\",\"position\":2,\"name\":\"Katalog &#8211; Wszystkie produkty\",\"item\":\"https:\\\/\\\/digitel.swiss\\\/pl\\\/katalog-wszystkie-produkty\\\/\"},{\"@type\":\"ListItem\",\"position\":3,\"name\":\"DC10A\"}]},{\"@type\":\"WebSite\",\"@id\":\"https:\\\/\\\/digitel.swiss\\\/#website\",\"url\":\"https:\\\/\\\/digitel.swiss\\\/\",\"name\":\"Digitel\",\"description\":\"Rozwi\u0105zanie elektroniczne\",\"publisher\":{\"@id\":\"https:\\\/\\\/digitel.swiss\\\/#organization\"},\"potentialAction\":[{\"@type\":\"SearchAction\",\"target\":{\"@type\":\"EntryPoint\",\"urlTemplate\":\"https:\\\/\\\/digitel.swiss\\\/?s={search_term_string}\"},\"query-input\":{\"@type\":\"PropertyValueSpecification\",\"valueRequired\":true,\"valueName\":\"search_term_string\"}}],\"inLanguage\":\"pl-PL\"},{\"@type\":\"Organization\",\"@id\":\"https:\\\/\\\/digitel.swiss\\\/#organization\",\"name\":\"Digitel Swiss\",\"url\":\"https:\\\/\\\/digitel.swiss\\\/\",\"logo\":{\"@type\":\"ImageObject\",\"inLanguage\":\"pl-PL\",\"@id\":\"https:\\\/\\\/digitel.swiss\\\/#\\\/schema\\\/logo\\\/image\\\/\",\"url\":\"https:\\\/\\\/digitel.swiss\\\/wp-content\\\/uploads\\\/2021\\\/03\\\/Logo-Digitel_170.png\",\"contentUrl\":\"https:\\\/\\\/digitel.swiss\\\/wp-content\\\/uploads\\\/2021\\\/03\\\/Logo-Digitel_170.png\",\"width\":170,\"height\":60,\"caption\":\"Digitel Swiss\"},\"image\":{\"@id\":\"https:\\\/\\\/digitel.swiss\\\/#\\\/schema\\\/logo\\\/image\\\/\"}}]}<\/script>\n<!-- \/ Yoast SEO plugin. -->","yoast_head_json":{"title":"DC10A - Digitel","robots":{"index":"index","follow":"follow","max-snippet":"max-snippet:-1","max-image-preview":"max-image-preview:large","max-video-preview":"max-video-preview:-1"},"canonical":"https:\/\/digitel.swiss\/produkt\/dc10a\/","og_locale":"pl_PL","og_type":"article","og_title":"DC10A - Digitel","og_description":"Wy\u015bwietlacz cyfrowy Newel 3","og_url":"https:\/\/digitel.swiss\/produkt\/dc10a\/","og_site_name":"Digitel","article_modified_time":"2022-05-02T15:01:54+00:00","og_image":[{"width":1200,"height":647,"url":"https:\/\/digitel.swiss\/wp-content\/uploads\/2021\/05\/Afficheur-digital-Digitel-DC10A.jpg","type":"image\/jpeg"}],"twitter_card":"summary_large_image","twitter_misc":{"Szacowany czas czytania":"1 minuta"},"schema":{"@context":"https:\/\/schema.org","@graph":[{"@type":"WebPage","@id":"https:\/\/digitel.swiss\/produkt\/dc10a\/","url":"https:\/\/digitel.swiss\/produkt\/dc10a\/","name":"DC10A - Digitel","isPartOf":{"@id":"https:\/\/digitel.swiss\/#website"},"primaryImageOfPage":{"@id":"https:\/\/digitel.swiss\/produkt\/dc10a\/#primaryimage"},"image":{"@id":"https:\/\/digitel.swiss\/produkt\/dc10a\/#primaryimage"},"thumbnailUrl":"https:\/\/digitel.swiss\/wp-content\/uploads\/2021\/05\/Afficheur-digital-Digitel-DC10A.jpg","datePublished":"2021-05-18T16:17:44+00:00","dateModified":"2022-05-02T15:01:54+00:00","breadcrumb":{"@id":"https:\/\/digitel.swiss\/produkt\/dc10a\/#breadcrumb"},"inLanguage":"pl-PL","potentialAction":[{"@type":"ReadAction","target":["https:\/\/digitel.swiss\/produkt\/dc10a\/"]}]},{"@type":"ImageObject","inLanguage":"pl-PL","@id":"https:\/\/digitel.swiss\/produkt\/dc10a\/#primaryimage","url":"https:\/\/digitel.swiss\/wp-content\/uploads\/2021\/05\/Afficheur-digital-Digitel-DC10A.jpg","contentUrl":"https:\/\/digitel.swiss\/wp-content\/uploads\/2021\/05\/Afficheur-digital-Digitel-DC10A.jpg","width":1200,"height":647},{"@type":"BreadcrumbList","@id":"https:\/\/digitel.swiss\/produkt\/dc10a\/#breadcrumb","itemListElement":[{"@type":"ListItem","position":1,"name":"Home","item":"https:\/\/digitel.swiss\/pl\/"},{"@type":"ListItem","position":2,"name":"Katalog &#8211; Wszystkie produkty","item":"https:\/\/digitel.swiss\/pl\/katalog-wszystkie-produkty\/"},{"@type":"ListItem","position":3,"name":"DC10A"}]},{"@type":"WebSite","@id":"https:\/\/digitel.swiss\/#website","url":"https:\/\/digitel.swiss\/","name":"Digitel","description":"Rozwi\u0105zanie elektroniczne","publisher":{"@id":"https:\/\/digitel.swiss\/#organization"},"potentialAction":[{"@type":"SearchAction","target":{"@type":"EntryPoint","urlTemplate":"https:\/\/digitel.swiss\/?s={search_term_string}"},"query-input":{"@type":"PropertyValueSpecification","valueRequired":true,"valueName":"search_term_string"}}],"inLanguage":"pl-PL"},{"@type":"Organization","@id":"https:\/\/digitel.swiss\/#organization","name":"Digitel Swiss","url":"https:\/\/digitel.swiss\/","logo":{"@type":"ImageObject","inLanguage":"pl-PL","@id":"https:\/\/digitel.swiss\/#\/schema\/logo\/image\/","url":"https:\/\/digitel.swiss\/wp-content\/uploads\/2021\/03\/Logo-Digitel_170.png","contentUrl":"https:\/\/digitel.swiss\/wp-content\/uploads\/2021\/03\/Logo-Digitel_170.png","width":170,"height":60,"caption":"Digitel Swiss"},"image":{"@id":"https:\/\/digitel.swiss\/#\/schema\/logo\/image\/"}}]}},"_links":{"self":[{"href":"https:\/\/digitel.swiss\/pl\/wp-json\/wp\/v2\/product\/3329","targetHints":{"allow":["GET"]}}],"collection":[{"href":"https:\/\/digitel.swiss\/pl\/wp-json\/wp\/v2\/product"}],"about":[{"href":"https:\/\/digitel.swiss\/pl\/wp-json\/wp\/v2\/types\/product"}],"wp:featuredmedia":[{"embeddable":true,"href":"https:\/\/digitel.swiss\/pl\/wp-json\/wp\/v2\/media\/3331"}],"wp:attachment":[{"href":"https:\/\/digitel.swiss\/pl\/wp-json\/wp\/v2\/media?parent=3329"}],"wp:term":[{"taxonomy":"product_brand","embeddable":true,"href":"https:\/\/digitel.swiss\/pl\/wp-json\/wp\/v2\/product_brand?post=3329"},{"taxonomy":"product_cat","embeddable":true,"href":"https:\/\/digitel.swiss\/pl\/wp-json\/wp\/v2\/product_cat?post=3329"},{"taxonomy":"product_tag","embeddable":true,"href":"https:\/\/digitel.swiss\/pl\/wp-json\/wp\/v2\/product_tag?post=3329"}],"curies":[{"name":"wp","href":"https:\/\/api.w.org\/{rel}","templated":true}]}}