{"id":3371,"date":"2021-05-17T13:16:04","date_gmt":"2021-05-17T13:16:04","guid":{"rendered":"http:\/\/digitel.elcadia.com\/product\/dc24ee-proc\/"},"modified":"2021-06-21T11:18:44","modified_gmt":"2021-06-21T11:18:44","slug":"dc24ee-proc","status":"publish","type":"product","link":"https:\/\/digitel.swiss\/pl\/produkt\/dc24ee-proc\/","title":{"rendered":"DC24EE PROC"},"content":{"rendered":"<div class=\"wpb-content-wrapper\"><p>[vc_row][vc_column][vc_tabs][vc_tab title=&#8221;Zastosowania&#8221; tab_id=&#8221;1620742324422-2-2&#8243;][vc_column_text]\n<table id=\"tablepress-200\" class=\"tablepress tablepress-id-200\">\n<tbody class=\"row-striping row-hover\">\n<tr class=\"row-1\">\n\t<td class=\"column-1\">Proces, komory fermentacyjne<\/td><td class=\"column-2\">tak<\/td>\n<\/tr>\n<\/tbody>\n<\/table>\n<!-- #tablepress-200 from cache -->[\/vc_column_text][\/vc_tab][vc_tab title=&#8221;Cechy&#8221; tab_id=&#8221;1425d0fc-1bcd-0&#8243;][vc_column_text]\n<table id=\"tablepress-201\" class=\"tablepress tablepress-id-201\">\n<tbody class=\"row-striping row-hover\">\n<tr class=\"row-1\">\n\t<td class=\"column-1\">Bia\u0142y wy\u015bwietlacz                                          <\/td><td class=\"column-2\">tak<\/td>\n<\/tr>\n<tr class=\"row-2\">\n\t<td class=\"column-1\">Wej\u015bcia <\/td><td class=\"column-2\"><\/td>\n<\/tr>\n<tr class=\"row-3\">\n\t<td class=\"column-1\">&nbsp;&nbsp;&nbsp;&nbsp;&nbsp;&nbsp;PT 1000<\/td><td class=\"column-2\">5<\/td>\n<\/tr>\n<tr class=\"row-4\">\n\t<td class=\"column-1\">&nbsp;&nbsp;&nbsp;&nbsp;&nbsp;&nbsp;0-10 V <\/td><td class=\"column-2\">tak<\/td>\n<\/tr>\n<tr class=\"row-5\">\n\t<td class=\"column-1\">&nbsp;&nbsp;&nbsp;&nbsp;&nbsp;&nbsp;4-20 mA  <\/td><td class=\"column-2\">nie<\/td>\n<\/tr>\n<tr class=\"row-6\">\n\t<td class=\"column-1\">&nbsp;&nbsp;&nbsp;&nbsp;&nbsp;&nbsp;cyfrowe                                             <\/td><td class=\"column-2\">2<\/td>\n<\/tr>\n<tr class=\"row-7\">\n\t<td class=\"column-1\">Wyj\u015bcia<\/td><td class=\"column-2\"><\/td>\n<\/tr>\n<tr class=\"row-8\">\n\t<td class=\"column-1\">&nbsp;&nbsp;&nbsp;&nbsp;&nbsp;&nbsp;Przeka\u017anik                                            <\/td><td class=\"column-2\">3<\/td>\n<\/tr>\n<tr class=\"row-9\">\n\t<td class=\"column-1\">&nbsp;&nbsp;&nbsp;&nbsp;&nbsp;&nbsp;Triac (24-230 VAC)<\/td><td class=\"column-2\">1<\/td>\n<\/tr>\n<tr class=\"row-10\">\n\t<td class=\"column-1\">&nbsp;&nbsp;&nbsp;&nbsp;&nbsp;&nbsp;Analogowe                                   <\/td><td class=\"column-2\">nue<\/td>\n<\/tr>\n<tr class=\"row-11\">\n\t<td class=\"column-1\">Zasilanie <\/td><td class=\"column-2\">230 VAC<br \/>\n<\/td>\n<\/tr>\n<tr class=\"row-12\">\n\t<td class=\"column-1\">Interfejs magistrali monitoruj\u0105cej               <\/td><td class=\"column-2\">tak<\/td>\n<\/tr>\n<tr class=\"row-13\">\n\t<td class=\"column-1\">Zegar                                                       <\/td><td class=\"column-2\">tak<\/td>\n<\/tr>\n<tr class=\"row-14\">\n\t<td class=\"column-1\">Elektroniczny zaw\u00f3r rozpr\u0119\u017cny                  <\/td><td class=\"column-2\">tak<\/td>\n<\/tr>\n<tr class=\"row-15\">\n\t<td class=\"column-1\">Lokalna magistrala do rozbudowy<\/td><td class=\"column-2\">nie<\/td>\n<\/tr>\n<\/tbody>\n<\/table>\n<!-- #tablepress-201 from cache -->[\/vc_column_text][\/vc_tab][vc_tab title=&#8221;Dane techniczne&#8221; tab_id=&#8221;5d09cf5f-4945-10&#8243;][vc_column_text]\n<table id=\"tablepress-202\" class=\"tablepress tablepress-id-202\">\n<tbody class=\"row-striping row-hover\">\n<tr class=\"row-1\">\n\t<td class=\"column-1\">Zasilanie<\/td><td class=\"column-2\"><\/td>\n<\/tr>\n<tr class=\"row-2\">\n\t<td class=\"column-1\">&nbsp; &nbsp; &nbsp; &nbsp; &nbsp; &nbsp; Napi\u0119cie zasilania             <\/td><td class=\"column-2\">110-250 VAC, 50-60Hz<\/td>\n<\/tr>\n<tr class=\"row-3\">\n\t<td class=\"column-1\">&nbsp; &nbsp; &nbsp; &nbsp; &nbsp; &nbsp; Maksymalny pob\u00f3r mocy<\/td><td class=\"column-2\">3 W<\/td>\n<\/tr>\n<tr class=\"row-4\">\n\t<td class=\"column-1\">Klasa ochronno\u015bci                                <\/td><td class=\"column-2\">1<\/td>\n<\/tr>\n<tr class=\"row-5\">\n\t<td class=\"column-1\">Stopie\u0144 zanieczyszczenia                                   <\/td><td class=\"column-2\">2<\/td>\n<\/tr>\n<tr class=\"row-6\">\n\t<td class=\"column-1\">Kategoria przepi\u0119ciowa                        <\/td><td class=\"column-2\">II<\/td>\n<\/tr>\n<tr class=\"row-7\">\n\t<td class=\"column-1\">Warunki u\u017cytkowania<\/td><td class=\"column-2\"><\/td>\n<\/tr>\n<tr class=\"row-8\">\n\t<td class=\"column-1\">&nbsp; &nbsp; &nbsp; &nbsp; &nbsp; &nbsp; Temperatura                         <\/td><td class=\"column-2\">0-40\u00b0C<\/td>\n<\/tr>\n<tr class=\"row-9\">\n\t<td class=\"column-1\">&nbsp; &nbsp; &nbsp; &nbsp; &nbsp; &nbsp; Wilgotno\u015b\u0107                                       <\/td><td class=\"column-2\">0-80% (bez kondensacji)<\/td>\n<\/tr>\n<tr class=\"row-10\">\n\t<td class=\"column-1\">Zdolno\u015b\u0107 prze\u0142\u0105czeniowa wyj\u015b\u0107 przeka\u017anikowych<\/td><td class=\"column-2\">indukcyjne 3 A 250 VAC, rezystancyjne 8 A <\/td>\n<\/tr>\n<tr class=\"row-11\">\n\t<td class=\"column-1\">Zdolno\u015b\u0107 prze\u0142\u0105czeniowa wyj\u015bcia triaka<\/td><td class=\"column-2\">Indukcyjne 1 A 250 VAC, rezystancyjne 1 A 250 VAC<\/td>\n<\/tr>\n<tr class=\"row-12\">\n\t<td class=\"column-1\">Zegar - rezerwa mocy\t<\/td><td class=\"column-2\">4 dni<\/td>\n<\/tr>\n<tr class=\"row-13\">\n\t<td class=\"column-1\">Wej\u015bcie 0-10 V \t<\/td><td class=\"column-2\">zakres pomiarowy: 0-10 V<\/td>\n<\/tr>\n<\/tbody>\n<\/table>\n<!-- #tablepress-202 from cache -->[\/vc_column_text][\/vc_tab][vc_tab title=&#8221;Wymiary&#8221; tab_id=&#8221;1620818891754-4-10&#8243;][vc_single_image image=&#8221;3510&#8243; img_size=&#8221;full&#8221; css_animation=&#8221;left-to-right&#8221;][\/vc_tab][vc_tab title=&#8221;Schematy&#8221; tab_id=&#8221;1620810732802-3-5&#8243;][vc_row_inner][vc_column_inner width=&#8221;1\/3&#8243;][vc_column_text]Jednostka ch\u0142odnicza[\/vc_column_text]<style type=\"text\/css\" data-type=\"the7_shortcodes-inline-css\">.shortcode-single-image-wrap.shortcode-single-image-59959c20208a3d2f7f02173dd7f35ae7.enable-bg-rollover .rollover i,\n.shortcode-single-image-wrap.shortcode-single-image-59959c20208a3d2f7f02173dd7f35ae7.enable-bg-rollover .rollover-video i {\n  background: -webkit-linear-gradient();\n  background: linear-gradient();\n}\n.shortcode-single-image-wrap.shortcode-single-image-59959c20208a3d2f7f02173dd7f35ae7 .rollover-icon {\n  font-size: 32px;\n  color: #ffffff;\n  min-width: 44px;\n  min-height: 44px;\n  line-height: 44px;\n  border-radius: 100px;\n  border-style: solid;\n  border-width: 0px;\n}\n.dt-icon-bg-on.shortcode-single-image-wrap.shortcode-single-image-59959c20208a3d2f7f02173dd7f35ae7 .rollover-icon {\n  background: rgba(255,255,255,0.3);\n  box-shadow: none;\n}<\/style><div class=\"shortcode-single-image-wrap shortcode-single-image-59959c20208a3d2f7f02173dd7f35ae7 alignleft  enable-bg-rollover dt-icon-bg-off\" style=\"margin-top:0px; margin-bottom:0px; margin-left:0px; margin-right:0px; width:364px;\"><div class=\"shortcode-single-image\"><div class=\"fancy-media-wrap\" style=\"\"><a class=\"layzr-bg rollover rollover-zoom dt-pswp-item pswp-image\" href=\"https:\/\/digitel.swiss\/wp-content\/uploads\/2021\/05\/Digitel-DC24EE-Stacje-chlodnicze.jpg\" title=\"Digitel-DC24EE-Stacje-ch\u0142odnicze\" data-dt-img-description=\"\" data-large_image_width=\"1920\" data-large_image_height = \"1275\"  style=\"\"><img fetchpriority=\"high\" decoding=\"async\" class=\"preload-me lazy-load aspect\" src=\"data:image\/svg+xml,%3Csvg%20xmlns%3D&#39;http%3A%2F%2Fwww.w3.org%2F2000%2Fsvg&#39;%20viewBox%3D&#39;0%200%20364%20241&#39;%2F%3E\" data-src=\"https:\/\/digitel.swiss\/wp-content\/uploads\/2021\/05\/Digitel-DC24EE-Stacje-chlodnicze-364x241.jpg\" data-srcset=\"https:\/\/digitel.swiss\/wp-content\/uploads\/2021\/05\/Digitel-DC24EE-Stacje-chlodnicze-364x241.jpg 364w, https:\/\/digitel.swiss\/wp-content\/uploads\/2021\/05\/Digitel-DC24EE-Stacje-chlodnicze-728x482.jpg 728w\" loading=\"eager\" style=\"--ratio: 364 \/ 241\" sizes=\"(max-width: 364px) 100vw, 364px\" width=\"364\" height=\"241\"  data-dt-location=\"https:\/\/digitel.swiss\/pl\/?attachment_id=5894\" alt=\"\" \/><\/a><\/div><\/div><\/div>[\/vc_column_inner][vc_column_inner width=&#8221;1\/3&#8243;][vc_column_text]Higrometria[\/vc_column_text]<style type=\"text\/css\" data-type=\"the7_shortcodes-inline-css\">.shortcode-single-image-wrap.shortcode-single-image-26f427c075cb165110af2c4b1650e1f8.enable-bg-rollover .rollover i,\n.shortcode-single-image-wrap.shortcode-single-image-26f427c075cb165110af2c4b1650e1f8.enable-bg-rollover .rollover-video i {\n  background: -webkit-linear-gradient();\n  background: linear-gradient();\n}\n.shortcode-single-image-wrap.shortcode-single-image-26f427c075cb165110af2c4b1650e1f8 .rollover-icon {\n  font-size: 32px;\n  color: #ffffff;\n  min-width: 44px;\n  min-height: 44px;\n  line-height: 44px;\n  border-radius: 100px;\n  border-style: solid;\n  border-width: 0px;\n}\n.dt-icon-bg-on.shortcode-single-image-wrap.shortcode-single-image-26f427c075cb165110af2c4b1650e1f8 .rollover-icon {\n  background: rgba(255,255,255,0.3);\n  box-shadow: none;\n}<\/style><div class=\"shortcode-single-image-wrap shortcode-single-image-26f427c075cb165110af2c4b1650e1f8 alignleft  enable-bg-rollover dt-icon-bg-off\" style=\"margin-top:0px; margin-bottom:0px; margin-left:0px; margin-right:0px; width:364px;\"><div class=\"shortcode-single-image\"><div class=\"fancy-media-wrap\" style=\"\"><a class=\"layzr-bg rollover rollover-zoom dt-pswp-item pswp-image\" href=\"https:\/\/digitel.swiss\/wp-content\/uploads\/2021\/05\/Digitel-DC24EE-Higrometria-0-10V.jpg\" title=\"Digitel-DC24EE-Higrometria-0-10V\" data-dt-img-description=\"\" data-large_image_width=\"1920\" data-large_image_height = \"1791\"  style=\"\"><img decoding=\"async\" class=\"preload-me lazy-load aspect\" src=\"data:image\/svg+xml,%3Csvg%20xmlns%3D&#39;http%3A%2F%2Fwww.w3.org%2F2000%2Fsvg&#39;%20viewBox%3D&#39;0%200%20364%20339&#39;%2F%3E\" data-src=\"https:\/\/digitel.swiss\/wp-content\/uploads\/2021\/05\/Digitel-DC24EE-Higrometria-0-10V-364x339.jpg\" data-srcset=\"https:\/\/digitel.swiss\/wp-content\/uploads\/2021\/05\/Digitel-DC24EE-Higrometria-0-10V-364x339.jpg 364w, https:\/\/digitel.swiss\/wp-content\/uploads\/2021\/05\/Digitel-DC24EE-Higrometria-0-10V-728x678.jpg 728w\" loading=\"eager\" style=\"--ratio: 364 \/ 339\" sizes=\"(max-width: 364px) 100vw, 364px\" width=\"364\" height=\"339\"  data-dt-location=\"https:\/\/digitel.swiss\/pl\/?attachment_id=5898\" alt=\"\" \/><\/a><\/div><\/div><\/div>[\/vc_column_inner][vc_column_inner width=&#8221;1\/3&#8243;][\/vc_column_inner][\/vc_row_inner][\/vc_tab][\/vc_tabs][\/vc_column][\/vc_row]<\/p>\n<\/div>","protected":false},"excerpt":{"rendered":"<p>Sterowanie procesem z elektronicznym zaworem rozpr\u0119\u017cnym impulsowym<\/p>\n","protected":false},"featured_media":3373,"template":"","meta":{"_acf_changed":false},"product_brand":[],"product_cat":[93],"product_tag":[189],"class_list":{"0":"post-3371","1":"product","2":"type-product","3":"status-publish","4":"has-post-thumbnail","6":"product_cat-sterowniki","7":"product_tag-zarzadzanie-procesami","8":"description-off","10":"first","11":"instock","12":"shipping-taxable","13":"product-type-simple"},"acf":[],"yoast_head":"<!-- This site is optimized with the Yoast SEO plugin v27.4 - https:\/\/yoast.com\/product\/yoast-seo-wordpress\/ -->\n<title>DC24EE PROC - Digitel<\/title>\n<meta name=\"robots\" content=\"index, follow, max-snippet:-1, max-image-preview:large, max-video-preview:-1\" \/>\n<link rel=\"canonical\" href=\"https:\/\/digitel.swiss\/produkt\/dc24ee-proc\/\" \/>\n<meta property=\"og:locale\" content=\"pl_PL\" \/>\n<meta property=\"og:type\" content=\"article\" \/>\n<meta property=\"og:title\" content=\"DC24EE PROC - Digitel\" \/>\n<meta property=\"og:description\" content=\"Sterowanie procesem z elektronicznym zaworem rozpr\u0119\u017cnym impulsowym\" \/>\n<meta property=\"og:url\" content=\"https:\/\/digitel.swiss\/produkt\/dc24ee-proc\/\" \/>\n<meta property=\"og:site_name\" content=\"Digitel\" \/>\n<meta property=\"article:modified_time\" content=\"2021-06-21T11:18:44+00:00\" \/>\n<meta property=\"og:image\" content=\"https:\/\/digitel.swiss\/wp-content\/uploads\/2021\/05\/Module-de-regulation-encastrable-Digitel-DC24E-2.jpg\" \/>\n\t<meta property=\"og:image:width\" content=\"1000\" \/>\n\t<meta property=\"og:image:height\" content=\"561\" \/>\n\t<meta property=\"og:image:type\" content=\"image\/jpeg\" \/>\n<meta name=\"twitter:card\" content=\"summary_large_image\" \/>\n<meta name=\"twitter:label1\" content=\"Szacowany czas czytania\" \/>\n\t<meta name=\"twitter:data1\" content=\"1 minuta\" \/>\n<script type=\"application\/ld+json\" class=\"yoast-schema-graph\">{\"@context\":\"https:\\\/\\\/schema.org\",\"@graph\":[{\"@type\":\"WebPage\",\"@id\":\"https:\\\/\\\/digitel.swiss\\\/produkt\\\/dc24ee-proc\\\/\",\"url\":\"https:\\\/\\\/digitel.swiss\\\/produkt\\\/dc24ee-proc\\\/\",\"name\":\"DC24EE PROC - Digitel\",\"isPartOf\":{\"@id\":\"https:\\\/\\\/digitel.swiss\\\/#website\"},\"primaryImageOfPage\":{\"@id\":\"https:\\\/\\\/digitel.swiss\\\/produkt\\\/dc24ee-proc\\\/#primaryimage\"},\"image\":{\"@id\":\"https:\\\/\\\/digitel.swiss\\\/produkt\\\/dc24ee-proc\\\/#primaryimage\"},\"thumbnailUrl\":\"https:\\\/\\\/digitel.swiss\\\/wp-content\\\/uploads\\\/2021\\\/05\\\/Module-de-regulation-encastrable-Digitel-DC24E-2.jpg\",\"datePublished\":\"2021-05-17T13:16:04+00:00\",\"dateModified\":\"2021-06-21T11:18:44+00:00\",\"breadcrumb\":{\"@id\":\"https:\\\/\\\/digitel.swiss\\\/produkt\\\/dc24ee-proc\\\/#breadcrumb\"},\"inLanguage\":\"pl-PL\",\"potentialAction\":[{\"@type\":\"ReadAction\",\"target\":[\"https:\\\/\\\/digitel.swiss\\\/produkt\\\/dc24ee-proc\\\/\"]}]},{\"@type\":\"ImageObject\",\"inLanguage\":\"pl-PL\",\"@id\":\"https:\\\/\\\/digitel.swiss\\\/produkt\\\/dc24ee-proc\\\/#primaryimage\",\"url\":\"https:\\\/\\\/digitel.swiss\\\/wp-content\\\/uploads\\\/2021\\\/05\\\/Module-de-regulation-encastrable-Digitel-DC24E-2.jpg\",\"contentUrl\":\"https:\\\/\\\/digitel.swiss\\\/wp-content\\\/uploads\\\/2021\\\/05\\\/Module-de-regulation-encastrable-Digitel-DC24E-2.jpg\",\"width\":1000,\"height\":561},{\"@type\":\"BreadcrumbList\",\"@id\":\"https:\\\/\\\/digitel.swiss\\\/produkt\\\/dc24ee-proc\\\/#breadcrumb\",\"itemListElement\":[{\"@type\":\"ListItem\",\"position\":1,\"name\":\"Home\",\"item\":\"https:\\\/\\\/digitel.swiss\\\/pl\\\/\"},{\"@type\":\"ListItem\",\"position\":2,\"name\":\"Katalog &#8211; Wszystkie produkty\",\"item\":\"https:\\\/\\\/digitel.swiss\\\/pl\\\/katalog-wszystkie-produkty\\\/\"},{\"@type\":\"ListItem\",\"position\":3,\"name\":\"DC24EE PROC\"}]},{\"@type\":\"WebSite\",\"@id\":\"https:\\\/\\\/digitel.swiss\\\/#website\",\"url\":\"https:\\\/\\\/digitel.swiss\\\/\",\"name\":\"Digitel\",\"description\":\"Rozwi\u0105zanie elektroniczne\",\"publisher\":{\"@id\":\"https:\\\/\\\/digitel.swiss\\\/#organization\"},\"potentialAction\":[{\"@type\":\"SearchAction\",\"target\":{\"@type\":\"EntryPoint\",\"urlTemplate\":\"https:\\\/\\\/digitel.swiss\\\/?s={search_term_string}\"},\"query-input\":{\"@type\":\"PropertyValueSpecification\",\"valueRequired\":true,\"valueName\":\"search_term_string\"}}],\"inLanguage\":\"pl-PL\"},{\"@type\":\"Organization\",\"@id\":\"https:\\\/\\\/digitel.swiss\\\/#organization\",\"name\":\"Digitel Swiss\",\"url\":\"https:\\\/\\\/digitel.swiss\\\/\",\"logo\":{\"@type\":\"ImageObject\",\"inLanguage\":\"pl-PL\",\"@id\":\"https:\\\/\\\/digitel.swiss\\\/#\\\/schema\\\/logo\\\/image\\\/\",\"url\":\"https:\\\/\\\/digitel.swiss\\\/wp-content\\\/uploads\\\/2021\\\/03\\\/Logo-Digitel_170.png\",\"contentUrl\":\"https:\\\/\\\/digitel.swiss\\\/wp-content\\\/uploads\\\/2021\\\/03\\\/Logo-Digitel_170.png\",\"width\":170,\"height\":60,\"caption\":\"Digitel Swiss\"},\"image\":{\"@id\":\"https:\\\/\\\/digitel.swiss\\\/#\\\/schema\\\/logo\\\/image\\\/\"}}]}<\/script>\n<!-- \/ Yoast SEO plugin. -->","yoast_head_json":{"title":"DC24EE PROC - Digitel","robots":{"index":"index","follow":"follow","max-snippet":"max-snippet:-1","max-image-preview":"max-image-preview:large","max-video-preview":"max-video-preview:-1"},"canonical":"https:\/\/digitel.swiss\/produkt\/dc24ee-proc\/","og_locale":"pl_PL","og_type":"article","og_title":"DC24EE PROC - Digitel","og_description":"Sterowanie procesem z elektronicznym zaworem rozpr\u0119\u017cnym impulsowym","og_url":"https:\/\/digitel.swiss\/produkt\/dc24ee-proc\/","og_site_name":"Digitel","article_modified_time":"2021-06-21T11:18:44+00:00","og_image":[{"width":1000,"height":561,"url":"https:\/\/digitel.swiss\/wp-content\/uploads\/2021\/05\/Module-de-regulation-encastrable-Digitel-DC24E-2.jpg","type":"image\/jpeg"}],"twitter_card":"summary_large_image","twitter_misc":{"Szacowany czas czytania":"1 minuta"},"schema":{"@context":"https:\/\/schema.org","@graph":[{"@type":"WebPage","@id":"https:\/\/digitel.swiss\/produkt\/dc24ee-proc\/","url":"https:\/\/digitel.swiss\/produkt\/dc24ee-proc\/","name":"DC24EE PROC - Digitel","isPartOf":{"@id":"https:\/\/digitel.swiss\/#website"},"primaryImageOfPage":{"@id":"https:\/\/digitel.swiss\/produkt\/dc24ee-proc\/#primaryimage"},"image":{"@id":"https:\/\/digitel.swiss\/produkt\/dc24ee-proc\/#primaryimage"},"thumbnailUrl":"https:\/\/digitel.swiss\/wp-content\/uploads\/2021\/05\/Module-de-regulation-encastrable-Digitel-DC24E-2.jpg","datePublished":"2021-05-17T13:16:04+00:00","dateModified":"2021-06-21T11:18:44+00:00","breadcrumb":{"@id":"https:\/\/digitel.swiss\/produkt\/dc24ee-proc\/#breadcrumb"},"inLanguage":"pl-PL","potentialAction":[{"@type":"ReadAction","target":["https:\/\/digitel.swiss\/produkt\/dc24ee-proc\/"]}]},{"@type":"ImageObject","inLanguage":"pl-PL","@id":"https:\/\/digitel.swiss\/produkt\/dc24ee-proc\/#primaryimage","url":"https:\/\/digitel.swiss\/wp-content\/uploads\/2021\/05\/Module-de-regulation-encastrable-Digitel-DC24E-2.jpg","contentUrl":"https:\/\/digitel.swiss\/wp-content\/uploads\/2021\/05\/Module-de-regulation-encastrable-Digitel-DC24E-2.jpg","width":1000,"height":561},{"@type":"BreadcrumbList","@id":"https:\/\/digitel.swiss\/produkt\/dc24ee-proc\/#breadcrumb","itemListElement":[{"@type":"ListItem","position":1,"name":"Home","item":"https:\/\/digitel.swiss\/pl\/"},{"@type":"ListItem","position":2,"name":"Katalog &#8211; Wszystkie produkty","item":"https:\/\/digitel.swiss\/pl\/katalog-wszystkie-produkty\/"},{"@type":"ListItem","position":3,"name":"DC24EE PROC"}]},{"@type":"WebSite","@id":"https:\/\/digitel.swiss\/#website","url":"https:\/\/digitel.swiss\/","name":"Digitel","description":"Rozwi\u0105zanie elektroniczne","publisher":{"@id":"https:\/\/digitel.swiss\/#organization"},"potentialAction":[{"@type":"SearchAction","target":{"@type":"EntryPoint","urlTemplate":"https:\/\/digitel.swiss\/?s={search_term_string}"},"query-input":{"@type":"PropertyValueSpecification","valueRequired":true,"valueName":"search_term_string"}}],"inLanguage":"pl-PL"},{"@type":"Organization","@id":"https:\/\/digitel.swiss\/#organization","name":"Digitel Swiss","url":"https:\/\/digitel.swiss\/","logo":{"@type":"ImageObject","inLanguage":"pl-PL","@id":"https:\/\/digitel.swiss\/#\/schema\/logo\/image\/","url":"https:\/\/digitel.swiss\/wp-content\/uploads\/2021\/03\/Logo-Digitel_170.png","contentUrl":"https:\/\/digitel.swiss\/wp-content\/uploads\/2021\/03\/Logo-Digitel_170.png","width":170,"height":60,"caption":"Digitel Swiss"},"image":{"@id":"https:\/\/digitel.swiss\/#\/schema\/logo\/image\/"}}]}},"_links":{"self":[{"href":"https:\/\/digitel.swiss\/pl\/wp-json\/wp\/v2\/product\/3371","targetHints":{"allow":["GET"]}}],"collection":[{"href":"https:\/\/digitel.swiss\/pl\/wp-json\/wp\/v2\/product"}],"about":[{"href":"https:\/\/digitel.swiss\/pl\/wp-json\/wp\/v2\/types\/product"}],"wp:featuredmedia":[{"embeddable":true,"href":"https:\/\/digitel.swiss\/pl\/wp-json\/wp\/v2\/media\/3373"}],"wp:attachment":[{"href":"https:\/\/digitel.swiss\/pl\/wp-json\/wp\/v2\/media?parent=3371"}],"wp:term":[{"taxonomy":"product_brand","embeddable":true,"href":"https:\/\/digitel.swiss\/pl\/wp-json\/wp\/v2\/product_brand?post=3371"},{"taxonomy":"product_cat","embeddable":true,"href":"https:\/\/digitel.swiss\/pl\/wp-json\/wp\/v2\/product_cat?post=3371"},{"taxonomy":"product_tag","embeddable":true,"href":"https:\/\/digitel.swiss\/pl\/wp-json\/wp\/v2\/product_tag?post=3371"}],"curies":[{"name":"wp","href":"https:\/\/api.w.org\/{rel}","templated":true}]}}