{"id":3405,"date":"2021-05-12T06:02:50","date_gmt":"2021-05-12T06:02:50","guid":{"rendered":"http:\/\/digitel.elcadia.com\/product\/dc24e\/"},"modified":"2021-06-19T21:51:51","modified_gmt":"2021-06-19T21:51:51","slug":"dc24e","status":"publish","type":"product","link":"https:\/\/digitel.swiss\/pl\/produkt\/dc24e\/","title":{"rendered":"DC24E"},"content":{"rendered":"<div class=\"wpb-content-wrapper\"><p>[vc_row][vc_column][vc_tabs][vc_tab title=&#8221;Zastosowania &#8221; tab_id=&#8221;1620742324422-2-2&#8243;][vc_column_text]\n<table id=\"tablepress-146\" class=\"tablepress tablepress-id-146\">\n<tbody class=\"row-striping row-hover\">\n<tr class=\"row-1\">\n\t<td class=\"column-1\">Regulacja plusowych jednostek ch\u0142odniczych           <\/td><td class=\"column-2\">tak<\/td>\n<\/tr>\n<tr class=\"row-2\">\n\t<td class=\"column-1\">Regulacja minusowych jednostek ch\u0142odniczych         <\/td><td class=\"column-2\">tak<\/td>\n<\/tr>\n<tr class=\"row-3\">\n\t<td class=\"column-1\">Zarz\u0105dzanie zespo\u0142em spr\u0119\u017carek                             <\/td><td class=\"column-2\">tak (do 3 spr\u0119\u017carek, z czujnikiem ci\u015bnienia 0-10 V)<\/td>\n<\/tr>\n<tr class=\"row-4\">\n\t<td class=\"column-1\">Higrometria                                              <\/td><td class=\"column-2\">tak<\/td>\n<\/tr>\n<tr class=\"row-5\">\n\t<td class=\"column-1\">Konfigurowalne wej\u015bcia i wyj\u015bcia <\/td><td class=\"column-2\">tak<\/td>\n<\/tr>\n<tr class=\"row-6\">\n\t<td class=\"column-1\">St\u0119\u017cenie gazu\t<\/td><td class=\"column-2\">tak<\/td>\n<\/tr>\n<tr class=\"row-7\">\n\t<td class=\"column-1\">Klimatyzacja - ch\u0142odzenie\/ogrzewanie\t<\/td><td class=\"column-2\">tak<\/td>\n<\/tr>\n<tr class=\"row-8\">\n\t<td class=\"column-1\">Zarz\u0105dzanie strefami o\u015bwietlenia\t<\/td><td class=\"column-2\">tak<\/td>\n<\/tr>\n<\/tbody>\n<\/table>\n<!-- #tablepress-146 from cache -->[\/vc_column_text][\/vc_tab][vc_tab title=&#8221;Cechy&#8221; tab_id=&#8221;1425d0fc-1bcd-0&#8243;][vc_column_text]\n<table id=\"tablepress-148\" class=\"tablepress tablepress-id-148\">\n<tbody class=\"row-striping row-hover\">\n<tr class=\"row-1\">\n\t<td class=\"column-1\">Bia\u0142y wy\u015bwietlacz                                          <\/td><td class=\"column-2\">tak<\/td>\n<\/tr>\n<tr class=\"row-2\">\n\t<td class=\"column-1\">Wej\u015bcia <\/td><td class=\"column-2\"><\/td>\n<\/tr>\n<tr class=\"row-3\">\n\t<td class=\"column-1\">&nbsp;&nbsp;&nbsp;&nbsp;&nbsp;&nbsp;PT 1000<\/td><td class=\"column-2\">5 (kompatybilne r\u00f3wnie\u017c z czujnikami: NTC 10K\/25\u00b0C, L.243, KTY81)<\/td>\n<\/tr>\n<tr class=\"row-4\">\n\t<td class=\"column-1\">&nbsp;&nbsp;&nbsp;&nbsp;&nbsp;&nbsp;0-10 V <\/td><td class=\"column-2\">tak<\/td>\n<\/tr>\n<tr class=\"row-5\">\n\t<td class=\"column-1\">&nbsp;&nbsp;&nbsp;&nbsp;&nbsp;&nbsp;4-20 mA<\/td><td class=\"column-2\">nie<\/td>\n<\/tr>\n<tr class=\"row-6\">\n\t<td class=\"column-1\">&nbsp;&nbsp;&nbsp;&nbsp;&nbsp;&nbsp;cyfrowe                                           <\/td><td class=\"column-2\">2 <\/td>\n<\/tr>\n<tr class=\"row-7\">\n\t<td class=\"column-1\">Wyj\u015bcia<\/td><td class=\"column-2\"><\/td>\n<\/tr>\n<tr class=\"row-8\">\n\t<td class=\"column-1\">&nbsp;&nbsp;&nbsp;&nbsp;&nbsp;&nbsp;Przeka\u017anik                                            <\/td><td class=\"column-2\">4<\/td>\n<\/tr>\n<tr class=\"row-9\">\n\t<td class=\"column-1\">&nbsp;&nbsp;&nbsp;&nbsp;&nbsp;&nbsp;Analogowe                                   <\/td><td class=\"column-2\">nie<\/td>\n<\/tr>\n<tr class=\"row-10\">\n\t<td class=\"column-1\">Zasilanie \t                                       <\/td><td class=\"column-2\">230 VAC<br \/>\n<\/td>\n<\/tr>\n<tr class=\"row-11\">\n\t<td class=\"column-1\">Interfejs magistrali monitoruj\u0105cej               <\/td><td class=\"column-2\">tak<\/td>\n<\/tr>\n<tr class=\"row-12\">\n\t<td class=\"column-1\">Zegar                                                       <\/td><td class=\"column-2\">tak<\/td>\n<\/tr>\n<tr class=\"row-13\">\n\t<td class=\"column-1\">Elektroniczny zaw\u00f3r rozpr\u0119\u017cny                 <\/td><td class=\"column-2\">nie<\/td>\n<\/tr>\n<tr class=\"row-14\">\n\t<td class=\"column-1\">Lokalna magistrala do rozbudowy\t<\/td><td class=\"column-2\">nie<\/td>\n<\/tr>\n<\/tbody>\n<\/table>\n<!-- #tablepress-148 from cache -->[\/vc_column_text][\/vc_tab][vc_tab title=&#8221;Dane techniczne&#8221; tab_id=&#8221;5d09cf5f-4945-10&#8243;][vc_column_text]\n<table id=\"tablepress-147\" class=\"tablepress tablepress-id-147\">\n<tbody class=\"row-striping row-hover\">\n<tr class=\"row-1\">\n\t<td class=\"column-1\">Zasilanie<\/td><td class=\"column-2\"><\/td>\n<\/tr>\n<tr class=\"row-2\">\n\t<td class=\"column-1\">&nbsp; &nbsp; &nbsp; &nbsp; &nbsp; &nbsp; Napi\u0119cie zasilania              <\/td><td class=\"column-2\">110-250 VAC, 50-60Hz<\/td>\n<\/tr>\n<tr class=\"row-3\">\n\t<td class=\"column-1\">&nbsp; &nbsp; &nbsp; &nbsp; &nbsp; &nbsp; PMaksymalny pob\u00f3r mocy<\/td><td class=\"column-2\">3 W<\/td>\n<\/tr>\n<tr class=\"row-4\">\n\t<td class=\"column-1\">Klasa ochronno\u015bci                                <\/td><td class=\"column-2\">1<\/td>\n<\/tr>\n<tr class=\"row-5\">\n\t<td class=\"column-1\">Stopie\u0144 zanieczyszczenia                                    <\/td><td class=\"column-2\">2<\/td>\n<\/tr>\n<tr class=\"row-6\">\n\t<td class=\"column-1\">Kategoria przepi\u0119ciowa                          <\/td><td class=\"column-2\">II<\/td>\n<\/tr>\n<tr class=\"row-7\">\n\t<td class=\"column-1\">Warunki u\u017cytkowania<\/td><td class=\"column-2\"><\/td>\n<\/tr>\n<tr class=\"row-8\">\n\t<td class=\"column-1\">&nbsp; &nbsp; &nbsp; &nbsp; &nbsp; &nbsp; Temperatura                               <\/td><td class=\"column-2\">0-40\u00b0C<\/td>\n<\/tr>\n<tr class=\"row-9\">\n\t<td class=\"column-1\">&nbsp; &nbsp; &nbsp; &nbsp; &nbsp; &nbsp; Wilgotno\u015b\u0107                                       <\/td><td class=\"column-2\">0-80% (bez kondensacji)<\/td>\n<\/tr>\n<tr class=\"row-10\">\n\t<td class=\"column-1\">Zdolno\u015b\u0107 prze\u0142\u0105czeniowa wyj\u015b\u0107 przeka\u017anikowych<\/td><td class=\"column-2\">indukcyjne 3 A 250 VAC, rezystancyjne 3 A 250 VAC <\/td>\n<\/tr>\n<tr class=\"row-11\">\n\t<td class=\"column-1\">Zegar - rezerwa mocy<\/td><td class=\"column-2\">4 dni<\/td>\n<\/tr>\n<tr class=\"row-12\">\n\t<td class=\"column-1\">Wej\u015bcie 0-10 V \t<\/td><td class=\"column-2\">zakres pomiarowy: 0-10 V<\/td>\n<\/tr>\n<\/tbody>\n<\/table>\n<!-- #tablepress-147 from cache -->[\/vc_column_text][\/vc_tab][vc_tab title=&#8221;Wymiary&#8221; tab_id=&#8221;1620818891754-4-10&#8243;][vc_single_image image=&#8221;3510&#8243; img_size=&#8221;full&#8221; css_animation=&#8221;left-to-right&#8221;][\/vc_tab][vc_tab title=&#8221;Schematy&#8221; tab_id=&#8221;1620810732802-3-5&#8243;][vc_row_inner][vc_column_inner][vc_column_text]Jednostka ch\u0142odnicza[\/vc_column_text]<style type=\"text\/css\" data-type=\"the7_shortcodes-inline-css\">.shortcode-single-image-wrap.shortcode-single-image-a04943305e4e69fddc6a6c4555dfe932.enable-bg-rollover .rollover i,\n.shortcode-single-image-wrap.shortcode-single-image-a04943305e4e69fddc6a6c4555dfe932.enable-bg-rollover .rollover-video i {\n  background: -webkit-linear-gradient();\n  background: linear-gradient();\n}\n.shortcode-single-image-wrap.shortcode-single-image-a04943305e4e69fddc6a6c4555dfe932 .rollover-icon {\n  font-size: 32px;\n  color: #ffffff;\n  min-width: 44px;\n  min-height: 44px;\n  line-height: 44px;\n  border-radius: 100px;\n  border-style: solid;\n  border-width: 0px;\n}\n.dt-icon-bg-on.shortcode-single-image-wrap.shortcode-single-image-a04943305e4e69fddc6a6c4555dfe932 .rollover-icon {\n  background: rgba(255,255,255,0.3);\n  box-shadow: none;\n}<\/style><div class=\"shortcode-single-image-wrap shortcode-single-image-a04943305e4e69fddc6a6c4555dfe932 alignleft  enable-bg-rollover dt-icon-bg-off\" style=\"margin-top:0px; margin-bottom:0px; margin-left:0px; margin-right:0px; width:364px;\"><div class=\"shortcode-single-image\"><div class=\"fancy-media-wrap\" style=\"\"><a class=\"layzr-bg rollover rollover-zoom dt-pswp-item pswp-image\" href=\"https:\/\/digitel.swiss\/wp-content\/uploads\/2021\/05\/Digitel-DC24E-Stacje-chlodnicze.jpg\" title=\"Digitel-DC24E-Stacje-ch\u0142odnicze\" data-dt-img-description=\"\" data-large_image_width=\"1920\" data-large_image_height = \"1169\"  style=\"\"><img fetchpriority=\"high\" decoding=\"async\" class=\"preload-me lazy-load aspect\" src=\"data:image\/svg+xml,%3Csvg%20xmlns%3D&#39;http%3A%2F%2Fwww.w3.org%2F2000%2Fsvg&#39;%20viewBox%3D&#39;0%200%20364%20221&#39;%2F%3E\" data-src=\"https:\/\/digitel.swiss\/wp-content\/uploads\/2021\/05\/Digitel-DC24E-Stacje-chlodnicze-364x221.jpg\" data-srcset=\"https:\/\/digitel.swiss\/wp-content\/uploads\/2021\/05\/Digitel-DC24E-Stacje-chlodnicze-364x221.jpg 364w, https:\/\/digitel.swiss\/wp-content\/uploads\/2021\/05\/Digitel-DC24E-Stacje-chlodnicze-728x442.jpg 728w\" loading=\"eager\" style=\"--ratio: 364 \/ 221\" sizes=\"(max-width: 364px) 100vw, 364px\" width=\"364\" height=\"221\"  data-dt-location=\"https:\/\/digitel.swiss\/pl\/?attachment_id=5646\" alt=\"\" \/><\/a><\/div><\/div><\/div>[\/vc_column_inner][\/vc_row_inner][\/vc_tab][\/vc_tabs][\/vc_column][\/vc_row]<\/p>\n<\/div>","protected":false},"excerpt":{"rendered":"<p>Uniwersalna wbudowana kontrola<\/p>\n","protected":false},"featured_media":3373,"template":"","meta":{"_acf_changed":false},"product_brand":[],"product_cat":[93],"product_tag":[183,180,168,150,174,165,192],"class_list":{"0":"post-3405","1":"product","2":"type-product","3":"status-publish","4":"has-post-thumbnail","6":"product_cat-sterowniki","7":"product_tag-higrometria","8":"product_tag-jednostki-chlodnicze","9":"product_tag-klimatyzacja-chlodzenie-ogrzewanie","10":"product_tag-programowalne-wejscia-wyjscia","11":"product_tag-skraplacze","12":"product_tag-sprezarki","13":"product_tag-zarzadzanie-oswietleniem-pl","14":"description-off","16":"first","17":"instock","18":"shipping-taxable","19":"product-type-simple"},"acf":[],"yoast_head":"<!-- This site is optimized with the Yoast SEO plugin v27.4 - https:\/\/yoast.com\/product\/yoast-seo-wordpress\/ -->\n<title>DC24E - Digitel<\/title>\n<meta name=\"robots\" content=\"index, follow, max-snippet:-1, max-image-preview:large, max-video-preview:-1\" \/>\n<link rel=\"canonical\" href=\"https:\/\/digitel.swiss\/produkt\/dc24e\/\" \/>\n<meta property=\"og:locale\" content=\"pl_PL\" \/>\n<meta property=\"og:type\" content=\"article\" \/>\n<meta property=\"og:title\" content=\"DC24E - Digitel\" \/>\n<meta property=\"og:description\" content=\"Uniwersalna wbudowana kontrola\" \/>\n<meta property=\"og:url\" content=\"https:\/\/digitel.swiss\/produkt\/dc24e\/\" \/>\n<meta property=\"og:site_name\" content=\"Digitel\" \/>\n<meta property=\"article:modified_time\" content=\"2021-06-19T21:51:51+00:00\" \/>\n<meta property=\"og:image\" content=\"https:\/\/digitel.swiss\/wp-content\/uploads\/2021\/05\/Module-de-regulation-encastrable-Digitel-DC24E-2.jpg\" \/>\n\t<meta property=\"og:image:width\" content=\"1000\" \/>\n\t<meta property=\"og:image:height\" content=\"561\" \/>\n\t<meta property=\"og:image:type\" content=\"image\/jpeg\" \/>\n<meta name=\"twitter:card\" content=\"summary_large_image\" \/>\n<meta name=\"twitter:label1\" content=\"Szacowany czas czytania\" \/>\n\t<meta name=\"twitter:data1\" content=\"1 minuta\" \/>\n<script type=\"application\/ld+json\" class=\"yoast-schema-graph\">{\"@context\":\"https:\\\/\\\/schema.org\",\"@graph\":[{\"@type\":\"WebPage\",\"@id\":\"https:\\\/\\\/digitel.swiss\\\/produkt\\\/dc24e\\\/\",\"url\":\"https:\\\/\\\/digitel.swiss\\\/produkt\\\/dc24e\\\/\",\"name\":\"DC24E - Digitel\",\"isPartOf\":{\"@id\":\"https:\\\/\\\/digitel.swiss\\\/#website\"},\"primaryImageOfPage\":{\"@id\":\"https:\\\/\\\/digitel.swiss\\\/produkt\\\/dc24e\\\/#primaryimage\"},\"image\":{\"@id\":\"https:\\\/\\\/digitel.swiss\\\/produkt\\\/dc24e\\\/#primaryimage\"},\"thumbnailUrl\":\"https:\\\/\\\/digitel.swiss\\\/wp-content\\\/uploads\\\/2021\\\/05\\\/Module-de-regulation-encastrable-Digitel-DC24E-2.jpg\",\"datePublished\":\"2021-05-12T06:02:50+00:00\",\"dateModified\":\"2021-06-19T21:51:51+00:00\",\"breadcrumb\":{\"@id\":\"https:\\\/\\\/digitel.swiss\\\/produkt\\\/dc24e\\\/#breadcrumb\"},\"inLanguage\":\"pl-PL\",\"potentialAction\":[{\"@type\":\"ReadAction\",\"target\":[\"https:\\\/\\\/digitel.swiss\\\/produkt\\\/dc24e\\\/\"]}]},{\"@type\":\"ImageObject\",\"inLanguage\":\"pl-PL\",\"@id\":\"https:\\\/\\\/digitel.swiss\\\/produkt\\\/dc24e\\\/#primaryimage\",\"url\":\"https:\\\/\\\/digitel.swiss\\\/wp-content\\\/uploads\\\/2021\\\/05\\\/Module-de-regulation-encastrable-Digitel-DC24E-2.jpg\",\"contentUrl\":\"https:\\\/\\\/digitel.swiss\\\/wp-content\\\/uploads\\\/2021\\\/05\\\/Module-de-regulation-encastrable-Digitel-DC24E-2.jpg\",\"width\":1000,\"height\":561},{\"@type\":\"BreadcrumbList\",\"@id\":\"https:\\\/\\\/digitel.swiss\\\/produkt\\\/dc24e\\\/#breadcrumb\",\"itemListElement\":[{\"@type\":\"ListItem\",\"position\":1,\"name\":\"Home\",\"item\":\"https:\\\/\\\/digitel.swiss\\\/pl\\\/\"},{\"@type\":\"ListItem\",\"position\":2,\"name\":\"Katalog &#8211; Wszystkie produkty\",\"item\":\"https:\\\/\\\/digitel.swiss\\\/pl\\\/katalog-wszystkie-produkty\\\/\"},{\"@type\":\"ListItem\",\"position\":3,\"name\":\"DC24E\"}]},{\"@type\":\"WebSite\",\"@id\":\"https:\\\/\\\/digitel.swiss\\\/#website\",\"url\":\"https:\\\/\\\/digitel.swiss\\\/\",\"name\":\"Digitel\",\"description\":\"Rozwi\u0105zanie elektroniczne\",\"publisher\":{\"@id\":\"https:\\\/\\\/digitel.swiss\\\/#organization\"},\"potentialAction\":[{\"@type\":\"SearchAction\",\"target\":{\"@type\":\"EntryPoint\",\"urlTemplate\":\"https:\\\/\\\/digitel.swiss\\\/?s={search_term_string}\"},\"query-input\":{\"@type\":\"PropertyValueSpecification\",\"valueRequired\":true,\"valueName\":\"search_term_string\"}}],\"inLanguage\":\"pl-PL\"},{\"@type\":\"Organization\",\"@id\":\"https:\\\/\\\/digitel.swiss\\\/#organization\",\"name\":\"Digitel Swiss\",\"url\":\"https:\\\/\\\/digitel.swiss\\\/\",\"logo\":{\"@type\":\"ImageObject\",\"inLanguage\":\"pl-PL\",\"@id\":\"https:\\\/\\\/digitel.swiss\\\/#\\\/schema\\\/logo\\\/image\\\/\",\"url\":\"https:\\\/\\\/digitel.swiss\\\/wp-content\\\/uploads\\\/2021\\\/03\\\/Logo-Digitel_170.png\",\"contentUrl\":\"https:\\\/\\\/digitel.swiss\\\/wp-content\\\/uploads\\\/2021\\\/03\\\/Logo-Digitel_170.png\",\"width\":170,\"height\":60,\"caption\":\"Digitel Swiss\"},\"image\":{\"@id\":\"https:\\\/\\\/digitel.swiss\\\/#\\\/schema\\\/logo\\\/image\\\/\"}}]}<\/script>\n<!-- \/ Yoast SEO plugin. -->","yoast_head_json":{"title":"DC24E - Digitel","robots":{"index":"index","follow":"follow","max-snippet":"max-snippet:-1","max-image-preview":"max-image-preview:large","max-video-preview":"max-video-preview:-1"},"canonical":"https:\/\/digitel.swiss\/produkt\/dc24e\/","og_locale":"pl_PL","og_type":"article","og_title":"DC24E - Digitel","og_description":"Uniwersalna wbudowana kontrola","og_url":"https:\/\/digitel.swiss\/produkt\/dc24e\/","og_site_name":"Digitel","article_modified_time":"2021-06-19T21:51:51+00:00","og_image":[{"width":1000,"height":561,"url":"https:\/\/digitel.swiss\/wp-content\/uploads\/2021\/05\/Module-de-regulation-encastrable-Digitel-DC24E-2.jpg","type":"image\/jpeg"}],"twitter_card":"summary_large_image","twitter_misc":{"Szacowany czas czytania":"1 minuta"},"schema":{"@context":"https:\/\/schema.org","@graph":[{"@type":"WebPage","@id":"https:\/\/digitel.swiss\/produkt\/dc24e\/","url":"https:\/\/digitel.swiss\/produkt\/dc24e\/","name":"DC24E - Digitel","isPartOf":{"@id":"https:\/\/digitel.swiss\/#website"},"primaryImageOfPage":{"@id":"https:\/\/digitel.swiss\/produkt\/dc24e\/#primaryimage"},"image":{"@id":"https:\/\/digitel.swiss\/produkt\/dc24e\/#primaryimage"},"thumbnailUrl":"https:\/\/digitel.swiss\/wp-content\/uploads\/2021\/05\/Module-de-regulation-encastrable-Digitel-DC24E-2.jpg","datePublished":"2021-05-12T06:02:50+00:00","dateModified":"2021-06-19T21:51:51+00:00","breadcrumb":{"@id":"https:\/\/digitel.swiss\/produkt\/dc24e\/#breadcrumb"},"inLanguage":"pl-PL","potentialAction":[{"@type":"ReadAction","target":["https:\/\/digitel.swiss\/produkt\/dc24e\/"]}]},{"@type":"ImageObject","inLanguage":"pl-PL","@id":"https:\/\/digitel.swiss\/produkt\/dc24e\/#primaryimage","url":"https:\/\/digitel.swiss\/wp-content\/uploads\/2021\/05\/Module-de-regulation-encastrable-Digitel-DC24E-2.jpg","contentUrl":"https:\/\/digitel.swiss\/wp-content\/uploads\/2021\/05\/Module-de-regulation-encastrable-Digitel-DC24E-2.jpg","width":1000,"height":561},{"@type":"BreadcrumbList","@id":"https:\/\/digitel.swiss\/produkt\/dc24e\/#breadcrumb","itemListElement":[{"@type":"ListItem","position":1,"name":"Home","item":"https:\/\/digitel.swiss\/pl\/"},{"@type":"ListItem","position":2,"name":"Katalog &#8211; Wszystkie produkty","item":"https:\/\/digitel.swiss\/pl\/katalog-wszystkie-produkty\/"},{"@type":"ListItem","position":3,"name":"DC24E"}]},{"@type":"WebSite","@id":"https:\/\/digitel.swiss\/#website","url":"https:\/\/digitel.swiss\/","name":"Digitel","description":"Rozwi\u0105zanie elektroniczne","publisher":{"@id":"https:\/\/digitel.swiss\/#organization"},"potentialAction":[{"@type":"SearchAction","target":{"@type":"EntryPoint","urlTemplate":"https:\/\/digitel.swiss\/?s={search_term_string}"},"query-input":{"@type":"PropertyValueSpecification","valueRequired":true,"valueName":"search_term_string"}}],"inLanguage":"pl-PL"},{"@type":"Organization","@id":"https:\/\/digitel.swiss\/#organization","name":"Digitel Swiss","url":"https:\/\/digitel.swiss\/","logo":{"@type":"ImageObject","inLanguage":"pl-PL","@id":"https:\/\/digitel.swiss\/#\/schema\/logo\/image\/","url":"https:\/\/digitel.swiss\/wp-content\/uploads\/2021\/03\/Logo-Digitel_170.png","contentUrl":"https:\/\/digitel.swiss\/wp-content\/uploads\/2021\/03\/Logo-Digitel_170.png","width":170,"height":60,"caption":"Digitel Swiss"},"image":{"@id":"https:\/\/digitel.swiss\/#\/schema\/logo\/image\/"}}]}},"_links":{"self":[{"href":"https:\/\/digitel.swiss\/pl\/wp-json\/wp\/v2\/product\/3405","targetHints":{"allow":["GET"]}}],"collection":[{"href":"https:\/\/digitel.swiss\/pl\/wp-json\/wp\/v2\/product"}],"about":[{"href":"https:\/\/digitel.swiss\/pl\/wp-json\/wp\/v2\/types\/product"}],"wp:featuredmedia":[{"embeddable":true,"href":"https:\/\/digitel.swiss\/pl\/wp-json\/wp\/v2\/media\/3373"}],"wp:attachment":[{"href":"https:\/\/digitel.swiss\/pl\/wp-json\/wp\/v2\/media?parent=3405"}],"wp:term":[{"taxonomy":"product_brand","embeddable":true,"href":"https:\/\/digitel.swiss\/pl\/wp-json\/wp\/v2\/product_brand?post=3405"},{"taxonomy":"product_cat","embeddable":true,"href":"https:\/\/digitel.swiss\/pl\/wp-json\/wp\/v2\/product_cat?post=3405"},{"taxonomy":"product_tag","embeddable":true,"href":"https:\/\/digitel.swiss\/pl\/wp-json\/wp\/v2\/product_tag?post=3405"}],"curies":[{"name":"wp","href":"https:\/\/api.w.org\/{rel}","templated":true}]}}